{"id":725,"date":"2025-11-17T15:40:51","date_gmt":"2025-11-17T07:40:51","guid":{"rendered":"https:\/\/jinkosolarpv.com\/?post_type=product&#038;p=725"},"modified":"2025-11-27T11:48:49","modified_gmt":"2025-11-27T03:48:49","slug":"canandia-top-bihiku7n-tipo-bifacial-tecnologia-topcon-cs7n-690w695w700w705w710w715w720w","status":"publish","type":"product","link":"https:\/\/jinkosolarpv.com\/pt\/product\/canandia-top-bihiku7n-tipo-bifacial-tecnologia-topcon-cs7n-690w695w700w705w710w715w720w\/","title":{"rendered":"Canandia TOP BiHiKu7N-tipo Bifacial TOPCon Technology CS7N-690w,695w,700w,705w,710w,715w,720w"},"content":{"rendered":"<p class=\"\"><strong>Detalhes do produto<\/strong><\/p>\n<p>&nbsp;<\/p>\n<p>&nbsp;<\/p>\n<table width=\"379\" cellspacing=\"0\" cellpadding=\"0\">\n<colgroup>\n<col width=\"230\" \/>\n<col width=\"403\" \/><\/colgroup>\n<tbody>\n<tr class=\"firstRow\">\n<td class=\"et2\" width=\"138\" height=\"28\">Especifica\u00e7\u00e3o<\/td>\n<td class=\"et3\" width=\"242\">Dados<\/td>\n<\/tr>\n<tr>\n<td class=\"et4\" width=\"138\" height=\"22\">Tipo de c\u00e9lula<\/td>\n<td class=\"et5\" width=\"242\">C\u00e9lulas TOPCon<\/td>\n<\/tr>\n<tr>\n<td class=\"et4\" width=\"138\" height=\"22\">Disposi\u00e7\u00e3o das c\u00e9lulas<\/td>\n<td class=\"et5\" width=\"242\">132[2x(11\u00d76)]<\/td>\n<\/tr>\n<tr>\n<td class=\"et4\" width=\"138\" height=\"22\">Dimens\u00f5es<\/td>\n<td class=\"et5\" width=\"242\">2384 x 1303 x 33 mm (93,9 x 51,3 x 1,30 pol.)<\/td>\n<\/tr>\n<tr>\n<td class=\"et4\" width=\"138\" height=\"22\">Peso<\/td>\n<td class=\"et5\" width=\"242\">37,8 kg (83,3 libras)<\/td>\n<\/tr>\n<tr>\n<td class=\"et4\" width=\"138\" height=\"39\">Vidro frontal<\/td>\n<td class=\"et5\" width=\"242\">Vidro temperado de 2,0 mm com anti-<br \/>\nrevestimento refletor<\/td>\n<\/tr>\n<tr>\n<td class=\"et4\" width=\"138\" height=\"22\">Vidro traseiro<\/td>\n<td class=\"et5\" width=\"242\">Vidro temperado de 2,0 mm<\/td>\n<\/tr>\n<tr>\n<td class=\"et4\" width=\"138\" height=\"22\">Moldura<\/td>\n<td class=\"et5\" width=\"242\">Liga de alum\u00ednio anodizado<\/td>\n<\/tr>\n<tr>\n<td class=\"et4\" width=\"138\" height=\"22\">J-Box<\/td>\n<td class=\"et5\" width=\"242\">Diodos de deriva\u00e7\u00e3o IP68,3<\/td>\n<\/tr>\n<tr>\n<td class=\"et4\" width=\"138\" height=\"22\">Cabo<\/td>\n<td class=\"et5\" width=\"242\">4,0 mm\u00b2 (IEC), 12 AWG (UL)<\/td>\n<\/tr>\n<tr>\n<td class=\"et4\" width=\"138\" height=\"39\">Comprimento do cabo<br \/>\n(Incluindo Connecto<\/td>\n<td class=\"et5\" width=\"242\">360 mm (14,2 pol.) (+) \/ 200 mm (7,9 pol.) (-) ou<\/p>\n<p>comprimento personalizado*<\/td>\n<\/tr>\n<tr>\n<td class=\"et4\" width=\"138\" height=\"22\">Conector<\/td>\n<td class=\"et5\" width=\"242\">T6 ou MC4-EVO2 ou MC4-EV02A<\/td>\n<\/tr>\n<tr>\n<td class=\"et4\" width=\"138\" height=\"22\">Por palete<\/td>\n<td class=\"et5\" width=\"242\">33 pe\u00e7as<\/td>\n<\/tr>\n<tr>\n<td class=\"et6\" width=\"138\" height=\"39\">Por contentor (40\u2032)<br \/>\nSede)<\/td>\n<td class=\"et7\" width=\"242\">594 pe\u00e7as ou 495 pe\u00e7as (apenas para os EUA e<br \/>\nCanad\u00e1)<\/td>\n<\/tr>\n<\/tbody>\n<\/table>\n<p><strong>Descri\u00e7\u00e3o do produto<\/strong><\/p>\n<p>&nbsp;<\/p>\n<p>&nbsp;<\/p>\n<p>&nbsp;<\/p>\n<h2><\/h2>\n<p>&nbsp;<\/p>\n<p><strong>Canandia TOP BiHiKu7N-tipo Bifacial TOPCon Technology CS7N-690w,695w,700w,705w,710w,715w,720w<\/strong><\/p>\n<p>Os pain\u00e9is solares de vidro duplo s\u00e3o frequentemente ligados em configura\u00e7\u00f5es em s\u00e9rie ou paralelas para formar pain\u00e9is solares maiores, capazes de gerar quantidades substanciais de eletricidade. Ao combinar v\u00e1rios pain\u00e9is solares de vidro duplo, os propriet\u00e1rios de casas e as empresas podem criar sistemas de energia solar personalizados que atendem \u00e0s suas necessidades energ\u00e9ticas espec\u00edficas e aproveitam ao m\u00e1ximo o aumento de efici\u00eancia e desempenho oferecido por esta tecnologia avan\u00e7ada.<\/p>\n<p><strong><img decoding=\"async\" src=\"http:\/\/jinkosolarpv.com\/wp-content\/uploads\/2025\/11\/37b155dfdea1c79f41d51d58baacd0b5.png\" alt=\"\" title=\"\"><\/strong><\/p>","protected":false},"excerpt":{"rendered":"<p>N\u00famero do m\u00f3dulo: TOP BiHiKu7N-tipo Bifacial 690w-720w<br \/>\nPeso: 37,8 kg<br \/>\nEmbalagem:33pcs\/palete;594pcs\/40hq<br \/>\nEspecifica\u00e7\u00f5es: 2384 x 1303 x 33 mm<br \/>\nMarca registada: Canadia solar<br \/>\nOrigem:China<\/p>","protected":false},"featured_media":726,"comment_status":"open","ping_status":"closed","template":"","meta":{"site-sidebar-layout":"default","site-content-layout":"","ast-site-content-layout":"default","site-content-style":"default","site-sidebar-style":"default","ast-global-header-display":"","ast-banner-title-visibility":"","ast-main-header-display":"","ast-hfb-above-header-display":"","ast-hfb-below-header-display":"","ast-hfb-mobile-header-display":"","site-post-title":"","ast-breadcrumbs-content":"","ast-featured-img":"","footer-sml-layout":"","theme-transparent-header-meta":"default","adv-header-id-meta":"","stick-header-meta":"","header-above-stick-meta":"","header-main-stick-meta":"","header-below-stick-meta":"","astra-migrate-meta-layouts":"set","ast-page-background-enabled":"default","ast-page-background-meta":{"desktop":{"background-color":"var(--ast-global-color-5)","background-image":"","background-repeat":"repeat","background-position":"center center","background-size":"auto","background-attachment":"scroll","background-type":"","background-media":"","overlay-type":"","overlay-color":"","overlay-opacity":"","overlay-gradient":""},"tablet":{"background-color":"","background-image":"","background-repeat":"repeat","background-position":"center center","background-size":"auto","background-attachment":"scroll","background-type":"","background-media":"","overlay-type":"","overlay-color":"","overlay-opacity":"","overlay-gradient":""},"mobile":{"background-color":"","background-image":"","background-repeat":"repeat","background-position":"center center","background-size":"auto","background-attachment":"scroll","background-type":"","background-media":"","overlay-type":"","overlay-color":"","overlay-opacity":"","overlay-gradient":""}},"ast-content-background-meta":{"desktop":{"background-color":"var(--ast-global-color-4)","background-image":"","background-repeat":"repeat","background-position":"center center","background-size":"auto","background-attachment":"scroll","background-type":"","background-media":"","overlay-type":"","overlay-color":"","overlay-opacity":"","overlay-gradient":""},"tablet":{"background-color":"var(--ast-global-color-4)","background-image":"","background-repeat":"repeat","background-position":"center center","background-size":"auto","background-attachment":"scroll","background-type":"","background-media":"","overlay-type":"","overlay-color":"","overlay-opacity":"","overlay-gradient":""},"mobile":{"background-color":"var(--ast-global-color-4)","background-image":"","background-repeat":"repeat","background-position":"center center","background-size":"auto","background-attachment":"scroll","background-type":"","background-media":"","overlay-type":"","overlay-color":"","overlay-opacity":"","overlay-gradient":""}}},"product_brand":[],"product_cat":[32],"product_tag":[],"class_list":{"0":"post-725","1":"product","2":"type-product","3":"status-publish","4":"has-post-thumbnail","6":"product_cat-canadia-solar-panel","7":"desktop-align-left","8":"tablet-align-left","9":"mobile-align-left","11":"first","12":"instock","13":"shipping-taxable","14":"product-type-simple"},"_links":{"self":[{"href":"https:\/\/jinkosolarpv.com\/pt\/wp-json\/wp\/v2\/product\/725","targetHints":{"allow":["GET"]}}],"collection":[{"href":"https:\/\/jinkosolarpv.com\/pt\/wp-json\/wp\/v2\/product"}],"about":[{"href":"https:\/\/jinkosolarpv.com\/pt\/wp-json\/wp\/v2\/types\/product"}],"replies":[{"embeddable":true,"href":"https:\/\/jinkosolarpv.com\/pt\/wp-json\/wp\/v2\/comments?post=725"}],"wp:featuredmedia":[{"embeddable":true,"href":"https:\/\/jinkosolarpv.com\/pt\/wp-json\/wp\/v2\/media\/726"}],"wp:attachment":[{"href":"https:\/\/jinkosolarpv.com\/pt\/wp-json\/wp\/v2\/media?parent=725"}],"wp:term":[{"taxonomy":"product_brand","embeddable":true,"href":"https:\/\/jinkosolarpv.com\/pt\/wp-json\/wp\/v2\/product_brand?post=725"},{"taxonomy":"product_cat","embeddable":true,"href":"https:\/\/jinkosolarpv.com\/pt\/wp-json\/wp\/v2\/product_cat?post=725"},{"taxonomy":"product_tag","embeddable":true,"href":"https:\/\/jinkosolarpv.com\/pt\/wp-json\/wp\/v2\/product_tag?post=725"}],"curies":[{"name":"wp","href":"https:\/\/api.w.org\/{rel}","templated":true}]}}