{"id":683,"date":"2025-11-17T15:26:26","date_gmt":"2025-11-17T07:26:26","guid":{"rendered":"https:\/\/jinkosolarpv.com\/?post_type=product&#038;p=683"},"modified":"2025-11-27T11:50:48","modified_gmt":"2025-11-27T03:50:48","slug":"canadia-bifacial-mono-perc-bihiku7-cs7l-580w-585w590w595w600w605w610w","status":"publish","type":"product","link":"https:\/\/jinkosolarpv.com\/pt\/product\/canadia-bifacial-mono-perc-bihiku7-cs7l-580w-585w590w595w600w605w610w\/","title":{"rendered":"Canadia BIFACIAL MONO PERC BiHiKu7 CS7L-580w, 585w, 590w, 595w, 600w, 605w, 610w"},"content":{"rendered":"<p><strong>Detalhes do produto<\/strong><\/p>\n<p>&nbsp;<\/p>\n<table width=\"450\" cellspacing=\"0\" cellpadding=\"0\">\n<colgroup>\n<col width=\"241\" \/>\n<col width=\"321\" \/><\/colgroup>\n<tbody>\n<tr class=\"firstRow\">\n<td width=\"193\" height=\"30\">Tipo de c\u00e9lula<\/td>\n<td width=\"257\">Monocristalino<\/td>\n<\/tr>\n<tr>\n<td width=\"193\" height=\"30\">Disposi\u00e7\u00e3o das c\u00e9lulas<\/td>\n<td width=\"257\">120[2x(10\u00d76)]<\/td>\n<\/tr>\n<tr>\n<td width=\"193\" height=\"52\">Dimens\u00f5es<\/td>\n<td width=\"257\">2172 \u00d7 1303 \u00d7 33 mm<br \/>\n(85,5 \u00d7 51,3 \u00d7 1,30  pol.)<\/td>\n<\/tr>\n<tr>\n<td width=\"193\" height=\"30\">Peso<\/td>\n<td width=\"257\">34,5 kg (76,1 libras)<\/td>\n<\/tr>\n<tr>\n<td width=\"193\" height=\"52\">Capa<\/td>\n<td width=\"257\">Vidro temperado de 2,0 mm com anti-<br \/>\nrevestimento refletor<\/td>\n<\/tr>\n<tr>\n<td width=\"193\" height=\"30\">Moldura<\/td>\n<td width=\"257\">Liga de alum\u00ednio anodizado<\/td>\n<\/tr>\n<tr>\n<td width=\"193\" height=\"30\">J-Box<\/td>\n<td width=\"257\">Diodos de deriva\u00e7\u00e3o IP68,3<\/td>\n<\/tr>\n<tr>\n<td width=\"193\" height=\"30\">Cabo<\/td>\n<td width=\"257\">4,0 mm\u00b2 (IEC), 10 AWG (UL)<\/td>\n<\/tr>\n<tr>\n<td width=\"193\" height=\"52\">Conector<\/td>\n<td width=\"257\">T6 ou T4 ou MC4-EVO2 ou MC4-<br \/>\nEVO2A<\/td>\n<\/tr>\n<tr>\n<td width=\"193\" height=\"52\">Comprimento do cabo<br \/>\n(Incluindo conector)<\/td>\n<td width=\"257\">360 mm (14,2 pol.) (+) \/ 200 mm (7,9 pol.) (-) ou<\/p>\n<p>comprimento personalizado*<\/td>\n<\/tr>\n<tr>\n<td width=\"193\" height=\"30\">Por palete<\/td>\n<td width=\"257\">33 pe\u00e7as<\/td>\n<\/tr>\n<tr>\n<td colspan=\"1\" rowspan=\"1\">Por contentor (40\u2019HQ)<\/td>\n<td colspan=\"1\" rowspan=\"1\">594 pe\u00e7as ou 528 pe\u00e7as (apenas para os EUA e<\/p>\n<p>Canad\u00e1<\/td>\n<\/tr>\n<\/tbody>\n<\/table>\n<p><strong>Descri\u00e7\u00e3o do produto<\/strong><\/p>\n<p>&nbsp;<\/p>\n<p>&nbsp;<\/p>\n<p>&nbsp;<\/p>\n<h2><strong>Canadia BIFACIAL MONO PERC BiHiKu7 CS7L-580w, 585w, 590w, 595w, 600w, 605w, 610w<\/strong><\/h2>\n<p>Os pain\u00e9is solares monocristalinos t\u00eam muitas aplica\u00e7\u00f5es, tais como:<\/p>\n<ul class=\"list-paddingleft-2\">\n<li><strong>\u00b7<\/strong>\u00a0Por serem mais eficientes, estes pain\u00e9is podem produzir mais eletricidade para a mesma \u00e1rea ocupada por pain\u00e9is feitos de outros materiais.\u00a0<strong>\u00b7<\/strong>\u00a0Estes pain\u00e9is s\u00e3o bastante populares entre os telhados solares em \u00e1reas urbanas e rurais.<\/li>\n<li><strong>\u00b7<\/strong>\u00a0Estes pain\u00e9is s\u00e3o altamente recomendados para aplica\u00e7\u00f5es solares em grande escala, em vastas \u00e1reas de terra n\u00e3o cultiv\u00e1vel.<\/li>\n<li><strong>\u00b7<\/strong>\u00a0Pain\u00e9is menores, que geram entre 5 e 25 Watts de eletricidade, s\u00e3o \u00fateis para carregar telem\u00f3veis, c\u00e2maras e computadores port\u00e1teis.<\/li>\n<li><strong>\u00b7<\/strong>\u00a0Pain\u00e9is que geram entre 40 e 130 Watts s\u00e3o \u00fateis para alimentar aparelhos de maior pot\u00eancia, como frigor\u00edficos e fornos micro-ondas.<\/li>\n<li><strong>\u00b7<\/strong>\u00a0Estes pain\u00e9is s\u00e3o extremamente \u00fateis para iluminar jardins.<\/li>\n<li><strong>\u00b7<\/strong>\u00a0Esses pain\u00e9is podem formar um conjunto e s\u00e3o usados para fornecer energia a resid\u00eancias rurais.<\/li>\n<li><strong>\u00b7<\/strong>\u00a0Estes pain\u00e9is s\u00e3o perfeitos para ilumina\u00e7\u00e3o p\u00fablica como pain\u00e9is aut\u00f3nomos.<\/li>\n<\/ul>\n<p><strong>M\u00f3dulo PERC de alta pot\u00eancia com duas c\u00e9lulas<\/strong><\/p>\n<p>\u00b7 Wafer de 210 mm + c\u00e9lula dupla 132\/120 + tecnologia PERC<\/p>\n<p>\u00b7 Pot\u00eancia do m\u00f3dulo at\u00e9 670 W<\/p>\n<p>\u00b7 0,41 TP3T a mais de rendimento energ\u00e9tico ao longo da vida \u00fatil do m\u00f3dulo<\/p>\n<p><strong>Custo BOS e custo LCOE mais baixos<\/strong><\/p>\n<p>\u00b7 Reduzir o custo de 5,71 TP3T BOS<\/p>\n<p>\u00b7 3,51 TP3T menor LCOE<\/p>\n<p>\u00b7 Compat\u00edvel com inversores convencionais<\/p>\n<p><strong>Maior fiabilidade<\/strong><\/p>\n<p>\u00b7 Tecnologia abrangente de mitiga\u00e7\u00e3o LID\/LeTID, com degrada\u00e7\u00e3o at\u00e9 50% menor<\/p>\n<p>\u00b7 Excelente desempenho em pontos de acesso<\/p>\n<p>\u00b7 Melhor toler\u00e2ncia ao sombreamento<\/p>\n<p><strong><img decoding=\"async\" src=\"http:\/\/jinkosolarpv.com\/wp-content\/uploads\/2025\/11\/b9c37f4474784937a768869e0c5b10fe.png\" alt=\"\" title=\"\"><\/strong><\/p>","protected":false},"excerpt":{"rendered":"<p>Local de origem: Jiangsu, China<br \/>\nMarca: Painel Solar Canadiano<br \/>\nCertifica\u00e7\u00e3o: CGC, ISO9001:2015, TUV SUD, PV, CNAS,<br \/>\nN\u00famero do modelo: HiKu7-CS7L-MS<\/p>","protected":false},"featured_media":685,"comment_status":"open","ping_status":"closed","template":"","meta":{"site-sidebar-layout":"default","site-content-layout":"","ast-site-content-layout":"default","site-content-style":"default","site-sidebar-style":"default","ast-global-header-display":"","ast-banner-title-visibility":"","ast-main-header-display":"","ast-hfb-above-header-display":"","ast-hfb-below-header-display":"","ast-hfb-mobile-header-display":"","site-post-title":"","ast-breadcrumbs-content":"","ast-featured-img":"","footer-sml-layout":"","theme-transparent-header-meta":"default","adv-header-id-meta":"","stick-header-meta":"","header-above-stick-meta":"","header-main-stick-meta":"","header-below-stick-meta":"","astra-migrate-meta-layouts":"set","ast-page-background-enabled":"default","ast-page-background-meta":{"desktop":{"background-color":"var(--ast-global-color-5)","background-image":"","background-repeat":"repeat","background-position":"center center","background-size":"auto","background-attachment":"scroll","background-type":"","background-media":"","overlay-type":"","overlay-color":"","overlay-opacity":"","overlay-gradient":""},"tablet":{"background-color":"","background-image":"","background-repeat":"repeat","background-position":"center center","background-size":"auto","background-attachment":"scroll","background-type":"","background-media":"","overlay-type":"","overlay-color":"","overlay-opacity":"","overlay-gradient":""},"mobile":{"background-color":"","background-image":"","background-repeat":"repeat","background-position":"center center","background-size":"auto","background-attachment":"scroll","background-type":"","background-media":"","overlay-type":"","overlay-color":"","overlay-opacity":"","overlay-gradient":""}},"ast-content-background-meta":{"desktop":{"background-color":"var(--ast-global-color-4)","background-image":"","background-repeat":"repeat","background-position":"center center","background-size":"auto","background-attachment":"scroll","background-type":"","background-media":"","overlay-type":"","overlay-color":"","overlay-opacity":"","overlay-gradient":""},"tablet":{"background-color":"var(--ast-global-color-4)","background-image":"","background-repeat":"repeat","background-position":"center center","background-size":"auto","background-attachment":"scroll","background-type":"","background-media":"","overlay-type":"","overlay-color":"","overlay-opacity":"","overlay-gradient":""},"mobile":{"background-color":"var(--ast-global-color-4)","background-image":"","background-repeat":"repeat","background-position":"center center","background-size":"auto","background-attachment":"scroll","background-type":"","background-media":"","overlay-type":"","overlay-color":"","overlay-opacity":"","overlay-gradient":""}}},"product_brand":[],"product_cat":[32],"product_tag":[],"class_list":{"0":"post-683","1":"product","2":"type-product","3":"status-publish","4":"has-post-thumbnail","6":"product_cat-canadia-solar-panel","7":"desktop-align-left","8":"tablet-align-left","9":"mobile-align-left","11":"first","12":"instock","13":"shipping-taxable","14":"product-type-simple"},"_links":{"self":[{"href":"https:\/\/jinkosolarpv.com\/pt\/wp-json\/wp\/v2\/product\/683","targetHints":{"allow":["GET"]}}],"collection":[{"href":"https:\/\/jinkosolarpv.com\/pt\/wp-json\/wp\/v2\/product"}],"about":[{"href":"https:\/\/jinkosolarpv.com\/pt\/wp-json\/wp\/v2\/types\/product"}],"replies":[{"embeddable":true,"href":"https:\/\/jinkosolarpv.com\/pt\/wp-json\/wp\/v2\/comments?post=683"}],"wp:featuredmedia":[{"embeddable":true,"href":"https:\/\/jinkosolarpv.com\/pt\/wp-json\/wp\/v2\/media\/685"}],"wp:attachment":[{"href":"https:\/\/jinkosolarpv.com\/pt\/wp-json\/wp\/v2\/media?parent=683"}],"wp:term":[{"taxonomy":"product_brand","embeddable":true,"href":"https:\/\/jinkosolarpv.com\/pt\/wp-json\/wp\/v2\/product_brand?post=683"},{"taxonomy":"product_cat","embeddable":true,"href":"https:\/\/jinkosolarpv.com\/pt\/wp-json\/wp\/v2\/product_cat?post=683"},{"taxonomy":"product_tag","embeddable":true,"href":"https:\/\/jinkosolarpv.com\/pt\/wp-json\/wp\/v2\/product_tag?post=683"}],"curies":[{"name":"wp","href":"https:\/\/api.w.org\/{rel}","templated":true}]}}