{"id":640,"date":"2025-11-17T15:22:28","date_gmt":"2025-11-17T07:22:28","guid":{"rendered":"https:\/\/jinkosolarpv.com\/?post_type=product&#038;p=640"},"modified":"2025-11-27T11:50:57","modified_gmt":"2025-11-27T03:50:57","slug":"canadia-n-tipo-bifacial-tecnologia-topcon-top-bihiku6-600w605w610w615w620w625w630w","status":"publish","type":"product","link":"https:\/\/jinkosolarpv.com\/pt\/product\/canadia-n-tipo-bifacial-tecnologia-topcon-top-bihiku6-600w605w610w615w620w625w630w\/","title":{"rendered":"Canadia N-type Bifacial TOPCon Technology TOP BiHiKu6 600W, 605W, 610W, 615W, 620W, 625W, 630W"},"content":{"rendered":"<p class=\"\"><strong>Detalhes do produto<\/strong><\/p>\n<table width=\"510\" cellspacing=\"0\" cellpadding=\"0\">\n<colgroup>\n<col width=\"231\" \/>\n<col width=\"406\" \/><\/colgroup>\n<tbody>\n<tr class=\"firstRow\">\n<td class=\"\" width=\"185\" height=\"38\">Especifica\u00e7\u00e3o<\/td>\n<td width=\"325\">Dados<\/td>\n<\/tr>\n<tr>\n<td width=\"185\" height=\"30\">Tipo de c\u00e9lula<\/td>\n<td width=\"325\">C\u00e9lulas TOPCon<\/td>\n<\/tr>\n<tr>\n<td width=\"185\" height=\"30\">Disposi\u00e7\u00e3o das c\u00e9lulas<\/td>\n<td width=\"325\">132  [2x(11\u00d76)]<\/td>\n<\/tr>\n<tr>\n<td width=\"185\" height=\"30\">Dimens\u00f5es<\/td>\n<td width=\"325\">2382 \u00d7 1134 \u00d7 30 mm (93,8 \u00d7 44,6 \u00d7 1,18 pol.)<\/td>\n<\/tr>\n<tr>\n<td width=\"185\" height=\"30\">Peso<\/td>\n<td width=\"325\">33,6 kg (74,1 libras)<\/td>\n<\/tr>\n<tr>\n<td width=\"185\" height=\"52\">Vidro frontal<\/td>\n<td width=\"325\">Vidro temperado de 2,0 mm com anti-<br \/>\nrevestimento refletor<\/td>\n<\/tr>\n<tr>\n<td width=\"185\" height=\"30\">Vidro traseiro<\/td>\n<td width=\"325\">Vidro temperado de 2,0 mm<\/td>\n<\/tr>\n<tr>\n<td width=\"185\" height=\"30\">Moldura<\/td>\n<td width=\"325\">Liga de alum\u00ednio anodizado<\/td>\n<\/tr>\n<tr>\n<td width=\"185\" height=\"30\">J-Box<\/td>\n<td width=\"325\">Diodos de deriva\u00e7\u00e3o IP68,3<\/td>\n<\/tr>\n<tr>\n<td width=\"185\" height=\"30\">Cabo<\/td>\n<td width=\"325\">4,0 mm\u00b2 (IEC), 12 AWG (UL)<\/td>\n<\/tr>\n<tr>\n<td width=\"185\" height=\"52\">Comprimento do cabo (incluindo<br \/>\nConector ding)<\/td>\n<td width=\"325\">300 mm (+)\/200 mm (-) ou<br \/>\ncomprimento personalizado*<\/td>\n<\/tr>\n<tr>\n<td width=\"185\" height=\"96\">Conector<\/td>\n<td width=\"325\">T6 ou MC4-EVO2 ou MC4-EVO2A<\/td>\n<\/tr>\n<tr>\n<td width=\"185\" height=\"30\">Por palete<\/td>\n<td width=\"325\">36 pe\u00e7as<\/td>\n<\/tr>\n<tr>\n<td colspan=\"2\" width=\"511\" height=\"30\">Por contentor (40\u2019HQ) 720 pe\u00e7as<\/td>\n<\/tr>\n<\/tbody>\n<\/table>\n<p><strong>Canadia N-type Bifacial TOPCon Technology TOP BiHiKu6 600W, 605W, 610W, 615W, 620W, 625W, 630W<\/strong><\/p>\n<p>A tecnologia dos pain\u00e9is solares monocristalinos evoluiu bastante desde a sua cria\u00e7\u00e3o na d\u00e9cada de 1950, quando os investigadores da Bell Laboratories desenvolveram as primeiras c\u00e9lulas fotovoltaicas \u00e0 base de sil\u00edcio capazes de converter a luz solar em eletricidade. Os pain\u00e9is solares monocristalinos atuais s\u00e3o significativamente mais eficientes e duradouros do que os seus antecessores, tornando-os uma escolha cada vez mais popular entre os entusiastas de energia renov\u00e1vel em todo o mundo.<\/p>\n<p><strong>M\u00f3dulo PERC de alta pot\u00eancia com duas c\u00e9lulas<\/strong><\/p>\n<p>\u00b7 Wafer de 210 mm + c\u00e9lula dupla 132\/120 + tecnologia PERC<\/p>\n<p>\u00b7 Pot\u00eancia do m\u00f3dulo at\u00e9 670 W<\/p>\n<p>\u00b7 0,41 TP3T a mais de rendimento energ\u00e9tico ao longo da vida \u00fatil do m\u00f3dulo<\/p>\n<p><strong>Custo BOS e custo LCOE mais baixos<\/strong><\/p>\n<p>\u00b7 Reduzir o custo de 5,71 TP3T BOS<\/p>\n<p>\u00b7 3,51 TP3T menor LCOE<\/p>\n<p>\u00b7 Compat\u00edvel com inversores convencionais<\/p>\n<p><strong>Maior fiabilidade<\/strong><\/p>\n<p>\u00b7 Tecnologia abrangente de mitiga\u00e7\u00e3o LID\/LeTID, com degrada\u00e7\u00e3o at\u00e9 50% menor<\/p>\n<p>\u00b7 Excelente desempenho em pontos de acesso<\/p>\n<p>\u00b7 Melhor toler\u00e2ncia ao sombreamento<\/p>\n<p><strong><img decoding=\"async\" src=\"http:\/\/jinkosolarpv.com\/wp-content\/uploads\/2025\/11\/0a8ff866a2b6ef0184393444659b2080.png\" alt=\"\" title=\"\"><\/strong><\/p>","protected":false},"excerpt":{"rendered":"<p>N\u00famero do m\u00f3dulo: TOP BiHiKu6 Tipo N Tecnologia TOPCon Bifacial 600w-630w<br \/>\nPeso: 33,6 kg<br \/>\nEmbalagem:36pcs\/palete;720ppcs\/40hq<br \/>\nEspecifica\u00e7\u00f5es: 2382 x 1134 x 30 mm<br \/>\nMarca registada: Canadia solar<br \/>\nOrigem:China<\/p>","protected":false},"featured_media":665,"comment_status":"open","ping_status":"closed","template":"","meta":{"site-sidebar-layout":"default","site-content-layout":"","ast-site-content-layout":"default","site-content-style":"default","site-sidebar-style":"default","ast-global-header-display":"","ast-banner-title-visibility":"","ast-main-header-display":"","ast-hfb-above-header-display":"","ast-hfb-below-header-display":"","ast-hfb-mobile-header-display":"","site-post-title":"","ast-breadcrumbs-content":"","ast-featured-img":"","footer-sml-layout":"","theme-transparent-header-meta":"default","adv-header-id-meta":"","stick-header-meta":"","header-above-stick-meta":"","header-main-stick-meta":"","header-below-stick-meta":"","astra-migrate-meta-layouts":"set","ast-page-background-enabled":"default","ast-page-background-meta":{"desktop":{"background-color":"var(--ast-global-color-5)","background-image":"","background-repeat":"repeat","background-position":"center center","background-size":"auto","background-attachment":"scroll","background-type":"","background-media":"","overlay-type":"","overlay-color":"","overlay-opacity":"","overlay-gradient":""},"tablet":{"background-color":"","background-image":"","background-repeat":"repeat","background-position":"center center","background-size":"auto","background-attachment":"scroll","background-type":"","background-media":"","overlay-type":"","overlay-color":"","overlay-opacity":"","overlay-gradient":""},"mobile":{"background-color":"","background-image":"","background-repeat":"repeat","background-position":"center center","background-size":"auto","background-attachment":"scroll","background-type":"","background-media":"","overlay-type":"","overlay-color":"","overlay-opacity":"","overlay-gradient":""}},"ast-content-background-meta":{"desktop":{"background-color":"var(--ast-global-color-4)","background-image":"","background-repeat":"repeat","background-position":"center center","background-size":"auto","background-attachment":"scroll","background-type":"","background-media":"","overlay-type":"","overlay-color":"","overlay-opacity":"","overlay-gradient":""},"tablet":{"background-color":"var(--ast-global-color-4)","background-image":"","background-repeat":"repeat","background-position":"center center","background-size":"auto","background-attachment":"scroll","background-type":"","background-media":"","overlay-type":"","overlay-color":"","overlay-opacity":"","overlay-gradient":""},"mobile":{"background-color":"var(--ast-global-color-4)","background-image":"","background-repeat":"repeat","background-position":"center center","background-size":"auto","background-attachment":"scroll","background-type":"","background-media":"","overlay-type":"","overlay-color":"","overlay-opacity":"","overlay-gradient":""}}},"product_brand":[],"product_cat":[32],"product_tag":[],"class_list":{"0":"post-640","1":"product","2":"type-product","3":"status-publish","4":"has-post-thumbnail","6":"product_cat-canadia-solar-panel","7":"desktop-align-left","8":"tablet-align-left","9":"mobile-align-left","11":"first","12":"instock","13":"shipping-taxable","14":"product-type-simple"},"_links":{"self":[{"href":"https:\/\/jinkosolarpv.com\/pt\/wp-json\/wp\/v2\/product\/640","targetHints":{"allow":["GET"]}}],"collection":[{"href":"https:\/\/jinkosolarpv.com\/pt\/wp-json\/wp\/v2\/product"}],"about":[{"href":"https:\/\/jinkosolarpv.com\/pt\/wp-json\/wp\/v2\/types\/product"}],"replies":[{"embeddable":true,"href":"https:\/\/jinkosolarpv.com\/pt\/wp-json\/wp\/v2\/comments?post=640"}],"wp:featuredmedia":[{"embeddable":true,"href":"https:\/\/jinkosolarpv.com\/pt\/wp-json\/wp\/v2\/media\/665"}],"wp:attachment":[{"href":"https:\/\/jinkosolarpv.com\/pt\/wp-json\/wp\/v2\/media?parent=640"}],"wp:term":[{"taxonomy":"product_brand","embeddable":true,"href":"https:\/\/jinkosolarpv.com\/pt\/wp-json\/wp\/v2\/product_brand?post=640"},{"taxonomy":"product_cat","embeddable":true,"href":"https:\/\/jinkosolarpv.com\/pt\/wp-json\/wp\/v2\/product_cat?post=640"},{"taxonomy":"product_tag","embeddable":true,"href":"https:\/\/jinkosolarpv.com\/pt\/wp-json\/wp\/v2\/product_tag?post=640"}],"curies":[{"name":"wp","href":"https:\/\/api.w.org\/{rel}","templated":true}]}}