{"id":582,"date":"2025-11-17T14:40:23","date_gmt":"2025-11-17T06:40:23","guid":{"rendered":"https:\/\/jinkosolarpv.com\/?post_type=product&#038;p=582"},"modified":"2025-11-27T11:56:31","modified_gmt":"2025-11-27T03:56:31","slug":"ja-solar-tipo-n-vidro-duplo-bifacial-jam72d42lb-625w630w635w640w645w650w","status":"publish","type":"product","link":"https:\/\/jinkosolarpv.com\/pt\/product\/ja-solar-tipo-n-vidro-duplo-bifacial-jam72d42lb-625w630w635w640w645w650w\/","title":{"rendered":"JA Solar Tipo N Vidro Duplo Bifacial JAM72D42LB 625w, 630w, 635w, 640w, 645w, 650w"},"content":{"rendered":"<p class=\"\"><strong>Detalhes do produto<\/strong><\/p>\n<p>&nbsp;<\/p>\n<p>&nbsp;<\/p>\n<p>&nbsp;<\/p>\n<table width=\"346\" cellspacing=\"0\" cellpadding=\"0\" data-sort=\"sortDisabled\">\n<colgroup>\n<col width=\"245\" \/>\n<col width=\"332\" \/><\/colgroup>\n<tbody>\n<tr class=\"firstRow\">\n<td class=\"et2\" width=\"147\" height=\"22\">C\u00e9lula<\/td>\n<td class=\"et2\" width=\"199\">Mono<\/td>\n<\/tr>\n<tr>\n<td class=\"et3\" width=\"147\" height=\"22\">Peso<\/td>\n<td class=\"et3\" width=\"199\">34,6 kg<\/td>\n<\/tr>\n<tr>\n<td class=\"et4\" width=\"147\" height=\"22\">Dimens\u00f5es<\/td>\n<td class=\"et4\" width=\"199\">2465 \u00b1 2 mm \u00d7 1134 \u00b1 2 mm \u00d7 30 \u00b1 1 mm<\/td>\n<\/tr>\n<tr>\n<td class=\"et3\" width=\"147\" height=\"22\">Tamanho da sec\u00e7\u00e3o transversal do cabo<\/td>\n<td class=\"et3\" width=\"199\">4 mm\u00b2 (IEC), 12 AWG (UL)<\/td>\n<\/tr>\n<tr>\n<td class=\"et4\" width=\"147\" height=\"22\">N.\u00ba de c\u00e9lulas<\/td>\n<td class=\"et4\" width=\"199\">144(6\u00d724)<\/td>\n<\/tr>\n<tr>\n<td class=\"et3\" width=\"147\" height=\"22\">Caixa de deriva\u00e7\u00e3o<\/td>\n<td class=\"et3\" width=\"199\">Diodos IP68,3<\/td>\n<\/tr>\n<tr>\n<td class=\"et4\" width=\"147\" height=\"22\">Conector<\/td>\n<td class=\"et4\" width=\"199\">QC 4.10-351\/MC4-EVO2A<\/td>\n<\/tr>\n<tr>\n<td class=\"et3\" width=\"147\" height=\"22\">Vidro frontal\/vidro traseiro<\/td>\n<td class=\"et3\" width=\"199\">2,0 mm\/2,0 mm<\/td>\n<\/tr>\n<tr>\n<td class=\"et4\" colspan=\"1\" rowspan=\"2\" width=\"147\">Comprimento do cabo<br \/>\n(Incluindo conector)<\/td>\n<td class=\"et4\" colspan=\"1\" rowspan=\"2\" width=\"199\">Retrato: 300 mm (+)\/400 mm (-);<br \/>\nPaisagem: 1500 mm (+)\/1500 mm (-)<\/td>\n<\/tr>\n<tr>\n<td class=\"et3\" rowspan=\"2\" width=\"147\" height=\"45\">Configura\u00e7\u00e3o da embalagem<\/td>\n<td class=\"et3\" rowspan=\"2\" width=\"199\">36 unidades\/palete<br \/>\n576 unidades\/contentor 40HQ<\/td>\n<\/tr>\n<\/tbody>\n<\/table>\n<p>Descri\u00e7\u00e3o do produto<\/p>\n<p>&nbsp;<\/p>\n<p>&nbsp;<\/p>\n<p>&nbsp;<\/p>\n<p>&nbsp;<\/p>\n<p>&nbsp;<\/p>\n<p><strong>JA Solar Tipo N Vidro Duplo Bifacial JAM72D42LB 625w, 630w, 635w, 640w, 645w, 650w<\/strong><\/p>\n<p>A tecnologia dos pain\u00e9is solares mono faciais evoluiu ao longo do tempo, com avan\u00e7os nos processos de fabrico e nos materiais, levando a melhorias na efici\u00eancia, durabilidade e est\u00e9tica. Inova\u00e7\u00f5es como a tecnologia PERC (Passivated Emitter Rear Cell) e os designs de c\u00e9lulas half-cut melhoraram ainda mais o desempenho destes pain\u00e9is.<\/p>\n<p>\u00b7 LCOE mais baixo<\/p>\n<p>\u00b7 Maior pot\u00eancia de sa\u00edda<\/p>\n<p>\u00b7 Melhor toler\u00e2ncia \u00e0 carga mec\u00e2nica<\/p>\n<p>\u00b7 Menos sombreamento e menor perda resistiva<\/p>\n<p><strong><img decoding=\"async\" src=\"http:\/\/jinkosolarpv.com\/wp-content\/uploads\/2025\/11\/0dc054ffca5fdd81cf5e69d269ee2506.png\" alt=\"\" title=\"\"><\/strong><\/p>","protected":false},"excerpt":{"rendered":"<p>N\u00famero do m\u00f3dulo: JAM72D42LB 625-650W<br \/>\nPeso: 34,6 kg<br \/>\nEmbalagem: 36 unidades\/palete; 576 unidades\/40hq<br \/>\nEspecifica\u00e7\u00f5es: 2465 x 1134 x 30 mm<br \/>\nMarca registada: JA Solar<br \/>\nOrigem:China<\/p>","protected":false},"featured_media":583,"comment_status":"open","ping_status":"closed","template":"","meta":{"site-sidebar-layout":"default","site-content-layout":"","ast-site-content-layout":"default","site-content-style":"default","site-sidebar-style":"default","ast-global-header-display":"","ast-banner-title-visibility":"","ast-main-header-display":"","ast-hfb-above-header-display":"","ast-hfb-below-header-display":"","ast-hfb-mobile-header-display":"","site-post-title":"","ast-breadcrumbs-content":"","ast-featured-img":"","footer-sml-layout":"","theme-transparent-header-meta":"default","adv-header-id-meta":"","stick-header-meta":"","header-above-stick-meta":"","header-main-stick-meta":"","header-below-stick-meta":"","astra-migrate-meta-layouts":"set","ast-page-background-enabled":"default","ast-page-background-meta":{"desktop":{"background-color":"var(--ast-global-color-5)","background-image":"","background-repeat":"repeat","background-position":"center center","background-size":"auto","background-attachment":"scroll","background-type":"","background-media":"","overlay-type":"","overlay-color":"","overlay-opacity":"","overlay-gradient":""},"tablet":{"background-color":"","background-image":"","background-repeat":"repeat","background-position":"center center","background-size":"auto","background-attachment":"scroll","background-type":"","background-media":"","overlay-type":"","overlay-color":"","overlay-opacity":"","overlay-gradient":""},"mobile":{"background-color":"","background-image":"","background-repeat":"repeat","background-position":"center center","background-size":"auto","background-attachment":"scroll","background-type":"","background-media":"","overlay-type":"","overlay-color":"","overlay-opacity":"","overlay-gradient":""}},"ast-content-background-meta":{"desktop":{"background-color":"var(--ast-global-color-4)","background-image":"","background-repeat":"repeat","background-position":"center center","background-size":"auto","background-attachment":"scroll","background-type":"","background-media":"","overlay-type":"","overlay-color":"","overlay-opacity":"","overlay-gradient":""},"tablet":{"background-color":"var(--ast-global-color-4)","background-image":"","background-repeat":"repeat","background-position":"center center","background-size":"auto","background-attachment":"scroll","background-type":"","background-media":"","overlay-type":"","overlay-color":"","overlay-opacity":"","overlay-gradient":""},"mobile":{"background-color":"var(--ast-global-color-4)","background-image":"","background-repeat":"repeat","background-position":"center center","background-size":"auto","background-attachment":"scroll","background-type":"","background-media":"","overlay-type":"","overlay-color":"","overlay-opacity":"","overlay-gradient":""}}},"product_brand":[],"product_cat":[26],"product_tag":[],"class_list":{"0":"post-582","1":"product","2":"type-product","3":"status-publish","4":"has-post-thumbnail","6":"product_cat-ja-solar-panel","7":"desktop-align-left","8":"tablet-align-left","9":"mobile-align-left","11":"first","12":"instock","13":"shipping-taxable","14":"product-type-simple"},"_links":{"self":[{"href":"https:\/\/jinkosolarpv.com\/pt\/wp-json\/wp\/v2\/product\/582","targetHints":{"allow":["GET"]}}],"collection":[{"href":"https:\/\/jinkosolarpv.com\/pt\/wp-json\/wp\/v2\/product"}],"about":[{"href":"https:\/\/jinkosolarpv.com\/pt\/wp-json\/wp\/v2\/types\/product"}],"replies":[{"embeddable":true,"href":"https:\/\/jinkosolarpv.com\/pt\/wp-json\/wp\/v2\/comments?post=582"}],"wp:featuredmedia":[{"embeddable":true,"href":"https:\/\/jinkosolarpv.com\/pt\/wp-json\/wp\/v2\/media\/583"}],"wp:attachment":[{"href":"https:\/\/jinkosolarpv.com\/pt\/wp-json\/wp\/v2\/media?parent=582"}],"wp:term":[{"taxonomy":"product_brand","embeddable":true,"href":"https:\/\/jinkosolarpv.com\/pt\/wp-json\/wp\/v2\/product_brand?post=582"},{"taxonomy":"product_cat","embeddable":true,"href":"https:\/\/jinkosolarpv.com\/pt\/wp-json\/wp\/v2\/product_cat?post=582"},{"taxonomy":"product_tag","embeddable":true,"href":"https:\/\/jinkosolarpv.com\/pt\/wp-json\/wp\/v2\/product_tag?post=582"}],"curies":[{"name":"wp","href":"https:\/\/api.w.org\/{rel}","templated":true}]}}