{"id":551,"date":"2025-11-17T14:30:32","date_gmt":"2025-11-17T06:30:32","guid":{"rendered":"https:\/\/jinkosolarpv.com\/?post_type=product&#038;p=551"},"modified":"2025-11-27T11:58:19","modified_gmt":"2025-11-27T03:58:19","slug":"ja-solar-tipo-n-vidro-duplo-bifacial-jam66d42mb-580w585w590w595w600w605w","status":"publish","type":"product","link":"https:\/\/jinkosolarpv.com\/pt\/product\/ja-solar-tipo-n-vidro-duplo-bifacial-jam66d42mb-580w585w590w595w600w605w\/","title":{"rendered":"JA Solar Tipo N Vidro Duplo Bifacial JAM66D42MB 580w, 585w, 590w, 595w, 600w, 605w"},"content":{"rendered":"<p><strong><span class=\"\">Detalhes do produto<\/span><\/strong><\/p>\n<p>&nbsp;<\/p>\n<p>&nbsp;<\/p>\n<p>&nbsp;<\/p>\n<table width=\"510\" cellspacing=\"0\" cellpadding=\"0\">\n<colgroup>\n<col width=\"270\" \/>\n<col width=\"368\" \/><\/colgroup>\n<tbody>\n<tr class=\"firstRow\">\n<td width=\"216\" height=\"30\">C\u00e9lula<\/td>\n<td width=\"295\">\u00a0 Mono<\/td>\n<\/tr>\n<tr>\n<td width=\"216\" height=\"30\">Peso<\/td>\n<td width=\"295\">\u00a0 31,8 kg<\/td>\n<\/tr>\n<tr>\n<td width=\"216\" height=\"30\">Dimens\u00f5es<\/td>\n<td width=\"295\">\u00a0 2278\u00b12mm\u00d71134\u00b12mm\u00d730\u00b11mm<\/td>\n<\/tr>\n<tr>\n<td width=\"216\" height=\"30\">Tamanho da sec\u00e7\u00e3o transversal do cabo<\/td>\n<td width=\"295\">\u00a0 4 mm\u00b2 (IEC), 12 AWG (UL)<\/td>\n<\/tr>\n<tr>\n<td width=\"216\" height=\"30\">N.\u00ba de c\u00e9lulas<\/td>\n<td width=\"295\">\u00a0 132 (6 \u00d7 22)<\/td>\n<\/tr>\n<tr>\n<td width=\"216\" height=\"30\">Caixa de deriva\u00e7\u00e3o<\/td>\n<td width=\"295\">\u00a0 IP68,3d\u00edodos<\/td>\n<\/tr>\n<tr>\n<td width=\"216\" height=\"30\">Conector<\/td>\n<td width=\"295\">\u00a0 QC 4.10-351\/ MC4-EVO2A<\/td>\n<\/tr>\n<tr>\n<td width=\"216\" height=\"74\">Comprimento do cabo<br \/>\n(Incluindo conector)<\/td>\n<td width=\"295\">\u00a0 Retrato: 300 mm (+)\/400 mm (-);<br \/>\nPaisagem: 1300 mm (+)\/1300 mm (-)<\/td>\n<\/tr>\n<tr>\n<td width=\"216\" height=\"30\">Configura\u00e7\u00e3o da embalagem<\/td>\n<td width=\"295\">\u00a0 36 unidades\/palete, 720 unidades\/contentor 40HQ<\/td>\n<\/tr>\n<\/tbody>\n<\/table>\n<p>Descri\u00e7\u00e3o do produto<\/p>\n<p>&nbsp;<\/p>\n<p>&nbsp;<\/p>\n<p>&nbsp;<\/p>\n<p>&nbsp;<\/p>\n<p><strong>Pain\u00e9is solares JA 530W 535W 540W 545W 550W 555W Zonnepanelen Pain\u00e9is solares transparentes totalmente pretos para estufas<\/strong><\/p>\n<p>Espera-se que o mercado de pain\u00e9is solares mono faciais continue a expandir-se, \u00e0 medida que mais propriet\u00e1rios e empresas reconhecem os benef\u00edcios financeiros a longo prazo de investir em fontes de energia renov\u00e1veis, tais como contas de energia mais baixas e aumento do valor das propriedades.<\/p>\n<p><strong><img decoding=\"async\" src=\"http:\/\/jinkosolarpv.com\/wp-content\/uploads\/2025\/11\/24b63457c9ac0d9d1afe1ba607988b7d.png\" alt=\"\" title=\"\"><\/strong><\/p>","protected":false},"excerpt":{"rendered":"<div id=\"detail_content_word_wrap\">\n<div class=\"detail_content\">Local de origem: Jiangsu, China<br \/>\nN\u00famero do m\u00f3dulo:JAM66D42MB 605W<br \/>\nPeso: 31,8 kg<br \/>\nEmbalagem:36pcs\/palete;720ppcs\/40hq<br \/>\nEspecifica\u00e7\u00f5es: 2278 x 1134 x 30 mm<br \/>\nMarca registada: JA Solar<br \/>\nOrigem:China<\/div>\n<\/div>\n<div class=\"detail_other_message\"><\/div>","protected":false},"featured_media":552,"comment_status":"open","ping_status":"closed","template":"","meta":{"site-sidebar-layout":"default","site-content-layout":"","ast-site-content-layout":"default","site-content-style":"default","site-sidebar-style":"default","ast-global-header-display":"","ast-banner-title-visibility":"","ast-main-header-display":"","ast-hfb-above-header-display":"","ast-hfb-below-header-display":"","ast-hfb-mobile-header-display":"","site-post-title":"","ast-breadcrumbs-content":"","ast-featured-img":"","footer-sml-layout":"","theme-transparent-header-meta":"default","adv-header-id-meta":"","stick-header-meta":"","header-above-stick-meta":"","header-main-stick-meta":"","header-below-stick-meta":"","astra-migrate-meta-layouts":"set","ast-page-background-enabled":"default","ast-page-background-meta":{"desktop":{"background-color":"var(--ast-global-color-5)","background-image":"","background-repeat":"repeat","background-position":"center center","background-size":"auto","background-attachment":"scroll","background-type":"","background-media":"","overlay-type":"","overlay-color":"","overlay-opacity":"","overlay-gradient":""},"tablet":{"background-color":"","background-image":"","background-repeat":"repeat","background-position":"center center","background-size":"auto","background-attachment":"scroll","background-type":"","background-media":"","overlay-type":"","overlay-color":"","overlay-opacity":"","overlay-gradient":""},"mobile":{"background-color":"","background-image":"","background-repeat":"repeat","background-position":"center center","background-size":"auto","background-attachment":"scroll","background-type":"","background-media":"","overlay-type":"","overlay-color":"","overlay-opacity":"","overlay-gradient":""}},"ast-content-background-meta":{"desktop":{"background-color":"var(--ast-global-color-4)","background-image":"","background-repeat":"repeat","background-position":"center center","background-size":"auto","background-attachment":"scroll","background-type":"","background-media":"","overlay-type":"","overlay-color":"","overlay-opacity":"","overlay-gradient":""},"tablet":{"background-color":"var(--ast-global-color-4)","background-image":"","background-repeat":"repeat","background-position":"center center","background-size":"auto","background-attachment":"scroll","background-type":"","background-media":"","overlay-type":"","overlay-color":"","overlay-opacity":"","overlay-gradient":""},"mobile":{"background-color":"var(--ast-global-color-4)","background-image":"","background-repeat":"repeat","background-position":"center center","background-size":"auto","background-attachment":"scroll","background-type":"","background-media":"","overlay-type":"","overlay-color":"","overlay-opacity":"","overlay-gradient":""}}},"product_brand":[],"product_cat":[26],"product_tag":[],"class_list":{"0":"post-551","1":"product","2":"type-product","3":"status-publish","4":"has-post-thumbnail","6":"product_cat-ja-solar-panel","7":"desktop-align-left","8":"tablet-align-left","9":"mobile-align-left","11":"first","12":"instock","13":"shipping-taxable","14":"product-type-simple"},"_links":{"self":[{"href":"https:\/\/jinkosolarpv.com\/pt\/wp-json\/wp\/v2\/product\/551","targetHints":{"allow":["GET"]}}],"collection":[{"href":"https:\/\/jinkosolarpv.com\/pt\/wp-json\/wp\/v2\/product"}],"about":[{"href":"https:\/\/jinkosolarpv.com\/pt\/wp-json\/wp\/v2\/types\/product"}],"replies":[{"embeddable":true,"href":"https:\/\/jinkosolarpv.com\/pt\/wp-json\/wp\/v2\/comments?post=551"}],"wp:featuredmedia":[{"embeddable":true,"href":"https:\/\/jinkosolarpv.com\/pt\/wp-json\/wp\/v2\/media\/552"}],"wp:attachment":[{"href":"https:\/\/jinkosolarpv.com\/pt\/wp-json\/wp\/v2\/media?parent=551"}],"wp:term":[{"taxonomy":"product_brand","embeddable":true,"href":"https:\/\/jinkosolarpv.com\/pt\/wp-json\/wp\/v2\/product_brand?post=551"},{"taxonomy":"product_cat","embeddable":true,"href":"https:\/\/jinkosolarpv.com\/pt\/wp-json\/wp\/v2\/product_cat?post=551"},{"taxonomy":"product_tag","embeddable":true,"href":"https:\/\/jinkosolarpv.com\/pt\/wp-json\/wp\/v2\/product_tag?post=551"}],"curies":[{"name":"wp","href":"https:\/\/api.w.org\/{rel}","templated":true}]}}