{"id":507,"date":"2025-11-17T14:13:32","date_gmt":"2025-11-17T06:13:32","guid":{"rendered":"https:\/\/jinkosolarpv.com\/?post_type=product&#038;p=507"},"modified":"2025-11-27T12:00:06","modified_gmt":"2025-11-27T04:00:06","slug":"ja-solar-tipo-n-bifacial-jam72d42-lb-605w610w615w620w625w630w","status":"publish","type":"product","link":"https:\/\/jinkosolarpv.com\/pt\/product\/ja-solar-tipo-n-bifacial-jam72d42-lb-605w610w615w620w625w630w\/","title":{"rendered":"JA Solar Tipo N Bifacial JAM72D42\/LB 605w, 610w, 615w, 620w, 625w, 630w"},"content":{"rendered":"<p><strong>Detalhes do produto<\/strong><\/p>\n<p>&nbsp;<\/p>\n<p>&nbsp;<\/p>\n<p>&nbsp;<\/p>\n<table width=\"510\" cellspacing=\"0\" cellpadding=\"0\">\n<colgroup>\n<col width=\"270\" \/>\n<col width=\"368\" \/><\/colgroup>\n<tbody>\n<tr class=\"firstRow\">\n<td class=\"selectTdClass\" width=\"216\" height=\"30\">C\u00e9lula<\/td>\n<td class=\"selectTdClass\" width=\"295\">\u00a0 Mono-16BB<\/td>\n<\/tr>\n<tr>\n<td class=\"selectTdClass\" width=\"216\" height=\"30\">Peso<\/td>\n<td class=\"selectTdClass\" width=\"295\">\u00a0 34,6 kg<\/td>\n<\/tr>\n<tr>\n<td class=\"selectTdClass\" width=\"216\" height=\"30\">Dimens\u00f5es<\/td>\n<td class=\"selectTdClass\" width=\"295\">\u00a0 2465 \u00b1 2 mm \u00d7 1134 \u00b1 2 mm \u00d7 35 \u00b1 1 mm<\/td>\n<\/tr>\n<tr>\n<td class=\"selectTdClass\" width=\"216\" height=\"30\">Tamanho da sec\u00e7\u00e3o transversal do cabo<\/td>\n<td class=\"selectTdClass\" width=\"295\">\u00a0 4 mm\u00b2 (IEC), 12 AWG (UL)<\/td>\n<\/tr>\n<tr>\n<td class=\"selectTdClass\" width=\"216\" height=\"30\">N.\u00ba de c\u00e9lulas<\/td>\n<td class=\"selectTdClass\" width=\"295\">\u00a0 144(6\u00d724)<\/td>\n<\/tr>\n<tr>\n<td class=\"selectTdClass\" width=\"216\" height=\"30\">Caixa de deriva\u00e7\u00e3o<\/td>\n<td class=\"selectTdClass\" width=\"295\">\u00a0 Diodos IP68,3<\/td>\n<\/tr>\n<tr>\n<td class=\"selectTdClass\" width=\"216\" height=\"30\">Conector<\/td>\n<td class=\"selectTdClass\" width=\"295\">\u00a0 QC4.10-351\/MC4-EVO2A<\/td>\n<\/tr>\n<tr>\n<td class=\"selectTdClass\" width=\"216\" height=\"74\">Comprimento do cabo<br \/>\n(Incluindo conector)<\/td>\n<td class=\"selectTdClass\" width=\"295\">\u00a0 Retrato: 300 mm (+)\/400 mm (-);<br \/>\n800 mm (+)\/800 mm (-) (Leapfrog)<br \/>\nPaisagem: 1500 mm (+)\/1500 mm (-)<\/td>\n<\/tr>\n<tr>\n<td class=\"selectTdClass\" width=\"216\" height=\"30\">Vidro frontal\/vidro traseiro<\/td>\n<td class=\"selectTdClass\" width=\"295\">\u00a0 2,0 mm\/2,0 mm<\/td>\n<\/tr>\n<tr>\n<td class=\"selectTdClass\" width=\"216\" height=\"30\">Configura\u00e7\u00e3o da embalagem<\/td>\n<td class=\"selectTdClass\" width=\"295\">\u00a0 31 unidades\/palete, 496 unidades\/contentor 40HQ<\/td>\n<\/tr>\n<\/tbody>\n<\/table>\n<p><strong>Descri\u00e7\u00e3o do produto<\/strong><\/p>\n<p>&nbsp;<\/p>\n<p>&nbsp;<\/p>\n<p>&nbsp;<\/p>\n<p><strong>JA  605W 610W 615W 620W 625W 630W Painel solar na China Pain\u00e9is solares de meia c\u00e9lula<\/strong><\/p>\n<p>Os pain\u00e9is solares mono faciais requerem manuten\u00e7\u00e3o m\u00ednima ap\u00f3s a instala\u00e7\u00e3o, tornando-os uma op\u00e7\u00e3o atraente para quem procura uma fonte de energia renov\u00e1vel de baixa manuten\u00e7\u00e3o. A limpeza regular para remover poeira e detritos \u00e9 normalmente suficiente para manter os pain\u00e9is a funcionar com a m\u00e1xima efici\u00eancia.<\/p>\n<p>Montados com c\u00e9lulas PERC de 11BB, a configura\u00e7\u00e3o de meia c\u00e9lula dos m\u00f3dulos oferece as vantagens de maior pot\u00eancia de sa\u00edda, melhor desempenho dependente da temperatura, efeito de sombreamento reduzido na gera\u00e7\u00e3o de energia, menor risco de pontos quentes, bem como maior toler\u00e2ncia \u00e0 carga mec\u00e2nica.<\/p>\n<p>\u00b7 LCOE mais baixo<\/p>\n<p>\u00b7 Maior pot\u00eancia de sa\u00edda<\/p>\n<p>\u00b7 Melhor toler\u00e2ncia \u00e0 carga mec\u00e2nica<\/p>\n<p>\u00b7 Menos sombreamento e menor perda resistiva<\/p>\n<p><strong><img decoding=\"async\" src=\"http:\/\/jinkosolarpv.com\/wp-content\/uploads\/2025\/11\/535727d9442459ea68f0fd82905e0a7d.png\" alt=\"\" title=\"\"><\/strong><\/p>","protected":false},"excerpt":{"rendered":"<p>N\u00famero do m\u00f3dulo: JAM72D42\/LB 605-630W<br \/>\nPeso: 34,6 kg<br \/>\nEmbalagem: 31 unidades\/palete; 496 unidades\/40hq<br \/>\nEspecifica\u00e7\u00f5es: 2465 x 1134 x 35 mm<br \/>\nMarca registada: JA Solar<br \/>\nOrigem:China<\/p>","protected":false},"featured_media":508,"comment_status":"open","ping_status":"closed","template":"","meta":{"site-sidebar-layout":"default","site-content-layout":"","ast-site-content-layout":"default","site-content-style":"default","site-sidebar-style":"default","ast-global-header-display":"","ast-banner-title-visibility":"","ast-main-header-display":"","ast-hfb-above-header-display":"","ast-hfb-below-header-display":"","ast-hfb-mobile-header-display":"","site-post-title":"","ast-breadcrumbs-content":"","ast-featured-img":"","footer-sml-layout":"","theme-transparent-header-meta":"default","adv-header-id-meta":"","stick-header-meta":"","header-above-stick-meta":"","header-main-stick-meta":"","header-below-stick-meta":"","astra-migrate-meta-layouts":"set","ast-page-background-enabled":"default","ast-page-background-meta":{"desktop":{"background-color":"var(--ast-global-color-5)","background-image":"","background-repeat":"repeat","background-position":"center center","background-size":"auto","background-attachment":"scroll","background-type":"","background-media":"","overlay-type":"","overlay-color":"","overlay-opacity":"","overlay-gradient":""},"tablet":{"background-color":"","background-image":"","background-repeat":"repeat","background-position":"center center","background-size":"auto","background-attachment":"scroll","background-type":"","background-media":"","overlay-type":"","overlay-color":"","overlay-opacity":"","overlay-gradient":""},"mobile":{"background-color":"","background-image":"","background-repeat":"repeat","background-position":"center center","background-size":"auto","background-attachment":"scroll","background-type":"","background-media":"","overlay-type":"","overlay-color":"","overlay-opacity":"","overlay-gradient":""}},"ast-content-background-meta":{"desktop":{"background-color":"var(--ast-global-color-4)","background-image":"","background-repeat":"repeat","background-position":"center center","background-size":"auto","background-attachment":"scroll","background-type":"","background-media":"","overlay-type":"","overlay-color":"","overlay-opacity":"","overlay-gradient":""},"tablet":{"background-color":"var(--ast-global-color-4)","background-image":"","background-repeat":"repeat","background-position":"center center","background-size":"auto","background-attachment":"scroll","background-type":"","background-media":"","overlay-type":"","overlay-color":"","overlay-opacity":"","overlay-gradient":""},"mobile":{"background-color":"var(--ast-global-color-4)","background-image":"","background-repeat":"repeat","background-position":"center center","background-size":"auto","background-attachment":"scroll","background-type":"","background-media":"","overlay-type":"","overlay-color":"","overlay-opacity":"","overlay-gradient":""}}},"product_brand":[],"product_cat":[26],"product_tag":[],"class_list":{"0":"post-507","1":"product","2":"type-product","3":"status-publish","4":"has-post-thumbnail","6":"product_cat-ja-solar-panel","7":"desktop-align-left","8":"tablet-align-left","9":"mobile-align-left","11":"first","12":"instock","13":"shipping-taxable","14":"product-type-simple"},"_links":{"self":[{"href":"https:\/\/jinkosolarpv.com\/pt\/wp-json\/wp\/v2\/product\/507","targetHints":{"allow":["GET"]}}],"collection":[{"href":"https:\/\/jinkosolarpv.com\/pt\/wp-json\/wp\/v2\/product"}],"about":[{"href":"https:\/\/jinkosolarpv.com\/pt\/wp-json\/wp\/v2\/types\/product"}],"replies":[{"embeddable":true,"href":"https:\/\/jinkosolarpv.com\/pt\/wp-json\/wp\/v2\/comments?post=507"}],"wp:featuredmedia":[{"embeddable":true,"href":"https:\/\/jinkosolarpv.com\/pt\/wp-json\/wp\/v2\/media\/508"}],"wp:attachment":[{"href":"https:\/\/jinkosolarpv.com\/pt\/wp-json\/wp\/v2\/media?parent=507"}],"wp:term":[{"taxonomy":"product_brand","embeddable":true,"href":"https:\/\/jinkosolarpv.com\/pt\/wp-json\/wp\/v2\/product_brand?post=507"},{"taxonomy":"product_cat","embeddable":true,"href":"https:\/\/jinkosolarpv.com\/pt\/wp-json\/wp\/v2\/product_cat?post=507"},{"taxonomy":"product_tag","embeddable":true,"href":"https:\/\/jinkosolarpv.com\/pt\/wp-json\/wp\/v2\/product_tag?post=507"}],"curies":[{"name":"wp","href":"https:\/\/api.w.org\/{rel}","templated":true}]}}