{"id":483,"date":"2025-11-17T14:07:22","date_gmt":"2025-11-17T06:07:22","guid":{"rendered":"https:\/\/jinkosolarpv.com\/?post_type=product&#038;p=483"},"modified":"2025-11-27T12:01:54","modified_gmt":"2025-11-27T04:01:54","slug":"ja-solar-p-tipo-monofacial-jam72s30-540w545w550w555w560w565w","status":"publish","type":"product","link":"https:\/\/jinkosolarpv.com\/pt\/product\/ja-solar-p-tipo-monofacial-jam72s30-540w545w550w555w560w565w\/","title":{"rendered":"JA Solar P-type Monofacial JAM72S30 540w, 545w, 550w, 555w, 560w, 565w"},"content":{"rendered":"<p class=\"\"><strong>Detalhes do produto<\/strong><\/p>\n<table width=\"474\" cellspacing=\"0\" cellpadding=\"0\">\n<colgroup>\n<col width=\"270\" \/>\n<col width=\"323\" \/><\/colgroup>\n<tbody>\n<tr class=\"firstRow\">\n<td width=\"216\" height=\"30\">C\u00e9lula<\/td>\n<td class=\"\" width=\"259\">Mono<\/td>\n<\/tr>\n<tr>\n<td width=\"216\" height=\"30\">Peso<\/td>\n<td width=\"259\">27,3 kg<\/td>\n<\/tr>\n<tr>\n<td width=\"216\" height=\"30\">Dimens\u00f5es<\/td>\n<td class=\"\" width=\"259\">2278 \u00b1 2 mm x 1134 \u00b1 2 mm x 30 \u00b1 1 mm<\/td>\n<\/tr>\n<tr>\n<td width=\"216\" height=\"30\">Tamanho da sec\u00e7\u00e3o transversal do cabo<\/td>\n<td class=\"\" width=\"259\">4 m\u00b2 (IEC), 12 AWG (UL)<\/td>\n<\/tr>\n<tr>\n<td width=\"216\" height=\"30\">N.\u00ba de c\u00e9lulas<\/td>\n<td class=\"\" width=\"259\">144 (6 \u00d7 24)<\/td>\n<\/tr>\n<tr>\n<td width=\"216\" height=\"30\">Caixa de deriva\u00e7\u00e3o<\/td>\n<td class=\"\" width=\"259\">IP68, 3 d\u00edodos<\/td>\n<\/tr>\n<tr>\n<td width=\"216\" height=\"30\">Conector<\/td>\n<td class=\"\" width=\"259\">QC 4.10-351\/MC4-EVO2A<\/td>\n<\/tr>\n<tr>\n<td width=\"216\" height=\"52\">Comprimento do cabo<br \/>\n(Incluindo conector)<\/td>\n<td width=\"259\">Retrato: 300 mm (+)\/400 mm (-) Paisagem: 1300 mm (+)\/1300 mm (-)<\/td>\n<\/tr>\n<tr>\n<td colspan=\"1\" rowspan=\"1\">Vidro frontal<\/td>\n<td colspan=\"1\" rowspan=\"1\">3,2 mm<\/td>\n<\/tr>\n<tr>\n<td width=\"216\" height=\"52\">Configura\u00e7\u00e3o da embalagem<\/td>\n<td width=\"259\">36 unidades\/palete, 720 unidades\/contentor 40HQ<\/td>\n<\/tr>\n<\/tbody>\n<\/table>\n<p><strong>Descri\u00e7\u00e3o do produto<\/strong><\/p>\n<p>&nbsp;<\/p>\n<p><strong>JA 530W 535W 540W 545W 550W 555W  Em stock Pain\u00e9is solares totalmente pretos Painel solar mono Perc Painel solar dom\u00e9stico<\/strong><\/p>\n<p>A alta efici\u00eancia dos pain\u00e9is solares mono faciais pode resultar em custos de instala\u00e7\u00e3o reduzidos, uma vez que s\u00e3o necess\u00e1rios menos pain\u00e9is para gerar a mesma quantidade de energia que outros tipos de pain\u00e9is solares. Isto pode torn\u00e1-los uma op\u00e7\u00e3o atraente para quem deseja minimizar os custos iniciais associados \u00e0 transi\u00e7\u00e3o para a energia solar.<\/p>\n<p>Montados com c\u00e9lulas PERC de 11BB, a configura\u00e7\u00e3o de meia c\u00e9lula dos m\u00f3dulos oferece as vantagens de maior pot\u00eancia de sa\u00edda, melhor desempenho dependente da temperatura, efeito de sombreamento reduzido na gera\u00e7\u00e3o de energia, menor risco de pontos quentes, bem como maior toler\u00e2ncia \u00e0 carga mec\u00e2nica.<\/p>\n<p>\u00b7 LCOE mais baixo<\/p>\n<p>\u00b7 Maior pot\u00eancia de sa\u00edda<\/p>\n<p>\u00b7 Melhor toler\u00e2ncia \u00e0 carga mec\u00e2nica<\/p>\n<p>\u00b7 Menos sombreamento e menor perda resistiva<\/p>\n<p><strong><img decoding=\"async\" src=\"http:\/\/jinkosolarpv.com\/wp-content\/uploads\/2025\/11\/fb53f1261906a97df966ba4a08ee9575.png\" alt=\"\" title=\"\"><\/strong><\/p>","protected":false},"excerpt":{"rendered":"<p>N\u00famero do m\u00f3dulo: JAM72S30 540-565\/MR<br \/>\nPeso: 27,3 kg<br \/>\nEmbalagem:36pcs\/palete;720ppcs\/40hq<br \/>\nEspecifica\u00e7\u00f5es: 2278 x 1134 x 30 mm<br \/>\nMarca registada: JA Solar<br \/>\nOrigem:China<\/p>","protected":false},"featured_media":484,"comment_status":"open","ping_status":"closed","template":"","meta":{"site-sidebar-layout":"default","site-content-layout":"","ast-site-content-layout":"default","site-content-style":"default","site-sidebar-style":"default","ast-global-header-display":"","ast-banner-title-visibility":"","ast-main-header-display":"","ast-hfb-above-header-display":"","ast-hfb-below-header-display":"","ast-hfb-mobile-header-display":"","site-post-title":"","ast-breadcrumbs-content":"","ast-featured-img":"","footer-sml-layout":"","theme-transparent-header-meta":"default","adv-header-id-meta":"","stick-header-meta":"","header-above-stick-meta":"","header-main-stick-meta":"","header-below-stick-meta":"","astra-migrate-meta-layouts":"set","ast-page-background-enabled":"default","ast-page-background-meta":{"desktop":{"background-color":"var(--ast-global-color-5)","background-image":"","background-repeat":"repeat","background-position":"center center","background-size":"auto","background-attachment":"scroll","background-type":"","background-media":"","overlay-type":"","overlay-color":"","overlay-opacity":"","overlay-gradient":""},"tablet":{"background-color":"","background-image":"","background-repeat":"repeat","background-position":"center center","background-size":"auto","background-attachment":"scroll","background-type":"","background-media":"","overlay-type":"","overlay-color":"","overlay-opacity":"","overlay-gradient":""},"mobile":{"background-color":"","background-image":"","background-repeat":"repeat","background-position":"center center","background-size":"auto","background-attachment":"scroll","background-type":"","background-media":"","overlay-type":"","overlay-color":"","overlay-opacity":"","overlay-gradient":""}},"ast-content-background-meta":{"desktop":{"background-color":"var(--ast-global-color-4)","background-image":"","background-repeat":"repeat","background-position":"center center","background-size":"auto","background-attachment":"scroll","background-type":"","background-media":"","overlay-type":"","overlay-color":"","overlay-opacity":"","overlay-gradient":""},"tablet":{"background-color":"var(--ast-global-color-4)","background-image":"","background-repeat":"repeat","background-position":"center center","background-size":"auto","background-attachment":"scroll","background-type":"","background-media":"","overlay-type":"","overlay-color":"","overlay-opacity":"","overlay-gradient":""},"mobile":{"background-color":"var(--ast-global-color-4)","background-image":"","background-repeat":"repeat","background-position":"center center","background-size":"auto","background-attachment":"scroll","background-type":"","background-media":"","overlay-type":"","overlay-color":"","overlay-opacity":"","overlay-gradient":""}}},"product_brand":[],"product_cat":[26],"product_tag":[],"class_list":{"0":"post-483","1":"product","2":"type-product","3":"status-publish","4":"has-post-thumbnail","6":"product_cat-ja-solar-panel","7":"desktop-align-left","8":"tablet-align-left","9":"mobile-align-left","11":"first","12":"instock","13":"shipping-taxable","14":"product-type-simple"},"_links":{"self":[{"href":"https:\/\/jinkosolarpv.com\/pt\/wp-json\/wp\/v2\/product\/483","targetHints":{"allow":["GET"]}}],"collection":[{"href":"https:\/\/jinkosolarpv.com\/pt\/wp-json\/wp\/v2\/product"}],"about":[{"href":"https:\/\/jinkosolarpv.com\/pt\/wp-json\/wp\/v2\/types\/product"}],"replies":[{"embeddable":true,"href":"https:\/\/jinkosolarpv.com\/pt\/wp-json\/wp\/v2\/comments?post=483"}],"wp:featuredmedia":[{"embeddable":true,"href":"https:\/\/jinkosolarpv.com\/pt\/wp-json\/wp\/v2\/media\/484"}],"wp:attachment":[{"href":"https:\/\/jinkosolarpv.com\/pt\/wp-json\/wp\/v2\/media?parent=483"}],"wp:term":[{"taxonomy":"product_brand","embeddable":true,"href":"https:\/\/jinkosolarpv.com\/pt\/wp-json\/wp\/v2\/product_brand?post=483"},{"taxonomy":"product_cat","embeddable":true,"href":"https:\/\/jinkosolarpv.com\/pt\/wp-json\/wp\/v2\/product_cat?post=483"},{"taxonomy":"product_tag","embeddable":true,"href":"https:\/\/jinkosolarpv.com\/pt\/wp-json\/wp\/v2\/product_tag?post=483"}],"curies":[{"name":"wp","href":"https:\/\/api.w.org\/{rel}","templated":true}]}}