{"id":409,"date":"2025-11-17T13:24:06","date_gmt":"2025-11-17T05:24:06","guid":{"rendered":"https:\/\/jinkosolarpv.com\/?post_type=product&#038;p=409"},"modified":"2025-11-27T13:10:33","modified_gmt":"2025-11-27T05:10:33","slug":"modulo-monocristalino-trina-vertex-590-w-595-w-600-w-605-w-610-w","status":"publish","type":"product","link":"https:\/\/jinkosolarpv.com\/pt\/product\/modulo-monocristalino-trina-vertex-590-w-595-w-600-w-605-w-610-w\/","title":{"rendered":"M\u00f3dulo monocristalino Trina Vertex 590 W, 595 W, 600 W, 605 W, 610 W"},"content":{"rendered":"<p><strong>Detalhes do produto<\/strong><\/p>\n<table width=\"598\" cellspacing=\"0\" cellpadding=\"0\">\n<colgroup>\n<col width=\"241\" \/>\n<col width=\"507\" \/><\/colgroup>\n<tbody>\n<tr class=\"firstRow\">\n<td width=\"193\" height=\"30\">C\u00e9lulas solares<\/td>\n<td width=\"406\">Monocristalino<\/td>\n<\/tr>\n<tr>\n<td width=\"193\" height=\"30\">N.\u00ba de c\u00e9lulas<\/td>\n<td width=\"406\">120 c\u00e9lulas<\/td>\n<\/tr>\n<tr>\n<td width=\"193\" height=\"30\">Dimens\u00f5es do m\u00f3dulo<\/td>\n<td width=\"406\">2172 \u00d7 1303 \u00d7 33 mm (85,51 \u00d7 51,30 \u00d7 1,30 polegadas)<\/td>\n<\/tr>\n<tr>\n<td width=\"193\" height=\"30\">Peso<\/td>\n<td width=\"406\">30,6 kg (67,5 lb)<\/td>\n<\/tr>\n<tr>\n<td width=\"193\" height=\"52\">Vidro<\/td>\n<td width=\"406\">3,2 mm (0,13 polegadas), alta transmiss\u00e3o, vidro refor\u00e7ado com calor e revestimento AR<\/td>\n<\/tr>\n<tr>\n<td width=\"193\" height=\"30\">Material encapsulante<\/td>\n<td width=\"406\">EVA\/POE<\/td>\n<\/tr>\n<tr>\n<td width=\"193\" height=\"30\">Folha traseira<\/td>\n<td width=\"406\">Branco<\/td>\n<\/tr>\n<tr>\n<td width=\"193\" height=\"30\">Moldura<\/td>\n<td width=\"406\">33 mm (1,30 polegadas) Liga de alum\u00ednio anodizado<\/td>\n<\/tr>\n<tr>\n<td width=\"193\" height=\"30\">J-Box<\/td>\n<td width=\"406\">Classifica\u00e7\u00e3o IP68<\/td>\n<\/tr>\n<tr>\n<td width=\"193\" height=\"118\">Cabos<\/td>\n<td width=\"406\">Tecnologia fotovoltaica  Cabo  4,0 mm\u00b2 (0,006 polegadas\u00b2), Retrato: 350\/280 mm (13,78\/11,02 polegadas)<br \/>\nO comprimento pode ser personalizado<\/td>\n<\/tr>\n<tr>\n<td width=\"193\" height=\"30\">Conector<\/td>\n<td width=\"406\">MC4 EV02\/TS4*<\/td>\n<\/tr>\n<\/tbody>\n<\/table>\n<p><strong>Descri\u00e7\u00e3o do produto<\/strong><\/p>\n<p>&nbsp;<\/p>\n<h2><\/h2>\n<p><strong>M\u00f3dulo monocristalino Trina Vertex 590 W, 595 W, 600 W, 605 W, 610 W<\/strong><\/p>\n<p>Com base na pastilha de sil\u00edcio de grande tamanho de 210 mm e na c\u00e9lula PERC monocristalina, o Vertex vem com v\u00e1rios recursos de design inovadores que permitem uma alta pot\u00eancia de sa\u00edda de mais de 600 W. O excelente coeficiente de temperatura e o baixo desempenho de irradia\u00e7\u00e3o proporcionam maior pot\u00eancia. Al\u00e9m disso, beneficiando-se das c\u00e9lulas mono quadradas e da tecnologia de encapsulamento de alta densidade, a efici\u00eancia do Vertex pode chegar a 21,41 TP3T.<\/p>\n<p>O processo de fabrico de pain\u00e9is solares mono faciais envolve cortar lingotes cil\u00edndricos de sil\u00edcio em finas placas, que s\u00e3o ent\u00e3o tratadas e montadas em c\u00e9lulas solares. Estas c\u00e9lulas s\u00e3o interligadas e encapsuladas dentro de uma estrutura protetora para criar o produto final do painel solar.<\/p>\n<p>Com base na pastilha de sil\u00edcio de grande tamanho de 210 mm e na c\u00e9lula PERC monocristalina, o Vertex vem com v\u00e1rios recursos de design inovadores que permitem uma alta pot\u00eancia de sa\u00edda de mais de 600 W. O excelente coeficiente de temperatura e o baixo desempenho de irradia\u00e7\u00e3o proporcionam maior pot\u00eancia. Al\u00e9m disso, beneficiando-se das c\u00e9lulas mono quadradas e da tecnologia de encapsulamento de alta densidade, a efici\u00eancia do Vertex pode chegar a 21,41 TP3T.<\/p>\n<p>Baixa tens\u00e3o, maior pot\u00eancia de sa\u00edda da cadeia de m\u00f3dulos, melhoria na pot\u00eancia de sa\u00edda de uma \u00fanica cadeia de m\u00f3dulos em mais de 41%. Com o objetivo de melhorar a efici\u00eancia do sistema e reduzir os custos de equil\u00edbrio do sistema, a equipa de investiga\u00e7\u00e3o e desenvolvimento da Trina Solar introduziu um design inovador de baixa tens\u00e3o e maior pot\u00eancia de sa\u00edda da cadeia de m\u00f3dulos. Normalmente, a Trina pode interligar 33 m\u00f3dulos Vertex numa cadeia. Em compara\u00e7\u00e3o com outros m\u00f3dulos de refer\u00eancia, uma \u00fanica cadeia de m\u00f3dulos pode atingir um aumento de pot\u00eancia de at\u00e9 41%, uma redu\u00e7\u00e3o de 15% no suporte, uma redu\u00e7\u00e3o de 17% na funda\u00e7\u00e3o e uma redu\u00e7\u00e3o de 35% na caixa combinadora, indicando um avan\u00e7o tecnol\u00f3gico inovador e inaugurando uma nova era de 600W+.<\/p>\n<p>Com maior resist\u00eancia contra pontos quentes e temperaturas excessivas, os m\u00f3dulos Vertex mant\u00eam alta confiabilidade. A aplica\u00e7\u00e3o de c\u00e9lulas com barramento m\u00faltiplo resulta em cargas mais uniformes para evitar tens\u00f5es, resultando em melhor desempenho mesmo em caso de pequenas rachaduras. Atualmente, a participa\u00e7\u00e3o de mercado dos m\u00f3dulos fotovoltaicos com tecnologia MBB \u00e9 dominante no setor solar global.<\/p>\n<p>&nbsp;<\/p>\n<p><img decoding=\"async\" src=\"http:\/\/jinkosolarpv.com\/wp-content\/uploads\/2025\/11\/4fb764b191009e6a986ea59c057cb725.png\" alt=\"\" title=\"\"><\/p>","protected":false},"excerpt":{"rendered":"<p>N\u00famero do m\u00f3dulo: TSM-DE20 590-610W<br \/>\nPeso: 30,6 kg<br \/>\nEmbalagem:33pcs\/palete;594pcs\/40hq<br \/>\nEspecifica\u00e7\u00f5es: 2172 x 1303 x 33 mm<br \/>\nMarca registada: Trina Solar<br \/>\nOrigem:China<\/p>","protected":false},"featured_media":417,"comment_status":"open","ping_status":"closed","template":"","meta":{"site-sidebar-layout":"default","site-content-layout":"","ast-site-content-layout":"default","site-content-style":"default","site-sidebar-style":"default","ast-global-header-display":"","ast-banner-title-visibility":"","ast-main-header-display":"","ast-hfb-above-header-display":"","ast-hfb-below-header-display":"","ast-hfb-mobile-header-display":"","site-post-title":"","ast-breadcrumbs-content":"","ast-featured-img":"","footer-sml-layout":"","theme-transparent-header-meta":"default","adv-header-id-meta":"","stick-header-meta":"","header-above-stick-meta":"","header-main-stick-meta":"","header-below-stick-meta":"","astra-migrate-meta-layouts":"set","ast-page-background-enabled":"default","ast-page-background-meta":{"desktop":{"background-color":"var(--ast-global-color-5)","background-image":"","background-repeat":"repeat","background-position":"center center","background-size":"auto","background-attachment":"scroll","background-type":"","background-media":"","overlay-type":"","overlay-color":"","overlay-opacity":"","overlay-gradient":""},"tablet":{"background-color":"","background-image":"","background-repeat":"repeat","background-position":"center center","background-size":"auto","background-attachment":"scroll","background-type":"","background-media":"","overlay-type":"","overlay-color":"","overlay-opacity":"","overlay-gradient":""},"mobile":{"background-color":"","background-image":"","background-repeat":"repeat","background-position":"center center","background-size":"auto","background-attachment":"scroll","background-type":"","background-media":"","overlay-type":"","overlay-color":"","overlay-opacity":"","overlay-gradient":""}},"ast-content-background-meta":{"desktop":{"background-color":"var(--ast-global-color-4)","background-image":"","background-repeat":"repeat","background-position":"center center","background-size":"auto","background-attachment":"scroll","background-type":"","background-media":"","overlay-type":"","overlay-color":"","overlay-opacity":"","overlay-gradient":""},"tablet":{"background-color":"var(--ast-global-color-4)","background-image":"","background-repeat":"repeat","background-position":"center center","background-size":"auto","background-attachment":"scroll","background-type":"","background-media":"","overlay-type":"","overlay-color":"","overlay-opacity":"","overlay-gradient":""},"mobile":{"background-color":"var(--ast-global-color-4)","background-image":"","background-repeat":"repeat","background-position":"center center","background-size":"auto","background-attachment":"scroll","background-type":"","background-media":"","overlay-type":"","overlay-color":"","overlay-opacity":"","overlay-gradient":""}}},"product_brand":[],"product_cat":[23],"product_tag":[],"class_list":{"0":"post-409","1":"product","2":"type-product","3":"status-publish","4":"has-post-thumbnail","6":"product_cat-trina-solar-panel","7":"desktop-align-left","8":"tablet-align-left","9":"mobile-align-left","11":"first","12":"instock","13":"shipping-taxable","14":"product-type-simple"},"_links":{"self":[{"href":"https:\/\/jinkosolarpv.com\/pt\/wp-json\/wp\/v2\/product\/409","targetHints":{"allow":["GET"]}}],"collection":[{"href":"https:\/\/jinkosolarpv.com\/pt\/wp-json\/wp\/v2\/product"}],"about":[{"href":"https:\/\/jinkosolarpv.com\/pt\/wp-json\/wp\/v2\/types\/product"}],"replies":[{"embeddable":true,"href":"https:\/\/jinkosolarpv.com\/pt\/wp-json\/wp\/v2\/comments?post=409"}],"wp:featuredmedia":[{"embeddable":true,"href":"https:\/\/jinkosolarpv.com\/pt\/wp-json\/wp\/v2\/media\/417"}],"wp:attachment":[{"href":"https:\/\/jinkosolarpv.com\/pt\/wp-json\/wp\/v2\/media?parent=409"}],"wp:term":[{"taxonomy":"product_brand","embeddable":true,"href":"https:\/\/jinkosolarpv.com\/pt\/wp-json\/wp\/v2\/product_brand?post=409"},{"taxonomy":"product_cat","embeddable":true,"href":"https:\/\/jinkosolarpv.com\/pt\/wp-json\/wp\/v2\/product_cat?post=409"},{"taxonomy":"product_tag","embeddable":true,"href":"https:\/\/jinkosolarpv.com\/pt\/wp-json\/wp\/v2\/product_tag?post=409"}],"curies":[{"name":"wp","href":"https:\/\/api.w.org\/{rel}","templated":true}]}}