{"id":395,"date":"2025-11-17T13:20:30","date_gmt":"2025-11-17T05:20:30","guid":{"rendered":"https:\/\/jinkosolarpv.com\/?post_type=product&#038;p=395"},"modified":"2025-11-27T13:11:20","modified_gmt":"2025-11-27T05:11:20","slug":"modulo-monocristalino-trina-vertex-555-w-560-w-565-w-570-w-575-w-580-w","status":"publish","type":"product","link":"https:\/\/jinkosolarpv.com\/pt\/product\/modulo-monocristalino-trina-vertex-555-w-560-w-565-w-570-w-575-w-580-w\/","title":{"rendered":"M\u00f3dulo monocristalino Trina Vertex 555 W, 560 W, 565 W, 570 W, 575 W, 580 W"},"content":{"rendered":"<p><strong>Detalhes do produto<\/strong><\/p>\n<table width=\"598\" cellspacing=\"0\" cellpadding=\"0\">\n<colgroup>\n<col width=\"241\" \/>\n<col width=\"507\" \/><\/colgroup>\n<tbody>\n<tr class=\"firstRow\">\n<td width=\"193\" height=\"30\">C\u00e9lulas solares<\/td>\n<td width=\"406\">Monocristalino<\/td>\n<\/tr>\n<tr>\n<td width=\"193\" height=\"30\">N.\u00ba de c\u00e9lulas<\/td>\n<td width=\"406\">132 c\u00e9lulas<\/td>\n<\/tr>\n<tr>\n<td width=\"193\" height=\"30\">Dimens\u00f5es do m\u00f3dulo<\/td>\n<td width=\"406\">2384 \u00d7 1134 \u00d7 35 mm (93,86 \u00d7 44,65 \u00d7 1,38 polegadas)<\/td>\n<\/tr>\n<tr>\n<td width=\"193\" height=\"30\">Peso<\/td>\n<td width=\"406\">29,6 kg (65,3 lb)<\/td>\n<\/tr>\n<tr>\n<td width=\"193\" height=\"52\">Vidro<\/td>\n<td width=\"406\">3,2 mm (0,13 polegadas), alta transmiss\u00e3o, vidro refor\u00e7ado com revestimento AR<\/td>\n<\/tr>\n<tr>\n<td width=\"193\" height=\"30\">Material encapsulante<\/td>\n<td width=\"406\">EVA\/POE<\/td>\n<\/tr>\n<tr>\n<td width=\"193\" height=\"30\">Folha traseira<\/td>\n<td width=\"406\">Branco<\/td>\n<\/tr>\n<tr>\n<td width=\"193\" height=\"30\">Moldura<\/td>\n<td width=\"406\">35 mm (1,38 polegadas) Liga de alum\u00ednio anodizado<\/td>\n<\/tr>\n<tr>\n<td width=\"193\" height=\"30\">J-Box<\/td>\n<td width=\"406\">Classifica\u00e7\u00e3o IP 68<\/td>\n<\/tr>\n<tr>\n<td width=\"193\" height=\"118\">Cabos<\/td>\n<td width=\"406\">Tecnologia fotovoltaica Cabo 4,0 mm\u00b2 (0,006 polegadas\u00b2), Retrato: 280\/280 mm (11,02\/11,02 polegadas)<\/p>\n<p>O comprimento pode ser personalizado<\/td>\n<\/tr>\n<tr>\n<td width=\"193\" height=\"30\">Conector<\/td>\n<td width=\"406\">MC4   EV02\/TS4*<\/td>\n<\/tr>\n<\/tbody>\n<\/table>\n<p><strong>Descri\u00e7\u00e3o do produto<\/strong><\/p>\n<p>&nbsp;<\/p>\n<h2><\/h2>\n<p><strong>M\u00f3dulos fotovoltaicos de n\u00edvel 1 Energia solar Pain\u00e9is solares Trina Solar Vertex Mono PERC 555w, 560w, 565w, 570w, 575w, 580w Energia solar<\/strong><\/p>\n<p>Os pain\u00e9is solares Trina Solar Vertex Mono PERC 560W-580W s\u00e3o m\u00f3dulos fotovoltaicos de alto desempenho concebidos para proporcionar uma pot\u00eancia e efici\u00eancia excecionais. Fabricados pela Trina Solar, um fabricante l\u00edder de pain\u00e9is solares, estes m\u00f3dulos s\u00e3o constru\u00eddos com tecnologia avan\u00e7ada e materiais de alta qualidade para proporcionar uma gera\u00e7\u00e3o de energia solar fi\u00e1vel e sustent\u00e1vel.<\/p>\n<p>Com pot\u00eancias que variam de 560 W a 580 W, esses pain\u00e9is solares oferecem uma capacidade significativa de gera\u00e7\u00e3o de eletricidade. A alta pot\u00eancia permite uma maior produ\u00e7\u00e3o de energia, tornando-os adequados para v\u00e1rias aplica\u00e7\u00f5es, incluindo instala\u00e7\u00f5es residenciais, comerciais e em escala utilit\u00e1ria.<\/p>\n<p>Os pain\u00e9is solares Trina Solar da s\u00e9rie Vertex Mono PERC utilizam a avan\u00e7ada tecnologia de c\u00e9lulas mono PERC (Passivated Emitter Rear Cell). Esta tecnologia melhora a absor\u00e7\u00e3o de luz e a captura de el\u00e9trons, resultando em maior efici\u00eancia na convers\u00e3o de energia. Os pain\u00e9is convertem eficientemente a luz solar em eletricidade, maximizando a produ\u00e7\u00e3o de energia e o desempenho geral do sistema.<\/p>\n<p><strong><img decoding=\"async\" src=\"http:\/\/jinkosolarpv.com\/wp-content\/uploads\/2025\/11\/c83c5f1425247f8b81e6576fa208f9dd.png\" alt=\"\" title=\"\"><\/strong><\/p>","protected":false},"excerpt":{"rendered":"<div id=\"detail_content_word_wrap\">\n<div class=\"detail_content\">N\u00famero do m\u00f3dulo: TSM-DE19R 555-580W<br \/>\nPeso: 21,8 kg<br \/>\nEmbalagem: 31 unidades\/palete; 620 unidades\/40hq<br \/>\nEspecifica\u00e7\u00f5es: 2384 x 1134 x 35 mm<br \/>\nMarca registada: Trina Solar<br \/>\nOrigem:China<\/div>\n<\/div>\n<div class=\"detail_other_message\"><\/div>","protected":false},"featured_media":400,"comment_status":"open","ping_status":"closed","template":"","meta":{"site-sidebar-layout":"default","site-content-layout":"","ast-site-content-layout":"default","site-content-style":"default","site-sidebar-style":"default","ast-global-header-display":"","ast-banner-title-visibility":"","ast-main-header-display":"","ast-hfb-above-header-display":"","ast-hfb-below-header-display":"","ast-hfb-mobile-header-display":"","site-post-title":"","ast-breadcrumbs-content":"","ast-featured-img":"","footer-sml-layout":"","theme-transparent-header-meta":"default","adv-header-id-meta":"","stick-header-meta":"","header-above-stick-meta":"","header-main-stick-meta":"","header-below-stick-meta":"","astra-migrate-meta-layouts":"set","ast-page-background-enabled":"default","ast-page-background-meta":{"desktop":{"background-color":"var(--ast-global-color-5)","background-image":"","background-repeat":"repeat","background-position":"center center","background-size":"auto","background-attachment":"scroll","background-type":"","background-media":"","overlay-type":"","overlay-color":"","overlay-opacity":"","overlay-gradient":""},"tablet":{"background-color":"","background-image":"","background-repeat":"repeat","background-position":"center center","background-size":"auto","background-attachment":"scroll","background-type":"","background-media":"","overlay-type":"","overlay-color":"","overlay-opacity":"","overlay-gradient":""},"mobile":{"background-color":"","background-image":"","background-repeat":"repeat","background-position":"center center","background-size":"auto","background-attachment":"scroll","background-type":"","background-media":"","overlay-type":"","overlay-color":"","overlay-opacity":"","overlay-gradient":""}},"ast-content-background-meta":{"desktop":{"background-color":"var(--ast-global-color-4)","background-image":"","background-repeat":"repeat","background-position":"center center","background-size":"auto","background-attachment":"scroll","background-type":"","background-media":"","overlay-type":"","overlay-color":"","overlay-opacity":"","overlay-gradient":""},"tablet":{"background-color":"var(--ast-global-color-4)","background-image":"","background-repeat":"repeat","background-position":"center center","background-size":"auto","background-attachment":"scroll","background-type":"","background-media":"","overlay-type":"","overlay-color":"","overlay-opacity":"","overlay-gradient":""},"mobile":{"background-color":"var(--ast-global-color-4)","background-image":"","background-repeat":"repeat","background-position":"center center","background-size":"auto","background-attachment":"scroll","background-type":"","background-media":"","overlay-type":"","overlay-color":"","overlay-opacity":"","overlay-gradient":""}}},"product_brand":[],"product_cat":[23],"product_tag":[],"class_list":{"0":"post-395","1":"product","2":"type-product","3":"status-publish","4":"has-post-thumbnail","6":"product_cat-trina-solar-panel","7":"desktop-align-left","8":"tablet-align-left","9":"mobile-align-left","11":"first","12":"instock","13":"shipping-taxable","14":"product-type-simple"},"_links":{"self":[{"href":"https:\/\/jinkosolarpv.com\/pt\/wp-json\/wp\/v2\/product\/395","targetHints":{"allow":["GET"]}}],"collection":[{"href":"https:\/\/jinkosolarpv.com\/pt\/wp-json\/wp\/v2\/product"}],"about":[{"href":"https:\/\/jinkosolarpv.com\/pt\/wp-json\/wp\/v2\/types\/product"}],"replies":[{"embeddable":true,"href":"https:\/\/jinkosolarpv.com\/pt\/wp-json\/wp\/v2\/comments?post=395"}],"wp:featuredmedia":[{"embeddable":true,"href":"https:\/\/jinkosolarpv.com\/pt\/wp-json\/wp\/v2\/media\/400"}],"wp:attachment":[{"href":"https:\/\/jinkosolarpv.com\/pt\/wp-json\/wp\/v2\/media?parent=395"}],"wp:term":[{"taxonomy":"product_brand","embeddable":true,"href":"https:\/\/jinkosolarpv.com\/pt\/wp-json\/wp\/v2\/product_brand?post=395"},{"taxonomy":"product_cat","embeddable":true,"href":"https:\/\/jinkosolarpv.com\/pt\/wp-json\/wp\/v2\/product_cat?post=395"},{"taxonomy":"product_tag","embeddable":true,"href":"https:\/\/jinkosolarpv.com\/pt\/wp-json\/wp\/v2\/product_tag?post=395"}],"curies":[{"name":"wp","href":"https:\/\/api.w.org\/{rel}","templated":true}]}}