{"id":384,"date":"2025-11-17T13:17:04","date_gmt":"2025-11-17T05:17:04","guid":{"rendered":"https:\/\/jinkosolarpv.com\/?post_type=product&#038;p=384"},"modified":"2025-11-27T13:12:39","modified_gmt":"2025-11-27T05:12:39","slug":"modulo-monocristalino-de-vidro-duplo-trina-415-w-420-w-425-w-430-w-435-w","status":"publish","type":"product","link":"https:\/\/jinkosolarpv.com\/pt\/product\/modulo-monocristalino-de-vidro-duplo-trina-415-w-420-w-425-w-430-w-435-w\/","title":{"rendered":"M\u00f3dulo monocristalino Trina Dual Glass 415 W, 420 W, 425 W, 430 W, 435 W"},"content":{"rendered":"<p><strong>Detalhes do produto<\/strong><\/p>\n<table width=\"598\" cellspacing=\"0\" cellpadding=\"0\">\n<colgroup>\n<col width=\"241\" \/>\n<col width=\"507\" \/><\/colgroup>\n<tbody>\n<tr class=\"firstRow\">\n<td width=\"193\" height=\"30\">C\u00e9lulas solares<\/td>\n<td width=\"406\">\u00a0Monocristalino<\/td>\n<\/tr>\n<tr>\n<td width=\"193\" height=\"30\">N\u00famero de c\u00e9lulas<\/td>\n<td width=\"406\">\u00a0144 c\u00e9lulas<\/td>\n<\/tr>\n<tr>\n<td width=\"193\" height=\"30\">Dimens\u00f5es do m\u00f3dulo<\/td>\n<td width=\"406\">\u00a01762 \u00d7 1134 \u00d7 30 mm (69,37 \u00d7 44,65 \u00d7 1,18 polegadas)<\/td>\n<\/tr>\n<tr>\n<td width=\"193\" height=\"30\">Peso<\/td>\n<td width=\"406\">\u00a021,8 kg (48,1 lb)<\/td>\n<\/tr>\n<tr>\n<td width=\"193\" height=\"52\">Vidro frontal<\/td>\n<td>1,6 mm (0,06 polegadas), alta transmiss\u00e3o, vidro refor\u00e7ado termicamente<\/td>\n<\/tr>\n<tr>\n<td width=\"193\" height=\"30\">Moldura<\/td>\n<td width=\"406\">30 mm (1,18 polegadas) Liga de alum\u00ednio anodizado, preto<\/td>\n<\/tr>\n<tr>\n<td colspan=\"1\" rowspan=\"1\">J-Box<\/td>\n<td colspan=\"1\" rowspan=\"1\">Classifica\u00e7\u00e3o IP 68<\/td>\n<\/tr>\n<tr>\n<td width=\"193\" height=\"52\">Vidro traseiro<\/td>\n<td width=\"406\">Cabo para tecnologia fotovoltaica 4,0 mm\u00b2 (0,006 polegadas\u00b2),<\/p>\n<p>Retrato: 350\/280 mm (13,78\/11,02 polegadas)<\/p>\n<p>O comprimento pode ser personalizado<\/td>\n<\/tr>\n<tr>\n<td colspan=\"1\" rowspan=\"1\">Conector<\/td>\n<td colspan=\"1\" rowspan=\"1\">MC4 EVO2 \/ TS*<\/td>\n<\/tr>\n<\/tbody>\n<\/table>\n<p><strong>Descri\u00e7\u00e3o do produto<\/strong><\/p>\n<p>&nbsp;<\/p>\n<h2><strong>Painel solar Trina 415w, 420w, 425w, 430w, 435w com moldura preta em armaz\u00e9m<\/strong><\/h2>\n<div>Depois que a luz solar \u00e9 convertida em energia el\u00e9trica pelas c\u00e9lulas solares dentro de um painel solar de vidro duplo, essa energia deve ser coletada e transportada para uso. Isso \u00e9 feito por meio de uma s\u00e9rie de contatos met\u00e1licos condutores conectados \u00e0s c\u00e9lulas solares. Esses contatos coletam a corrente el\u00e9trica gerada e a transportam para um inversor, que converte a corrente cont\u00ednua (CC) produzida pelas c\u00e9lulas solares em corrente alternada (CA), que pode ser usada para alimentar dispositivos el\u00e9tricos ou injetada na rede el\u00e9trica.<\/div>\n<p><strong><img decoding=\"async\" src=\"http:\/\/jinkosolarpv.com\/wp-content\/uploads\/2025\/11\/b62c4efd449db4e21743458c060b56ad.png\" alt=\"\" title=\"\"><\/strong><\/p>\n<p>&nbsp;<\/p>","protected":false},"excerpt":{"rendered":"<p>N\u00famero do m\u00f3dulo: TSM-DEG9R.20 415-435W<br \/>\nPeso: 21,8 kg<br \/>\nEmbalagem: 36 unidades\/palete; 936 unidades\/40hq<br \/>\nEspecifica\u00e7\u00f5es: 1762 x 1134 x 30 mm<br \/>\nMarca registada: Trina Solar<br \/>\nOrigem:China<\/p>","protected":false},"featured_media":388,"comment_status":"open","ping_status":"closed","template":"","meta":{"site-sidebar-layout":"default","site-content-layout":"","ast-site-content-layout":"default","site-content-style":"default","site-sidebar-style":"default","ast-global-header-display":"","ast-banner-title-visibility":"","ast-main-header-display":"","ast-hfb-above-header-display":"","ast-hfb-below-header-display":"","ast-hfb-mobile-header-display":"","site-post-title":"","ast-breadcrumbs-content":"","ast-featured-img":"","footer-sml-layout":"","theme-transparent-header-meta":"default","adv-header-id-meta":"","stick-header-meta":"","header-above-stick-meta":"","header-main-stick-meta":"","header-below-stick-meta":"","astra-migrate-meta-layouts":"set","ast-page-background-enabled":"default","ast-page-background-meta":{"desktop":{"background-color":"var(--ast-global-color-5)","background-image":"","background-repeat":"repeat","background-position":"center center","background-size":"auto","background-attachment":"scroll","background-type":"","background-media":"","overlay-type":"","overlay-color":"","overlay-opacity":"","overlay-gradient":""},"tablet":{"background-color":"","background-image":"","background-repeat":"repeat","background-position":"center center","background-size":"auto","background-attachment":"scroll","background-type":"","background-media":"","overlay-type":"","overlay-color":"","overlay-opacity":"","overlay-gradient":""},"mobile":{"background-color":"","background-image":"","background-repeat":"repeat","background-position":"center center","background-size":"auto","background-attachment":"scroll","background-type":"","background-media":"","overlay-type":"","overlay-color":"","overlay-opacity":"","overlay-gradient":""}},"ast-content-background-meta":{"desktop":{"background-color":"var(--ast-global-color-4)","background-image":"","background-repeat":"repeat","background-position":"center center","background-size":"auto","background-attachment":"scroll","background-type":"","background-media":"","overlay-type":"","overlay-color":"","overlay-opacity":"","overlay-gradient":""},"tablet":{"background-color":"var(--ast-global-color-4)","background-image":"","background-repeat":"repeat","background-position":"center center","background-size":"auto","background-attachment":"scroll","background-type":"","background-media":"","overlay-type":"","overlay-color":"","overlay-opacity":"","overlay-gradient":""},"mobile":{"background-color":"var(--ast-global-color-4)","background-image":"","background-repeat":"repeat","background-position":"center center","background-size":"auto","background-attachment":"scroll","background-type":"","background-media":"","overlay-type":"","overlay-color":"","overlay-opacity":"","overlay-gradient":""}}},"product_brand":[],"product_cat":[23],"product_tag":[],"class_list":{"0":"post-384","1":"product","2":"type-product","3":"status-publish","4":"has-post-thumbnail","6":"product_cat-trina-solar-panel","7":"desktop-align-left","8":"tablet-align-left","9":"mobile-align-left","11":"first","12":"instock","13":"shipping-taxable","14":"product-type-simple"},"_links":{"self":[{"href":"https:\/\/jinkosolarpv.com\/pt\/wp-json\/wp\/v2\/product\/384","targetHints":{"allow":["GET"]}}],"collection":[{"href":"https:\/\/jinkosolarpv.com\/pt\/wp-json\/wp\/v2\/product"}],"about":[{"href":"https:\/\/jinkosolarpv.com\/pt\/wp-json\/wp\/v2\/types\/product"}],"replies":[{"embeddable":true,"href":"https:\/\/jinkosolarpv.com\/pt\/wp-json\/wp\/v2\/comments?post=384"}],"wp:featuredmedia":[{"embeddable":true,"href":"https:\/\/jinkosolarpv.com\/pt\/wp-json\/wp\/v2\/media\/388"}],"wp:attachment":[{"href":"https:\/\/jinkosolarpv.com\/pt\/wp-json\/wp\/v2\/media?parent=384"}],"wp:term":[{"taxonomy":"product_brand","embeddable":true,"href":"https:\/\/jinkosolarpv.com\/pt\/wp-json\/wp\/v2\/product_brand?post=384"},{"taxonomy":"product_cat","embeddable":true,"href":"https:\/\/jinkosolarpv.com\/pt\/wp-json\/wp\/v2\/product_cat?post=384"},{"taxonomy":"product_tag","embeddable":true,"href":"https:\/\/jinkosolarpv.com\/pt\/wp-json\/wp\/v2\/product_tag?post=384"}],"curies":[{"name":"wp","href":"https:\/\/api.w.org\/{rel}","templated":true}]}}