{"id":353,"date":"2025-11-17T12:00:46","date_gmt":"2025-11-17T04:00:46","guid":{"rendered":"https:\/\/jinkosolarpv.com\/?post_type=product&#038;p=353"},"modified":"2025-11-27T13:17:40","modified_gmt":"2025-11-27T05:17:40","slug":"longi-himo-10-lr7-72hvh630w-635w-640w645w650w","status":"publish","type":"product","link":"https:\/\/jinkosolarpv.com\/pt\/product\/longi-himo-10-lr7-72hvh630w-635w-640w645w650w\/","title":{"rendered":"Longi Himo 10 LR7-72HVH630w, 635w, 640w,645w,650w"},"content":{"rendered":"<p><strong>Detalhes do produto<\/strong><\/p>\n<table width=\"405\" cellspacing=\"0\" cellpadding=\"0\">\n<colgroup>\n<col width=\"180\" \/>\n<col width=\"496\" \/><\/colgroup>\n<tbody>\n<tr class=\"firstRow\">\n<td class=\"et4\" width=\"108\" height=\"22\">Orienta\u00e7\u00e3o celular<\/td>\n<td class=\"et5\" width=\"298\">144(6\u00d724)<\/td>\n<\/tr>\n<tr>\n<td class=\"et4\" width=\"108\" height=\"22\">Caixa de deriva\u00e7\u00e3o<\/td>\n<td class=\"et5\" width=\"298\">IP68, tr\u00eas d\u00edodos<\/td>\n<\/tr>\n<tr>\n<td class=\"et4\" width=\"108\" height=\"39\">Cabo de sa\u00edda<\/td>\n<td class=\"et5\" width=\"298\">4mm\u00b2,+400,-200mm\/\u00b11400mm<br \/>\no comprimento pode ser personalizado<\/td>\n<\/tr>\n<tr>\n<td class=\"et4\" width=\"108\" height=\"22\">Vidro<\/td>\n<td class=\"et5\" width=\"298\">Vidro \u00fanico, vidro temperado revestido de 3,2 mm<\/td>\n<\/tr>\n<tr>\n<td class=\"et4\" width=\"108\" height=\"22\">Moldura<\/td>\n<td class=\"et5\" width=\"298\">Estrutura em liga de alum\u00ednio anodizado<\/td>\n<\/tr>\n<tr>\n<td class=\"et4\" width=\"108\" height=\"22\">Peso<\/td>\n<td class=\"et5\" width=\"298\">28,5 kg<\/td>\n<\/tr>\n<tr>\n<td class=\"et4\" width=\"108\" height=\"22\">Dimens\u00e3o<\/td>\n<td class=\"et5\" width=\"298\">2282\u00d71134\u00d730mm<\/td>\n<\/tr>\n<tr>\n<td class=\"et4\" width=\"108\" height=\"22\">Embalagem<\/td>\n<td class=\"et5\" width=\"298\">36 unidades por palete\/144 unidades por 20 GP\/720 unidades por 40\u2019HC<\/td>\n<\/tr>\n<\/tbody>\n<\/table>\n<p><strong>Descri\u00e7\u00e3o do produto<\/strong><strong>n<\/strong><\/p>\n<p>&nbsp;<\/p>\n<p>&nbsp;<\/p>\n<p>&nbsp;<\/p>\n<p><strong>M\u00f3dulos fotovoltaicos de n\u00edvel 1 Energia solar Pain\u00e9is solares Trina Solar Vertex Mono PERC 630w, 635w, 640w, 645w, 650w Energia solar<\/strong><\/p>\n<p>144 C\u00e9lulas 182mm Pannelli Solarie 600w 605w 610w 615w 620w Watts Painel solar de meia c\u00e9lula cortada<\/p>\n<p>A maior efici\u00eancia e o melhor desempenho dos pain\u00e9is solares de vidro duplo tamb\u00e9m se traduzem em custos de instala\u00e7\u00e3o reduzidos. Uma vez que estes pain\u00e9is podem gerar mais eletricidade por metro quadrado do que os pain\u00e9is convencionais de vidro invertido, s\u00e3o necess\u00e1rios menos pain\u00e9is para atingir a produ\u00e7\u00e3o de energia desejada. Isto significa que os propriet\u00e1rios de casas e as empresas podem poupar nos custos de instala\u00e7\u00e3o ao necessitarem de menos pain\u00e9is, sistemas de montagem e outros componentes associados. Os custos de instala\u00e7\u00e3o reduzidos, combinados com o ROI mais elevado devido ao aumento da produ\u00e7\u00e3o de energia, tornam os pain\u00e9is solares de vidro duplo uma op\u00e7\u00e3o atractiva para quem procura minimizar os custos iniciais associados \u00e0 transi\u00e7\u00e3o para a energia solar.<\/p>\n<p><img decoding=\"async\" src=\"http:\/\/jinkosolarpv.com\/wp-content\/uploads\/2025\/11\/0dc054ffca5fdd81cf5e69d269ee2506.png\" alt=\"\" title=\"\"><\/p>","protected":false},"excerpt":{"rendered":"<p>N\u00famero do m\u00f3dulo: Himo 10 LR7-72HVH630-650W<br \/>\nPeso: 28,5 kg<br \/>\nEmbalagem:36pcs\/palete;720ppcs\/40hq<br \/>\nSpecification:2382\u00d71134\u00d730mm<br \/>\nMarca registada:Longi solar<br \/>\nOrigem:China<\/p>","protected":false},"featured_media":354,"comment_status":"open","ping_status":"closed","template":"","meta":{"site-sidebar-layout":"default","site-content-layout":"","ast-site-content-layout":"default","site-content-style":"default","site-sidebar-style":"default","ast-global-header-display":"","ast-banner-title-visibility":"","ast-main-header-display":"","ast-hfb-above-header-display":"","ast-hfb-below-header-display":"","ast-hfb-mobile-header-display":"","site-post-title":"","ast-breadcrumbs-content":"","ast-featured-img":"","footer-sml-layout":"","theme-transparent-header-meta":"default","adv-header-id-meta":"","stick-header-meta":"","header-above-stick-meta":"","header-main-stick-meta":"","header-below-stick-meta":"","astra-migrate-meta-layouts":"set","ast-page-background-enabled":"default","ast-page-background-meta":{"desktop":{"background-color":"var(--ast-global-color-5)","background-image":"","background-repeat":"repeat","background-position":"center center","background-size":"auto","background-attachment":"scroll","background-type":"","background-media":"","overlay-type":"","overlay-color":"","overlay-opacity":"","overlay-gradient":""},"tablet":{"background-color":"","background-image":"","background-repeat":"repeat","background-position":"center center","background-size":"auto","background-attachment":"scroll","background-type":"","background-media":"","overlay-type":"","overlay-color":"","overlay-opacity":"","overlay-gradient":""},"mobile":{"background-color":"","background-image":"","background-repeat":"repeat","background-position":"center center","background-size":"auto","background-attachment":"scroll","background-type":"","background-media":"","overlay-type":"","overlay-color":"","overlay-opacity":"","overlay-gradient":""}},"ast-content-background-meta":{"desktop":{"background-color":"var(--ast-global-color-4)","background-image":"","background-repeat":"repeat","background-position":"center center","background-size":"auto","background-attachment":"scroll","background-type":"","background-media":"","overlay-type":"","overlay-color":"","overlay-opacity":"","overlay-gradient":""},"tablet":{"background-color":"var(--ast-global-color-4)","background-image":"","background-repeat":"repeat","background-position":"center center","background-size":"auto","background-attachment":"scroll","background-type":"","background-media":"","overlay-type":"","overlay-color":"","overlay-opacity":"","overlay-gradient":""},"mobile":{"background-color":"var(--ast-global-color-4)","background-image":"","background-repeat":"repeat","background-position":"center center","background-size":"auto","background-attachment":"scroll","background-type":"","background-media":"","overlay-type":"","overlay-color":"","overlay-opacity":"","overlay-gradient":""}}},"product_brand":[],"product_cat":[21],"product_tag":[],"class_list":{"0":"post-353","1":"product","2":"type-product","3":"status-publish","4":"has-post-thumbnail","6":"product_cat-longi-solar-panel","7":"desktop-align-left","8":"tablet-align-left","9":"mobile-align-left","11":"first","12":"instock","13":"shipping-taxable","14":"product-type-simple"},"_links":{"self":[{"href":"https:\/\/jinkosolarpv.com\/pt\/wp-json\/wp\/v2\/product\/353","targetHints":{"allow":["GET"]}}],"collection":[{"href":"https:\/\/jinkosolarpv.com\/pt\/wp-json\/wp\/v2\/product"}],"about":[{"href":"https:\/\/jinkosolarpv.com\/pt\/wp-json\/wp\/v2\/types\/product"}],"replies":[{"embeddable":true,"href":"https:\/\/jinkosolarpv.com\/pt\/wp-json\/wp\/v2\/comments?post=353"}],"wp:featuredmedia":[{"embeddable":true,"href":"https:\/\/jinkosolarpv.com\/pt\/wp-json\/wp\/v2\/media\/354"}],"wp:attachment":[{"href":"https:\/\/jinkosolarpv.com\/pt\/wp-json\/wp\/v2\/media?parent=353"}],"wp:term":[{"taxonomy":"product_brand","embeddable":true,"href":"https:\/\/jinkosolarpv.com\/pt\/wp-json\/wp\/v2\/product_brand?post=353"},{"taxonomy":"product_cat","embeddable":true,"href":"https:\/\/jinkosolarpv.com\/pt\/wp-json\/wp\/v2\/product_cat?post=353"},{"taxonomy":"product_tag","embeddable":true,"href":"https:\/\/jinkosolarpv.com\/pt\/wp-json\/wp\/v2\/product_tag?post=353"}],"curies":[{"name":"wp","href":"https:\/\/api.w.org\/{rel}","templated":true}]}}