{"id":318,"date":"2025-11-17T11:37:58","date_gmt":"2025-11-17T03:37:58","guid":{"rendered":"https:\/\/jinkosolarpv.com\/?post_type=product&#038;p=318"},"modified":"2025-11-27T13:31:58","modified_gmt":"2025-11-27T05:31:58","slug":"longi-himo-6-lr5-72htd-550w555w-560w-565w-570w","status":"publish","type":"product","link":"https:\/\/jinkosolarpv.com\/pt\/product\/longi-himo-6-lr5-72htd-550w555w-560w-565w-570w\/","title":{"rendered":"Longi Himo 6 LR5-72HTD 550w,555w, 560w, 565w, 570w"},"content":{"rendered":"<p><strong>Detalhes do produto<\/strong><\/p>\n<table width=\"405\" cellspacing=\"0\" cellpadding=\"0\">\n<colgroup>\n<col width=\"180\" \/>\n<col width=\"496\" \/><\/colgroup>\n<tbody>\n<tr class=\"firstRow\">\n<td class=\"et2 selectTdClass\" colspan=\"2\" width=\"406\" height=\"22\">Par\u00e2metros mec\u00e2nicos<\/td>\n<\/tr>\n<tr>\n<td class=\"et4 selectTdClass\" width=\"108\" height=\"22\">Orienta\u00e7\u00e3o celular<\/td>\n<td class=\"et5 selectTdClass\" width=\"298\">144(6\u00d724)<\/td>\n<\/tr>\n<tr>\n<td class=\"et4 selectTdClass\" width=\"108\" height=\"22\">Caixa de deriva\u00e7\u00e3o<\/td>\n<td class=\"et5 selectTdClass\" width=\"298\">IP68, tr\u00eas d\u00edodos<\/td>\n<\/tr>\n<tr>\n<td class=\"et4 selectTdClass\" width=\"108\" height=\"39\">Cabo de sa\u00edda<\/td>\n<td class=\"et5 selectTdClass\" width=\"298\">4mm\u00b2,+400,-200mm\/\u00b11400mm<br \/>\no comprimento pode ser personalizado<\/td>\n<\/tr>\n<tr>\n<td class=\"et4 selectTdClass\" width=\"108\" height=\"22\">Vidro<\/td>\n<td class=\"et5 selectTdClass\" width=\"298\">Vidro duplo, vidro semi-temperado revestido de 2,0 mm<\/td>\n<\/tr>\n<tr>\n<td class=\"et4 selectTdClass\" width=\"108\" height=\"22\">Moldura<\/td>\n<td class=\"et5 selectTdClass\" width=\"298\">Estrutura em liga de alum\u00ednio anodizado<\/td>\n<\/tr>\n<tr>\n<td class=\"et4 selectTdClass\" width=\"108\" height=\"22\">Peso<\/td>\n<td class=\"et5 selectTdClass\" width=\"298\">32,6 kg<\/td>\n<\/tr>\n<tr>\n<td class=\"et4 selectTdClass\" width=\"108\" height=\"22\">Dimens\u00e3o<\/td>\n<td class=\"et5 selectTdClass\" width=\"298\">2278 \u00d7 1134 \u00d7 35 mm<\/td>\n<\/tr>\n<tr>\n<td class=\"et4 selectTdClass\" width=\"108\" height=\"22\">Embalagem<\/td>\n<td class=\"et5 selectTdClass\" width=\"298\">31 unidades por palete\/155 unidades por 20 GP\/620 unidades por 40\u2019HC<\/td>\n<\/tr>\n<\/tbody>\n<\/table>\n<p><strong>Descri\u00e7\u00e3o do produto<\/strong><strong>n<\/strong><\/p>\n<p>&nbsp;<\/p>\n<p>&nbsp;<\/p>\n<p><strong>Hi-Mo 550W 555W 560W 565W 570 Watts M\u00f3dulos fotovoltaicos bifaciais Pain\u00e9is solares duplos de vidro duplo Solarmodules<\/strong><\/p>\n<p>Os m\u00f3dulos fotovoltaicos bifaciais Hi-Mo 550W-570W s\u00e3o pain\u00e9is solares avan\u00e7ados concebidos para aproveitar a luz solar tanto pela parte frontal como pela parte traseira, maximizando a gera\u00e7\u00e3o de energia. Fabricados pela LONGi Solar, um fabricante l\u00edder de pain\u00e9is solares, estes m\u00f3dulos s\u00e3o constru\u00eddos com tecnologia de ponta e materiais de alta qualidade para uma gera\u00e7\u00e3o de energia eficiente e sustent\u00e1vel.<\/p>\n<p>Pot\u00eancia de sa\u00edda: Os m\u00f3dulos fotovoltaicos bifaciais Hi-Mo 550W-570W oferecem uma ampla gama de pot\u00eancia de sa\u00edda, proporcionando uma capacidade substancial de gera\u00e7\u00e3o de eletricidade. Com pot\u00eancias de sa\u00edda que variam de 550W a 570W, estes pain\u00e9is s\u00e3o adequados para instala\u00e7\u00f5es residenciais, comerciais e de grande escala, permitindo uma produ\u00e7\u00e3o eficiente de energia.<\/p>\n<p>Tecnologia bifacial: Estes m\u00f3dulos apresentam tecnologia bifacial, que lhes permite captar a luz solar tanto pela parte frontal como pela parte traseira. A parte traseira do m\u00f3dulo pode absorver luz refletida e dispersa, aumentando a produ\u00e7\u00e3o total de energia. Esta tecnologia melhora o desempenho dos pain\u00e9is e torna-os ideais para instala\u00e7\u00f5es com superf\u00edcies que refletem luz, tais como telhados com membranas brancas ou ambientes cobertos de neve.<\/p>\n<p><img decoding=\"async\" src=\"http:\/\/jinkosolarpv.com\/wp-content\/uploads\/2025\/11\/24b63457c9ac0d9d1afe1ba607988b7d.png\" alt=\"\" title=\"\"><\/p>","protected":false},"excerpt":{"rendered":"<p>N\u00famero do m\u00f3dulo: Longi LR5-72HTD 550-570M<br \/>\nPeso: 32,6 kg<br \/>\nEmbalagem: 31 unidades\/palete; 620 unidades\/40hq<br \/>\nEspecifica\u00e7\u00f5es: 2278 \u00d7 1134 \u00d7 35 mm<br \/>\nMarca registada:Longi solar<br \/>\nOrigem:China<\/p>","protected":false},"featured_media":320,"comment_status":"open","ping_status":"closed","template":"","meta":{"site-sidebar-layout":"default","site-content-layout":"","ast-site-content-layout":"default","site-content-style":"default","site-sidebar-style":"default","ast-global-header-display":"","ast-banner-title-visibility":"","ast-main-header-display":"","ast-hfb-above-header-display":"","ast-hfb-below-header-display":"","ast-hfb-mobile-header-display":"","site-post-title":"","ast-breadcrumbs-content":"","ast-featured-img":"","footer-sml-layout":"","theme-transparent-header-meta":"default","adv-header-id-meta":"","stick-header-meta":"","header-above-stick-meta":"","header-main-stick-meta":"","header-below-stick-meta":"","astra-migrate-meta-layouts":"set","ast-page-background-enabled":"default","ast-page-background-meta":{"desktop":{"background-color":"var(--ast-global-color-5)","background-image":"","background-repeat":"repeat","background-position":"center center","background-size":"auto","background-attachment":"scroll","background-type":"","background-media":"","overlay-type":"","overlay-color":"","overlay-opacity":"","overlay-gradient":""},"tablet":{"background-color":"","background-image":"","background-repeat":"repeat","background-position":"center center","background-size":"auto","background-attachment":"scroll","background-type":"","background-media":"","overlay-type":"","overlay-color":"","overlay-opacity":"","overlay-gradient":""},"mobile":{"background-color":"","background-image":"","background-repeat":"repeat","background-position":"center center","background-size":"auto","background-attachment":"scroll","background-type":"","background-media":"","overlay-type":"","overlay-color":"","overlay-opacity":"","overlay-gradient":""}},"ast-content-background-meta":{"desktop":{"background-color":"var(--ast-global-color-4)","background-image":"","background-repeat":"repeat","background-position":"center center","background-size":"auto","background-attachment":"scroll","background-type":"","background-media":"","overlay-type":"","overlay-color":"","overlay-opacity":"","overlay-gradient":""},"tablet":{"background-color":"var(--ast-global-color-4)","background-image":"","background-repeat":"repeat","background-position":"center center","background-size":"auto","background-attachment":"scroll","background-type":"","background-media":"","overlay-type":"","overlay-color":"","overlay-opacity":"","overlay-gradient":""},"mobile":{"background-color":"var(--ast-global-color-4)","background-image":"","background-repeat":"repeat","background-position":"center center","background-size":"auto","background-attachment":"scroll","background-type":"","background-media":"","overlay-type":"","overlay-color":"","overlay-opacity":"","overlay-gradient":""}}},"product_brand":[],"product_cat":[21],"product_tag":[],"class_list":{"0":"post-318","1":"product","2":"type-product","3":"status-publish","4":"has-post-thumbnail","6":"product_cat-longi-solar-panel","7":"desktop-align-left","8":"tablet-align-left","9":"mobile-align-left","11":"first","12":"instock","13":"shipping-taxable","14":"product-type-simple"},"_links":{"self":[{"href":"https:\/\/jinkosolarpv.com\/pt\/wp-json\/wp\/v2\/product\/318","targetHints":{"allow":["GET"]}}],"collection":[{"href":"https:\/\/jinkosolarpv.com\/pt\/wp-json\/wp\/v2\/product"}],"about":[{"href":"https:\/\/jinkosolarpv.com\/pt\/wp-json\/wp\/v2\/types\/product"}],"replies":[{"embeddable":true,"href":"https:\/\/jinkosolarpv.com\/pt\/wp-json\/wp\/v2\/comments?post=318"}],"wp:featuredmedia":[{"embeddable":true,"href":"https:\/\/jinkosolarpv.com\/pt\/wp-json\/wp\/v2\/media\/320"}],"wp:attachment":[{"href":"https:\/\/jinkosolarpv.com\/pt\/wp-json\/wp\/v2\/media?parent=318"}],"wp:term":[{"taxonomy":"product_brand","embeddable":true,"href":"https:\/\/jinkosolarpv.com\/pt\/wp-json\/wp\/v2\/product_brand?post=318"},{"taxonomy":"product_cat","embeddable":true,"href":"https:\/\/jinkosolarpv.com\/pt\/wp-json\/wp\/v2\/product_cat?post=318"},{"taxonomy":"product_tag","embeddable":true,"href":"https:\/\/jinkosolarpv.com\/pt\/wp-json\/wp\/v2\/product_tag?post=318"}],"curies":[{"name":"wp","href":"https:\/\/api.w.org\/{rel}","templated":true}]}}