{"id":312,"date":"2025-11-17T11:34:48","date_gmt":"2025-11-17T03:34:48","guid":{"rendered":"https:\/\/jinkosolarpv.com\/?post_type=product&#038;p=312"},"modified":"2025-11-27T13:32:49","modified_gmt":"2025-11-27T05:32:49","slug":"lr5-72hbd-540-560w","status":"publish","type":"product","link":"https:\/\/jinkosolarpv.com\/pt\/product\/lr5-72hbd-540-560w\/","title":{"rendered":"LR5-72HBD 540-560W"},"content":{"rendered":"<p><strong>Detalhes do produto<\/strong><\/p>\n<table width=\"405\" cellspacing=\"0\" cellpadding=\"0\">\n<colgroup>\n<col width=\"180\" \/>\n<col width=\"496\" \/><\/colgroup>\n<tbody>\n<tr class=\"firstRow\">\n<td class=\"et2\" colspan=\"2\" width=\"406\" height=\"22\">Par\u00e2metros mec\u00e2nicos<\/td>\n<\/tr>\n<tr>\n<td class=\"et4\" width=\"108\" height=\"22\">Orienta\u00e7\u00e3o celular<\/td>\n<td class=\"et5\" width=\"298\">144(6\u00d724)<\/td>\n<\/tr>\n<tr>\n<td class=\"et4\" width=\"108\" height=\"22\">Caixa de deriva\u00e7\u00e3o<\/td>\n<td class=\"et5\" width=\"298\">IP68, tr\u00eas d\u00edodos<\/td>\n<\/tr>\n<tr>\n<td class=\"et4\" width=\"108\" height=\"39\">Cabo de sa\u00edda<\/td>\n<td class=\"et5\" width=\"298\">4mm\u00b2,+400,-200mm\/\u00b11400mm<br \/>\no comprimento pode ser personalizado<\/td>\n<\/tr>\n<tr>\n<td class=\"et4\" width=\"108\" height=\"22\">Vidro<\/td>\n<td class=\"et5\" width=\"298\">Vidro duplo, vidro semi-temperado de 2,0+2,0 mm<\/td>\n<\/tr>\n<tr>\n<td class=\"et4\" width=\"108\" height=\"22\">Moldura<\/td>\n<td class=\"et5\" width=\"298\">Estrutura em liga de alum\u00ednio anodizado<\/td>\n<\/tr>\n<tr>\n<td class=\"et4\" width=\"108\" height=\"22\">Peso<\/td>\n<td class=\"et5\" width=\"298\">32,6 kg<\/td>\n<\/tr>\n<tr>\n<td class=\"et4\" width=\"108\" height=\"22\">Dimens\u00e3o<\/td>\n<td class=\"et5\" width=\"298\">2278 \u00d7 1134 \u00d7 35 mm<\/td>\n<\/tr>\n<tr>\n<td class=\"et4\" width=\"108\" height=\"22\">Embalagem<\/td>\n<td class=\"et5\" width=\"298\">31 unidades por palete\/155 unidades por 20 GP\/620 unidades por 40\u2019HC<\/td>\n<\/tr>\n<\/tbody>\n<\/table>\n<p><strong>Descri\u00e7\u00e3o do produto<\/strong><strong>n<\/strong><\/p>\n<p><strong>Longi 535W 540W 545W 550W 555W  Pain\u00e9is solares residenciais M\u00f3dulo fotovoltaico Painel solar  Para sistema de parque solar\u00a0<\/strong><\/p>\n<div>\n<div>\n<p>Os pain\u00e9is solares residenciais Longi 535W, 540W, 545W, 550W e 555W s\u00e3o m\u00f3dulos fotovoltaicos de alta qualidade concebidos para fornecer energia solar eficiente e fi\u00e1vel para aplica\u00e7\u00f5es residenciais. Estes pain\u00e9is s\u00e3o fabricados pela Longi, um fabricante de pain\u00e9is solares renomado e confi\u00e1vel, conhecido pela sua tecnologia de ponta e produtos de alto desempenho.<\/p>\n<p>Com pot\u00eancias que variam de 535 W a 555 W, esses pain\u00e9is solares fornecem uma quantidade substancial de gera\u00e7\u00e3o de eletricidade. A alta pot\u00eancia garante que eles possam atender \u00e0s demandas energ\u00e9ticas de propriedades residenciais, permitindo que os propriet\u00e1rios reduzam sua depend\u00eancia da eletricidade da rede e, potencialmente, alcancem independ\u00eancia energ\u00e9tica.<\/p>\n<p><img decoding=\"async\" src=\"http:\/\/jinkosolarpv.com\/wp-content\/uploads\/2025\/11\/20764608ae476966307b2e337440ebf1.png\" alt=\"\" title=\"\"><\/p>\n<\/div>\n<\/div>","protected":false},"excerpt":{"rendered":"<p>Local de origem: Jiangsu, China<br \/>\nMarca: Longi<br \/>\nCertifica\u00e7\u00e3o: CGC, ISO9001:2015, TUV SUD, PV, CNAS<br \/>\nN\u00famero do modelo: LR5-72HBD 540-560 W<\/p>","protected":false},"featured_media":314,"comment_status":"open","ping_status":"closed","template":"","meta":{"site-sidebar-layout":"default","site-content-layout":"","ast-site-content-layout":"default","site-content-style":"default","site-sidebar-style":"default","ast-global-header-display":"","ast-banner-title-visibility":"","ast-main-header-display":"","ast-hfb-above-header-display":"","ast-hfb-below-header-display":"","ast-hfb-mobile-header-display":"","site-post-title":"","ast-breadcrumbs-content":"","ast-featured-img":"","footer-sml-layout":"","theme-transparent-header-meta":"default","adv-header-id-meta":"","stick-header-meta":"","header-above-stick-meta":"","header-main-stick-meta":"","header-below-stick-meta":"","astra-migrate-meta-layouts":"set","ast-page-background-enabled":"default","ast-page-background-meta":{"desktop":{"background-color":"var(--ast-global-color-5)","background-image":"","background-repeat":"repeat","background-position":"center center","background-size":"auto","background-attachment":"scroll","background-type":"","background-media":"","overlay-type":"","overlay-color":"","overlay-opacity":"","overlay-gradient":""},"tablet":{"background-color":"","background-image":"","background-repeat":"repeat","background-position":"center center","background-size":"auto","background-attachment":"scroll","background-type":"","background-media":"","overlay-type":"","overlay-color":"","overlay-opacity":"","overlay-gradient":""},"mobile":{"background-color":"","background-image":"","background-repeat":"repeat","background-position":"center center","background-size":"auto","background-attachment":"scroll","background-type":"","background-media":"","overlay-type":"","overlay-color":"","overlay-opacity":"","overlay-gradient":""}},"ast-content-background-meta":{"desktop":{"background-color":"var(--ast-global-color-4)","background-image":"","background-repeat":"repeat","background-position":"center center","background-size":"auto","background-attachment":"scroll","background-type":"","background-media":"","overlay-type":"","overlay-color":"","overlay-opacity":"","overlay-gradient":""},"tablet":{"background-color":"var(--ast-global-color-4)","background-image":"","background-repeat":"repeat","background-position":"center center","background-size":"auto","background-attachment":"scroll","background-type":"","background-media":"","overlay-type":"","overlay-color":"","overlay-opacity":"","overlay-gradient":""},"mobile":{"background-color":"var(--ast-global-color-4)","background-image":"","background-repeat":"repeat","background-position":"center center","background-size":"auto","background-attachment":"scroll","background-type":"","background-media":"","overlay-type":"","overlay-color":"","overlay-opacity":"","overlay-gradient":""}}},"product_brand":[],"product_cat":[21],"product_tag":[],"class_list":{"0":"post-312","1":"product","2":"type-product","3":"status-publish","4":"has-post-thumbnail","6":"product_cat-longi-solar-panel","7":"desktop-align-left","8":"tablet-align-left","9":"mobile-align-left","11":"first","12":"instock","13":"shipping-taxable","14":"product-type-simple"},"_links":{"self":[{"href":"https:\/\/jinkosolarpv.com\/pt\/wp-json\/wp\/v2\/product\/312","targetHints":{"allow":["GET"]}}],"collection":[{"href":"https:\/\/jinkosolarpv.com\/pt\/wp-json\/wp\/v2\/product"}],"about":[{"href":"https:\/\/jinkosolarpv.com\/pt\/wp-json\/wp\/v2\/types\/product"}],"replies":[{"embeddable":true,"href":"https:\/\/jinkosolarpv.com\/pt\/wp-json\/wp\/v2\/comments?post=312"}],"wp:featuredmedia":[{"embeddable":true,"href":"https:\/\/jinkosolarpv.com\/pt\/wp-json\/wp\/v2\/media\/314"}],"wp:attachment":[{"href":"https:\/\/jinkosolarpv.com\/pt\/wp-json\/wp\/v2\/media?parent=312"}],"wp:term":[{"taxonomy":"product_brand","embeddable":true,"href":"https:\/\/jinkosolarpv.com\/pt\/wp-json\/wp\/v2\/product_brand?post=312"},{"taxonomy":"product_cat","embeddable":true,"href":"https:\/\/jinkosolarpv.com\/pt\/wp-json\/wp\/v2\/product_cat?post=312"},{"taxonomy":"product_tag","embeddable":true,"href":"https:\/\/jinkosolarpv.com\/pt\/wp-json\/wp\/v2\/product_tag?post=312"}],"curies":[{"name":"wp","href":"https:\/\/api.w.org\/{rel}","templated":true}]}}