{"id":277,"date":"2025-11-17T11:18:49","date_gmt":"2025-11-17T03:18:49","guid":{"rendered":"https:\/\/jinkosolarpv.com\/?post_type=product&#038;p=277"},"modified":"2025-11-27T13:37:02","modified_gmt":"2025-11-27T05:37:02","slug":"longi-himo5-lr5-72hph-540w-545w-550w555w-560w","status":"publish","type":"product","link":"https:\/\/jinkosolarpv.com\/pt\/product\/longi-himo5-lr5-72hph-540w-545w-550w555w-560w\/","title":{"rendered":"Longi Himo5 LR5-72HPH 540 W, 545 W, 550 W, 555 W, 560 W"},"content":{"rendered":"<p><strong>Detalhes do produto<\/strong><\/p>\n<table width=\"405\" cellspacing=\"0\" cellpadding=\"0\">\n<colgroup>\n<col width=\"180\" \/>\n<col width=\"496\" \/><\/colgroup>\n<tbody>\n<tr class=\"firstRow\">\n<td class=\"et2 selectTdClass\" colspan=\"2\" width=\"406\" height=\"22\">Par\u00e2metros mec\u00e2nicos<\/td>\n<\/tr>\n<tr>\n<td class=\"et4 selectTdClass\" width=\"108\" height=\"22\">Orienta\u00e7\u00e3o celular<\/td>\n<td class=\"et5 selectTdClass\" width=\"298\">144(6\u00d724)<\/td>\n<\/tr>\n<tr>\n<td class=\"et4 selectTdClass\" width=\"108\" height=\"22\">Caixa de deriva\u00e7\u00e3o<\/td>\n<td class=\"et5 selectTdClass\" width=\"298\">IP68, tr\u00eas d\u00edodos<\/td>\n<\/tr>\n<tr>\n<td class=\"et4 selectTdClass\" width=\"108\" height=\"39\">Cabo de sa\u00edda<\/td>\n<td class=\"et5 selectTdClass\" width=\"298\">4mm\u00b2,+400,-200mm\/\u00b11400mm<br \/>\no comprimento pode ser personalizado<\/td>\n<\/tr>\n<tr>\n<td class=\"et4 selectTdClass\" width=\"108\" height=\"22\">Vidro<\/td>\n<td class=\"et5 selectTdClass\" width=\"298\">Vidro simples, vidro temperado revestido de 3,2 mm<\/td>\n<\/tr>\n<tr>\n<td class=\"et4 selectTdClass\" width=\"108\" height=\"22\">Moldura<\/td>\n<td class=\"et5 selectTdClass\" width=\"298\">Estrutura em liga de alum\u00ednio anodizado<\/td>\n<\/tr>\n<tr>\n<td class=\"et4 selectTdClass\" width=\"108\" height=\"22\">Peso<\/td>\n<td class=\"et5 selectTdClass\" width=\"298\">27,5 kg<\/td>\n<\/tr>\n<tr>\n<td class=\"et4 selectTdClass\" width=\"108\" height=\"22\">Dimens\u00e3o<\/td>\n<td class=\"et5 selectTdClass\" width=\"298\">2278 \u00d7 1134 \u00d7 35 mm<\/td>\n<\/tr>\n<tr>\n<td class=\"et4 selectTdClass\" width=\"108\" height=\"22\">Embalagem<\/td>\n<td class=\"et5 selectTdClass\" width=\"298\">31 unidades por palete\/155 unidades por 20\u2019GP\/620 unidades por 40\u2019HC<\/td>\n<\/tr>\n<\/tbody>\n<\/table>\n<p><strong>Descri\u00e7\u00e3o do produto<\/strong><strong>n<\/strong><\/p>\n<p><strong>Longi 540W 545W 550W 555W 560W Pain\u00e9is solares residenciais M\u00f3dulo fotovoltaico Painel solar para sistema de explora\u00e7\u00e3o agr\u00edcola solar\u00a0<\/strong><\/p>\n<div>\n<div>\n<p>Os pain\u00e9is solares residenciais Longi 540W, 545W, 550W, 555W e 560W s\u00e3o m\u00f3dulos fotovoltaicos de alta qualidade concebidos para fornecer energia solar eficiente e fi\u00e1vel para aplica\u00e7\u00f5es residenciais. Estes pain\u00e9is s\u00e3o fabricados pela Longi, um fabricante de pain\u00e9is solares de renome e confian\u00e7a, conhecido pela sua tecnologia de ponta e produtos de elevado desempenho.<\/p>\n<p>&nbsp;<\/p>\n<p>Com pot\u00eancias que variam entre 540W e 560W, estes pain\u00e9is solares fornecem uma quantidade substancial de produ\u00e7\u00e3o de eletricidade. A elevada pot\u00eancia de sa\u00edda garante que podem satisfazer as necessidades energ\u00e9ticas das propriedades residenciais, permitindo aos propriet\u00e1rios reduzir a sua depend\u00eancia da eletricidade da rede e potencialmente alcan\u00e7ar a independ\u00eancia energ\u00e9tica.<\/p>\n<p><img decoding=\"async\" src=\"http:\/\/jinkosolarpv.com\/wp-content\/uploads\/2025\/11\/5b9fa352d7b05f5085273c62b96f880f.png\" alt=\"\" title=\"\"><\/p>\n<\/div>\n<\/div>","protected":false},"excerpt":{"rendered":"<p>N\u00famero do m\u00f3dulo: Longi LR5-72HPH 540~560M<br \/>\nPeso: 27,5 kg<br \/>\nEmbalagem:31pcs\/palete; 620pcs\/40hq<br \/>\nSpecification:2278x1134x35mm<br \/>\nMarca registada:Longi solar<br \/>\nOrigem:China<\/p>","protected":false},"featured_media":279,"comment_status":"open","ping_status":"closed","template":"","meta":{"site-sidebar-layout":"default","site-content-layout":"","ast-site-content-layout":"default","site-content-style":"default","site-sidebar-style":"default","ast-global-header-display":"","ast-banner-title-visibility":"","ast-main-header-display":"","ast-hfb-above-header-display":"","ast-hfb-below-header-display":"","ast-hfb-mobile-header-display":"","site-post-title":"","ast-breadcrumbs-content":"","ast-featured-img":"","footer-sml-layout":"","theme-transparent-header-meta":"default","adv-header-id-meta":"","stick-header-meta":"","header-above-stick-meta":"","header-main-stick-meta":"","header-below-stick-meta":"","astra-migrate-meta-layouts":"set","ast-page-background-enabled":"default","ast-page-background-meta":{"desktop":{"background-color":"var(--ast-global-color-5)","background-image":"","background-repeat":"repeat","background-position":"center center","background-size":"auto","background-attachment":"scroll","background-type":"","background-media":"","overlay-type":"","overlay-color":"","overlay-opacity":"","overlay-gradient":""},"tablet":{"background-color":"","background-image":"","background-repeat":"repeat","background-position":"center center","background-size":"auto","background-attachment":"scroll","background-type":"","background-media":"","overlay-type":"","overlay-color":"","overlay-opacity":"","overlay-gradient":""},"mobile":{"background-color":"","background-image":"","background-repeat":"repeat","background-position":"center center","background-size":"auto","background-attachment":"scroll","background-type":"","background-media":"","overlay-type":"","overlay-color":"","overlay-opacity":"","overlay-gradient":""}},"ast-content-background-meta":{"desktop":{"background-color":"var(--ast-global-color-4)","background-image":"","background-repeat":"repeat","background-position":"center center","background-size":"auto","background-attachment":"scroll","background-type":"","background-media":"","overlay-type":"","overlay-color":"","overlay-opacity":"","overlay-gradient":""},"tablet":{"background-color":"var(--ast-global-color-4)","background-image":"","background-repeat":"repeat","background-position":"center center","background-size":"auto","background-attachment":"scroll","background-type":"","background-media":"","overlay-type":"","overlay-color":"","overlay-opacity":"","overlay-gradient":""},"mobile":{"background-color":"var(--ast-global-color-4)","background-image":"","background-repeat":"repeat","background-position":"center center","background-size":"auto","background-attachment":"scroll","background-type":"","background-media":"","overlay-type":"","overlay-color":"","overlay-opacity":"","overlay-gradient":""}}},"product_brand":[],"product_cat":[21],"product_tag":[],"class_list":{"0":"post-277","1":"product","2":"type-product","3":"status-publish","4":"has-post-thumbnail","6":"product_cat-longi-solar-panel","7":"desktop-align-left","8":"tablet-align-left","9":"mobile-align-left","11":"first","12":"instock","13":"shipping-taxable","14":"product-type-simple"},"_links":{"self":[{"href":"https:\/\/jinkosolarpv.com\/pt\/wp-json\/wp\/v2\/product\/277","targetHints":{"allow":["GET"]}}],"collection":[{"href":"https:\/\/jinkosolarpv.com\/pt\/wp-json\/wp\/v2\/product"}],"about":[{"href":"https:\/\/jinkosolarpv.com\/pt\/wp-json\/wp\/v2\/types\/product"}],"replies":[{"embeddable":true,"href":"https:\/\/jinkosolarpv.com\/pt\/wp-json\/wp\/v2\/comments?post=277"}],"wp:featuredmedia":[{"embeddable":true,"href":"https:\/\/jinkosolarpv.com\/pt\/wp-json\/wp\/v2\/media\/279"}],"wp:attachment":[{"href":"https:\/\/jinkosolarpv.com\/pt\/wp-json\/wp\/v2\/media?parent=277"}],"wp:term":[{"taxonomy":"product_brand","embeddable":true,"href":"https:\/\/jinkosolarpv.com\/pt\/wp-json\/wp\/v2\/product_brand?post=277"},{"taxonomy":"product_cat","embeddable":true,"href":"https:\/\/jinkosolarpv.com\/pt\/wp-json\/wp\/v2\/product_cat?post=277"},{"taxonomy":"product_tag","embeddable":true,"href":"https:\/\/jinkosolarpv.com\/pt\/wp-json\/wp\/v2\/product_tag?post=277"}],"curies":[{"name":"wp","href":"https:\/\/api.w.org\/{rel}","templated":true}]}}