{"id":257,"date":"2025-11-17T10:52:24","date_gmt":"2025-11-17T02:52:24","guid":{"rendered":"https:\/\/jinkosolarpv.com\/?post_type=product&#038;p=257"},"modified":"2025-11-27T13:45:20","modified_gmt":"2025-11-27T05:45:20","slug":"jinko-tiger-neo-n-tipo-54hl4r-v425w430w435w440w445w","status":"publish","type":"product","link":"https:\/\/jinkosolarpv.com\/pt\/product\/jinko-tiger-neo-n-tipo-54hl4r-v425w430w435w440w445w\/","title":{"rendered":"Jinko Tiger Neo N-type 54HL4R-(V)425w, 430w, 435w, 440w, 445w"},"content":{"rendered":"<p><strong>Detalhes do produto<\/strong><\/p>\n<table width=\"331\" cellspacing=\"0\" cellpadding=\"0\">\n<colgroup>\n<col width=\"146\" \/>\n<col width=\"407\" \/><\/colgroup>\n<tbody>\n<tr class=\"firstRow\">\n<td class=\"et2 selectTdClass\" colspan=\"2\" width=\"332\" height=\"24\">Carater\u00edsticas mec\u00e2nicas<\/td>\n<\/tr>\n<tr>\n<td class=\"et3 selectTdClass\" width=\"88\" height=\"18\">Tipo de c\u00e9lula<\/td>\n<td class=\"et4 selectTdClass\" width=\"244\">Tipo N Monocristalino<\/td>\n<\/tr>\n<tr>\n<td class=\"et3 selectTdClass\" width=\"88\" height=\"18\">N\u00e3o, de c\u00e9lulas<\/td>\n<td class=\"et4 selectTdClass\" width=\"244\">108 (2\u00d754)<\/td>\n<\/tr>\n<tr>\n<td class=\"et3 selectTdClass\" width=\"88\" height=\"18\">Dimens\u00f5es<\/td>\n<td class=\"et4 selectTdClass\" width=\"244\">1762 x 1134 x 30 mm (69,36 x 44,65 x 1,18 polegadas)<\/td>\n<\/tr>\n<tr>\n<td class=\"et3 selectTdClass\" width=\"88\" height=\"18\">Peso<\/td>\n<td class=\"et4 selectTdClass\" width=\"244\">22 kg (48,50 lbs)<\/td>\n<\/tr>\n<tr>\n<td class=\"et3 selectTdClass\" width=\"88\" height=\"35\">Vidro frontal<\/td>\n<td class=\"et4 selectTdClass\" width=\"244\">3,2 mm, revestimento antirreflexo. Alta transmiss\u00e3o, baixo teor de ferro, vidro temperado<\/td>\n<\/tr>\n<tr>\n<td class=\"et3 selectTdClass\" width=\"88\" height=\"18\">Moldura<\/td>\n<td class=\"et4 selectTdClass\" width=\"244\">Liga de alum\u00ednio anodizado<\/td>\n<\/tr>\n<tr>\n<td class=\"et3 selectTdClass\" width=\"88\" height=\"18\">Caixa de deriva\u00e7\u00e3o<\/td>\n<td class=\"et4 selectTdClass\" width=\"244\">Classifica\u00e7\u00e3o IP68<\/td>\n<\/tr>\n<tr>\n<td class=\"et3 selectTdClass\" width=\"88\" height=\"35\">Cabos de sa\u00edda<\/td>\n<td class=\"et4 selectTdClass\" width=\"244\">TUV 1\u00d74,0 mm (+): 400 mm, (-): 200 mm ou comprimento personalizado<\/td>\n<\/tr>\n<\/tbody>\n<\/table>\n<p><strong>Descri\u00e7\u00e3o do produto<\/strong><\/p>\n<p>&nbsp;<\/p>\n<p><strong>Painel solar AKS Jinko Tiger Neo N-type 54HL4R-V 425W 430W 435W 440W  445W Painel solar Jinko Solar Plaque Solaire<\/strong><\/p>\n<p>Pot\u00eancia de sa\u00edda: A s\u00e9rie de pain\u00e9is solares Jinko Tiger Neo N-type oferece pot\u00eancias elevadas que variam entre 420 W e 440 W. Estes pain\u00e9is oferecem um excelente potencial de gera\u00e7\u00e3o de energia, permitindo a m\u00e1xima produ\u00e7\u00e3o de eletricidade em aplica\u00e7\u00f5es residenciais, comerciais e de grande escala.<\/p>\n<p>Tecnologia monocristalina tipo N: Os pain\u00e9is Tiger Neo apresentam c\u00e9lulas de sil\u00edcio monocristalino tipo N. A tecnologia tipo N melhora a efici\u00eancia e o desempenho dos pain\u00e9is, resultando em maior rendimento energ\u00e9tico e produ\u00e7\u00e3o geral do sistema. O design exclusivo e a arquitetura avan\u00e7ada das c\u00e9lulas da s\u00e9rie Tiger Neo contribuem para um melhor desempenho, mesmo em condi\u00e7\u00f5es de pouca luz.<\/p>\n<p>Tecnologia SMBB<\/p>\n<p>Melhor captura de luz e recolha de corrente para melhorar a pot\u00eancia e a fiabilidade do m\u00f3dulo<\/p>\n<p>Tecnologia Hot 2.0<\/p>\n<p>O m\u00f3dulo do tipo N com tecnologia Hot 2.0 tem melhor fiabilidade e menor LID\/LETID.<\/p>\n<p>Resist\u00eancia PID<\/p>\n<p>Excelente garantia de desempenho anti-PID atrav\u00e9s de um processo de produ\u00e7\u00e3o em massa otimizado e controlo de materiais.<\/p>\n<p>Carga mec\u00e2nica melhorada<\/p>\n<p>Certificado para suportar: carga de vento (2400 Pascal) e carga de neve (5400 Pascal).<\/p>\n<p>Durabilidade contra condi\u00e7\u00f5es ambientais extremas<\/p>\n<p>Elevada resist\u00eancia \u00e0 n\u00e9voa salina e \u00e0 amon\u00edaca.<\/p>\n<p><strong><img decoding=\"async\" src=\"http:\/\/jinkosolarpv.com\/wp-content\/uploads\/2025\/11\/75f0c8411dda1d0061829583bd731eac.png\" alt=\"\" title=\"\"><\/strong><\/p>","protected":false},"excerpt":{"rendered":"<p>N\u00famero do m\u00f3dulo: Tiger Neo N-type 54HL4R-(V)425-445 Watt<br \/>\nPeso: 22 kg<br \/>\nEmbalagem: 36 unidades\/palete; 936 unidades\/40hq<br \/>\nEspecifica\u00e7\u00e3o: 1762*1134*30 mm<br \/>\nMarca registada:Jinko solar<br \/>\nOrigem:China<\/p>","protected":false},"featured_media":262,"comment_status":"open","ping_status":"closed","template":"","meta":{"site-sidebar-layout":"default","site-content-layout":"","ast-site-content-layout":"default","site-content-style":"default","site-sidebar-style":"default","ast-global-header-display":"","ast-banner-title-visibility":"","ast-main-header-display":"","ast-hfb-above-header-display":"","ast-hfb-below-header-display":"","ast-hfb-mobile-header-display":"","site-post-title":"","ast-breadcrumbs-content":"","ast-featured-img":"","footer-sml-layout":"","theme-transparent-header-meta":"default","adv-header-id-meta":"","stick-header-meta":"","header-above-stick-meta":"","header-main-stick-meta":"","header-below-stick-meta":"","astra-migrate-meta-layouts":"set","ast-page-background-enabled":"default","ast-page-background-meta":{"desktop":{"background-color":"var(--ast-global-color-5)","background-image":"","background-repeat":"repeat","background-position":"center center","background-size":"auto","background-attachment":"scroll","background-type":"","background-media":"","overlay-type":"","overlay-color":"","overlay-opacity":"","overlay-gradient":""},"tablet":{"background-color":"","background-image":"","background-repeat":"repeat","background-position":"center center","background-size":"auto","background-attachment":"scroll","background-type":"","background-media":"","overlay-type":"","overlay-color":"","overlay-opacity":"","overlay-gradient":""},"mobile":{"background-color":"","background-image":"","background-repeat":"repeat","background-position":"center center","background-size":"auto","background-attachment":"scroll","background-type":"","background-media":"","overlay-type":"","overlay-color":"","overlay-opacity":"","overlay-gradient":""}},"ast-content-background-meta":{"desktop":{"background-color":"var(--ast-global-color-4)","background-image":"","background-repeat":"repeat","background-position":"center center","background-size":"auto","background-attachment":"scroll","background-type":"","background-media":"","overlay-type":"","overlay-color":"","overlay-opacity":"","overlay-gradient":""},"tablet":{"background-color":"var(--ast-global-color-4)","background-image":"","background-repeat":"repeat","background-position":"center center","background-size":"auto","background-attachment":"scroll","background-type":"","background-media":"","overlay-type":"","overlay-color":"","overlay-opacity":"","overlay-gradient":""},"mobile":{"background-color":"var(--ast-global-color-4)","background-image":"","background-repeat":"repeat","background-position":"center center","background-size":"auto","background-attachment":"scroll","background-type":"","background-media":"","overlay-type":"","overlay-color":"","overlay-opacity":"","overlay-gradient":""}}},"product_brand":[],"product_cat":[19],"product_tag":[],"class_list":{"0":"post-257","1":"product","2":"type-product","3":"status-publish","4":"has-post-thumbnail","6":"product_cat-jinko-solar-panel","7":"desktop-align-left","8":"tablet-align-left","9":"mobile-align-left","11":"first","12":"instock","13":"shipping-taxable","14":"product-type-simple"},"_links":{"self":[{"href":"https:\/\/jinkosolarpv.com\/pt\/wp-json\/wp\/v2\/product\/257","targetHints":{"allow":["GET"]}}],"collection":[{"href":"https:\/\/jinkosolarpv.com\/pt\/wp-json\/wp\/v2\/product"}],"about":[{"href":"https:\/\/jinkosolarpv.com\/pt\/wp-json\/wp\/v2\/types\/product"}],"replies":[{"embeddable":true,"href":"https:\/\/jinkosolarpv.com\/pt\/wp-json\/wp\/v2\/comments?post=257"}],"wp:featuredmedia":[{"embeddable":true,"href":"https:\/\/jinkosolarpv.com\/pt\/wp-json\/wp\/v2\/media\/262"}],"wp:attachment":[{"href":"https:\/\/jinkosolarpv.com\/pt\/wp-json\/wp\/v2\/media?parent=257"}],"wp:term":[{"taxonomy":"product_brand","embeddable":true,"href":"https:\/\/jinkosolarpv.com\/pt\/wp-json\/wp\/v2\/product_brand?post=257"},{"taxonomy":"product_cat","embeddable":true,"href":"https:\/\/jinkosolarpv.com\/pt\/wp-json\/wp\/v2\/product_cat?post=257"},{"taxonomy":"product_tag","embeddable":true,"href":"https:\/\/jinkosolarpv.com\/pt\/wp-json\/wp\/v2\/product_tag?post=257"}],"curies":[{"name":"wp","href":"https:\/\/api.w.org\/{rel}","templated":true}]}}