{"id":236,"date":"2025-11-17T10:30:05","date_gmt":"2025-11-17T02:30:05","guid":{"rendered":"https:\/\/jinkosolarpv.com\/?post_type=product&#038;p=236"},"modified":"2025-11-27T13:46:59","modified_gmt":"2025-11-27T05:46:59","slug":"jinko-tiger-neo-n-tipo-78hl4-bdv-605w-610w615w620w625w","status":"publish","type":"product","link":"https:\/\/jinkosolarpv.com\/pt\/product\/jinko-tiger-neo-n-tipo-78hl4-bdv-605w-610w615w620w625w\/","title":{"rendered":"Jinko Tiger Neo N-type78HL4-BDV 605w, 610w,615w,620w,625w"},"content":{"rendered":"<p><strong>Detalhes do produto<\/strong><\/p>\n<p>&nbsp;<\/p>\n<p>&nbsp;<\/p>\n<table width=\"345\" cellspacing=\"0\" cellpadding=\"0\">\n<colgroup>\n<col width=\"166\" \/>\n<col width=\"410\" \/><\/colgroup>\n<tbody>\n<tr class=\"firstRow\">\n<td class=\"et2\" colspan=\"2\" width=\"346\" height=\"28\">Carater\u00edsticas mec\u00e2nicas<\/td>\n<\/tr>\n<tr>\n<td class=\"et4\" width=\"100\" height=\"22\">Tipo de c\u00e9lula<\/td>\n<td class=\"et4\" width=\"246\">Tipo N Monocristalino<\/td>\n<\/tr>\n<tr>\n<td class=\"et5\" width=\"100\" height=\"39\">N.\u00ba de c\u00e9lulas<\/td>\n<td class=\"et6\" width=\"246\">156 (2 \u00d7 78)<\/td>\n<\/tr>\n<tr>\n<td class=\"et5\" width=\"100\" height=\"22\">Dimens\u00f5es<\/td>\n<td class=\"et6\" width=\"246\">2465 x 1134 x 30 mm (97,05 \u00d7 44,65 \u00d7 1,18 polegadas)<\/td>\n<\/tr>\n<tr>\n<td class=\"et5\" width=\"100\" height=\"22\">Peso<\/td>\n<td class=\"et6\" width=\"246\">34,6 kg (76,38 libras)<\/td>\n<\/tr>\n<tr>\n<td class=\"et5\" width=\"100\" height=\"22\">Vidro frontal<\/td>\n<td class=\"et6\" width=\"246\">2,0 mm, revestimento antirreflexo<\/td>\n<\/tr>\n<tr>\n<td class=\"et5\" colspan=\"1\" rowspan=\"1\">Vidro traseiro<\/td>\n<td class=\"et5\" colspan=\"1\" rowspan=\"1\">2,0 mm, vidro temperado<\/td>\n<\/tr>\n<tr>\n<td class=\"et5\" width=\"100\" height=\"22\">Moldura<\/td>\n<td class=\"et6\" width=\"246\">Liga de alum\u00ednio anodizado<\/td>\n<\/tr>\n<tr>\n<td class=\"et5\" width=\"100\" height=\"22\">Caixa de deriva\u00e7\u00e3o<\/td>\n<td class=\"et7\" width=\"246\">Classifica\u00e7\u00e3o IP68<\/td>\n<\/tr>\n<tr>\n<td class=\"et5\" width=\"100\" height=\"39\">Cabos de sa\u00edda<\/td>\n<td class=\"et6\" width=\"246\">TUV 1\u00d74,0mm<br \/>\n(+): 400 mm, (-): 200 mm ou comprimento personalizado<\/td>\n<\/tr>\n<\/tbody>\n<\/table>\n<p><strong>Pain\u00e9is solares Jinko 590W 605W 610W 615W 620W 625W Painel solar monocristalino Painel solar preto<\/strong><\/p>\n<p>A durabilidade a longo prazo dos pain\u00e9is solares PERC \u00e9 outra vantagem que os diferencia dos pain\u00e9is solares convencionais. A camada de passiva\u00e7\u00e3o adicionada \u00e0 parte traseira da c\u00e9lula n\u00e3o s\u00f3 aumenta a efici\u00eancia, como tamb\u00e9m oferece prote\u00e7\u00e3o adicional contra fatores ambientais, tais como humidade, poeira e radia\u00e7\u00e3o UV. Esta prote\u00e7\u00e3o adicional contribui para a longevidade geral do painel, garantindo que este continue a gerar eletricidade de forma eficiente durante um per\u00edodo prolongado. Com uma vida \u00fatil t\u00edpica de 25 a 30 anos, os pain\u00e9is solares PERC proporcionam uma fonte de energia renov\u00e1vel fi\u00e1vel e duradoura para propriet\u00e1rios de casas e empresas.<\/p>\n<p><img decoding=\"async\" src=\"http:\/\/jinkosolarpv.com\/wp-content\/uploads\/2025\/11\/a552075c332f36fb774f7995a83b9353.png\" alt=\"\" title=\"\"><\/p>","protected":false},"excerpt":{"rendered":"<p>N\u00famero do m\u00f3dulo: Jinko Tiger Neo N-type 78HL4-BDV605-625 Watt<br \/>\nPeso: 34,6 kg<br \/>\nEmbalagem: 36 unidades\/palete; 576 unidades\/40hq<br \/>\nEspecifica\u00e7\u00e3o: 2465*1134*30 mm<br \/>\nMarca registada:Jinko solar<br \/>\nOrigem:China<\/p>","protected":false},"featured_media":239,"comment_status":"open","ping_status":"closed","template":"","meta":{"site-sidebar-layout":"default","site-content-layout":"","ast-site-content-layout":"default","site-content-style":"default","site-sidebar-style":"default","ast-global-header-display":"","ast-banner-title-visibility":"","ast-main-header-display":"","ast-hfb-above-header-display":"","ast-hfb-below-header-display":"","ast-hfb-mobile-header-display":"","site-post-title":"","ast-breadcrumbs-content":"","ast-featured-img":"","footer-sml-layout":"","theme-transparent-header-meta":"default","adv-header-id-meta":"","stick-header-meta":"","header-above-stick-meta":"","header-main-stick-meta":"","header-below-stick-meta":"","astra-migrate-meta-layouts":"set","ast-page-background-enabled":"default","ast-page-background-meta":{"desktop":{"background-color":"var(--ast-global-color-5)","background-image":"","background-repeat":"repeat","background-position":"center center","background-size":"auto","background-attachment":"scroll","background-type":"","background-media":"","overlay-type":"","overlay-color":"","overlay-opacity":"","overlay-gradient":""},"tablet":{"background-color":"","background-image":"","background-repeat":"repeat","background-position":"center center","background-size":"auto","background-attachment":"scroll","background-type":"","background-media":"","overlay-type":"","overlay-color":"","overlay-opacity":"","overlay-gradient":""},"mobile":{"background-color":"","background-image":"","background-repeat":"repeat","background-position":"center center","background-size":"auto","background-attachment":"scroll","background-type":"","background-media":"","overlay-type":"","overlay-color":"","overlay-opacity":"","overlay-gradient":""}},"ast-content-background-meta":{"desktop":{"background-color":"var(--ast-global-color-4)","background-image":"","background-repeat":"repeat","background-position":"center center","background-size":"auto","background-attachment":"scroll","background-type":"","background-media":"","overlay-type":"","overlay-color":"","overlay-opacity":"","overlay-gradient":""},"tablet":{"background-color":"var(--ast-global-color-4)","background-image":"","background-repeat":"repeat","background-position":"center center","background-size":"auto","background-attachment":"scroll","background-type":"","background-media":"","overlay-type":"","overlay-color":"","overlay-opacity":"","overlay-gradient":""},"mobile":{"background-color":"var(--ast-global-color-4)","background-image":"","background-repeat":"repeat","background-position":"center center","background-size":"auto","background-attachment":"scroll","background-type":"","background-media":"","overlay-type":"","overlay-color":"","overlay-opacity":"","overlay-gradient":""}}},"product_brand":[],"product_cat":[19],"product_tag":[],"class_list":{"0":"post-236","1":"product","2":"type-product","3":"status-publish","4":"has-post-thumbnail","6":"product_cat-jinko-solar-panel","7":"desktop-align-left","8":"tablet-align-left","9":"mobile-align-left","11":"first","12":"instock","13":"shipping-taxable","14":"product-type-simple"},"_links":{"self":[{"href":"https:\/\/jinkosolarpv.com\/pt\/wp-json\/wp\/v2\/product\/236","targetHints":{"allow":["GET"]}}],"collection":[{"href":"https:\/\/jinkosolarpv.com\/pt\/wp-json\/wp\/v2\/product"}],"about":[{"href":"https:\/\/jinkosolarpv.com\/pt\/wp-json\/wp\/v2\/types\/product"}],"replies":[{"embeddable":true,"href":"https:\/\/jinkosolarpv.com\/pt\/wp-json\/wp\/v2\/comments?post=236"}],"wp:featuredmedia":[{"embeddable":true,"href":"https:\/\/jinkosolarpv.com\/pt\/wp-json\/wp\/v2\/media\/239"}],"wp:attachment":[{"href":"https:\/\/jinkosolarpv.com\/pt\/wp-json\/wp\/v2\/media?parent=236"}],"wp:term":[{"taxonomy":"product_brand","embeddable":true,"href":"https:\/\/jinkosolarpv.com\/pt\/wp-json\/wp\/v2\/product_brand?post=236"},{"taxonomy":"product_cat","embeddable":true,"href":"https:\/\/jinkosolarpv.com\/pt\/wp-json\/wp\/v2\/product_cat?post=236"},{"taxonomy":"product_tag","embeddable":true,"href":"https:\/\/jinkosolarpv.com\/pt\/wp-json\/wp\/v2\/product_tag?post=236"}],"curies":[{"name":"wp","href":"https:\/\/api.w.org\/{rel}","templated":true}]}}