{"id":226,"date":"2025-11-17T10:20:48","date_gmt":"2025-11-17T02:20:48","guid":{"rendered":"https:\/\/jinkosolarpv.com\/?post_type=product&#038;p=226"},"modified":"2025-11-27T13:49:07","modified_gmt":"2025-11-27T05:49:07","slug":"jinko-tiger-pro-72hc-540w545w550w555w560w","status":"publish","type":"product","link":"https:\/\/jinkosolarpv.com\/pt\/product\/jinko-tiger-pro-72hc-540w545w550w555w560w\/","title":{"rendered":"Jinko Tiger Pro 72HC 540 W, 545 W, 550 W, 555 W, 560 W"},"content":{"rendered":"<p><strong>Detalhes do produto<\/strong><\/p>\n<p>&nbsp;<\/p>\n<p>&nbsp;<\/p>\n<table width=\"345\" cellspacing=\"0\" cellpadding=\"0\">\n<colgroup>\n<col width=\"166\" \/>\n<col width=\"410\" \/><\/colgroup>\n<tbody>\n<tr class=\"firstRow\">\n<td class=\"et2\" colspan=\"2\" width=\"346\" height=\"28\">Carater\u00edsticas mec\u00e2nicas<\/td>\n<\/tr>\n<tr>\n<td class=\"et4\" width=\"100\" height=\"22\">Tipo de c\u00e9lula<\/td>\n<td class=\"et4\" width=\"246\">Tipo P Monocristalino<\/td>\n<\/tr>\n<tr>\n<td class=\"et5\" width=\"100\" height=\"39\">N.\u00ba de c\u00e9lulas<\/td>\n<td class=\"et6\" width=\"246\">144(6\u00d724)<\/td>\n<\/tr>\n<tr>\n<td class=\"et5\" width=\"100\" height=\"22\">Dimens\u00f5es<\/td>\n<td class=\"et6\" width=\"246\">2278 x 1134 x 35 mm (89,53 x 44,65 x 1,38 polegadas)<\/td>\n<\/tr>\n<tr>\n<td class=\"et5\" width=\"100\" height=\"22\">Peso<\/td>\n<td class=\"et6\" width=\"246\">28 kg (61,73 libras)<\/td>\n<\/tr>\n<tr>\n<td class=\"et5\" width=\"100\" height=\"22\">Vidro frontal<\/td>\n<td class=\"et6\" width=\"246\">3,2 mm, revestimento antirreflexo, vidro frontal de alta transmiss\u00e3o, baixo teor de ferro, vidro temperado<\/td>\n<\/tr>\n<tr>\n<td class=\"et5\" width=\"100\" height=\"22\">Moldura<\/td>\n<td class=\"et6\" width=\"246\">Liga de alum\u00ednio anodizado<\/td>\n<\/tr>\n<tr>\n<td class=\"et5\" width=\"100\" height=\"22\">Caixa de deriva\u00e7\u00e3o<\/td>\n<td class=\"et7\" width=\"246\">Classifica\u00e7\u00e3o IP68<\/td>\n<\/tr>\n<tr>\n<td class=\"et5\" width=\"100\" height=\"39\">Cabos de sa\u00edda<\/td>\n<td class=\"et6\" width=\"246\">TUV 1\u00d74,0mm<br \/>\n(+): 400 mm, (-): 200 mm ou comprimento personalizado<\/td>\n<\/tr>\n<\/tbody>\n<\/table>\n<p><strong>Descri\u00e7\u00e3o do produto<\/strong><\/p>\n<p>&nbsp;<\/p>\n<p><strong>Pain\u00e9is solares mono Jinko 540W 545W 550W 555W 560W totalmente pretos no armaz\u00e9m na China\u00a0<\/strong><\/p>\n<p>Outra vantagem dos pain\u00e9is solares de meia c\u00e9lula \u00e9 o seu desempenho melhorado em condi\u00e7\u00f5es de sombra total ou parcial. Nos pain\u00e9is solares tradicionais de c\u00e9lula inteira, a sombra em uma parte do painel pode afetar significativamente o desempenho geral de todo o painel, pois a corrente el\u00e9trica \u00e9 for\u00e7ada a fluir atrav\u00e9s das c\u00e9lulas sombreadas a uma taxa reduzida. Em contrapartida, os pain\u00e9is solares de meia c\u00e9lula s\u00e3o menos suscet\u00edveis a problemas de sombreamento devido ao seu layout de c\u00e9lula e configura\u00e7\u00e3o el\u00e9trica exclusivos. Quando parte de um painel de meia c\u00e9lula est\u00e1 sombreada, apenas as meias c\u00e9lulas afetadas apresentam desempenho reduzido, enquanto as meias c\u00e9lulas restantes continuam a gerar eletricidade em sua capacidade total. Esse recurso torna os pain\u00e9is solares de meia c\u00e9lula uma op\u00e7\u00e3o adequada para instala\u00e7\u00f5es onde o sombreamento pode ser uma preocupa\u00e7\u00e3o, como telhados com chamin\u00e9s ou \u00e1rvores pr\u00f3ximas.<\/p>\n<p><img decoding=\"async\" src=\"http:\/\/jinkosolarpv.com\/wp-content\/uploads\/2025\/11\/599948307fef91c000197e2ded866fe0.png\" alt=\"\" title=\"\"><\/p>","protected":false},"excerpt":{"rendered":"<p>N\u00famero do m\u00f3dulo: Tiger Pro 72HC 540-560 Watt<br \/>\nPeso: 28 kg<br \/>\nEmbalagem: 31 unidades\/palete; 620 unidades\/40hq<br \/>\nEspecifica\u00e7\u00e3o: 2278*1134*35 mm<br \/>\nMarca registada:Jinko solar<br \/>\nOrigem:China<\/p>","protected":false},"featured_media":228,"comment_status":"open","ping_status":"closed","template":"","meta":{"site-sidebar-layout":"default","site-content-layout":"","ast-site-content-layout":"default","site-content-style":"default","site-sidebar-style":"default","ast-global-header-display":"","ast-banner-title-visibility":"","ast-main-header-display":"","ast-hfb-above-header-display":"","ast-hfb-below-header-display":"","ast-hfb-mobile-header-display":"","site-post-title":"","ast-breadcrumbs-content":"","ast-featured-img":"","footer-sml-layout":"","theme-transparent-header-meta":"default","adv-header-id-meta":"","stick-header-meta":"","header-above-stick-meta":"","header-main-stick-meta":"","header-below-stick-meta":"","astra-migrate-meta-layouts":"set","ast-page-background-enabled":"default","ast-page-background-meta":{"desktop":{"background-color":"var(--ast-global-color-5)","background-image":"","background-repeat":"repeat","background-position":"center center","background-size":"auto","background-attachment":"scroll","background-type":"","background-media":"","overlay-type":"","overlay-color":"","overlay-opacity":"","overlay-gradient":""},"tablet":{"background-color":"","background-image":"","background-repeat":"repeat","background-position":"center center","background-size":"auto","background-attachment":"scroll","background-type":"","background-media":"","overlay-type":"","overlay-color":"","overlay-opacity":"","overlay-gradient":""},"mobile":{"background-color":"","background-image":"","background-repeat":"repeat","background-position":"center center","background-size":"auto","background-attachment":"scroll","background-type":"","background-media":"","overlay-type":"","overlay-color":"","overlay-opacity":"","overlay-gradient":""}},"ast-content-background-meta":{"desktop":{"background-color":"var(--ast-global-color-4)","background-image":"","background-repeat":"repeat","background-position":"center center","background-size":"auto","background-attachment":"scroll","background-type":"","background-media":"","overlay-type":"","overlay-color":"","overlay-opacity":"","overlay-gradient":""},"tablet":{"background-color":"var(--ast-global-color-4)","background-image":"","background-repeat":"repeat","background-position":"center center","background-size":"auto","background-attachment":"scroll","background-type":"","background-media":"","overlay-type":"","overlay-color":"","overlay-opacity":"","overlay-gradient":""},"mobile":{"background-color":"var(--ast-global-color-4)","background-image":"","background-repeat":"repeat","background-position":"center center","background-size":"auto","background-attachment":"scroll","background-type":"","background-media":"","overlay-type":"","overlay-color":"","overlay-opacity":"","overlay-gradient":""}}},"product_brand":[],"product_cat":[19],"product_tag":[],"class_list":{"0":"post-226","1":"product","2":"type-product","3":"status-publish","4":"has-post-thumbnail","6":"product_cat-jinko-solar-panel","7":"desktop-align-left","8":"tablet-align-left","9":"mobile-align-left","11":"first","12":"instock","13":"shipping-taxable","14":"product-type-simple"},"_links":{"self":[{"href":"https:\/\/jinkosolarpv.com\/pt\/wp-json\/wp\/v2\/product\/226","targetHints":{"allow":["GET"]}}],"collection":[{"href":"https:\/\/jinkosolarpv.com\/pt\/wp-json\/wp\/v2\/product"}],"about":[{"href":"https:\/\/jinkosolarpv.com\/pt\/wp-json\/wp\/v2\/types\/product"}],"replies":[{"embeddable":true,"href":"https:\/\/jinkosolarpv.com\/pt\/wp-json\/wp\/v2\/comments?post=226"}],"wp:featuredmedia":[{"embeddable":true,"href":"https:\/\/jinkosolarpv.com\/pt\/wp-json\/wp\/v2\/media\/228"}],"wp:attachment":[{"href":"https:\/\/jinkosolarpv.com\/pt\/wp-json\/wp\/v2\/media?parent=226"}],"wp:term":[{"taxonomy":"product_brand","embeddable":true,"href":"https:\/\/jinkosolarpv.com\/pt\/wp-json\/wp\/v2\/product_brand?post=226"},{"taxonomy":"product_cat","embeddable":true,"href":"https:\/\/jinkosolarpv.com\/pt\/wp-json\/wp\/v2\/product_cat?post=226"},{"taxonomy":"product_tag","embeddable":true,"href":"https:\/\/jinkosolarpv.com\/pt\/wp-json\/wp\/v2\/product_tag?post=226"}],"curies":[{"name":"wp","href":"https:\/\/api.w.org\/{rel}","templated":true}]}}