{"id":218,"date":"2025-11-17T10:16:09","date_gmt":"2025-11-17T02:16:09","guid":{"rendered":"https:\/\/jinkosolarpv.com\/?post_type=product&#038;p=218"},"modified":"2025-11-27T13:50:05","modified_gmt":"2025-11-27T05:50:05","slug":"jinko-tiger-neo-n-tipo-60hl4-v-460w-465w-470w-475w-480w","status":"publish","type":"product","link":"https:\/\/jinkosolarpv.com\/pt\/product\/jinko-tiger-neo-n-tipo-60hl4-v-460w-465w-470w-475w-480w\/","title":{"rendered":"Jinko Tiger Neo N-type 60HL4-(V) 460w, 465w, 470w, 475w, 480w"},"content":{"rendered":"<p><strong>Detalhes do produto<\/strong><\/p>\n<p>&nbsp;<\/p>\n<p>&nbsp;<\/p>\n<table width=\"465\" cellspacing=\"0\" cellpadding=\"0\">\n<colgroup>\n<col width=\"166\" \/>\n<col width=\"415\" \/><\/colgroup>\n<tbody>\n<tr class=\"firstRow\">\n<td class=\"selectTdClass\" colspan=\"2\" width=\"465\" height=\"38\">Carater\u00edsticas mec\u00e2nicas<\/td>\n<\/tr>\n<tr>\n<td class=\"selectTdClass\" width=\"133\" height=\"30\">Tipo de c\u00e9lula<\/td>\n<td class=\"selectTdClass\" width=\"332\">Tipo N Monocristalino<\/td>\n<\/tr>\n<tr>\n<td class=\"selectTdClass\" width=\"133\" height=\"30\">N.\u00ba de c\u00e9lulas<\/td>\n<td class=\"selectTdClass\" width=\"332\">120(6\u00d720)<\/td>\n<\/tr>\n<tr>\n<td class=\"selectTdClass\" width=\"133\" height=\"30\">Dimens\u00f5es<\/td>\n<td class=\"selectTdClass\" width=\"332\">1903\u00d71134\u00d730mm (74.92\u00d744.65\u00d71.18inch)<\/td>\n<\/tr>\n<tr>\n<td class=\"selectTdClass\" width=\"133\" height=\"30\">Peso<\/td>\n<td class=\"selectTdClass\" width=\"332\">24,2 kg (53,35 Ibs)<\/td>\n<\/tr>\n<tr>\n<td class=\"selectTdClass\" width=\"133\" height=\"52\">Vidro frontal<\/td>\n<td class=\"selectTdClass\" width=\"332\">3,2 mm, revestimento antirreflexo,<br \/>\nAlta transmiss\u00e3o, baixo teor de ferro, vidro temperado<\/td>\n<\/tr>\n<tr>\n<td class=\"selectTdClass\" width=\"133\" height=\"30\">Moldura<\/td>\n<td class=\"selectTdClass\" width=\"332\">Liga de alum\u00ednio anodizado<\/td>\n<\/tr>\n<tr>\n<td class=\"selectTdClass\" width=\"133\" height=\"30\">Caixa de deriva\u00e7\u00e3o<\/td>\n<td class=\"selectTdClass\" width=\"332\">Classifica\u00e7\u00e3o IP68<\/td>\n<\/tr>\n<tr>\n<td class=\"selectTdClass\" width=\"133\" height=\"52\">Cabos de sa\u00edda<\/td>\n<td class=\"selectTdClass\" width=\"332\">TUV 1\u00d74,0mm<br \/>\n(+):400mm,H):200mm ou comprimento personalizado<\/td>\n<\/tr>\n<\/tbody>\n<\/table>\n<p><strong>Descri\u00e7\u00e3o do produto<\/strong><\/p>\n<p><strong>Jinko 460W 465W 470W 475W 480W Venda Quente Pain\u00e9is Solares China Stock Half Cut Pain\u00e9is Solares<\/strong><\/p>\n<p>Os avan\u00e7os cont\u00ednuos na tecnologia dos pain\u00e9is solares PERC levaram a melhorias cont\u00ednuas na efici\u00eancia, durabilidade e rela\u00e7\u00e3o custo-efic\u00e1cia. \u00c0 medida que mais esfor\u00e7os de investiga\u00e7\u00e3o e desenvolvimento s\u00e3o dedicados a esta tecnologia, espera-se que surjam mais inova\u00e7\u00f5es, tornando os pain\u00e9is solares PERC uma op\u00e7\u00e3o ainda mais atractiva para os entusiastas das energias renov\u00e1veis. Estes avan\u00e7os cont\u00ednuos garantem que os pain\u00e9is solares PERC permanecem na vanguarda da tecnologia de pain\u00e9is solares, proporcionando aos consumidores uma solu\u00e7\u00e3o energ\u00e9tica cada vez mais eficiente e fi\u00e1vel.<\/p>\n<p><img decoding=\"async\" src=\"http:\/\/jinkosolarpv.com\/wp-content\/uploads\/2025\/11\/6a6cd9c3018b417546217185e0b28519.png\" alt=\"\" title=\"\"><\/p>","protected":false},"excerpt":{"rendered":"<p>N\u00famero do m\u00f3dulo:Jinko Tiger Neo N-type 60HL4-(V) 460-480 Watt<br \/>\nPeso: 24,2 kg<br \/>\nEmbalagem:36pcs\/palete;864pcs\/40hq<br \/>\nSpecification:1903\u00d71134\u00d730mm<br \/>\nMarca registada:Jinko solar<br \/>\nOrigem:China<\/p>","protected":false},"featured_media":220,"comment_status":"open","ping_status":"closed","template":"","meta":{"site-sidebar-layout":"default","site-content-layout":"","ast-site-content-layout":"default","site-content-style":"default","site-sidebar-style":"default","ast-global-header-display":"","ast-banner-title-visibility":"","ast-main-header-display":"","ast-hfb-above-header-display":"","ast-hfb-below-header-display":"","ast-hfb-mobile-header-display":"","site-post-title":"","ast-breadcrumbs-content":"","ast-featured-img":"","footer-sml-layout":"","theme-transparent-header-meta":"default","adv-header-id-meta":"","stick-header-meta":"","header-above-stick-meta":"","header-main-stick-meta":"","header-below-stick-meta":"","astra-migrate-meta-layouts":"set","ast-page-background-enabled":"default","ast-page-background-meta":{"desktop":{"background-color":"var(--ast-global-color-5)","background-image":"","background-repeat":"repeat","background-position":"center center","background-size":"auto","background-attachment":"scroll","background-type":"","background-media":"","overlay-type":"","overlay-color":"","overlay-opacity":"","overlay-gradient":""},"tablet":{"background-color":"","background-image":"","background-repeat":"repeat","background-position":"center center","background-size":"auto","background-attachment":"scroll","background-type":"","background-media":"","overlay-type":"","overlay-color":"","overlay-opacity":"","overlay-gradient":""},"mobile":{"background-color":"","background-image":"","background-repeat":"repeat","background-position":"center center","background-size":"auto","background-attachment":"scroll","background-type":"","background-media":"","overlay-type":"","overlay-color":"","overlay-opacity":"","overlay-gradient":""}},"ast-content-background-meta":{"desktop":{"background-color":"var(--ast-global-color-4)","background-image":"","background-repeat":"repeat","background-position":"center center","background-size":"auto","background-attachment":"scroll","background-type":"","background-media":"","overlay-type":"","overlay-color":"","overlay-opacity":"","overlay-gradient":""},"tablet":{"background-color":"var(--ast-global-color-4)","background-image":"","background-repeat":"repeat","background-position":"center center","background-size":"auto","background-attachment":"scroll","background-type":"","background-media":"","overlay-type":"","overlay-color":"","overlay-opacity":"","overlay-gradient":""},"mobile":{"background-color":"var(--ast-global-color-4)","background-image":"","background-repeat":"repeat","background-position":"center center","background-size":"auto","background-attachment":"scroll","background-type":"","background-media":"","overlay-type":"","overlay-color":"","overlay-opacity":"","overlay-gradient":""}}},"product_brand":[],"product_cat":[19],"product_tag":[],"class_list":{"0":"post-218","1":"product","2":"type-product","3":"status-publish","4":"has-post-thumbnail","6":"product_cat-jinko-solar-panel","7":"desktop-align-left","8":"tablet-align-left","9":"mobile-align-left","11":"first","12":"instock","13":"shipping-taxable","14":"product-type-simple"},"_links":{"self":[{"href":"https:\/\/jinkosolarpv.com\/pt\/wp-json\/wp\/v2\/product\/218","targetHints":{"allow":["GET"]}}],"collection":[{"href":"https:\/\/jinkosolarpv.com\/pt\/wp-json\/wp\/v2\/product"}],"about":[{"href":"https:\/\/jinkosolarpv.com\/pt\/wp-json\/wp\/v2\/types\/product"}],"replies":[{"embeddable":true,"href":"https:\/\/jinkosolarpv.com\/pt\/wp-json\/wp\/v2\/comments?post=218"}],"wp:featuredmedia":[{"embeddable":true,"href":"https:\/\/jinkosolarpv.com\/pt\/wp-json\/wp\/v2\/media\/220"}],"wp:attachment":[{"href":"https:\/\/jinkosolarpv.com\/pt\/wp-json\/wp\/v2\/media?parent=218"}],"wp:term":[{"taxonomy":"product_brand","embeddable":true,"href":"https:\/\/jinkosolarpv.com\/pt\/wp-json\/wp\/v2\/product_brand?post=218"},{"taxonomy":"product_cat","embeddable":true,"href":"https:\/\/jinkosolarpv.com\/pt\/wp-json\/wp\/v2\/product_cat?post=218"},{"taxonomy":"product_tag","embeddable":true,"href":"https:\/\/jinkosolarpv.com\/pt\/wp-json\/wp\/v2\/product_tag?post=218"}],"curies":[{"name":"wp","href":"https:\/\/api.w.org\/{rel}","templated":true}]}}