{"id":210,"date":"2025-11-17T10:11:14","date_gmt":"2025-11-17T02:11:14","guid":{"rendered":"https:\/\/jinkosolarpv.com\/?post_type=product&#038;p=210"},"modified":"2025-11-27T13:51:08","modified_gmt":"2025-11-27T05:51:08","slug":"jinko-tiger-neo-n-tipo-78hl4-bdv605w610w615w620w625w","status":"publish","type":"product","link":"https:\/\/jinkosolarpv.com\/pt\/product\/jinko-tiger-neo-n-tipo-78hl4-bdv605w610w615w620w625w\/","title":{"rendered":"Jinko Tiger Neo N-type 78HL4-BDV605w, 610w, 615w, 620w, 625w"},"content":{"rendered":"<p><strong>Detalhes do produto<\/strong><\/p>\n<p>&nbsp;<\/p>\n<p>&nbsp;<\/p>\n<table width=\"548\" cellspacing=\"0\" cellpadding=\"0\">\n<colgroup>\n<col width=\"169\" \/>\n<col width=\"516\" \/><\/colgroup>\n<tbody>\n<tr class=\"firstRow\">\n<td colspan=\"2\" width=\"548\" height=\"36\">Caracter\u00edsticas mec\u00e2nicas<\/td>\n<\/tr>\n<tr>\n<td colspan=\"2\" width=\"548\" height=\"26\">Tipo de c\u00e9lula                  Tipo N monocristalina<\/td>\n<\/tr>\n<tr>\n<td colspan=\"2\" width=\"548\" height=\"26\">N\u00famero de c\u00e9lulas                      156 (2\u00d778)<\/td>\n<\/tr>\n<tr>\n<td colspan=\"2\" width=\"548\" height=\"27\">Dimens\u00f5es         2465 \u00d7 1134 \u00d7 30 mm<\/td>\n<\/tr>\n<tr>\n<td colspan=\"2\" width=\"548\" height=\"23\">Peso                        34,6 kg (76,38 libras)<\/td>\n<\/tr>\n<tr>\n<td colspan=\"2\" width=\"548\" height=\"25\">Vidro frontal             2,0 mm, revestimento antirreflexo<\/td>\n<\/tr>\n<tr>\n<td colspan=\"2\" width=\"548\" height=\"26\">Vidro traseiro: 2,0 mm, vidro temperado<\/td>\n<\/tr>\n<tr>\n<td colspan=\"2\" width=\"548\" height=\"25\">Estrutura em liga de alum\u00ednio anodizado<\/td>\n<\/tr>\n<tr>\n<td colspan=\"2\" width=\"548\" height=\"27\">Caixa de jun\u00e7\u00e3o                     Classifica\u00e7\u00e3o IP68<\/td>\n<\/tr>\n<tr>\n<td width=\"135\" height=\"43\">Cabos de sa\u00edda<\/td>\n<td width=\"413\">TUV  1\u00d74,0 mm\u00b2<br \/>\n(+): 400 mm, (-): 200 mm ou comprimento personalizado<\/td>\n<\/tr>\n<\/tbody>\n<\/table>\n<p><strong>Descri\u00e7\u00e3o do produto<\/strong><\/p>\n<h2><\/h2>\n<h2><\/h2>\n<h2>Painel solar AKS Jinko Tiger Neo N-type 72HL4-V 605W 610W 615W 620W 625W Jinko Solar Solarplatten Solarpanel<\/h2>\n<p>Tecnologia SMBB<\/p>\n<p>Melhor captura de luz e recolha de corrente para melhorar a pot\u00eancia e a fiabilidade do m\u00f3dulo<\/p>\n<p>Tecnologia Hot 2.0<\/p>\n<p>O m\u00f3dulo do tipo N com tecnologia Hot 2.0 tem melhor fiabilidade e menor LID\/LETID.<\/p>\n<p>Resist\u00eancia PID<\/p>\n<p>Excelente garantia de desempenho anti-PID atrav\u00e9s de um processo de produ\u00e7\u00e3o em massa otimizado e controlo de materiais.<\/p>\n<p>Carga mec\u00e2nica melhorada<\/p>\n<p>Certificado para suportar: carga de vento (2400 Pascal) e carga de neve (5400 Pascal).<\/p>\n<p>Durabilidade contra condi\u00e7\u00f5es ambientais extremas<\/p>\n<p>Elevada resist\u00eancia \u00e0 n\u00e9voa salina e \u00e0 amon\u00edaca.<\/p>\n<p><img decoding=\"async\" src=\"http:\/\/jinkosolarpv.com\/wp-content\/uploads\/2025\/11\/6a6cd9c3018b417546217185e0b28519.png\" alt=\"\" title=\"\"><\/p>","protected":false},"excerpt":{"rendered":"<p>N\u00famero do m\u00f3dulo: Tiger Neo N-type 78HL4-BDV 605-625 Watt<br \/>\nPeso: 34,6 kg<br \/>\nEmbalagem: 36 unidades\/palete; 576 unidades\/40hq<br \/>\nEspecifica\u00e7\u00f5es: 2278 x 1134 x 30 mm<br \/>\nMarca registada:Jinko solar<br \/>\nOrigem:China<\/p>","protected":false},"featured_media":213,"comment_status":"open","ping_status":"closed","template":"","meta":{"site-sidebar-layout":"default","site-content-layout":"","ast-site-content-layout":"default","site-content-style":"default","site-sidebar-style":"default","ast-global-header-display":"","ast-banner-title-visibility":"","ast-main-header-display":"","ast-hfb-above-header-display":"","ast-hfb-below-header-display":"","ast-hfb-mobile-header-display":"","site-post-title":"","ast-breadcrumbs-content":"","ast-featured-img":"","footer-sml-layout":"","theme-transparent-header-meta":"default","adv-header-id-meta":"","stick-header-meta":"","header-above-stick-meta":"","header-main-stick-meta":"","header-below-stick-meta":"","astra-migrate-meta-layouts":"set","ast-page-background-enabled":"default","ast-page-background-meta":{"desktop":{"background-color":"var(--ast-global-color-5)","background-image":"","background-repeat":"repeat","background-position":"center center","background-size":"auto","background-attachment":"scroll","background-type":"","background-media":"","overlay-type":"","overlay-color":"","overlay-opacity":"","overlay-gradient":""},"tablet":{"background-color":"","background-image":"","background-repeat":"repeat","background-position":"center center","background-size":"auto","background-attachment":"scroll","background-type":"","background-media":"","overlay-type":"","overlay-color":"","overlay-opacity":"","overlay-gradient":""},"mobile":{"background-color":"","background-image":"","background-repeat":"repeat","background-position":"center center","background-size":"auto","background-attachment":"scroll","background-type":"","background-media":"","overlay-type":"","overlay-color":"","overlay-opacity":"","overlay-gradient":""}},"ast-content-background-meta":{"desktop":{"background-color":"var(--ast-global-color-4)","background-image":"","background-repeat":"repeat","background-position":"center center","background-size":"auto","background-attachment":"scroll","background-type":"","background-media":"","overlay-type":"","overlay-color":"","overlay-opacity":"","overlay-gradient":""},"tablet":{"background-color":"var(--ast-global-color-4)","background-image":"","background-repeat":"repeat","background-position":"center center","background-size":"auto","background-attachment":"scroll","background-type":"","background-media":"","overlay-type":"","overlay-color":"","overlay-opacity":"","overlay-gradient":""},"mobile":{"background-color":"var(--ast-global-color-4)","background-image":"","background-repeat":"repeat","background-position":"center center","background-size":"auto","background-attachment":"scroll","background-type":"","background-media":"","overlay-type":"","overlay-color":"","overlay-opacity":"","overlay-gradient":""}}},"product_brand":[],"product_cat":[19],"product_tag":[],"class_list":{"0":"post-210","1":"product","2":"type-product","3":"status-publish","4":"has-post-thumbnail","6":"product_cat-jinko-solar-panel","7":"desktop-align-left","8":"tablet-align-left","9":"mobile-align-left","11":"first","12":"instock","13":"shipping-taxable","14":"product-type-simple"},"_links":{"self":[{"href":"https:\/\/jinkosolarpv.com\/pt\/wp-json\/wp\/v2\/product\/210","targetHints":{"allow":["GET"]}}],"collection":[{"href":"https:\/\/jinkosolarpv.com\/pt\/wp-json\/wp\/v2\/product"}],"about":[{"href":"https:\/\/jinkosolarpv.com\/pt\/wp-json\/wp\/v2\/types\/product"}],"replies":[{"embeddable":true,"href":"https:\/\/jinkosolarpv.com\/pt\/wp-json\/wp\/v2\/comments?post=210"}],"wp:featuredmedia":[{"embeddable":true,"href":"https:\/\/jinkosolarpv.com\/pt\/wp-json\/wp\/v2\/media\/213"}],"wp:attachment":[{"href":"https:\/\/jinkosolarpv.com\/pt\/wp-json\/wp\/v2\/media?parent=210"}],"wp:term":[{"taxonomy":"product_brand","embeddable":true,"href":"https:\/\/jinkosolarpv.com\/pt\/wp-json\/wp\/v2\/product_brand?post=210"},{"taxonomy":"product_cat","embeddable":true,"href":"https:\/\/jinkosolarpv.com\/pt\/wp-json\/wp\/v2\/product_cat?post=210"},{"taxonomy":"product_tag","embeddable":true,"href":"https:\/\/jinkosolarpv.com\/pt\/wp-json\/wp\/v2\/product_tag?post=210"}],"curies":[{"name":"wp","href":"https:\/\/api.w.org\/{rel}","templated":true}]}}