{"id":204,"date":"2025-11-17T10:07:24","date_gmt":"2025-11-17T02:07:24","guid":{"rendered":"https:\/\/jinkosolarpv.com\/?post_type=product&#038;p=204"},"modified":"2025-11-27T13:52:00","modified_gmt":"2025-11-27T05:52:00","slug":"jinko-tiger-neo-n-tipo-72hl4-bdv560w565w570w575w580w","status":"publish","type":"product","link":"https:\/\/jinkosolarpv.com\/pt\/product\/jinko-tiger-neo-n-tipo-72hl4-bdv560w565w570w575w580w\/","title":{"rendered":"Jinko Tiger Neo N-type 72HL4-BDV560w,565w,570w,575w,580w"},"content":{"rendered":"<p><strong>Detalhes do produto<\/strong><\/p>\n<table width=\"532\" cellspacing=\"0\" cellpadding=\"0\">\n<colgroup>\n<col width=\"196\" \/>\n<col width=\"362\" \/>\n<col width=\"106\" \/><\/colgroup>\n<tbody>\n<tr class=\"firstRow\">\n<td width=\"157\" height=\"35\">Mec\u00e2nico<\/td>\n<td colspan=\"2\" width=\"375\">Caracter\u00edsticas<\/td>\n<\/tr>\n<tr>\n<td width=\"157\" height=\"25\">Tipo de c\u00e9lula<\/td>\n<td colspan=\"2\" width=\"375\">Tipo N Monocristalino<\/td>\n<\/tr>\n<tr>\n<td colspan=\"3\" width=\"532\" height=\"25\">N\u00famero de c\u00e9lulas                         144 (2\u00d772)<\/td>\n<\/tr>\n<tr>\n<td colspan=\"3\" width=\"532\" height=\"27\">Dimens\u00f5es           2278 \u00d7 1134 \u00d7 30 mm (89,69 \u00d7 44,65 \u00d7 1,18 polegadas)<\/td>\n<\/tr>\n<tr>\n<td colspan=\"3\" width=\"532\" height=\"22\">Peso                          32 kg (70,55 libras)<\/td>\n<\/tr>\n<tr>\n<td colspan=\"3\" width=\"532\" height=\"24\">Vidro frontal              2,0 mm, revestimento antirreflexo<\/td>\n<\/tr>\n<tr>\n<td colspan=\"3\" width=\"532\" height=\"26\">Vidro traseiro              2,0 mm, vidro temperado<\/td>\n<\/tr>\n<tr>\n<td width=\"157\" height=\"23\">Moldura<\/td>\n<td width=\"290\">Liga de alum\u00ednio anodizado<\/td>\n<td width=\"85\"><\/td>\n<\/tr>\n<tr>\n<td width=\"157\" height=\"26\">Caixa de deriva\u00e7\u00e3o<\/td>\n<td width=\"290\">Classifica\u00e7\u00e3o IP68<\/td>\n<td width=\"85\"><\/td>\n<\/tr>\n<tr>\n<td width=\"157\" height=\"42\">Cabos de sa\u00edda<\/td>\n<td width=\"290\">\u00a0\u00a0\u00a0\u00a0\u00a0\u00a0\u00a0\u00a0\u00a0\u00a0\u00a0\u00a0 TUV  1\u00d74,0 mm\u00b3<br \/>\n(+): 400 mm, (-): 200 mm ou personalizado<\/td>\n<td width=\"85\">Comprimento<\/td>\n<\/tr>\n<\/tbody>\n<\/table>\n<p><strong>Descri\u00e7\u00e3o do produto<\/strong><\/p>\n<p><strong>Painel solar AKS Jinko Tiger Neo N-type 72HL4-BDV 560W 565W 570W 575W 580W M\u00f3dulo bifacial Dual Glass Jinko Solar Solarpanel<\/strong><\/p>\n<p>Certifica\u00e7\u00f5es e normas: Os pain\u00e9is solares da Jinko Solar normalmente cumprem as normas e certifica\u00e7\u00f5es internacionais, incluindo IEC, TUV, UL e outras. Estas certifica\u00e7\u00f5es validam a qualidade, seguran\u00e7a e desempenho dos pain\u00e9is, proporcionando garantia aos clientes.<\/p>\n<p>Versatilidade de instala\u00e7\u00e3o: Os pain\u00e9is Tiger Neo N-type foram concebidos para uma f\u00e1cil integra\u00e7\u00e3o em v\u00e1rias instala\u00e7\u00f5es solares. Quer se trate de um sistema instalado no telhado, no solo ou numa central solar, estes pain\u00e9is oferecem flexibilidade e compatibilidade com diferentes op\u00e7\u00f5es de montagem.<\/p>\n<p>Tecnologia SMBB<\/p>\n<p>Melhor captura de luz e recolha de corrente para melhorar a pot\u00eancia e a fiabilidade do m\u00f3dulo<\/p>\n<p>Tecnologia Hot 2.0<\/p>\n<p>O m\u00f3dulo do tipo N com tecnologia Hot 2.0 tem melhor fiabilidade e menor LID\/LETID.<\/p>\n<p>Resist\u00eancia PID<\/p>\n<p>Excelente garantia de desempenho anti-PID atrav\u00e9s de um processo de produ\u00e7\u00e3o em massa otimizado e controlo de materiais.<\/p>\n<p>Carga mec\u00e2nica melhorada<\/p>\n<p>Certificado para suportar: carga de vento (2400 Pascal) e carga de neve (5400 Pascal).<\/p>\n<p>Maior pot\u00eancia de sa\u00edda<\/p>\n<p>O m\u00f3dulo nower aumenta 5,25%, geralmente trazendo um LCOE significativamente mais baixo e uma IRR mais alta.<\/p>\n<p><img decoding=\"async\" src=\"http:\/\/jinkosolarpv.com\/wp-content\/uploads\/2025\/11\/aea417e3bf5827bc5eb266267b129e43.png\" alt=\"\" title=\"\"><\/p>","protected":false},"excerpt":{"rendered":"<p>N\u00famero do m\u00f3dulo: Jinko Tiger Neo N-type 72HL4-BDV560-580 Watt<br \/>\nPeso: 32 kg<br \/>\nEmbalagem: 36 unidades\/palete; 720 unidades\/40hq<br \/>\nEspecifica\u00e7\u00f5es: 2278 x 1134 x 30 mm<br \/>\nMarca registada:Jinko solar<br \/>\nOrigem:China<\/p>","protected":false},"featured_media":206,"comment_status":"open","ping_status":"closed","template":"","meta":{"site-sidebar-layout":"default","site-content-layout":"","ast-site-content-layout":"default","site-content-style":"default","site-sidebar-style":"default","ast-global-header-display":"","ast-banner-title-visibility":"","ast-main-header-display":"","ast-hfb-above-header-display":"","ast-hfb-below-header-display":"","ast-hfb-mobile-header-display":"","site-post-title":"","ast-breadcrumbs-content":"","ast-featured-img":"","footer-sml-layout":"","theme-transparent-header-meta":"default","adv-header-id-meta":"","stick-header-meta":"","header-above-stick-meta":"","header-main-stick-meta":"","header-below-stick-meta":"","astra-migrate-meta-layouts":"set","ast-page-background-enabled":"default","ast-page-background-meta":{"desktop":{"background-color":"var(--ast-global-color-5)","background-image":"","background-repeat":"repeat","background-position":"center center","background-size":"auto","background-attachment":"scroll","background-type":"","background-media":"","overlay-type":"","overlay-color":"","overlay-opacity":"","overlay-gradient":""},"tablet":{"background-color":"","background-image":"","background-repeat":"repeat","background-position":"center center","background-size":"auto","background-attachment":"scroll","background-type":"","background-media":"","overlay-type":"","overlay-color":"","overlay-opacity":"","overlay-gradient":""},"mobile":{"background-color":"","background-image":"","background-repeat":"repeat","background-position":"center center","background-size":"auto","background-attachment":"scroll","background-type":"","background-media":"","overlay-type":"","overlay-color":"","overlay-opacity":"","overlay-gradient":""}},"ast-content-background-meta":{"desktop":{"background-color":"var(--ast-global-color-4)","background-image":"","background-repeat":"repeat","background-position":"center center","background-size":"auto","background-attachment":"scroll","background-type":"","background-media":"","overlay-type":"","overlay-color":"","overlay-opacity":"","overlay-gradient":""},"tablet":{"background-color":"var(--ast-global-color-4)","background-image":"","background-repeat":"repeat","background-position":"center center","background-size":"auto","background-attachment":"scroll","background-type":"","background-media":"","overlay-type":"","overlay-color":"","overlay-opacity":"","overlay-gradient":""},"mobile":{"background-color":"var(--ast-global-color-4)","background-image":"","background-repeat":"repeat","background-position":"center center","background-size":"auto","background-attachment":"scroll","background-type":"","background-media":"","overlay-type":"","overlay-color":"","overlay-opacity":"","overlay-gradient":""}}},"product_brand":[],"product_cat":[19],"product_tag":[],"class_list":{"0":"post-204","1":"product","2":"type-product","3":"status-publish","4":"has-post-thumbnail","6":"product_cat-jinko-solar-panel","7":"desktop-align-left","8":"tablet-align-left","9":"mobile-align-left","11":"first","12":"instock","13":"shipping-taxable","14":"product-type-simple"},"_links":{"self":[{"href":"https:\/\/jinkosolarpv.com\/pt\/wp-json\/wp\/v2\/product\/204","targetHints":{"allow":["GET"]}}],"collection":[{"href":"https:\/\/jinkosolarpv.com\/pt\/wp-json\/wp\/v2\/product"}],"about":[{"href":"https:\/\/jinkosolarpv.com\/pt\/wp-json\/wp\/v2\/types\/product"}],"replies":[{"embeddable":true,"href":"https:\/\/jinkosolarpv.com\/pt\/wp-json\/wp\/v2\/comments?post=204"}],"wp:featuredmedia":[{"embeddable":true,"href":"https:\/\/jinkosolarpv.com\/pt\/wp-json\/wp\/v2\/media\/206"}],"wp:attachment":[{"href":"https:\/\/jinkosolarpv.com\/pt\/wp-json\/wp\/v2\/media?parent=204"}],"wp:term":[{"taxonomy":"product_brand","embeddable":true,"href":"https:\/\/jinkosolarpv.com\/pt\/wp-json\/wp\/v2\/product_brand?post=204"},{"taxonomy":"product_cat","embeddable":true,"href":"https:\/\/jinkosolarpv.com\/pt\/wp-json\/wp\/v2\/product_cat?post=204"},{"taxonomy":"product_tag","embeddable":true,"href":"https:\/\/jinkosolarpv.com\/pt\/wp-json\/wp\/v2\/product_tag?post=204"}],"curies":[{"name":"wp","href":"https:\/\/api.w.org\/{rel}","templated":true}]}}