{"id":190,"date":"2025-11-17T09:51:33","date_gmt":"2025-11-17T01:51:33","guid":{"rendered":"https:\/\/jinkosolarpv.com\/?post_type=product&#038;p=190"},"modified":"2025-11-27T13:54:08","modified_gmt":"2025-11-27T05:54:08","slug":"jinko-tiger-neo-66hl5-bdv-700705w710w715w","status":"publish","type":"product","link":"https:\/\/jinkosolarpv.com\/pt\/product\/jinko-tiger-neo-66hl5-bdv-700705w710w715w\/","title":{"rendered":"Jinko Tiger Neo 66HL5-BDV 700,705w,710w,715W"},"content":{"rendered":"<p><strong>Detalhes do produto<\/strong><\/p>\n<p>&nbsp;<\/p>\n<table width=\"521\" cellspacing=\"0\" cellpadding=\"0\">\n<colgroup>\n<col width=\"181\" \/>\n<col width=\"470\" \/><\/colgroup>\n<tbody>\n<tr class=\"firstRow\">\n<td width=\"145\" height=\"30\">Tipo de c\u00e9lula<\/td>\n<td width=\"376\">\u00a0 Tipo N Monocristalino<\/td>\n<\/tr>\n<tr>\n<td width=\"145\" height=\"30\">N.\u00ba de c\u00e9lulas<\/td>\n<td width=\"376\">\u00a0 132(66\u00d72)<\/td>\n<\/tr>\n<tr>\n<td width=\"145\" height=\"30\">Dimens\u00f5es<\/td>\n<td width=\"376\">\u00a0 2384\u00d71303\u00d733 mm<\/td>\n<\/tr>\n<tr>\n<td width=\"145\" height=\"30\">Peso<\/td>\n<td width=\"376\">\u00a0 37,5 kg<\/td>\n<\/tr>\n<tr>\n<td width=\"145\" height=\"30\">Vidro frontal<\/td>\n<td width=\"376\">\u00a0 2,0 mm,Revestimento antirreflexo<\/td>\n<\/tr>\n<tr>\n<td width=\"145\" height=\"30\">Vidro traseiro<\/td>\n<td width=\"376\">\u00a0 2,0 mm,Vidro refor\u00e7ado com calor<\/td>\n<\/tr>\n<tr>\n<td width=\"145\" height=\"30\">Moldura<\/td>\n<td width=\"376\">\u00a0 Liga de alum\u00ednio anodizado<\/td>\n<\/tr>\n<tr>\n<td width=\"145\" height=\"30\">Caixa de deriva\u00e7\u00e3o<\/td>\n<td width=\"376\">\u00a0 P68 Classificado<\/td>\n<\/tr>\n<tr>\n<td width=\"145\" height=\"30\">Classe de prote\u00e7\u00e3o<\/td>\n<td width=\"376\">\u00a0 Classe<\/td>\n<\/tr>\n<tr>\n<td width=\"145\" height=\"30\">Tipo de inc\u00eandio IEC<\/td>\n<td width=\"376\">\u00a0 ClasseC<\/td>\n<\/tr>\n<tr>\n<td width=\"145\" height=\"30\">Tipo de conetor<\/td>\n<td width=\"376\">\u00a0 Material Jinko:JK03M;JK03M2;St\u00e4ubli:MC4-EVO2<\/td>\n<\/tr>\n<tr>\n<td rowspan=\"2\" width=\"145\" height=\"60\">Cabos de sa\u00edda<\/td>\n<td rowspan=\"2\" width=\"376\">\u00a0 4,0 mm2<br \/>\n(+):400 mm , (-): 200 mm ou comprimento personalizado<\/td>\n<\/tr>\n<\/tbody>\n<\/table>\n<p><strong>T\u00e9cnica de fabrico<\/strong><\/p>\n<p><strong><img decoding=\"async\" src=\"http:\/\/jinkosolarpv.com\/wp-content\/uploads\/2025\/11\/ea173bb38324cf14453e9f50a5dfe719.png\" alt=\"\" title=\"\"><\/strong><\/p>\n<p><strong><img decoding=\"async\" src=\"http:\/\/jinkosolarpv.com\/wp-content\/uploads\/2025\/11\/202337975591318277c7161cebd98eed.png\" alt=\"\" title=\"\"><\/strong><\/p>\n<div>\n<div>\n<div>\n<div>\n<div>\n<div><\/div>\n<\/div>\n<\/div>\n<\/div>\n<\/div>\n<\/div>\n<div>\n<div>\n<div>\n<div>\n<div>\n<div><\/div>\n<div><\/div>\n<\/div>\n<\/div>\n<\/div>\n<\/div>\n<\/div>\n<div>\n<div>\n<div>\n<div>\n<div>\n<div><\/div>\n<\/div>\n<\/div>\n<\/div>\n<\/div>\n<\/div>\n<div>\n<div id=\"ali-anchor-AliMagic-vbembn\" data-section=\"AliMagic-vbembn\" data-section-title=\"Packing &amp; Delivery\"><strong>Embalagem e entrega<\/strong><\/div>\n<\/div>\n<div>\n<div>\n<div>\n<div>\n<div>\n<div>Para melhor garantir a seguran\u00e7a dos seus bens, ser\u00e3o fornecidos servi\u00e7os de embalagem profissionais, amigos do ambiente, c\u00f3modos e eficientes.<\/div>\n<\/div>\n<\/div>\n<\/div>\n<\/div>\n<\/div>\n<div>\n<div>\n<div>\n<div>\n<div>\n<div><\/div>\n<div><\/div>\n<\/div>\n<\/div>\n<\/div>\n<\/div>\n<\/div>\n<div>\n<div>\n<div>\n<div>\n<div>\n<div><\/div>\n<div><\/div>\n<\/div>\n<\/div>\n<\/div>\n<\/div>\n<\/div>\n<p><img decoding=\"async\" src=\"http:\/\/jinkosolarpv.com\/wp-content\/uploads\/2025\/11\/0c6f1646b57b74c98f4bcc93abdd857c.png\" alt=\"\" title=\"\"><\/p>","protected":false},"excerpt":{"rendered":"<p>N\u00famero do m\u00f3dulo:Tiger Neo 66HL5-BDV 700-715W<br \/>\nPeso: 37,5 kg<br \/>\nEmbalagem:33pcs\/palete;594pcs\/40hq<br \/>\nSpecification:2384*1303*33mm<br \/>\nMarca registada:Jinko solar<br \/>\nOrigem:China<\/p>","protected":false},"featured_media":194,"comment_status":"open","ping_status":"closed","template":"","meta":{"site-sidebar-layout":"default","site-content-layout":"","ast-site-content-layout":"default","site-content-style":"default","site-sidebar-style":"default","ast-global-header-display":"","ast-banner-title-visibility":"","ast-main-header-display":"","ast-hfb-above-header-display":"","ast-hfb-below-header-display":"","ast-hfb-mobile-header-display":"","site-post-title":"","ast-breadcrumbs-content":"","ast-featured-img":"","footer-sml-layout":"","theme-transparent-header-meta":"default","adv-header-id-meta":"","stick-header-meta":"","header-above-stick-meta":"","header-main-stick-meta":"","header-below-stick-meta":"","astra-migrate-meta-layouts":"set","ast-page-background-enabled":"default","ast-page-background-meta":{"desktop":{"background-color":"var(--ast-global-color-5)","background-image":"","background-repeat":"repeat","background-position":"center center","background-size":"auto","background-attachment":"scroll","background-type":"","background-media":"","overlay-type":"","overlay-color":"","overlay-opacity":"","overlay-gradient":""},"tablet":{"background-color":"","background-image":"","background-repeat":"repeat","background-position":"center center","background-size":"auto","background-attachment":"scroll","background-type":"","background-media":"","overlay-type":"","overlay-color":"","overlay-opacity":"","overlay-gradient":""},"mobile":{"background-color":"","background-image":"","background-repeat":"repeat","background-position":"center center","background-size":"auto","background-attachment":"scroll","background-type":"","background-media":"","overlay-type":"","overlay-color":"","overlay-opacity":"","overlay-gradient":""}},"ast-content-background-meta":{"desktop":{"background-color":"var(--ast-global-color-4)","background-image":"","background-repeat":"repeat","background-position":"center center","background-size":"auto","background-attachment":"scroll","background-type":"","background-media":"","overlay-type":"","overlay-color":"","overlay-opacity":"","overlay-gradient":""},"tablet":{"background-color":"var(--ast-global-color-4)","background-image":"","background-repeat":"repeat","background-position":"center center","background-size":"auto","background-attachment":"scroll","background-type":"","background-media":"","overlay-type":"","overlay-color":"","overlay-opacity":"","overlay-gradient":""},"mobile":{"background-color":"var(--ast-global-color-4)","background-image":"","background-repeat":"repeat","background-position":"center center","background-size":"auto","background-attachment":"scroll","background-type":"","background-media":"","overlay-type":"","overlay-color":"","overlay-opacity":"","overlay-gradient":""}}},"product_brand":[],"product_cat":[19],"product_tag":[],"class_list":{"0":"post-190","1":"product","2":"type-product","3":"status-publish","4":"has-post-thumbnail","6":"product_cat-jinko-solar-panel","7":"desktop-align-left","8":"tablet-align-left","9":"mobile-align-left","11":"first","12":"instock","13":"shipping-taxable","14":"product-type-simple"},"_links":{"self":[{"href":"https:\/\/jinkosolarpv.com\/pt\/wp-json\/wp\/v2\/product\/190","targetHints":{"allow":["GET"]}}],"collection":[{"href":"https:\/\/jinkosolarpv.com\/pt\/wp-json\/wp\/v2\/product"}],"about":[{"href":"https:\/\/jinkosolarpv.com\/pt\/wp-json\/wp\/v2\/types\/product"}],"replies":[{"embeddable":true,"href":"https:\/\/jinkosolarpv.com\/pt\/wp-json\/wp\/v2\/comments?post=190"}],"wp:featuredmedia":[{"embeddable":true,"href":"https:\/\/jinkosolarpv.com\/pt\/wp-json\/wp\/v2\/media\/194"}],"wp:attachment":[{"href":"https:\/\/jinkosolarpv.com\/pt\/wp-json\/wp\/v2\/media?parent=190"}],"wp:term":[{"taxonomy":"product_brand","embeddable":true,"href":"https:\/\/jinkosolarpv.com\/pt\/wp-json\/wp\/v2\/product_brand?post=190"},{"taxonomy":"product_cat","embeddable":true,"href":"https:\/\/jinkosolarpv.com\/pt\/wp-json\/wp\/v2\/product_cat?post=190"},{"taxonomy":"product_tag","embeddable":true,"href":"https:\/\/jinkosolarpv.com\/pt\/wp-json\/wp\/v2\/product_tag?post=190"}],"curies":[{"name":"wp","href":"https:\/\/api.w.org\/{rel}","templated":true}]}}