{"id":184,"date":"2025-11-16T21:08:22","date_gmt":"2025-11-16T13:08:22","guid":{"rendered":"https:\/\/jinkosolarpv.com\/?post_type=product&#038;p=184"},"modified":"2025-11-27T13:55:05","modified_gmt":"2025-11-27T05:55:05","slug":"jinko-tiger-neo-78hl4-bdv-625630635640645650w","status":"publish","type":"product","link":"https:\/\/jinkosolarpv.com\/pt\/product\/jinko-tiger-neo-78hl4-bdv-625630635640645650w\/","title":{"rendered":"Jinko Tiger Neo 78HL4-BDV 625,630,635,640,645,650W"},"content":{"rendered":"<p><strong>Detalhes do produto<\/strong><\/p>\n<p>&nbsp;<\/p>\n<table width=\"520\" cellspacing=\"0\" cellpadding=\"0\">\n<colgroup>\n<col width=\"171\" \/>\n<col width=\"96\" \/>\n<col width=\"108\" \/>\n<col width=\"273\" \/><\/colgroup>\n<tbody>\n<tr class=\"firstRow\">\n<td colspan=\"2\" width=\"215\" height=\"38\">Tipo de c\u00e9lula<\/td>\n<td colspan=\"2\" width=\"306\">\u00a0 Tipo N Monocristalino<\/td>\n<\/tr>\n<tr>\n<td colspan=\"2\" width=\"215\" height=\"30\">N.\u00ba de c\u00e9lulas<\/td>\n<td colspan=\"2\" width=\"306\">\u00a0 156 (2 \u00d7 78)<\/td>\n<\/tr>\n<tr>\n<td colspan=\"2\" width=\"215\" height=\"30\">Dimens\u00f5es<\/td>\n<td colspan=\"2\" width=\"306\">\u00a0 2465 \u00d7 1134 \u00d7 30 mm<\/td>\n<\/tr>\n<tr>\n<td colspan=\"2\" width=\"215\" height=\"30\">Peso<\/td>\n<td colspan=\"2\" width=\"306\">\u00a0 34,0 kg<\/td>\n<\/tr>\n<tr>\n<td colspan=\"2\" width=\"215\" height=\"30\">FrontGlass<\/td>\n<td colspan=\"2\" width=\"306\">\u00a0 2,0 mm,Revestimento antirreflexo<\/td>\n<\/tr>\n<tr>\n<td colspan=\"2\" width=\"215\" height=\"30\">Vidro traseiro<\/td>\n<td colspan=\"2\" width=\"306\">\u00a0 2,0 mm,Vidro refor\u00e7ado com calor<\/td>\n<\/tr>\n<tr>\n<td colspan=\"2\" width=\"215\" height=\"30\">Moldura<\/td>\n<td colspan=\"2\" width=\"306\">\u00a0 Liga de alum\u00ednio anodizado<\/td>\n<\/tr>\n<tr>\n<td colspan=\"2\" width=\"215\" height=\"30\">Caixa de deriva\u00e7\u00e3o<\/td>\n<td colspan=\"2\" width=\"306\">\u00a0 Classifica\u00e7\u00e3o IP68<\/td>\n<\/tr>\n<tr>\n<td colspan=\"2\" width=\"215\" height=\"30\">Classe de prote\u00e7\u00e3o<\/td>\n<td colspan=\"2\" width=\"306\">\u00a0 Classll<\/td>\n<\/tr>\n<tr>\n<td colspan=\"2\" width=\"215\" height=\"30\">Tipo Fogo<\/td>\n<td colspan=\"2\" width=\"306\">\u00a0 ClasseC<\/td>\n<\/tr>\n<tr>\n<td colspan=\"2\" width=\"215\" height=\"18\">Cabos de sa\u00edda<\/td>\n<td colspan=\"2\" width=\"306\">TUV 1\u00d74,0 mm?(+):400 mm, (-): 200 mm ou comprimento personalizado<\/td>\n<\/tr>\n<\/tbody>\n<\/table>\n<p><strong>Descri\u00e7\u00e3o do produto<\/strong><\/p>\n<p><strong>Jinko 625W 630W 635W 640W 645W 650W Pain\u00e9is solares em promo\u00e7\u00e3o China Stock Pain\u00e9is solares Half Cut<\/strong><\/p>\n<p><strong>Porqu\u00ea o Jinko 78HL4-BDV?<\/strong><\/p>\n<p>Apresentamos o Jinko 78HL4M-BDV: a pot\u00eancia da energia solar!<\/p>\n<p>Est\u00e1 pronto para levar a sua energia solar para o pr\u00f3ximo n\u00edvel? N\u00e3o procure mais, o Jinko 78HL4M-BDV, um painel solar monocristalino de alta efici\u00eancia, dupla face e corte parcial da s\u00e9rie Jinko Tiger PRO, \u00e9 a solu\u00e7\u00e3o!<\/p>\n<p>Com a sua tecnologia do tipo N, este painel solar apresenta uma menor degrada\u00e7\u00e3o induzida pela luz (LID), garantindo o m\u00e1ximo desempenho e longevidade. Diga adeus \u00e0s perdas de efici\u00eancia causadas pela LID e d\u00ea as boas-vindas \u00e0 gera\u00e7\u00e3o de energia consistente!<\/p>\n<p>Mas isso n\u00e3o \u00e9 tudo! O Jinko 78HL4M-BDV tamb\u00e9m possui tecnologia multi-busbar, que melhora a utiliza\u00e7\u00e3o da luz e as capacidades de recolha de corrente. Isso significa que pode aproveitar mais luz solar e gerar mais eletricidade, tirando o m\u00e1ximo proveito de cada raio de sol!<\/p>\n<p>O que diferencia este painel solar \u00e9 a sua capacidade de gera\u00e7\u00e3o de energia em ambos os lados. Ao capturar a luz solar de ambos os lados, ele pode atingir uma impressionante efici\u00eancia de convers\u00e3o de at\u00e9 25%! Isso n\u00e3o s\u00f3 reduz significativamente o Custo Nivelado de Eletricidade (LCOE), como tamb\u00e9m maximiza a produ\u00e7\u00e3o de energia, mesmo em espa\u00e7os limitados.<\/p>\n<p>Prepare-se para experimentar o auge da energia solar com o Jinko 78HL4M-BDV. Com uma pot\u00eancia m\u00e1xima de 555 W e uma efici\u00eancia m\u00e1xima do m\u00f3dulo de 21,481 TP3T, este painel solar \u00e9 uma verdadeira revolu\u00e7\u00e3o na ind\u00fastria!<\/p>\n<p>Seja voc\u00ea propriet\u00e1rio de uma casa, empres\u00e1rio ou entusiasta do meio ambiente, o Jinko 78HL4M-BDV \u00e9 a escolha perfeita para as suas necessidades de energia solar. Adote a sustentabilidade, reduza a sua pegada de carbono e economize nos custos de energia com este painel solar de \u00faltima gera\u00e7\u00e3o.<\/p>\n<p><img decoding=\"async\" src=\"http:\/\/jinkosolarpv.com\/wp-content\/uploads\/2025\/11\/453d2ab6987225072d629f93fbe7b17d.png\" alt=\"\" title=\"\"><\/p>","protected":false},"excerpt":{"rendered":"<p>N\u00famero do m\u00f3dulo: Tiger Neo 78HL4-BDV 625-650W<br \/>\nPeso:34 kg<br \/>\nEmbalagem: 36 unidades\/palete; 576 unidades\/40hq<br \/>\nEspecifica\u00e7\u00e3o: 2460*1134*30 mm<br \/>\nMarca registada:Jinko solar<br \/>\nOrigem:China<\/p>","protected":false},"featured_media":185,"comment_status":"open","ping_status":"closed","template":"","meta":{"site-sidebar-layout":"default","site-content-layout":"","ast-site-content-layout":"default","site-content-style":"default","site-sidebar-style":"default","ast-global-header-display":"","ast-banner-title-visibility":"","ast-main-header-display":"","ast-hfb-above-header-display":"","ast-hfb-below-header-display":"","ast-hfb-mobile-header-display":"","site-post-title":"","ast-breadcrumbs-content":"","ast-featured-img":"","footer-sml-layout":"","theme-transparent-header-meta":"default","adv-header-id-meta":"","stick-header-meta":"","header-above-stick-meta":"","header-main-stick-meta":"","header-below-stick-meta":"","astra-migrate-meta-layouts":"set","ast-page-background-enabled":"default","ast-page-background-meta":{"desktop":{"background-color":"var(--ast-global-color-5)","background-image":"","background-repeat":"repeat","background-position":"center center","background-size":"auto","background-attachment":"scroll","background-type":"","background-media":"","overlay-type":"","overlay-color":"","overlay-opacity":"","overlay-gradient":""},"tablet":{"background-color":"","background-image":"","background-repeat":"repeat","background-position":"center center","background-size":"auto","background-attachment":"scroll","background-type":"","background-media":"","overlay-type":"","overlay-color":"","overlay-opacity":"","overlay-gradient":""},"mobile":{"background-color":"","background-image":"","background-repeat":"repeat","background-position":"center center","background-size":"auto","background-attachment":"scroll","background-type":"","background-media":"","overlay-type":"","overlay-color":"","overlay-opacity":"","overlay-gradient":""}},"ast-content-background-meta":{"desktop":{"background-color":"var(--ast-global-color-4)","background-image":"","background-repeat":"repeat","background-position":"center center","background-size":"auto","background-attachment":"scroll","background-type":"","background-media":"","overlay-type":"","overlay-color":"","overlay-opacity":"","overlay-gradient":""},"tablet":{"background-color":"var(--ast-global-color-4)","background-image":"","background-repeat":"repeat","background-position":"center center","background-size":"auto","background-attachment":"scroll","background-type":"","background-media":"","overlay-type":"","overlay-color":"","overlay-opacity":"","overlay-gradient":""},"mobile":{"background-color":"var(--ast-global-color-4)","background-image":"","background-repeat":"repeat","background-position":"center center","background-size":"auto","background-attachment":"scroll","background-type":"","background-media":"","overlay-type":"","overlay-color":"","overlay-opacity":"","overlay-gradient":""}}},"product_brand":[],"product_cat":[19],"product_tag":[],"class_list":{"0":"post-184","1":"product","2":"type-product","3":"status-publish","4":"has-post-thumbnail","6":"product_cat-jinko-solar-panel","7":"desktop-align-left","8":"tablet-align-left","9":"mobile-align-left","11":"first","12":"instock","13":"shipping-taxable","14":"product-type-simple"},"_links":{"self":[{"href":"https:\/\/jinkosolarpv.com\/pt\/wp-json\/wp\/v2\/product\/184","targetHints":{"allow":["GET"]}}],"collection":[{"href":"https:\/\/jinkosolarpv.com\/pt\/wp-json\/wp\/v2\/product"}],"about":[{"href":"https:\/\/jinkosolarpv.com\/pt\/wp-json\/wp\/v2\/types\/product"}],"replies":[{"embeddable":true,"href":"https:\/\/jinkosolarpv.com\/pt\/wp-json\/wp\/v2\/comments?post=184"}],"wp:featuredmedia":[{"embeddable":true,"href":"https:\/\/jinkosolarpv.com\/pt\/wp-json\/wp\/v2\/media\/185"}],"wp:attachment":[{"href":"https:\/\/jinkosolarpv.com\/pt\/wp-json\/wp\/v2\/media?parent=184"}],"wp:term":[{"taxonomy":"product_brand","embeddable":true,"href":"https:\/\/jinkosolarpv.com\/pt\/wp-json\/wp\/v2\/product_brand?post=184"},{"taxonomy":"product_cat","embeddable":true,"href":"https:\/\/jinkosolarpv.com\/pt\/wp-json\/wp\/v2\/product_cat?post=184"},{"taxonomy":"product_tag","embeddable":true,"href":"https:\/\/jinkosolarpv.com\/pt\/wp-json\/wp\/v2\/product_tag?post=184"}],"curies":[{"name":"wp","href":"https:\/\/api.w.org\/{rel}","templated":true}]}}