{"id":910,"date":"2025-11-20T15:43:03","date_gmt":"2025-11-20T07:43:03","guid":{"rendered":"https:\/\/jinkosolarpv.com\/?page_id=910"},"modified":"2025-11-20T15:48:34","modified_gmt":"2025-11-20T07:48:34","slug":"politica-de-privacidade","status":"publish","type":"page","link":"https:\/\/jinkosolarpv.com\/pt\/politica-de-privacidade\/","title":{"rendered":"Pol\u00edtica de privacidade"},"content":{"rendered":"<div data-elementor-type=\"wp-page\" data-elementor-id=\"910\" class=\"elementor elementor-910\" data-elementor-post-type=\"page\">\n\t\t\t\t<div class=\"elementor-element elementor-element-75bf70f9 e-flex e-con-boxed e-con e-parent\" data-id=\"75bf70f9\" data-element_type=\"container\" data-e-type=\"container\">\n\t\t\t\t\t<div class=\"e-con-inner\">\n\t\t\t\t<div class=\"elementor-element elementor-element-28fb14a elementor-widget elementor-widget-heading\" data-id=\"28fb14a\" data-element_type=\"widget\" data-e-type=\"widget\" data-widget_type=\"heading.default\">\n\t\t\t\t\t<h2 class=\"elementor-heading-title elementor-size-default\">Pol\u00edtica de privacidade<\/h2>\t\t\t\t<\/div>\n\t\t\t\t<div class=\"elementor-element elementor-element-1acf0b31 elementor-widget elementor-widget-text-editor\" data-id=\"1acf0b31\" data-element_type=\"widget\" data-e-type=\"widget\" data-widget_type=\"text-editor.default\">\n\t\t\t\t\t\t\t\t\t\n<h2 class=\"wp-block-heading\"><\/h2>\n<h2 class=\"wp-block-heading\">1. Quem somos<\/h2>\n<h2 class=\"wp-block-heading\"> <\/h2>\n<p>Bem-vindo ao jinkosolarpv.com. Operamos este site para partilhar informa\u00e7\u00f5es sobre solu\u00e7\u00f5es de energia solar. Quando nos referimos a \u201cn\u00f3s\u201d, \u201cnos\u201d ou \u201cnosso\u201d, queremos dizer o propriet\u00e1rio deste site (insira aqui o nome da sua empresa, endere\u00e7o e detalhes de contacto).<br \/>Estamos empenhados em proteger e respeitar a sua privacidade.<\/p>\n<h2 class=\"wp-block-heading\"> <\/h2>\n<h2 class=\"wp-block-heading\">2. Informa\u00e7\u00f5es que podemos recolher<\/h2>\n<h2 class=\"wp-block-heading\"> <\/h2>\n<p>Podemos recolher e processar os seguintes tipos de informa\u00e7\u00f5es:<\/p>\n<h2 class=\"wp-block-heading\"> <\/h2>\n<h3 class=\"wp-block-heading\">2.1 Informa\u00e7\u00f5es fornecidas por si<\/h3>\n<h2 class=\"wp-block-heading\"> <\/h2>\n<ul class=\"wp-block-list\">\n<li>O seu nome, nome da empresa, cargo.<\/li>\n \n<li>Informa\u00e7\u00f5es de contacto, tais como endere\u00e7o de e-mail, n\u00famero de telefone, endere\u00e7o postal.<\/li>\n \n<li>Informa\u00e7\u00f5es que fornece ao preencher formul\u00e1rios no nosso site (por exemplo, formul\u00e1rios de consulta).<\/li>\n \n<li>Quaisquer outras informa\u00e7\u00f5es que decida fornecer (por exemplo, em e-mails ou ao entrar em contacto connosco).<\/li>\n<\/ul>\n<h2 class=\"wp-block-heading\"> <\/h2>\n<h3 class=\"wp-block-heading\">2.2 Informa\u00e7\u00f5es recolhidas automaticamente<\/h3>\n<h2 class=\"wp-block-heading\"> <\/h2>\n<ul class=\"wp-block-list\">\n<li>O seu endere\u00e7o IP, tipo e vers\u00e3o do navegador, configura\u00e7\u00e3o do fuso hor\u00e1rio.<\/li>\n \n<li>O tipo do seu dispositivo e sistema operativo.<\/li>\n \n<li>Informa\u00e7\u00f5es sobre a utiliza\u00e7\u00e3o do site (p\u00e1ginas visitadas, links clicados, tempo de navega\u00e7\u00e3o).<\/li>\n \n<li>Cookies ou tecnologias semelhantes (ver Sec\u00e7\u00e3o 5 abaixo).<\/li>\n \n<li>Outras informa\u00e7\u00f5es t\u00e9cnicas necess\u00e1rias para o funcionamento e melhoria do site.<\/li>\n<\/ul>\n<h2 class=\"wp-block-heading\"> <\/h2>\n<h2 class=\"wp-block-heading\">3. Como utilizamos as suas informa\u00e7\u00f5es<\/h2>\n<h2 class=\"wp-block-heading\"> <\/h2>\n<p>Utilizamos as suas informa\u00e7\u00f5es para os seguintes fins:<\/p>\n<h2 class=\"wp-block-heading\"> <\/h2>\n<ul class=\"wp-block-list\">\n<li>Para responder \u00e0s suas perguntas e fornecer as informa\u00e7\u00f5es que solicitar.<\/li>\n \n<li>Para fornecer e operar o nosso site, e garantir a sua seguran\u00e7a e funcionamento.<\/li>\n \n<li>Para melhorar o nosso website, incluindo a an\u00e1lise da forma como o nosso website \u00e9 utilizado.<\/li>\n \n<li>Para comunicar consigo sobre os nossos servi\u00e7os e atualiza\u00e7\u00f5es (caso tenha dado o seu consentimento).<\/li>\n \n<li>Para cumprir obriga\u00e7\u00f5es legais ou regulamentares e proteger os nossos direitos legais.<\/li>\n<\/ul>\n<h2 class=\"wp-block-heading\"> <\/h2>\n<h2 class=\"wp-block-heading\">4. Partilha das suas informa\u00e7\u00f5es<\/h2>\n<h2 class=\"wp-block-heading\"> <\/h2>\n<p>N\u00e3o venderemos os seus dados pessoais. Podemos partilhar as suas informa\u00e7\u00f5es nos seguintes casos:<\/p>\n<h2 class=\"wp-block-heading\"> <\/h2>\n<ul class=\"wp-block-list\">\n<li>Com prestadores de servi\u00e7os que nos ajudam a operar o site (por exemplo, hospedagem, an\u00e1lise) sob obriga\u00e7\u00f5es contratuais para manter os dados seguros e confidenciais.<\/li>\n \n<li>Se exigido por lei ou para responder a reclama\u00e7\u00f5es ou processos legais.<\/li>\n \n<li>Em rela\u00e7\u00e3o a uma transfer\u00eancia comercial \u2013 por exemplo, se parte ou a totalidade da nossa empresa for vendida, incorporada ou reestruturada, as suas informa\u00e7\u00f5es poder\u00e3o ser transferidas como parte dessa transa\u00e7\u00e3o.<\/li>\n \n<li>Com o seu consentimento.<\/li>\n<\/ul>\n<h2 class=\"wp-block-heading\"> <\/h2>\n<h2 class=\"wp-block-heading\">5. Cookies e tecnologias de rastreamento<\/h2>\n<h2 class=\"wp-block-heading\"> <\/h2>\n<p>Utilizamos cookies, web beacons e tecnologias semelhantes para recolher informa\u00e7\u00f5es sobre como os visitantes utilizam o nosso website. Pode configurar o seu navegador para recusar cookies ou para alert\u00e1-lo quando forem enviados. No entanto, tenha em aten\u00e7\u00e3o que algumas partes do website podem n\u00e3o funcionar corretamente se desativar os cookies.<\/p>\n<h2 class=\"wp-block-heading\"> <\/h2>\n<h2 class=\"wp-block-heading\">6. Reten\u00e7\u00e3o de dados<\/h2>\n<h2 class=\"wp-block-heading\"> <\/h2>\n<p>Reteremos as suas informa\u00e7\u00f5es pessoais apenas pelo tempo necess\u00e1rio para os fins estabelecidos nesta Pol\u00edtica de Privacidade e de acordo com as leis aplic\u00e1veis. Quando as suas informa\u00e7\u00f5es n\u00e3o forem mais necess\u00e1rias, iremos elimin\u00e1-las ou torn\u00e1-las an\u00f3nimas de forma segura.<\/p>\n<h2 class=\"wp-block-heading\"> <\/h2>\n<h2 class=\"wp-block-heading\">7. Transfer\u00eancias internacionais<\/h2>\n<h2 class=\"wp-block-heading\"> <\/h2>\n<p>Como operamos internacionalmente, os seus dados pessoais podem ser transferidos e processados em outros pa\u00edses al\u00e9m do seu. Se o seu pa\u00eds estiver sujeito a regras adicionais de prote\u00e7\u00e3o de dados (por exemplo, o RGPD da UE), garantiremos que um n\u00edvel adequado de prote\u00e7\u00e3o seja mantido.<\/p>\n<h2 class=\"wp-block-heading\"> <\/h2>\n<h2 class=\"wp-block-heading\">8. Os seus direitos<\/h2>\n<h2 class=\"wp-block-heading\"> <\/h2>\n<p>Dependendo da sua jurisdi\u00e7\u00e3o, poder\u00e1 ter direitos em rela\u00e7\u00e3o \u00e0s suas informa\u00e7\u00f5es pessoais, incluindo:<\/p>\n<h2 class=\"wp-block-heading\"> <\/h2>\n<ul class=\"wp-block-list\">\n<li>Aceder \u00e0s informa\u00e7\u00f5es que mantemos sobre si.<\/li>\n \n<li>Corrigir informa\u00e7\u00f5es imprecisas ou incompletas.<\/li>\n \n<li>Solicitar a elimina\u00e7\u00e3o das suas informa\u00e7\u00f5es pessoais.<\/li>\n \n<li>Op\u00f4r-se ou restringir determinado tratamento das suas informa\u00e7\u00f5es.<\/li>\n \n<li>Retirar o consentimento (se o consentimento foi a base legal para o processamento).<\/li>\n \n<li>Portabilidade dos dados (se aplic\u00e1vel).<br \/>Se desejar exercer algum destes direitos, entre em contacto connosco (consulte a Sec\u00e7\u00e3o 10). Responderemos ao seu pedido de acordo com a legisla\u00e7\u00e3o aplic\u00e1vel.<\/li>\n<\/ul>\n<h2 class=\"wp-block-heading\"> <\/h2>\n<h2 class=\"wp-block-heading\">9. Seguran\u00e7a<\/h2>\n<h2 class=\"wp-block-heading\"> <\/h2>\n<p>Implementamos medidas organizacionais, t\u00e9cnicas e administrativas razo\u00e1veis para proteger as suas informa\u00e7\u00f5es pessoais contra acesso n\u00e3o autorizado, uso indevido, perda ou divulga\u00e7\u00e3o. No entanto, tenha em aten\u00e7\u00e3o que nenhum m\u00e9todo de transmiss\u00e3o pela Internet \u00e9 100% seguro.<\/p>\n<h2 class=\"wp-block-heading\"> <\/h2>\n<h2 class=\"wp-block-heading\">10. Altera\u00e7\u00f5es a esta Pol\u00edtica de Privacidade<\/h2>\n<h2 class=\"wp-block-heading\"> <\/h2>\n<p>Podemos atualizar esta Pol\u00edtica de Privacidade periodicamente, publicando uma nova vers\u00e3o no nosso site. A data da \u201c\u00daltima atualiza\u00e7\u00e3o\u201d indicar\u00e1 quando a pol\u00edtica foi alterada pela \u00faltima vez. Recomendamos que consulte esta p\u00e1gina periodicamente para verificar se houve alguma altera\u00e7\u00e3o.<\/p>\n<h2 class=\"wp-block-heading\"> <\/h2>\n<h2 class=\"wp-block-heading\">11. Contacte-nos<\/h2>\n<h2 class=\"wp-block-heading\"> <\/h2>\n<p>Se tiver d\u00favidas, coment\u00e1rios ou solicita\u00e7\u00f5es sobre esta Pol\u00edtica de Privacidade ou nossas pr\u00e1ticas de tratamento de dados, entre em contacto com:<br \/>Nome da empresa: Wuxi Holy Matrix Group Co., Ltd.<br \/>Endere\u00e7o: 6060 Parque Cient\u00edfico e Tecnol\u00f3gico NO.1588 Zhonghui Avenue, Comunidade de Qianzhou, cidade de Wuxi, China<br \/>E-mail: <a href=\"mailto:unite.stephen@vip.163.com\">unite.stephen@vip.163.com<\/a><br \/>Telefone: <a href=\"tel:86-13382226325\">+86-13382226325<\/a><\/p>\n\t\t\t\t\t\t\t\t<\/div>\n\t\t\t\t\t<\/div>\n\t\t\t\t<\/div>\n\t\t\t\t<\/div>","protected":false},"excerpt":{"rendered":"<p>Pol\u00edtica de privacidade<\/p>","protected":false},"author":2,"featured_media":0,"parent":0,"menu_order":0,"comment_status":"closed","ping_status":"closed","template":"","meta":{"site-sidebar-layout":"default","site-content-layout":"","ast-site-content-layout":"default","site-content-style":"default","site-sidebar-style":"default","ast-global-header-display":"","ast-banner-title-visibility":"","ast-main-header-display":"","ast-hfb-above-header-display":"","ast-hfb-below-header-display":"","ast-hfb-mobile-header-display":"","site-post-title":"disabled","ast-breadcrumbs-content":"","ast-featured-img":"","footer-sml-layout":"","theme-transparent-header-meta":"","adv-header-id-meta":"","stick-header-meta":"","header-above-stick-meta":"","header-main-stick-meta":"","header-below-stick-meta":"","astra-migrate-meta-layouts":"default","ast-page-background-enabled":"default","ast-page-background-meta":{"desktop":{"background-color":"var(--ast-global-color-5)","background-image":"","background-repeat":"repeat","background-position":"center center","background-size":"auto","background-attachment":"scroll","background-type":"","background-media":"","overlay-type":"","overlay-color":"","overlay-opacity":"","overlay-gradient":""},"tablet":{"background-color":"","background-image":"","background-repeat":"repeat","background-position":"center center","background-size":"auto","background-attachment":"scroll","background-type":"","background-media":"","overlay-type":"","overlay-color":"","overlay-opacity":"","overlay-gradient":""},"mobile":{"background-color":"","background-image":"","background-repeat":"repeat","background-position":"center center","background-size":"auto","background-attachment":"scroll","background-type":"","background-media":"","overlay-type":"","overlay-color":"","overlay-opacity":"","overlay-gradient":""}},"ast-content-background-meta":{"desktop":{"background-color":"var(--ast-global-color-4)","background-image":"","background-repeat":"repeat","background-position":"center center","background-size":"auto","background-attachment":"scroll","background-type":"","background-media":"","overlay-type":"","overlay-color":"","overlay-opacity":"","overlay-gradient":""},"tablet":{"background-color":"var(--ast-global-color-4)","background-image":"","background-repeat":"repeat","background-position":"center center","background-size":"auto","background-attachment":"scroll","background-type":"","background-media":"","overlay-type":"","overlay-color":"","overlay-opacity":"","overlay-gradient":""},"mobile":{"background-color":"var(--ast-global-color-4)","background-image":"","background-repeat":"repeat","background-position":"center center","background-size":"auto","background-attachment":"scroll","background-type":"","background-media":"","overlay-type":"","overlay-color":"","overlay-opacity":"","overlay-gradient":""}},"footnotes":""},"class_list":["post-910","page","type-page","status-publish","hentry"],"_links":{"self":[{"href":"https:\/\/jinkosolarpv.com\/pt\/wp-json\/wp\/v2\/pages\/910","targetHints":{"allow":["GET"]}}],"collection":[{"href":"https:\/\/jinkosolarpv.com\/pt\/wp-json\/wp\/v2\/pages"}],"about":[{"href":"https:\/\/jinkosolarpv.com\/pt\/wp-json\/wp\/v2\/types\/page"}],"author":[{"embeddable":true,"href":"https:\/\/jinkosolarpv.com\/pt\/wp-json\/wp\/v2\/users\/2"}],"replies":[{"embeddable":true,"href":"https:\/\/jinkosolarpv.com\/pt\/wp-json\/wp\/v2\/comments?post=910"}],"version-history":[{"count":11,"href":"https:\/\/jinkosolarpv.com\/pt\/wp-json\/wp\/v2\/pages\/910\/revisions"}],"predecessor-version":[{"id":926,"href":"https:\/\/jinkosolarpv.com\/pt\/wp-json\/wp\/v2\/pages\/910\/revisions\/926"}],"wp:attachment":[{"href":"https:\/\/jinkosolarpv.com\/pt\/wp-json\/wp\/v2\/media?parent=910"}],"curies":[{"name":"wp","href":"https:\/\/api.w.org\/{rel}","templated":true}]}}