{"id":50,"date":"2025-11-14T17:38:22","date_gmt":"2025-11-14T09:38:22","guid":{"rendered":"https:\/\/jinkosolarpv.com\/?page_id=50"},"modified":"2025-12-03T10:11:22","modified_gmt":"2025-12-03T02:11:22","slug":"descarregar","status":"publish","type":"page","link":"https:\/\/jinkosolarpv.com\/pt\/descarregar\/","title":{"rendered":"Descarregar"},"content":{"rendered":"<div data-elementor-type=\"wp-page\" data-elementor-id=\"50\" class=\"elementor elementor-50\" data-elementor-post-type=\"page\">\n\t\t\t\t<div class=\"elementor-element elementor-element-c641f88 e-flex e-con-boxed e-con e-parent\" data-id=\"c641f88\" data-element_type=\"container\" data-e-type=\"container\" data-settings=\"{&quot;background_background&quot;:&quot;classic&quot;}\">\n\t\t\t\t\t<div class=\"e-con-inner\">\n\t\t\t\t\t<\/div>\n\t\t\t\t<\/div>\n\t\t<div class=\"elementor-element elementor-element-939c052 e-flex e-con-boxed e-con e-parent\" data-id=\"939c052\" data-element_type=\"container\" data-e-type=\"container\" data-settings=\"{&quot;background_background&quot;:&quot;classic&quot;}\">\n\t\t\t\t\t<div class=\"e-con-inner\">\n\t\t<div class=\"elementor-element elementor-element-6aadfec e-con-full e-flex e-con e-child\" data-id=\"6aadfec\" data-element_type=\"container\" data-e-type=\"container\">\n\t\t\t\t<div class=\"elementor-element elementor-element-e3f54a3 elementor-widget elementor-widget-text-editor\" data-id=\"e3f54a3\" data-element_type=\"widget\" data-e-type=\"widget\" data-widget_type=\"text-editor.default\">\n\t\t\t\t\t\t\t\t\t<p>Posi\u00e7\u00e3o atual:<\/p>\t\t\t\t\t\t\t\t<\/div>\n\t\t\t\t<div class=\"elementor-element elementor-element-a6993e5 elementor-widget elementor-widget-woocommerce-breadcrumb\" data-id=\"a6993e5\" data-element_type=\"widget\" data-e-type=\"widget\" data-widget_type=\"woocommerce-breadcrumb.default\">\n\t\t\t\t\t<nav class=\"woocommerce-breadcrumb\" aria-label=\"Breadcrumb\" data-no-translation=\"\" data-trp-gettext=\"\">In\u00edcio<\/nav>\t\t\t\t<\/div>\n\t\t\t\t<\/div>\n\t\t\t\t\t<\/div>\n\t\t\t\t<\/div>\n\t\t<div class=\"elementor-element elementor-element-6717303 e-flex e-con-boxed e-con e-parent\" data-id=\"6717303\" data-element_type=\"container\" data-e-type=\"container\">\n\t\t\t\t\t<div class=\"e-con-inner\">\n\t\t<div class=\"elementor-element elementor-element-a229003 e-con-full e-flex e-con e-child\" data-id=\"a229003\" data-element_type=\"container\" data-e-type=\"container\">\n\t\t<div class=\"elementor-element elementor-element-0137838 e-con-full e-flex e-con e-child\" data-id=\"0137838\" data-element_type=\"container\" data-e-type=\"container\">\n\t\t\t\t<div class=\"elementor-element elementor-element-e7c79c8 elementor-widget elementor-widget-heading\" data-id=\"e7c79c8\" data-element_type=\"widget\" data-e-type=\"widget\" data-widget_type=\"heading.default\">\n\t\t\t\t\t<h2 class=\"elementor-heading-title elementor-size-default\">Descarregar<\/h2>\t\t\t\t<\/div>\n\t\t\t\t<div class=\"elementor-element elementor-element-5b514ed elementor-icon-list--layout-traditional elementor-list-item-link-full_width elementor-widget elementor-widget-icon-list\" data-id=\"5b514ed\" data-element_type=\"widget\" data-e-type=\"widget\" data-widget_type=\"icon-list.default\">\n\t\t\t\t\t\t\t<ul class=\"elementor-icon-list-items\">\n\t\t\t\t\t\t\t<li class=\"elementor-icon-list-item\">\n\t\t\t\t\t\t\t\t\t\t\t<a href=\"https:\/\/jinkosolarpv.com\/pt\/descarregar\/longi-download\/\">\n\n\t\t\t\t\t\t\t\t\t\t\t<span class=\"elementor-icon-list-text\">Longi<\/span>\n\t\t\t\t\t\t\t\t\t\t\t<\/a>\n\t\t\t\t\t\t\t\t\t<\/li>\n\t\t\t\t\t\t\t\t<li class=\"elementor-icon-list-item\">\n\t\t\t\t\t\t\t\t\t\t\t<a href=\"https:\/\/jinkosolarpv.com\/pt\/descarregar\/trina-download\/\">\n\n\t\t\t\t\t\t\t\t\t\t\t<span class=\"elementor-icon-list-text\">Trina<\/span>\n\t\t\t\t\t\t\t\t\t\t\t<\/a>\n\t\t\t\t\t\t\t\t\t<\/li>\n\t\t\t\t\t\t<\/ul>\n\t\t\t\t\t\t<\/div>\n\t\t\t\t<\/div>\n\t\t<div class=\"elementor-element elementor-element-c51d47c e-con-full e-flex e-con e-child\" data-id=\"c51d47c\" data-element_type=\"container\" data-e-type=\"container\">\n\t\t\t\t<div class=\"elementor-element elementor-element-9670e12 elementor-widget elementor-widget-heading\" data-id=\"9670e12\" data-element_type=\"widget\" data-e-type=\"widget\" data-widget_type=\"heading.default\">\n\t\t\t\t\t<h2 class=\"elementor-heading-title elementor-size-default\">Contacto<\/h2>\t\t\t\t<\/div>\n\t\t\t\t<div class=\"elementor-element elementor-element-1252fe8 elementor-icon-list--layout-traditional elementor-list-item-link-full_width elementor-widget elementor-widget-icon-list\" data-id=\"1252fe8\" data-element_type=\"widget\" data-e-type=\"widget\" data-widget_type=\"icon-list.default\">\n\t\t\t\t\t\t\t<ul class=\"elementor-icon-list-items\">\n\t\t\t\t\t\t\t<li class=\"elementor-icon-list-item\">\n\t\t\t\t\t\t\t\t\t\t\t<a href=\"tel:+86-13382226325\">\n\n\t\t\t\t\t\t\t\t\t\t\t<span class=\"elementor-icon-list-text\">Tel:+86-13382226325<\/span>\n\t\t\t\t\t\t\t\t\t\t\t<\/a>\n\t\t\t\t\t\t\t\t\t<\/li>\n\t\t\t\t\t\t\t\t<li class=\"elementor-icon-list-item\">\n\t\t\t\t\t\t\t\t\t\t\t<a href=\"https:\/\/wa.me\/+8615896489865\/\" target=\"_blank\" rel=\"noopener\">\n\n\t\t\t\t\t\t\t\t\t\t\t<span class=\"elementor-icon-list-text\">WhatsApp: +86-15896489865<\/span>\n\t\t\t\t\t\t\t\t\t\t\t<\/a>\n\t\t\t\t\t\t\t\t\t<\/li>\n\t\t\t\t\t\t\t\t<li class=\"elementor-icon-list-item\">\n\t\t\t\t\t\t\t\t\t\t\t<a href=\"mailto:sales@jinkosolarpv.com\">\n\n\t\t\t\t\t\t\t\t\t\t\t<span class=\"elementor-icon-list-text\">Correio eletr\u00f3nico: sales@jinkosolarpv.com<\/span>\n\t\t\t\t\t\t\t\t\t\t\t<\/a>\n\t\t\t\t\t\t\t\t\t<\/li>\n\t\t\t\t\t\t\t\t<li class=\"elementor-icon-list-item\">\n\t\t\t\t\t\t\t\t\t\t<span class=\"elementor-icon-list-text\">Endere\u00e7o: 6060 Science and Technology Park NO.1588 Zhonghui Avenue, Qianzhou Community, Wuxi city, China<\/span>\n\t\t\t\t\t\t\t\t\t<\/li>\n\t\t\t\t\t\t<\/ul>\n\t\t\t\t\t\t<\/div>\n\t\t\t\t<\/div>\n\t\t\t\t<\/div>\n\t\t<div class=\"elementor-element elementor-element-e1c4d5d e-con-full e-flex e-con e-child\" data-id=\"e1c4d5d\" data-element_type=\"container\" data-e-type=\"container\">\n\t\t\t\t<div class=\"elementor-element elementor-element-937ff13 elementor-widget elementor-widget-shortcode\" data-id=\"937ff13\" data-element_type=\"widget\" data-e-type=\"widget\" data-widget_type=\"shortcode.default\">\n\t\t\t\t\t\t\t<div class=\"elementor-shortcode\">\n<table id=\"tablepress-3\" class=\"tablepress tablepress-id-3\">\n<thead>\n<tr class=\"row-1\">\n\t<th class=\"column-1\">Nome do ficheiro<\/th><th class=\"column-2\">Introdu\u00e7\u00e3o ao ficheiro<\/th><th class=\"column-3\">Transfer\u00eancias<\/th><th class=\"column-4\">Tempo de atualiza\u00e7\u00e3o<\/th><th class=\"column-5\">Tamanho<\/th><th class=\"column-6\">Operar<\/th>\n<\/tr>\n<\/thead>\n<tbody class=\"row-hover\">\n<tr class=\"row-2\">\n\t<td class=\"column-1\">Certificado Longi<\/td><td class=\"column-2\">Certificado Longi<\/td><td class=\"column-3\">151<\/td><td class=\"column-4\">2024-08-13<\/td><td class=\"column-5\">1123KB<\/td><td class=\"column-6\"><a href=\"\/wp-content\/uploads\/2025\/11\/Longi-Certificate.zip\" <br \/>\n   Descarregar<br \/>\n<\/a><br \/>\n<\/td>\n<\/tr>\n<tr class=\"row-3\">\n\t<td class=\"column-1\">Certificado Trina<\/td><td class=\"column-2\">Certificado Trina<\/td><td class=\"column-3\">77<\/td><td class=\"column-4\">2024-08-13<\/td><td class=\"column-5\">7591KB<\/td><td class=\"column-6\"><a href=\"\/wp-content\/uploads\/2025\/11\/Trina-Certificate.zip\" <br \/>\n   Descarregar<br \/>\n<\/a><br \/>\n<\/td>\n<\/tr>\n<tr class=\"row-4\">\n\t<td class=\"column-1\">Certificado CSA<\/td><td class=\"column-2\">Certificado CSA<\/td><td class=\"column-3\">13<\/td><td class=\"column-4\">2024-08-13<\/td><td class=\"column-5\">1550KB<\/td><td class=\"column-6\"><a href=\"\/wp-content\/uploads\/2025\/11\/CSA.pdf\" <br \/>\n   Descarregar<br \/>\n<\/a><br \/>\n<\/td>\n<\/tr>\n<tr class=\"row-5\">\n\t<td class=\"column-1\">Certificado de Conformidade REEE<\/td><td class=\"column-2\">Certificado de Conformidade REEE<\/td><td class=\"column-3\">11<\/td><td class=\"column-4\">2024-08-13<\/td><td class=\"column-5\">78KB<\/td><td class=\"column-6\"><a href=\"\/wp-content\/uploads\/2025\/11\/Certificate_take-e-way_en.pdf\" <br \/>\n   Descarregar<br \/>\n<\/a><br \/>\n<\/td>\n<\/tr>\n<tr class=\"row-6\">\n\t<td class=\"column-1\">Certificado CE<\/td><td class=\"column-2\">Certificado CE<\/td><td class=\"column-3\">23<\/td><td class=\"column-4\">2024-08-13<\/td><td class=\"column-5\">2361KB<\/td><td class=\"column-6\"><a href=\"\/wp-content\/uploads\/2025\/11\/CE.pdf\" <br \/>\n   Descarregar<br \/>\n<\/a><br \/>\n<\/td>\n<\/tr>\n<tr class=\"row-7\">\n\t<td class=\"column-1\">25 anos de garantia do produto<\/td><td class=\"column-2\">A Canadian Solar passa a ter 25 anos de garantia de produto<\/td><td class=\"column-3\">19<\/td><td class=\"column-4\">2024-08-13<\/td><td class=\"column-5\">908KB<\/td><td class=\"column-6\"><a href=\"\/wp-content\/uploads\/2025\/11\/25-YR-Warranty-FLYER-A4-Global-final-1.pdf\" <br \/>\n   Descarregar<br \/>\n<\/a><br \/>\n<\/td>\n<\/tr>\n<tr class=\"row-8\">\n\t<td class=\"column-1\">Garantia limitada para m\u00f3dulos fotovoltaicos<\/td><td class=\"column-2\">Garantia limitada para m\u00f3dulos fotovoltaicos<\/td><td class=\"column-3\">14<\/td><td class=\"column-4\">2024-08-13<\/td><td class=\"column-5\">366KB<\/td><td class=\"column-6\"><a href=\"\/wp-content\/uploads\/2025\/11\/JA-Limited-Warranty.pdf\" <br \/>\n   Descarregar<br \/>\n<\/a><br \/>\n<\/td>\n<\/tr>\n<tr class=\"row-9\">\n\t<td class=\"column-1\">Autoriza\u00e7\u00e3o de marca\u00e7\u00e3o Intertek 02<\/td><td class=\"column-2\">Autoriza\u00e7\u00e3o de marca\u00e7\u00e3o da Intertek<\/td><td class=\"column-3\">4<\/td><td class=\"column-4\">2024-08-13<\/td><td class=\"column-5\">430KB<\/td><td class=\"column-6\"><a href=\"\/wp-content\/uploads\/2025\/11\/1701793488411108.pdf\" <br \/>\n   Descarregar<br \/>\n<\/a><br \/>\n<\/td>\n<\/tr>\n<tr class=\"row-10\">\n\t<td class=\"column-1\">Autoriza\u00e7\u00e3o de marca\u00e7\u00e3o Intertek 01<\/td><td class=\"column-2\">Autoriza\u00e7\u00e3o de marca\u00e7\u00e3o da Intertek<\/td><td class=\"column-3\">5<\/td><td class=\"column-4\">2024-08-13<\/td><td class=\"column-5\">435KB<\/td><td class=\"column-6\"><a href=\"\/wp-content\/uploads\/2025\/11\/1701793475248062.pdf\" <br \/>\n   Descarregar<br \/>\n<\/a><br \/>\n<\/td>\n<\/tr>\n<tr class=\"row-11\">\n\t<td class=\"column-1\">Certificado TUV 02<\/td><td class=\"column-2\">Certificado TUV<\/td><td class=\"column-3\">22<\/td><td class=\"column-4\">2024-08-13<\/td><td class=\"column-5\">509KB<\/td><td class=\"column-6\"><a href=\"\/wp-content\/uploads\/2025\/11\/JA-TUV-certificate2.pdf\" <br \/>\n   Descarregar<br \/>\n<\/a><\/td>\n<\/tr>\n<tr class=\"row-12\">\n\t<td class=\"column-1\">Certificado TUV 01<\/td><td class=\"column-2\">Certificado TUV<\/td><td class=\"column-3\">21<\/td><td class=\"column-4\">2024-08-13<\/td><td class=\"column-5\">411KB<\/td><td class=\"column-6\"><a href=\"\/wp-content\/uploads\/2025\/11\/JA-TUV-certificate.pdf\" <br \/>\n   Descarregar<br \/>\n<\/a><br \/>\n<\/td>\n<\/tr>\n<\/tbody>\n<\/table>\n<!-- #tablepress-3 from cache --><\/div>\n\t\t\t\t\t\t<\/div>\n\t\t\t\t<\/div>\n\t\t\t\t\t<\/div>\n\t\t\t\t<\/div>\n\t\t\t\t<\/div>","protected":false},"excerpt":{"rendered":"<p>Current positon: Download Longi Trina Contact Tel:+86-13382226325 WhatsApp: +86-15896489865 E-mail: sales@jinkosolarpv.com Add: 6060 Science and Technology Park NO.1588 Zhonghui Avenue,Qianzhou [&hellip;]<\/p>","protected":false},"author":2,"featured_media":0,"parent":0,"menu_order":0,"comment_status":"closed","ping_status":"closed","template":"","meta":{"site-sidebar-layout":"no-sidebar","site-content-layout":"","ast-site-content-layout":"full-width-container","site-content-style":"default","site-sidebar-style":"default","ast-global-header-display":"","ast-banner-title-visibility":"","ast-main-header-display":"","ast-hfb-above-header-display":"","ast-hfb-below-header-display":"","ast-hfb-mobile-header-display":"","site-post-title":"disabled","ast-breadcrumbs-content":"","ast-featured-img":"disabled","footer-sml-layout":"","theme-transparent-header-meta":"","adv-header-id-meta":"","stick-header-meta":"","header-above-stick-meta":"","header-main-stick-meta":"","header-below-stick-meta":"","astra-migrate-meta-layouts":"default","ast-page-background-enabled":"default","ast-page-background-meta":{"desktop":{"background-color":"var(--ast-global-color-5)","background-image":"","background-repeat":"repeat","background-position":"center center","background-size":"auto","background-attachment":"scroll","background-type":"","background-media":"","overlay-type":"","overlay-color":"","overlay-opacity":"","overlay-gradient":""},"tablet":{"background-color":"","background-image":"","background-repeat":"repeat","background-position":"center center","background-size":"auto","background-attachment":"scroll","background-type":"","background-media":"","overlay-type":"","overlay-color":"","overlay-opacity":"","overlay-gradient":""},"mobile":{"background-color":"","background-image":"","background-repeat":"repeat","background-position":"center center","background-size":"auto","background-attachment":"scroll","background-type":"","background-media":"","overlay-type":"","overlay-color":"","overlay-opacity":"","overlay-gradient":""}},"ast-content-background-meta":{"desktop":{"background-color":"var(--ast-global-color-4)","background-image":"","background-repeat":"repeat","background-position":"center center","background-size":"auto","background-attachment":"scroll","background-type":"","background-media":"","overlay-type":"","overlay-color":"","overlay-opacity":"","overlay-gradient":""},"tablet":{"background-color":"var(--ast-global-color-4)","background-image":"","background-repeat":"repeat","background-position":"center center","background-size":"auto","background-attachment":"scroll","background-type":"","background-media":"","overlay-type":"","overlay-color":"","overlay-opacity":"","overlay-gradient":""},"mobile":{"background-color":"var(--ast-global-color-4)","background-image":"","background-repeat":"repeat","background-position":"center center","background-size":"auto","background-attachment":"scroll","background-type":"","background-media":"","overlay-type":"","overlay-color":"","overlay-opacity":"","overlay-gradient":""}},"footnotes":""},"class_list":["post-50","page","type-page","status-publish","hentry"],"_hostinger_reach_plugin_has_subscription_block":false,"_hostinger_reach_plugin_is_elementor":false,"_links":{"self":[{"href":"https:\/\/jinkosolarpv.com\/pt\/wp-json\/wp\/v2\/pages\/50","targetHints":{"allow":["GET"]}}],"collection":[{"href":"https:\/\/jinkosolarpv.com\/pt\/wp-json\/wp\/v2\/pages"}],"about":[{"href":"https:\/\/jinkosolarpv.com\/pt\/wp-json\/wp\/v2\/types\/page"}],"author":[{"embeddable":true,"href":"https:\/\/jinkosolarpv.com\/pt\/wp-json\/wp\/v2\/users\/2"}],"replies":[{"embeddable":true,"href":"https:\/\/jinkosolarpv.com\/pt\/wp-json\/wp\/v2\/comments?post=50"}],"version-history":[{"count":28,"href":"https:\/\/jinkosolarpv.com\/pt\/wp-json\/wp\/v2\/pages\/50\/revisions"}],"predecessor-version":[{"id":1110,"href":"https:\/\/jinkosolarpv.com\/pt\/wp-json\/wp\/v2\/pages\/50\/revisions\/1110"}],"wp:attachment":[{"href":"https:\/\/jinkosolarpv.com\/pt\/wp-json\/wp\/v2\/media?parent=50"}],"curies":[{"name":"wp","href":"https:\/\/api.w.org\/{rel}","templated":true}]}}