{"id":707,"date":"2025-11-17T15:35:33","date_gmt":"2025-11-17T07:35:33","guid":{"rendered":"https:\/\/jinkosolarpv.com\/?post_type=product&#038;p=707"},"modified":"2025-11-27T11:49:10","modified_gmt":"2025-11-27T03:49:10","slug":"canadia-bihiku7-bifacial-mono-perc-cs7n-640w645w650w655w660w665w-670w","status":"publish","type":"product","link":"https:\/\/jinkosolarpv.com\/fr\/product\/canadia-bihiku7-bifacial-mono-perc-cs7n-640w645w650w655w660w665w-670w\/","title":{"rendered":"Canadia BiHiKu7 BIFACIAL MONO PERC CS7N-640w,645w,650w,655w,660w,665w 670w"},"content":{"rendered":"<p><strong>D\u00e9tails du produit<\/strong><\/p>\n<p>&nbsp;<\/p>\n<p>&nbsp;<\/p>\n<table width=\"379\" cellspacing=\"0\" cellpadding=\"0\">\n<colgroup>\n<col width=\"230\" \/>\n<col width=\"403\" \/><\/colgroup>\n<tbody>\n<tr class=\"firstRow\">\n<td class=\"et2 selectTdClass\" width=\"138\" height=\"28\">Sp\u00e9cification<\/td>\n<td class=\"et3 selectTdClass\" width=\"242\">Donn\u00e9es<\/td>\n<\/tr>\n<tr>\n<td class=\"et4 selectTdClass\" width=\"138\" height=\"22\">Type de cellule<\/td>\n<td class=\"et5 selectTdClass\" width=\"242\">Monocristallin<\/td>\n<\/tr>\n<tr>\n<td class=\"et4 selectTdClass\" width=\"138\" height=\"22\">Disposition des cellules<\/td>\n<td class=\"et5 selectTdClass\" width=\"242\">132[2x(11\u00d76)]<\/td>\n<\/tr>\n<tr>\n<td class=\"et4 selectTdClass\" width=\"138\" height=\"22\">Dimensions<\/td>\n<td class=\"et5 selectTdClass\" width=\"242\">2384 \u00d7 1303 \u00d7 33 mm (93,9 \u00d7 51,3 \u00d7 1,30 pouces)<\/td>\n<\/tr>\n<tr>\n<td class=\"et4 selectTdClass\" width=\"138\" height=\"22\">Poids<\/td>\n<td class=\"et5 selectTdClass\" width=\"242\">37,8 kg (83,3 lb)<\/td>\n<\/tr>\n<tr>\n<td class=\"et4 selectTdClass\" width=\"138\" height=\"39\">Verre frontal<\/td>\n<td class=\"et5 selectTdClass\" width=\"242\">Verre tremp\u00e9 de 2,0 mm avec anti-<br \/>\nrev\u00eatement r\u00e9fl\u00e9chissant<\/td>\n<\/tr>\n<tr>\n<td class=\"et4 selectTdClass\" width=\"138\" height=\"22\">Verre arri\u00e8re<\/td>\n<td class=\"et5 selectTdClass\" width=\"242\">Verre tremp\u00e9 de 2,0 mm<\/td>\n<\/tr>\n<tr>\n<td class=\"et4 selectTdClass\" width=\"138\" height=\"22\">Cadre<\/td>\n<td class=\"et5 selectTdClass\" width=\"242\">Alliage d'aluminium anodis\u00e9<\/td>\n<\/tr>\n<tr>\n<td class=\"et4 selectTdClass\" width=\"138\" height=\"22\">J-Box<\/td>\n<td class=\"et5 selectTdClass\" width=\"242\">IP68,3 diodes de d\u00e9rivation<\/td>\n<\/tr>\n<tr>\n<td class=\"et4 selectTdClass\" width=\"138\" height=\"22\">C\u00e2ble<\/td>\n<td class=\"et5 selectTdClass\" width=\"242\">4,0 mm\u00b2 (CEI), 10 AWG (UL)<\/td>\n<\/tr>\n<tr>\n<td class=\"et4 selectTdClass\" width=\"138\" height=\"39\">Longueur du c\u00e2ble<br \/>\n(Y compris Connecto<\/td>\n<td class=\"et5 selectTdClass\" width=\"242\">360 mm (+)\/200 mm (-) ou<br \/>\nr) longueur personnalis\u00e9e*<\/td>\n<\/tr>\n<tr>\n<td class=\"et4 selectTdClass\" width=\"138\" height=\"22\">Connecteur<\/td>\n<td class=\"et5 selectTdClass\" width=\"242\">T6 ou MC4-EVO2 ou MC4-EV02A<\/td>\n<\/tr>\n<tr>\n<td class=\"et4 selectTdClass\" width=\"138\" height=\"22\">Par palette<\/td>\n<td class=\"et5 selectTdClass\" width=\"242\">33 pi\u00e8ces<\/td>\n<\/tr>\n<tr>\n<td class=\"et6 selectTdClass\" width=\"138\" height=\"39\">Par conteneur (40 pieds)<br \/>\nSi\u00e8ge social)<\/td>\n<td class=\"et7 selectTdClass\" width=\"242\">594 pi\u00e8ces ou 495 pi\u00e8ces (uniquement pour les \u00c9tats-Unis et<br \/>\nCanada)<\/td>\n<\/tr>\n<\/tbody>\n<\/table>\n<p><strong>Description du produit<\/strong><\/p>\n<p>&nbsp;<\/p>\n<p>&nbsp;<\/p>\n<p>&nbsp;<\/p>\n<h2><\/h2>\n<p><strong>Canadien 640 W 645 W 650 W 655 W 660 W 665 W 670 W Panneau solaire d'entrep\u00f4t Panneau solaire mono \u00e0 demi-cellules noires<\/strong><\/p>\n<p>Nos modules photovolta\u00efques solaires sont con\u00e7us pour s'adapter \u00e0 diverses applications, notamment les installations r\u00e9sidentielles, commerciales et \u00e0 grande \u00e9chelle. Que vous soyez un propri\u00e9taire souhaitant r\u00e9duire ses co\u00fbts \u00e9nerg\u00e9tiques ou une entreprise visant \u00e0 atteindre des objectifs de d\u00e9veloppement durable, nos modules photovolta\u00efques solaires constituent la solution id\u00e9ale. Notre gamme de produits comprend des modules photovolta\u00efques solaires monocristallins et polycristallins, chacun pr\u00e9sentant des avantages et des caract\u00e9ristiques uniques. Parcourez notre large gamme de produits et trouvez le module photovolta\u00efque solaire qui correspond le mieux \u00e0 vos besoins et pr\u00e9f\u00e9rences sp\u00e9cifiques.<\/p>\n<p><strong><img decoding=\"async\" src=\"http:\/\/jinkosolarpv.com\/wp-content\/uploads\/2025\/11\/0a8ff866a2b6ef0184393444659b2080.png\" alt=\"\" title=\"\"><\/strong><\/p>","protected":false},"excerpt":{"rendered":"<p>Num\u00e9ro de module : BiHiKu7 BIFACIAL MONO PERC640w-670w<br \/>\nPoids : 37,8 kg<br \/>\nEmballage : 33 pi\u00e8ces\/palette ; 594 pi\u00e8ces\/40 hq<br \/>\nSp\u00e9cifications : 2384 x 1303 x 33 mm<br \/>\nMarque d\u00e9pos\u00e9e : Canadia Solar<br \/>\nOrigine : Chine<\/p>","protected":false},"featured_media":710,"comment_status":"open","ping_status":"closed","template":"","meta":{"site-sidebar-layout":"default","site-content-layout":"","ast-site-content-layout":"default","site-content-style":"default","site-sidebar-style":"default","ast-global-header-display":"","ast-banner-title-visibility":"","ast-main-header-display":"","ast-hfb-above-header-display":"","ast-hfb-below-header-display":"","ast-hfb-mobile-header-display":"","site-post-title":"","ast-breadcrumbs-content":"","ast-featured-img":"","footer-sml-layout":"","theme-transparent-header-meta":"default","adv-header-id-meta":"","stick-header-meta":"","header-above-stick-meta":"","header-main-stick-meta":"","header-below-stick-meta":"","astra-migrate-meta-layouts":"set","ast-page-background-enabled":"default","ast-page-background-meta":{"desktop":{"background-color":"var(--ast-global-color-5)","background-image":"","background-repeat":"repeat","background-position":"center center","background-size":"auto","background-attachment":"scroll","background-type":"","background-media":"","overlay-type":"","overlay-color":"","overlay-opacity":"","overlay-gradient":""},"tablet":{"background-color":"","background-image":"","background-repeat":"repeat","background-position":"center center","background-size":"auto","background-attachment":"scroll","background-type":"","background-media":"","overlay-type":"","overlay-color":"","overlay-opacity":"","overlay-gradient":""},"mobile":{"background-color":"","background-image":"","background-repeat":"repeat","background-position":"center center","background-size":"auto","background-attachment":"scroll","background-type":"","background-media":"","overlay-type":"","overlay-color":"","overlay-opacity":"","overlay-gradient":""}},"ast-content-background-meta":{"desktop":{"background-color":"var(--ast-global-color-4)","background-image":"","background-repeat":"repeat","background-position":"center center","background-size":"auto","background-attachment":"scroll","background-type":"","background-media":"","overlay-type":"","overlay-color":"","overlay-opacity":"","overlay-gradient":""},"tablet":{"background-color":"var(--ast-global-color-4)","background-image":"","background-repeat":"repeat","background-position":"center center","background-size":"auto","background-attachment":"scroll","background-type":"","background-media":"","overlay-type":"","overlay-color":"","overlay-opacity":"","overlay-gradient":""},"mobile":{"background-color":"var(--ast-global-color-4)","background-image":"","background-repeat":"repeat","background-position":"center center","background-size":"auto","background-attachment":"scroll","background-type":"","background-media":"","overlay-type":"","overlay-color":"","overlay-opacity":"","overlay-gradient":""}}},"product_brand":[],"product_cat":[32],"product_tag":[],"class_list":{"0":"post-707","1":"product","2":"type-product","3":"status-publish","4":"has-post-thumbnail","6":"product_cat-canadia-solar-panel","7":"desktop-align-left","8":"tablet-align-left","9":"mobile-align-left","11":"first","12":"instock","13":"shipping-taxable","14":"product-type-simple"},"_links":{"self":[{"href":"https:\/\/jinkosolarpv.com\/fr\/wp-json\/wp\/v2\/product\/707","targetHints":{"allow":["GET"]}}],"collection":[{"href":"https:\/\/jinkosolarpv.com\/fr\/wp-json\/wp\/v2\/product"}],"about":[{"href":"https:\/\/jinkosolarpv.com\/fr\/wp-json\/wp\/v2\/types\/product"}],"replies":[{"embeddable":true,"href":"https:\/\/jinkosolarpv.com\/fr\/wp-json\/wp\/v2\/comments?post=707"}],"wp:featuredmedia":[{"embeddable":true,"href":"https:\/\/jinkosolarpv.com\/fr\/wp-json\/wp\/v2\/media\/710"}],"wp:attachment":[{"href":"https:\/\/jinkosolarpv.com\/fr\/wp-json\/wp\/v2\/media?parent=707"}],"wp:term":[{"taxonomy":"product_brand","embeddable":true,"href":"https:\/\/jinkosolarpv.com\/fr\/wp-json\/wp\/v2\/product_brand?post=707"},{"taxonomy":"product_cat","embeddable":true,"href":"https:\/\/jinkosolarpv.com\/fr\/wp-json\/wp\/v2\/product_cat?post=707"},{"taxonomy":"product_tag","embeddable":true,"href":"https:\/\/jinkosolarpv.com\/fr\/wp-json\/wp\/v2\/product_tag?post=707"}],"curies":[{"name":"wp","href":"https:\/\/api.w.org\/{rel}","templated":true}]}}