{"id":683,"date":"2025-11-17T15:26:26","date_gmt":"2025-11-17T07:26:26","guid":{"rendered":"https:\/\/jinkosolarpv.com\/?post_type=product&#038;p=683"},"modified":"2025-11-27T11:50:48","modified_gmt":"2025-11-27T03:50:48","slug":"canadia-bifacial-mono-perc-bihiku7-cs7l-580w-585w590w595w600w605w610w","status":"publish","type":"product","link":"https:\/\/jinkosolarpv.com\/fr\/product\/canadia-bifacial-mono-perc-bihiku7-cs7l-580w-585w590w595w600w605w610w\/","title":{"rendered":"Canadia BIFACIAL MONO PERC BiHiKu7 CS7L-580w, 585w,590w,595w,600w,605w,610w"},"content":{"rendered":"<p><strong>D\u00e9tails du produit<\/strong><\/p>\n<p>&nbsp;<\/p>\n<table width=\"450\" cellspacing=\"0\" cellpadding=\"0\">\n<colgroup>\n<col width=\"241\" \/>\n<col width=\"321\" \/><\/colgroup>\n<tbody>\n<tr class=\"firstRow\">\n<td width=\"193\" height=\"30\">Type de cellule<\/td>\n<td width=\"257\">Monocristallin<\/td>\n<\/tr>\n<tr>\n<td width=\"193\" height=\"30\">Disposition des cellules<\/td>\n<td width=\"257\">120 [2 \u00d7 (10 \u00d7 6)]<\/td>\n<\/tr>\n<tr>\n<td width=\"193\" height=\"52\">Dimensions<\/td>\n<td width=\"257\">2172 \u00d7 1303 \u00d7 33 mm<br \/>\n(85,5 \u00d7 51,3 \u00d7 1,30  pouces)<\/td>\n<\/tr>\n<tr>\n<td width=\"193\" height=\"30\">Poids<\/td>\n<td width=\"257\">34,5 kg (76,1 lb)<\/td>\n<\/tr>\n<tr>\n<td width=\"193\" height=\"52\">Couverture<\/td>\n<td width=\"257\">Verre tremp\u00e9 de 2,0 mm avec anti-<br \/>\nrev\u00eatement r\u00e9fl\u00e9chissant<\/td>\n<\/tr>\n<tr>\n<td width=\"193\" height=\"30\">Cadre<\/td>\n<td width=\"257\">Alliage d'aluminium anodis\u00e9<\/td>\n<\/tr>\n<tr>\n<td width=\"193\" height=\"30\">J-Box<\/td>\n<td width=\"257\">IP68,3 diodes de d\u00e9rivation<\/td>\n<\/tr>\n<tr>\n<td width=\"193\" height=\"30\">C\u00e2ble<\/td>\n<td width=\"257\">4,0 mm\u00b2 (CEI), 10 AWG (UL)<\/td>\n<\/tr>\n<tr>\n<td width=\"193\" height=\"52\">Connecteur<\/td>\n<td width=\"257\">T6 ou T4 ou MC4-EVO2 ou MC4-<br \/>\nEVO2A<\/td>\n<\/tr>\n<tr>\n<td width=\"193\" height=\"52\">Longueur du c\u00e2ble<br \/>\n(Connecteur inclus)<\/td>\n<td width=\"257\">360 mm (14,2 pouces) (+) \/ 200 mm (7,9 pouces) (-) ou<\/p>\n<p>longueur personnalis\u00e9e*<\/td>\n<\/tr>\n<tr>\n<td width=\"193\" height=\"30\">Par palette<\/td>\n<td width=\"257\">33 pi\u00e8ces<\/td>\n<\/tr>\n<tr>\n<td colspan=\"1\" rowspan=\"1\">Par conteneur (40 pieds HQ)<\/td>\n<td colspan=\"1\" rowspan=\"1\">594 pi\u00e8ces ou 528 pi\u00e8ces (uniquement pour les \u00c9tats-Unis et<\/p>\n<p>Canada<\/td>\n<\/tr>\n<\/tbody>\n<\/table>\n<p><strong>Description du produit<\/strong><\/p>\n<p>&nbsp;<\/p>\n<p>&nbsp;<\/p>\n<p>&nbsp;<\/p>\n<h2><strong>Canadia BIFACIAL MONO PERC BiHiKu7 CS7L-580w, 585w,590w,595w,600w,605w,610w<\/strong><\/h2>\n<p>Les panneaux solaires monocristallins ont de nombreuses applications, comme suit :<\/p>\n<ul class=\"list-paddingleft-2\">\n<li><strong>\u00b7<\/strong>\u00a0Plus efficaces, ces panneaux peuvent produire davantage d'\u00e9lectricit\u00e9 pour une surface identique \u00e0 celle occup\u00e9e par des panneaux fabriqu\u00e9s \u00e0 partir d'autres mat\u00e9riaux.\u00a0<strong>\u00b7<\/strong>\u00a0Ces panneaux sont tr\u00e8s populaires parmi les toitures solaires dans les zones urbaines et rurales.<\/li>\n<li><strong>\u00b7<\/strong>\u00a0Ces panneaux sont fortement recommand\u00e9s pour les applications solaires \u00e0 grande \u00e9chelle, sur de vastes \u00e9tendues de terres incultes.<\/li>\n<li><strong>\u00b7<\/strong>\u00a0Les panneaux plus petits, qui produisent entre 5 et 25 watts d'\u00e9lectricit\u00e9, sont utiles pour recharger les t\u00e9l\u00e9phones, les appareils photo et les ordinateurs portables.<\/li>\n<li><strong>\u00b7<\/strong>\u00a0Les panneaux g\u00e9n\u00e9rant entre 40 et 130 watts sont utiles pour alimenter des appareils \u00e0 forte puissance tels que les r\u00e9frig\u00e9rateurs et les fours \u00e0 micro-ondes.<\/li>\n<li><strong>\u00b7<\/strong>\u00a0Ces panneaux sont extr\u00eamement utiles pour \u00e9clairer les jardins.<\/li>\n<li><strong>\u00b7<\/strong>\u00a0Ces panneaux peuvent former un r\u00e9seau et sont utilis\u00e9s pour alimenter les habitations rurales en \u00e9lectricit\u00e9.<\/li>\n<li><strong>\u00b7<\/strong>\u00a0Ces panneaux sont parfaits pour l'\u00e9clairage public en tant que panneaux autonomes.<\/li>\n<\/ul>\n<p><strong>Module PERC double cellule haute puissance<\/strong><\/p>\n<p>\u00b7 Wafer de 210 mm + double cellule 132\/120 + technologie PERC<\/p>\n<p>\u00b7 Puissance du module jusqu'\u00e0 670 W<\/p>\n<p>\u00b7 Rendement \u00e9nerg\u00e9tique sup\u00e9rieur de 0,41 TP3T pendant la dur\u00e9e de vie du module<\/p>\n<p><strong>R\u00e9duction des co\u00fbts BOS et LCOE<\/strong><\/p>\n<p>\u00b7 R\u00e9duire le co\u00fbt BOS de 5,71 TP3T<\/p>\n<p>\u00b7 3,51 TP3T de LCOE inf\u00e9rieur<\/p>\n<p>\u00b7 Compatible avec les onduleurs courants<\/p>\n<p><strong>Fiabilit\u00e9 am\u00e9lior\u00e9e<\/strong><\/p>\n<p>\u00b7 Technologie compl\u00e8te d'att\u00e9nuation LID \/ LeTID, d\u00e9gradation r\u00e9duite jusqu'\u00e0 50%<\/p>\n<p>\u00b7 Excellentes performances dans les zones \u00e0 forte concentration<\/p>\n<p>\u00b7 Meilleure tol\u00e9rance \u00e0 l'ombrage<\/p>\n<p><strong><img decoding=\"async\" src=\"http:\/\/jinkosolarpv.com\/wp-content\/uploads\/2025\/11\/b9c37f4474784937a768869e0c5b10fe.png\" alt=\"\" title=\"\"><\/strong><\/p>","protected":false},"excerpt":{"rendered":"<p>Lieu d'origine : Jiangsu, Chine<br \/>\nNom de marque : Panneau solaire canadien<br \/>\nCertification : CGC, ISO9001:2015, TUV SUD, PV, CNAS,<br \/>\nNum\u00e9ro de mod\u00e8le : HiKu7-CS7L-MS<\/p>","protected":false},"featured_media":685,"comment_status":"open","ping_status":"closed","template":"","meta":{"site-sidebar-layout":"default","site-content-layout":"","ast-site-content-layout":"default","site-content-style":"default","site-sidebar-style":"default","ast-global-header-display":"","ast-banner-title-visibility":"","ast-main-header-display":"","ast-hfb-above-header-display":"","ast-hfb-below-header-display":"","ast-hfb-mobile-header-display":"","site-post-title":"","ast-breadcrumbs-content":"","ast-featured-img":"","footer-sml-layout":"","theme-transparent-header-meta":"default","adv-header-id-meta":"","stick-header-meta":"","header-above-stick-meta":"","header-main-stick-meta":"","header-below-stick-meta":"","astra-migrate-meta-layouts":"set","ast-page-background-enabled":"default","ast-page-background-meta":{"desktop":{"background-color":"var(--ast-global-color-5)","background-image":"","background-repeat":"repeat","background-position":"center center","background-size":"auto","background-attachment":"scroll","background-type":"","background-media":"","overlay-type":"","overlay-color":"","overlay-opacity":"","overlay-gradient":""},"tablet":{"background-color":"","background-image":"","background-repeat":"repeat","background-position":"center center","background-size":"auto","background-attachment":"scroll","background-type":"","background-media":"","overlay-type":"","overlay-color":"","overlay-opacity":"","overlay-gradient":""},"mobile":{"background-color":"","background-image":"","background-repeat":"repeat","background-position":"center center","background-size":"auto","background-attachment":"scroll","background-type":"","background-media":"","overlay-type":"","overlay-color":"","overlay-opacity":"","overlay-gradient":""}},"ast-content-background-meta":{"desktop":{"background-color":"var(--ast-global-color-4)","background-image":"","background-repeat":"repeat","background-position":"center center","background-size":"auto","background-attachment":"scroll","background-type":"","background-media":"","overlay-type":"","overlay-color":"","overlay-opacity":"","overlay-gradient":""},"tablet":{"background-color":"var(--ast-global-color-4)","background-image":"","background-repeat":"repeat","background-position":"center center","background-size":"auto","background-attachment":"scroll","background-type":"","background-media":"","overlay-type":"","overlay-color":"","overlay-opacity":"","overlay-gradient":""},"mobile":{"background-color":"var(--ast-global-color-4)","background-image":"","background-repeat":"repeat","background-position":"center center","background-size":"auto","background-attachment":"scroll","background-type":"","background-media":"","overlay-type":"","overlay-color":"","overlay-opacity":"","overlay-gradient":""}}},"product_brand":[],"product_cat":[32],"product_tag":[],"class_list":{"0":"post-683","1":"product","2":"type-product","3":"status-publish","4":"has-post-thumbnail","6":"product_cat-canadia-solar-panel","7":"desktop-align-left","8":"tablet-align-left","9":"mobile-align-left","11":"first","12":"instock","13":"shipping-taxable","14":"product-type-simple"},"_links":{"self":[{"href":"https:\/\/jinkosolarpv.com\/fr\/wp-json\/wp\/v2\/product\/683","targetHints":{"allow":["GET"]}}],"collection":[{"href":"https:\/\/jinkosolarpv.com\/fr\/wp-json\/wp\/v2\/product"}],"about":[{"href":"https:\/\/jinkosolarpv.com\/fr\/wp-json\/wp\/v2\/types\/product"}],"replies":[{"embeddable":true,"href":"https:\/\/jinkosolarpv.com\/fr\/wp-json\/wp\/v2\/comments?post=683"}],"wp:featuredmedia":[{"embeddable":true,"href":"https:\/\/jinkosolarpv.com\/fr\/wp-json\/wp\/v2\/media\/685"}],"wp:attachment":[{"href":"https:\/\/jinkosolarpv.com\/fr\/wp-json\/wp\/v2\/media?parent=683"}],"wp:term":[{"taxonomy":"product_brand","embeddable":true,"href":"https:\/\/jinkosolarpv.com\/fr\/wp-json\/wp\/v2\/product_brand?post=683"},{"taxonomy":"product_cat","embeddable":true,"href":"https:\/\/jinkosolarpv.com\/fr\/wp-json\/wp\/v2\/product_cat?post=683"},{"taxonomy":"product_tag","embeddable":true,"href":"https:\/\/jinkosolarpv.com\/fr\/wp-json\/wp\/v2\/product_tag?post=683"}],"curies":[{"name":"wp","href":"https:\/\/api.w.org\/{rel}","templated":true}]}}