{"id":582,"date":"2025-11-17T14:40:23","date_gmt":"2025-11-17T06:40:23","guid":{"rendered":"https:\/\/jinkosolarpv.com\/?post_type=product&#038;p=582"},"modified":"2025-11-27T11:56:31","modified_gmt":"2025-11-27T03:56:31","slug":"ja-solar-n-type-double-vitrage-bifacial-jam72d42lb-625w630w635w640w645w650w","status":"publish","type":"product","link":"https:\/\/jinkosolarpv.com\/fr\/product\/ja-solar-n-type-double-vitrage-bifacial-jam72d42lb-625w630w635w640w645w650w\/","title":{"rendered":"JA Solar N-type Double Glass Bifacial JAM72D42LB 625w,630w,635w,640w,645w,650w"},"content":{"rendered":"<p class=\"\"><strong>D\u00e9tails du produit<\/strong><\/p>\n<p>&nbsp;<\/p>\n<p>&nbsp;<\/p>\n<p>&nbsp;<\/p>\n<table width=\"346\" cellspacing=\"0\" cellpadding=\"0\" data-sort=\"sortDisabled\">\n<colgroup>\n<col width=\"245\" \/>\n<col width=\"332\" \/><\/colgroup>\n<tbody>\n<tr class=\"firstRow\">\n<td class=\"et2\" width=\"147\" height=\"22\">Cellule<\/td>\n<td class=\"et2\" width=\"199\">Mono<\/td>\n<\/tr>\n<tr>\n<td class=\"et3\" width=\"147\" height=\"22\">Poids<\/td>\n<td class=\"et3\" width=\"199\">34,6 kg<\/td>\n<\/tr>\n<tr>\n<td class=\"et4\" width=\"147\" height=\"22\">Dimensions<\/td>\n<td class=\"et4\" width=\"199\">2465 \u00b1 2 mm \u00d7 1134 \u00b1 2 mm \u00d7 30 \u00b1 1 mm<\/td>\n<\/tr>\n<tr>\n<td class=\"et3\" width=\"147\" height=\"22\">Section transversale du c\u00e2ble<\/td>\n<td class=\"et3\" width=\"199\">4 mm\u00b2 (CEI), 12 AWG (UL)<\/td>\n<\/tr>\n<tr>\n<td class=\"et4\" width=\"147\" height=\"22\">Nombre de cellules<\/td>\n<td class=\"et4\" width=\"199\">144(6\u00d724)<\/td>\n<\/tr>\n<tr>\n<td class=\"et3\" width=\"147\" height=\"22\">Bo\u00eete de jonction<\/td>\n<td class=\"et3\" width=\"199\">Diodes IP68,3<\/td>\n<\/tr>\n<tr>\n<td class=\"et4\" width=\"147\" height=\"22\">Connecteur<\/td>\n<td class=\"et4\" width=\"199\">QC 4.10-351\/MC4-EVO2A<\/td>\n<\/tr>\n<tr>\n<td class=\"et3\" width=\"147\" height=\"22\">Verre avant\/Verre arri\u00e8re<\/td>\n<td class=\"et3\" width=\"199\">2,0 mm\/2,0 mm<\/td>\n<\/tr>\n<tr>\n<td class=\"et4\" colspan=\"1\" rowspan=\"2\" width=\"147\">Longueur du c\u00e2ble<br \/>\n(Connecteur inclus)<\/td>\n<td class=\"et4\" colspan=\"1\" rowspan=\"2\" width=\"199\">Portrait : 300 mm (+)\/400 mm (-);<br \/>\nPaysage : 1 500 mm (+)\/1 500 mm (-)<\/td>\n<\/tr>\n<tr>\n<td class=\"et3\" rowspan=\"2\" width=\"147\" height=\"45\">Configuration de l'emballage<\/td>\n<td class=\"et3\" rowspan=\"2\" width=\"199\">36 pi\u00e8ces\/palette<br \/>\n576 pi\u00e8ces\/conteneur 40HQ<\/td>\n<\/tr>\n<\/tbody>\n<\/table>\n<p>Description du produit<\/p>\n<p>&nbsp;<\/p>\n<p>&nbsp;<\/p>\n<p>&nbsp;<\/p>\n<p>&nbsp;<\/p>\n<p>&nbsp;<\/p>\n<p><strong>JA Solar N-type Double Glass Bifacial JAM72D42LB 625w,630w,635w,640w,645w,650w<\/strong><\/p>\n<p>La technologie des panneaux solaires monocristallins a \u00e9volu\u00e9 au fil du temps, les progr\u00e8s r\u00e9alis\u00e9s dans les processus de fabrication et les mat\u00e9riaux ayant permis d'am\u00e9liorer leur efficacit\u00e9, leur durabilit\u00e9 et leur esth\u00e9tique. Des innovations telles que la technologie PERC (Passivated Emitter Rear Cell) et les conceptions de cellules demi-coup\u00e9es ont encore am\u00e9lior\u00e9 les performances de ces panneaux.<\/p>\n<p>\u00b7 Co\u00fbt actualis\u00e9 de l'\u00e9nergie (LCOE) inf\u00e9rieur<\/p>\n<p>\u00b7 Puissance de sortie plus \u00e9lev\u00e9e<\/p>\n<p>\u00b7 Meilleure tol\u00e9rance aux charges m\u00e9caniques<\/p>\n<p>\u00b7 Moins d'ombrage et moins de pertes par r\u00e9sistance<\/p>\n<p><strong><img decoding=\"async\" src=\"http:\/\/jinkosolarpv.com\/wp-content\/uploads\/2025\/11\/0dc054ffca5fdd81cf5e69d269ee2506.png\" alt=\"\" title=\"\"><\/strong><\/p>","protected":false},"excerpt":{"rendered":"<p>Num\u00e9ro de module : JAM72D42LB 625-650 W<br \/>\nPoids : 34,6 kg<br \/>\nEmballage : 36 pi\u00e8ces\/palette ; 576 pi\u00e8ces\/40hq<br \/>\nSp\u00e9cifications : 2465 x 1134 x 30 mm<br \/>\nMarque d\u00e9pos\u00e9e : JA Solar<br \/>\nOrigine : Chine<\/p>","protected":false},"featured_media":583,"comment_status":"open","ping_status":"closed","template":"","meta":{"site-sidebar-layout":"default","site-content-layout":"","ast-site-content-layout":"default","site-content-style":"default","site-sidebar-style":"default","ast-global-header-display":"","ast-banner-title-visibility":"","ast-main-header-display":"","ast-hfb-above-header-display":"","ast-hfb-below-header-display":"","ast-hfb-mobile-header-display":"","site-post-title":"","ast-breadcrumbs-content":"","ast-featured-img":"","footer-sml-layout":"","theme-transparent-header-meta":"default","adv-header-id-meta":"","stick-header-meta":"","header-above-stick-meta":"","header-main-stick-meta":"","header-below-stick-meta":"","astra-migrate-meta-layouts":"set","ast-page-background-enabled":"default","ast-page-background-meta":{"desktop":{"background-color":"var(--ast-global-color-5)","background-image":"","background-repeat":"repeat","background-position":"center center","background-size":"auto","background-attachment":"scroll","background-type":"","background-media":"","overlay-type":"","overlay-color":"","overlay-opacity":"","overlay-gradient":""},"tablet":{"background-color":"","background-image":"","background-repeat":"repeat","background-position":"center center","background-size":"auto","background-attachment":"scroll","background-type":"","background-media":"","overlay-type":"","overlay-color":"","overlay-opacity":"","overlay-gradient":""},"mobile":{"background-color":"","background-image":"","background-repeat":"repeat","background-position":"center center","background-size":"auto","background-attachment":"scroll","background-type":"","background-media":"","overlay-type":"","overlay-color":"","overlay-opacity":"","overlay-gradient":""}},"ast-content-background-meta":{"desktop":{"background-color":"var(--ast-global-color-4)","background-image":"","background-repeat":"repeat","background-position":"center center","background-size":"auto","background-attachment":"scroll","background-type":"","background-media":"","overlay-type":"","overlay-color":"","overlay-opacity":"","overlay-gradient":""},"tablet":{"background-color":"var(--ast-global-color-4)","background-image":"","background-repeat":"repeat","background-position":"center center","background-size":"auto","background-attachment":"scroll","background-type":"","background-media":"","overlay-type":"","overlay-color":"","overlay-opacity":"","overlay-gradient":""},"mobile":{"background-color":"var(--ast-global-color-4)","background-image":"","background-repeat":"repeat","background-position":"center center","background-size":"auto","background-attachment":"scroll","background-type":"","background-media":"","overlay-type":"","overlay-color":"","overlay-opacity":"","overlay-gradient":""}}},"product_brand":[],"product_cat":[26],"product_tag":[],"class_list":{"0":"post-582","1":"product","2":"type-product","3":"status-publish","4":"has-post-thumbnail","6":"product_cat-ja-solar-panel","7":"desktop-align-left","8":"tablet-align-left","9":"mobile-align-left","11":"first","12":"instock","13":"shipping-taxable","14":"product-type-simple"},"_links":{"self":[{"href":"https:\/\/jinkosolarpv.com\/fr\/wp-json\/wp\/v2\/product\/582","targetHints":{"allow":["GET"]}}],"collection":[{"href":"https:\/\/jinkosolarpv.com\/fr\/wp-json\/wp\/v2\/product"}],"about":[{"href":"https:\/\/jinkosolarpv.com\/fr\/wp-json\/wp\/v2\/types\/product"}],"replies":[{"embeddable":true,"href":"https:\/\/jinkosolarpv.com\/fr\/wp-json\/wp\/v2\/comments?post=582"}],"wp:featuredmedia":[{"embeddable":true,"href":"https:\/\/jinkosolarpv.com\/fr\/wp-json\/wp\/v2\/media\/583"}],"wp:attachment":[{"href":"https:\/\/jinkosolarpv.com\/fr\/wp-json\/wp\/v2\/media?parent=582"}],"wp:term":[{"taxonomy":"product_brand","embeddable":true,"href":"https:\/\/jinkosolarpv.com\/fr\/wp-json\/wp\/v2\/product_brand?post=582"},{"taxonomy":"product_cat","embeddable":true,"href":"https:\/\/jinkosolarpv.com\/fr\/wp-json\/wp\/v2\/product_cat?post=582"},{"taxonomy":"product_tag","embeddable":true,"href":"https:\/\/jinkosolarpv.com\/fr\/wp-json\/wp\/v2\/product_tag?post=582"}],"curies":[{"name":"wp","href":"https:\/\/api.w.org\/{rel}","templated":true}]}}