{"id":538,"date":"2025-11-17T14:27:27","date_gmt":"2025-11-17T06:27:27","guid":{"rendered":"https:\/\/jinkosolarpv.com\/?post_type=product&#038;p=538"},"modified":"2025-11-27T11:59:08","modified_gmt":"2025-11-27T03:59:08","slug":"ja-solar-mbb-bifacial-mono-perc-demi-cellule-double-verre-jam72d30-525w530w535w540w545w550w","status":"publish","type":"product","link":"https:\/\/jinkosolarpv.com\/fr\/product\/ja-solar-mbb-bifacial-mono-perc-demi-cellule-double-verre-jam72d30-525w530w535w540w545w550w\/","title":{"rendered":"JA Solar MBB Bifacial Mono PERC Half Celf Double GlassJAM72D30 525w,530w,535w,540w,545w,550w"},"content":{"rendered":"<p><strong>D\u00e9tails du produit<\/strong><\/p>\n<p>&nbsp;<\/p>\n<p>&nbsp;<\/p>\n<p>&nbsp;<\/p>\n<table width=\"510\" cellspacing=\"0\" cellpadding=\"0\">\n<colgroup>\n<col width=\"270\" \/>\n<col width=\"368\" \/><\/colgroup>\n<tbody>\n<tr class=\"firstRow\">\n<td class=\"selectTdClass\" width=\"216\" height=\"30\">Cellule<\/td>\n<td class=\"selectTdClass\" width=\"295\">\u00a0 Mono<\/td>\n<\/tr>\n<tr>\n<td class=\"selectTdClass\" width=\"216\" height=\"30\">Poids<\/td>\n<td class=\"selectTdClass\" width=\"295\">\u00a0 31,8 kg<\/td>\n<\/tr>\n<tr>\n<td class=\"selectTdClass\" width=\"216\" height=\"30\">Dimensions<\/td>\n<td class=\"selectTdClass\" width=\"295\">\u00a0 2278 \u00b1 2 mm \u00d7 1134 \u00b1 2 mm \u00d7 35 \u00b1 1 mm<\/td>\n<\/tr>\n<tr>\n<td class=\"selectTdClass\" width=\"216\" height=\"30\">Section transversale du c\u00e2ble<\/td>\n<td class=\"selectTdClass\" width=\"295\">\u00a0 4 mm\u00b2 (CEI), 12 AWG (UL)<\/td>\n<\/tr>\n<tr>\n<td class=\"selectTdClass\" width=\"216\" height=\"30\">Nombre de cellules<\/td>\n<td class=\"selectTdClass\" width=\"295\">\u00a0 144(6\u00d724)<\/td>\n<\/tr>\n<tr>\n<td class=\"selectTdClass\" width=\"216\" height=\"30\">Bo\u00eete de jonction<\/td>\n<td class=\"selectTdClass\" width=\"295\">\u00a0 Diodes IP68,3<\/td>\n<\/tr>\n<tr>\n<td class=\"selectTdClass\" width=\"216\" height=\"30\">Connecteur<\/td>\n<td class=\"selectTdClass\" width=\"295\">\u00a0 MC4-EVO2\/ QC 4.10-35<\/td>\n<\/tr>\n<tr>\n<td class=\"selectTdClass\" width=\"216\" height=\"74\">Longueur du c\u00e2ble<br \/>\n(Connecteur inclus)<\/td>\n<td class=\"selectTdClass\" width=\"295\">\u00a0 Portrait : 300 mm (+)\/400 mm (-);<br \/>\nPaysage : 1300 mm (+)\/1300 mm (-)<\/td>\n<\/tr>\n<tr>\n<td class=\"selectTdClass\" width=\"216\" height=\"30\">Verre avant\/Verre arri\u00e8re<\/td>\n<td class=\"selectTdClass\" width=\"295\">\u00a0 2,0 mm\/2,0 mm<\/td>\n<\/tr>\n<tr>\n<td class=\"selectTdClass\" width=\"216\" height=\"30\">Configuration de l'emballage<\/td>\n<td class=\"selectTdClass\" width=\"295\">\u00a0 31 pi\u00e8ces\/palette, 496 pi\u00e8ces\/conteneur 40HQ<\/td>\n<\/tr>\n<\/tbody>\n<\/table>\n<p>Description du produit<\/p>\n<p>&nbsp;<\/p>\n<p>&nbsp;<\/p>\n<p>&nbsp;<\/p>\n<p><strong>JA  525W 530W 535W 540W 545W 550W Panneau solaire en Chine Panneaux solaires \u00e0 demi-cellules<\/strong><\/p>\n<p>Une fois install\u00e9s, les panneaux solaires monocristallins ne n\u00e9cessitent qu'un entretien minimal, ce qui en fait une option int\u00e9ressante pour ceux qui recherchent une source d'\u00e9nergie renouvelable n\u00e9cessitant peu d'entretien. Un nettoyage r\u00e9gulier pour \u00e9liminer la poussi\u00e8re et les d\u00e9bris suffit g\u00e9n\u00e9ralement pour que les panneaux fonctionnent \u00e0 leur rendement maximal.<\/p>\n<p>Assembl\u00e9s avec des cellules PERC 11BB, la configuration demi-cellule des modules offre les avantages suivants : puissance de sortie plus \u00e9lev\u00e9e, meilleures performances en fonction de la temp\u00e9rature, effet d'ombrage r\u00e9duit sur la production d'\u00e9nergie, risque moindre de points chauds, ainsi qu'une tol\u00e9rance accrue aux charges m\u00e9caniques.<\/p>\n<p>\u00b7 Co\u00fbt actualis\u00e9 de l'\u00e9nergie (LCOE) inf\u00e9rieur<\/p>\n<p>\u00b7 Puissance de sortie plus \u00e9lev\u00e9e<\/p>\n<p>\u00b7 Meilleure tol\u00e9rance aux charges m\u00e9caniques<\/p>\n<p>\u00b7 Moins d'ombrage et moins de pertes par r\u00e9sistance<\/p>\n<p><strong><img decoding=\"async\" src=\"http:\/\/jinkosolarpv.com\/wp-content\/uploads\/2025\/11\/a02fca65c4f6b3f02362ae6c35f6625b.png\" alt=\"\" title=\"\"><\/strong><\/p>","protected":false},"excerpt":{"rendered":"<p>Num\u00e9ro du module : JAM72D30 525-550 W<br \/>\nPoids : 31,8 kg<br \/>\nEmballage:36pcs\/palette;720pcs\/40hq<br \/>\nSp\u00e9cifications : 2278 x 1134 x 30 mm<br \/>\nMarque d\u00e9pos\u00e9e : JA Solar<br \/>\nOrigine : Chine<\/p>","protected":false},"featured_media":544,"comment_status":"open","ping_status":"closed","template":"","meta":{"site-sidebar-layout":"default","site-content-layout":"","ast-site-content-layout":"default","site-content-style":"default","site-sidebar-style":"default","ast-global-header-display":"","ast-banner-title-visibility":"","ast-main-header-display":"","ast-hfb-above-header-display":"","ast-hfb-below-header-display":"","ast-hfb-mobile-header-display":"","site-post-title":"","ast-breadcrumbs-content":"","ast-featured-img":"","footer-sml-layout":"","theme-transparent-header-meta":"default","adv-header-id-meta":"","stick-header-meta":"","header-above-stick-meta":"","header-main-stick-meta":"","header-below-stick-meta":"","astra-migrate-meta-layouts":"set","ast-page-background-enabled":"default","ast-page-background-meta":{"desktop":{"background-color":"var(--ast-global-color-5)","background-image":"","background-repeat":"repeat","background-position":"center center","background-size":"auto","background-attachment":"scroll","background-type":"","background-media":"","overlay-type":"","overlay-color":"","overlay-opacity":"","overlay-gradient":""},"tablet":{"background-color":"","background-image":"","background-repeat":"repeat","background-position":"center center","background-size":"auto","background-attachment":"scroll","background-type":"","background-media":"","overlay-type":"","overlay-color":"","overlay-opacity":"","overlay-gradient":""},"mobile":{"background-color":"","background-image":"","background-repeat":"repeat","background-position":"center center","background-size":"auto","background-attachment":"scroll","background-type":"","background-media":"","overlay-type":"","overlay-color":"","overlay-opacity":"","overlay-gradient":""}},"ast-content-background-meta":{"desktop":{"background-color":"var(--ast-global-color-4)","background-image":"","background-repeat":"repeat","background-position":"center center","background-size":"auto","background-attachment":"scroll","background-type":"","background-media":"","overlay-type":"","overlay-color":"","overlay-opacity":"","overlay-gradient":""},"tablet":{"background-color":"var(--ast-global-color-4)","background-image":"","background-repeat":"repeat","background-position":"center center","background-size":"auto","background-attachment":"scroll","background-type":"","background-media":"","overlay-type":"","overlay-color":"","overlay-opacity":"","overlay-gradient":""},"mobile":{"background-color":"var(--ast-global-color-4)","background-image":"","background-repeat":"repeat","background-position":"center center","background-size":"auto","background-attachment":"scroll","background-type":"","background-media":"","overlay-type":"","overlay-color":"","overlay-opacity":"","overlay-gradient":""}}},"product_brand":[],"product_cat":[26],"product_tag":[],"class_list":{"0":"post-538","1":"product","2":"type-product","3":"status-publish","4":"has-post-thumbnail","6":"product_cat-ja-solar-panel","7":"desktop-align-left","8":"tablet-align-left","9":"mobile-align-left","11":"first","12":"instock","13":"shipping-taxable","14":"product-type-simple"},"_links":{"self":[{"href":"https:\/\/jinkosolarpv.com\/fr\/wp-json\/wp\/v2\/product\/538","targetHints":{"allow":["GET"]}}],"collection":[{"href":"https:\/\/jinkosolarpv.com\/fr\/wp-json\/wp\/v2\/product"}],"about":[{"href":"https:\/\/jinkosolarpv.com\/fr\/wp-json\/wp\/v2\/types\/product"}],"replies":[{"embeddable":true,"href":"https:\/\/jinkosolarpv.com\/fr\/wp-json\/wp\/v2\/comments?post=538"}],"wp:featuredmedia":[{"embeddable":true,"href":"https:\/\/jinkosolarpv.com\/fr\/wp-json\/wp\/v2\/media\/544"}],"wp:attachment":[{"href":"https:\/\/jinkosolarpv.com\/fr\/wp-json\/wp\/v2\/media?parent=538"}],"wp:term":[{"taxonomy":"product_brand","embeddable":true,"href":"https:\/\/jinkosolarpv.com\/fr\/wp-json\/wp\/v2\/product_brand?post=538"},{"taxonomy":"product_cat","embeddable":true,"href":"https:\/\/jinkosolarpv.com\/fr\/wp-json\/wp\/v2\/product_cat?post=538"},{"taxonomy":"product_tag","embeddable":true,"href":"https:\/\/jinkosolarpv.com\/fr\/wp-json\/wp\/v2\/product_tag?post=538"}],"curies":[{"name":"wp","href":"https:\/\/api.w.org\/{rel}","templated":true}]}}