{"id":496,"date":"2025-11-17T14:10:44","date_gmt":"2025-11-17T06:10:44","guid":{"rendered":"https:\/\/jinkosolarpv.com\/?post_type=product&#038;p=496"},"modified":"2025-11-27T12:01:00","modified_gmt":"2025-11-27T04:01:00","slug":"ja-solar-n-type-bifacial-jam72d40-mb-565w570w575w580w585w590w","status":"publish","type":"product","link":"https:\/\/jinkosolarpv.com\/fr\/product\/ja-solar-n-type-bifacial-jam72d40-mb-565w570w575w580w585w590w\/","title":{"rendered":"JA Solar Bifacial de type N JAM72D40\/MB 565w,570w,575w,580w,585w,590w"},"content":{"rendered":"<p><strong>D\u00e9tails du produit<\/strong><\/p>\n<table width=\"474\" cellspacing=\"0\" cellpadding=\"0\">\n<colgroup>\n<col width=\"270\" \/>\n<col width=\"323\" \/><\/colgroup>\n<tbody>\n<tr class=\"firstRow\">\n<td width=\"216\" height=\"30\">Cellule<\/td>\n<td width=\"259\">Mono-16BB<\/td>\n<\/tr>\n<tr>\n<td width=\"216\" height=\"30\">Poids<\/td>\n<td width=\"259\">31,8 kg<\/td>\n<\/tr>\n<tr>\n<td width=\"216\" height=\"30\">Dimensions<\/td>\n<td width=\"259\">2278 \u00b1 2 mm x 1134 \u00b1 2 mm x 30 \u00b1 1 mm<\/td>\n<\/tr>\n<tr>\n<td width=\"216\" height=\"30\">Nombre de cellules<\/td>\n<td width=\"259\">144(6*24)<\/td>\n<\/tr>\n<tr>\n<td width=\"216\" height=\"30\">Bo\u00eete de jonction<\/td>\n<td width=\"259\">IP68, 3 diodes<\/td>\n<\/tr>\n<tr>\n<td width=\"216\" height=\"30\">Connecteur<\/td>\n<td width=\"259\">QC 4.10-351\/MC4-EVO2A<\/td>\n<\/tr>\n<tr>\n<td width=\"216\" height=\"52\">Longueur du c\u00e2ble<br \/>\n(Connecteur inclus)<\/td>\n<td width=\"259\">Portrait : 300 mm (+)\/400 mm (-); Paysage : 1 300 mm (+)\/1 300 mm (-)<\/td>\n<\/tr>\n<tr>\n<td colspan=\"1\" rowspan=\"1\">Verre avant\/Verre arri\u00e8re<\/td>\n<td colspan=\"1\" rowspan=\"1\">2,0 mm\/2,0 mm<\/td>\n<\/tr>\n<tr>\n<td width=\"216\" height=\"52\">Emballage<\/p>\n<p>Configuration<\/td>\n<td width=\"259\">36 pi\u00e8ces\/palette, 720 pi\u00e8ces\/conteneur 40HQ<\/td>\n<\/tr>\n<\/tbody>\n<\/table>\n<p><strong>Description du produit<\/strong><\/p>\n<p>&nbsp;<\/p>\n<p><strong>JA 555W 565W 570W 575W 580W 585W 590W Panneau solaire \u00e0 cadre noir en promotion Chine Panneaux solaires<\/strong><\/p>\n<p>Les panneaux solaires mono faciaux peuvent \u00eatre utilis\u00e9s dans des applications hors r\u00e9seau, telles que les chalets isol\u00e9s ou les camping-cars, fournissant une source d'\u00e9nergie fiable et durable \u00e0 ceux qui vivent dans des zones sans acc\u00e8s au r\u00e9seau \u00e9lectrique.<\/p>\n<p>\u00b7 Co\u00fbt actualis\u00e9 de l'\u00e9nergie (LCOE) inf\u00e9rieur<\/p>\n<p>\u00b7 Puissance de sortie plus \u00e9lev\u00e9e<\/p>\n<p>\u00b7 Meilleure tol\u00e9rance aux charges m\u00e9caniques<\/p>\n<p>\u00b7 Moins d'ombrage et moins de pertes par r\u00e9sistance<\/p>\n<p><strong><img decoding=\"async\" src=\"https:\/\/jinkosolarpv.com\/wp-content\/uploads\/2025\/11\/6050ac1954050e339a11e63bf670cac0.png\" alt=\"\" title=\"\"><\/strong><\/p>","protected":false},"excerpt":{"rendered":"<p>Num\u00e9ro du module : JAM72D40\/MB 565-590W<br \/>\nPoids : 27,3 kg<br \/>\nEmballage:36pcs\/palette;720pcs\/40hq<br \/>\nSp\u00e9cifications : 2278 x 1134 x 30 mm<br \/>\nMarque d\u00e9pos\u00e9e : JA Solar<br \/>\nOrigine : Chine<\/p>","protected":false},"featured_media":498,"comment_status":"open","ping_status":"closed","template":"","meta":{"site-sidebar-layout":"default","site-content-layout":"","ast-site-content-layout":"default","site-content-style":"default","site-sidebar-style":"default","ast-global-header-display":"","ast-banner-title-visibility":"","ast-main-header-display":"","ast-hfb-above-header-display":"","ast-hfb-below-header-display":"","ast-hfb-mobile-header-display":"","site-post-title":"","ast-breadcrumbs-content":"","ast-featured-img":"","footer-sml-layout":"","theme-transparent-header-meta":"default","adv-header-id-meta":"","stick-header-meta":"","header-above-stick-meta":"","header-main-stick-meta":"","header-below-stick-meta":"","astra-migrate-meta-layouts":"set","ast-page-background-enabled":"default","ast-page-background-meta":{"desktop":{"background-color":"var(--ast-global-color-5)","background-image":"","background-repeat":"repeat","background-position":"center center","background-size":"auto","background-attachment":"scroll","background-type":"","background-media":"","overlay-type":"","overlay-color":"","overlay-opacity":"","overlay-gradient":""},"tablet":{"background-color":"","background-image":"","background-repeat":"repeat","background-position":"center center","background-size":"auto","background-attachment":"scroll","background-type":"","background-media":"","overlay-type":"","overlay-color":"","overlay-opacity":"","overlay-gradient":""},"mobile":{"background-color":"","background-image":"","background-repeat":"repeat","background-position":"center center","background-size":"auto","background-attachment":"scroll","background-type":"","background-media":"","overlay-type":"","overlay-color":"","overlay-opacity":"","overlay-gradient":""}},"ast-content-background-meta":{"desktop":{"background-color":"var(--ast-global-color-4)","background-image":"","background-repeat":"repeat","background-position":"center center","background-size":"auto","background-attachment":"scroll","background-type":"","background-media":"","overlay-type":"","overlay-color":"","overlay-opacity":"","overlay-gradient":""},"tablet":{"background-color":"var(--ast-global-color-4)","background-image":"","background-repeat":"repeat","background-position":"center center","background-size":"auto","background-attachment":"scroll","background-type":"","background-media":"","overlay-type":"","overlay-color":"","overlay-opacity":"","overlay-gradient":""},"mobile":{"background-color":"var(--ast-global-color-4)","background-image":"","background-repeat":"repeat","background-position":"center center","background-size":"auto","background-attachment":"scroll","background-type":"","background-media":"","overlay-type":"","overlay-color":"","overlay-opacity":"","overlay-gradient":""}}},"product_brand":[],"product_cat":[26],"product_tag":[],"class_list":{"0":"post-496","1":"product","2":"type-product","3":"status-publish","4":"has-post-thumbnail","6":"product_cat-ja-solar-panel","7":"desktop-align-left","8":"tablet-align-left","9":"mobile-align-left","11":"first","12":"instock","13":"shipping-taxable","14":"product-type-simple"},"_links":{"self":[{"href":"https:\/\/jinkosolarpv.com\/fr\/wp-json\/wp\/v2\/product\/496","targetHints":{"allow":["GET"]}}],"collection":[{"href":"https:\/\/jinkosolarpv.com\/fr\/wp-json\/wp\/v2\/product"}],"about":[{"href":"https:\/\/jinkosolarpv.com\/fr\/wp-json\/wp\/v2\/types\/product"}],"replies":[{"embeddable":true,"href":"https:\/\/jinkosolarpv.com\/fr\/wp-json\/wp\/v2\/comments?post=496"}],"wp:featuredmedia":[{"embeddable":true,"href":"https:\/\/jinkosolarpv.com\/fr\/wp-json\/wp\/v2\/media\/498"}],"wp:attachment":[{"href":"https:\/\/jinkosolarpv.com\/fr\/wp-json\/wp\/v2\/media?parent=496"}],"wp:term":[{"taxonomy":"product_brand","embeddable":true,"href":"https:\/\/jinkosolarpv.com\/fr\/wp-json\/wp\/v2\/product_brand?post=496"},{"taxonomy":"product_cat","embeddable":true,"href":"https:\/\/jinkosolarpv.com\/fr\/wp-json\/wp\/v2\/product_cat?post=496"},{"taxonomy":"product_tag","embeddable":true,"href":"https:\/\/jinkosolarpv.com\/fr\/wp-json\/wp\/v2\/product_tag?post=496"}],"curies":[{"name":"wp","href":"https:\/\/api.w.org\/{rel}","templated":true}]}}