{"id":426,"date":"2025-11-17T13:27:35","date_gmt":"2025-11-17T05:27:35","guid":{"rendered":"https:\/\/jinkosolarpv.com\/?post_type=product&#038;p=426"},"modified":"2025-11-27T13:09:02","modified_gmt":"2025-11-27T05:09:02","slug":"module-monocristallin-biface-a-double-vitrage-trina-675-w-680-w-685-w-690-w-700-w","status":"publish","type":"product","link":"https:\/\/jinkosolarpv.com\/fr\/product\/module-monocristallin-biface-a-double-vitrage-trina-675-w-680-w-685-w-690-w-700-w\/","title":{"rendered":"Module monocristallin biface \u00e0 double vitrage Trina 675 W, 680 W, 685 W, 690 W, 700 W"},"content":{"rendered":"<p><strong>D\u00e9tails du produit<\/strong><\/p>\n<table width=\"688\" cellspacing=\"0\" cellpadding=\"0\">\n<colgroup>\n<col width=\"217\" \/>\n<col width=\"643\" \/><\/colgroup>\n<tbody>\n<tr class=\"firstRow\">\n<td width=\"174\" height=\"24\">Cellules solaires<\/td>\n<td width=\"514\">Monocristallin<\/td>\n<\/tr>\n<tr>\n<td width=\"174\" height=\"24\">Nombre de cellules<\/td>\n<td width=\"514\">132 cellules<\/td>\n<\/tr>\n<tr>\n<td width=\"174\" height=\"25\">Dimensions du module<\/td>\n<td width=\"514\">2384 \u00d7 1303 \u00d7 33 mm (93,86 \u00d7 51,30 \u00d7 1,30 pouces)<\/td>\n<\/tr>\n<tr>\n<td width=\"174\" height=\"23\">Poids<\/td>\n<td width=\"514\">38,3 kg (84,4 lb)<\/td>\n<\/tr>\n<tr>\n<td width=\"174\" height=\"25\">Verre frontal<\/td>\n<td width=\"514\">2,0 mm (0,08 pouces), haute transmission, verre renforc\u00e9 thermiquement avec rev\u00eatement AR<\/td>\n<\/tr>\n<tr>\n<td width=\"174\" height=\"24\">Mat\u00e9riau encapsulant<\/td>\n<td width=\"514\">POE\/EVA<\/td>\n<\/tr>\n<tr>\n<td width=\"174\" height=\"25\">Verre arri\u00e8re<\/td>\n<td width=\"514\">2,0 mm (0,08 pouces), verre tremp\u00e9 \u00e0 chaud (verre \u00e0 grille blanche)<\/td>\n<\/tr>\n<tr>\n<td width=\"174\" height=\"24\">Cadre<\/td>\n<td width=\"514\">33 mm (1,30 pouces) Alliage d'aluminium anodis\u00e9<\/td>\n<\/tr>\n<tr>\n<td width=\"174\" height=\"24\">J-Box<\/td>\n<td width=\"514\">Indice de protection IP 68<\/td>\n<\/tr>\n<tr>\n<td width=\"174\" height=\"73\">C\u00e2bles<\/td>\n<td width=\"514\">Technologie photovolta\u00efque C\u00e2ble 4,0 mm\u00b2 (0,006 pouce\u00b2), Portrait : 350\/280 mm (13,78\/11,02 pouces)<br \/>\nLa longueur peut \u00eatre personnalis\u00e9e<\/td>\n<\/tr>\n<tr>\n<td width=\"174\" height=\"28\">Connecteur<\/td>\n<td width=\"514\">MC4 EV02\/TS4 Plus\/TS4*<\/td>\n<\/tr>\n<\/tbody>\n<\/table>\n<p><strong>Description du produit<\/strong><\/p>\n<p>&nbsp;<\/p>\n<h2><\/h2>\n<p><strong>Panneau solaire mono PERC demi-cellule 120 cellules, puissance solaire 675 W, 680 W, 685 W, 690 W, 700 W, module photovolta\u00efque solaire en stock<\/strong><\/p>\n<p>Bas\u00e9 sur une plaquette de silicium de grande taille (210 mm) et une cellule PERC monocristalline, le Vertex est dot\u00e9 de plusieurs caract\u00e9ristiques de conception innovantes qui lui permettent d'atteindre une puissance de sortie \u00e9lev\u00e9e de plus de 600 W. Son excellent coefficient de temp\u00e9rature et ses performances \u00e0 faible irradiation lui conf\u00e8rent une puissance sup\u00e9rieure. De plus, gr\u00e2ce \u00e0 ses cellules mono carr\u00e9es et \u00e0 sa technologie d'encapsulation haute densit\u00e9, le Vertex peut atteindre un rendement de 21,41 TP3T.<\/p>\n<p>Le processus de fabrication des panneaux solaires monofacials consiste \u00e0 d\u00e9couper des lingots de silicium cylindriques en fines plaquettes, qui sont ensuite trait\u00e9es et assembl\u00e9es en cellules solaires. Ces cellules sont interconnect\u00e9es et encapsul\u00e9es dans un cadre protecteur pour cr\u00e9er le panneau solaire final.<\/p>\n<p>Bas\u00e9 sur une plaquette de silicium de grande taille (210 mm) et une cellule PERC monocristalline, le Vertex est dot\u00e9 de plusieurs caract\u00e9ristiques de conception innovantes qui lui permettent d'atteindre une puissance de sortie \u00e9lev\u00e9e de plus de 600 W. Son excellent coefficient de temp\u00e9rature et ses performances \u00e0 faible irradiation lui conf\u00e8rent une puissance sup\u00e9rieure. De plus, gr\u00e2ce \u00e0 ses cellules mono carr\u00e9es et \u00e0 sa technologie d'encapsulation haute densit\u00e9, le Vertex peut atteindre un rendement de 21,41 TP3T.<\/p>\n<p>Basse tension, puissance de sortie de cha\u00eene de modules sup\u00e9rieure, am\u00e9lioration de la puissance de sortie d'une cha\u00eene de modules unique de plus de 41%. Dans le but d'am\u00e9liorer l'efficacit\u00e9 du syst\u00e8me et de r\u00e9duire les co\u00fbts li\u00e9s \u00e0 l'\u00e9quilibre du syst\u00e8me, l'\u00e9quipe de recherche et d\u00e9veloppement de Trina Solar a introduit une conception innovante \u00e0 basse tension et \u00e0 puissance de sortie de cha\u00eene de modules sup\u00e9rieure. En r\u00e8gle g\u00e9n\u00e9rale, Trina peut interconnecter 33 modules Vertex dans une cha\u00eene. Par rapport \u00e0 d'autres modules de r\u00e9f\u00e9rence, une cha\u00eene de modules unique peut atteindre une augmentation de puissance de 411 TP3T, une r\u00e9duction de 151 TP3T du rack, une r\u00e9duction de 171 TP3T de la fondation et une r\u00e9duction de 351 TP3T du bo\u00eetier de raccordement, ce qui repr\u00e9sente une avanc\u00e9e technologique innovante et marque le d\u00e9but d'une nouvelle \u00e8re de 600 W+.<\/p>\n<p>Gr\u00e2ce \u00e0 leur r\u00e9sistance accrue aux points chauds et aux temp\u00e9ratures excessives, les modules Vertex conservent une fiabilit\u00e9 \u00e9lev\u00e9e. L'utilisation de cellules \u00e0 barres omnibus multiples permet d'obtenir des charges plus uniformes afin d'\u00e9viter les contraintes, ce qui se traduit par de meilleures performances, m\u00eame en cas de l\u00e9g\u00e8res fissures. Aujourd'hui, les modules photovolta\u00efques dot\u00e9s de la technologie MBB dominent le march\u00e9 mondial de l'\u00e9nergie solaire.<\/p>\n<p>&nbsp;<\/p>\n<p><img decoding=\"async\" src=\"http:\/\/jinkosolarpv.com\/wp-content\/uploads\/2025\/11\/70f1d0a9518f6bf1ee46599393844c50.png\" alt=\"\" title=\"\"><\/p>","protected":false},"excerpt":{"rendered":"<p>Num\u00e9ro du module : TSM-NEG21C.20 675-700W<br \/>\nPoids : 38,3 kg<br \/>\nEmballage : 33 pi\u00e8ces\/palette ; 594 pi\u00e8ces\/40 hq<br \/>\nSp\u00e9cifications : 2384 x 1303 x 33 mm<br \/>\nMarque d\u00e9pos\u00e9e : Trina Solar<br \/>\nOrigine : Chine<\/p>","protected":false},"featured_media":430,"comment_status":"open","ping_status":"closed","template":"","meta":{"site-sidebar-layout":"default","site-content-layout":"","ast-site-content-layout":"default","site-content-style":"default","site-sidebar-style":"default","ast-global-header-display":"","ast-banner-title-visibility":"","ast-main-header-display":"","ast-hfb-above-header-display":"","ast-hfb-below-header-display":"","ast-hfb-mobile-header-display":"","site-post-title":"","ast-breadcrumbs-content":"","ast-featured-img":"","footer-sml-layout":"","theme-transparent-header-meta":"default","adv-header-id-meta":"","stick-header-meta":"","header-above-stick-meta":"","header-main-stick-meta":"","header-below-stick-meta":"","astra-migrate-meta-layouts":"set","ast-page-background-enabled":"default","ast-page-background-meta":{"desktop":{"background-color":"var(--ast-global-color-5)","background-image":"","background-repeat":"repeat","background-position":"center center","background-size":"auto","background-attachment":"scroll","background-type":"","background-media":"","overlay-type":"","overlay-color":"","overlay-opacity":"","overlay-gradient":""},"tablet":{"background-color":"","background-image":"","background-repeat":"repeat","background-position":"center center","background-size":"auto","background-attachment":"scroll","background-type":"","background-media":"","overlay-type":"","overlay-color":"","overlay-opacity":"","overlay-gradient":""},"mobile":{"background-color":"","background-image":"","background-repeat":"repeat","background-position":"center center","background-size":"auto","background-attachment":"scroll","background-type":"","background-media":"","overlay-type":"","overlay-color":"","overlay-opacity":"","overlay-gradient":""}},"ast-content-background-meta":{"desktop":{"background-color":"var(--ast-global-color-4)","background-image":"","background-repeat":"repeat","background-position":"center center","background-size":"auto","background-attachment":"scroll","background-type":"","background-media":"","overlay-type":"","overlay-color":"","overlay-opacity":"","overlay-gradient":""},"tablet":{"background-color":"var(--ast-global-color-4)","background-image":"","background-repeat":"repeat","background-position":"center center","background-size":"auto","background-attachment":"scroll","background-type":"","background-media":"","overlay-type":"","overlay-color":"","overlay-opacity":"","overlay-gradient":""},"mobile":{"background-color":"var(--ast-global-color-4)","background-image":"","background-repeat":"repeat","background-position":"center center","background-size":"auto","background-attachment":"scroll","background-type":"","background-media":"","overlay-type":"","overlay-color":"","overlay-opacity":"","overlay-gradient":""}}},"product_brand":[],"product_cat":[23],"product_tag":[],"class_list":{"0":"post-426","1":"product","2":"type-product","3":"status-publish","4":"has-post-thumbnail","6":"product_cat-trina-solar-panel","7":"desktop-align-left","8":"tablet-align-left","9":"mobile-align-left","11":"first","12":"instock","13":"shipping-taxable","14":"product-type-simple"},"_links":{"self":[{"href":"https:\/\/jinkosolarpv.com\/fr\/wp-json\/wp\/v2\/product\/426","targetHints":{"allow":["GET"]}}],"collection":[{"href":"https:\/\/jinkosolarpv.com\/fr\/wp-json\/wp\/v2\/product"}],"about":[{"href":"https:\/\/jinkosolarpv.com\/fr\/wp-json\/wp\/v2\/types\/product"}],"replies":[{"embeddable":true,"href":"https:\/\/jinkosolarpv.com\/fr\/wp-json\/wp\/v2\/comments?post=426"}],"wp:featuredmedia":[{"embeddable":true,"href":"https:\/\/jinkosolarpv.com\/fr\/wp-json\/wp\/v2\/media\/430"}],"wp:attachment":[{"href":"https:\/\/jinkosolarpv.com\/fr\/wp-json\/wp\/v2\/media?parent=426"}],"wp:term":[{"taxonomy":"product_brand","embeddable":true,"href":"https:\/\/jinkosolarpv.com\/fr\/wp-json\/wp\/v2\/product_brand?post=426"},{"taxonomy":"product_cat","embeddable":true,"href":"https:\/\/jinkosolarpv.com\/fr\/wp-json\/wp\/v2\/product_cat?post=426"},{"taxonomy":"product_tag","embeddable":true,"href":"https:\/\/jinkosolarpv.com\/fr\/wp-json\/wp\/v2\/product_tag?post=426"}],"curies":[{"name":"wp","href":"https:\/\/api.w.org\/{rel}","templated":true}]}}