{"id":395,"date":"2025-11-17T13:20:30","date_gmt":"2025-11-17T05:20:30","guid":{"rendered":"https:\/\/jinkosolarpv.com\/?post_type=product&#038;p=395"},"modified":"2025-11-27T13:11:20","modified_gmt":"2025-11-27T05:11:20","slug":"module-monocristallin-trina-vertex-555-w-560-w-565-w-570-w-575-w-580-w","status":"publish","type":"product","link":"https:\/\/jinkosolarpv.com\/fr\/product\/module-monocristallin-trina-vertex-555-w-560-w-565-w-570-w-575-w-580-w\/","title":{"rendered":"Module monocristallin Trina Vertex 555 W, 560 W, 565 W, 570 W, 575 W, 580 W"},"content":{"rendered":"<p><strong>D\u00e9tails du produit<\/strong><\/p>\n<table width=\"598\" cellspacing=\"0\" cellpadding=\"0\">\n<colgroup>\n<col width=\"241\" \/>\n<col width=\"507\" \/><\/colgroup>\n<tbody>\n<tr class=\"firstRow\">\n<td width=\"193\" height=\"30\">Cellules solaires<\/td>\n<td width=\"406\">Monocristallin<\/td>\n<\/tr>\n<tr>\n<td width=\"193\" height=\"30\">Nombre de cellules<\/td>\n<td width=\"406\">132 cellules<\/td>\n<\/tr>\n<tr>\n<td width=\"193\" height=\"30\">Dimensions du module<\/td>\n<td width=\"406\">2384 \u00d7 1134 \u00d7 35 mm (93,86 \u00d7 44,65 \u00d7 1,38 pouces)<\/td>\n<\/tr>\n<tr>\n<td width=\"193\" height=\"30\">Poids<\/td>\n<td width=\"406\">29,6 kg (65,3 lb)<\/td>\n<\/tr>\n<tr>\n<td width=\"193\" height=\"52\">Verre<\/td>\n<td width=\"406\">3,2 mm (0,13 pouce), haute transmission, verre renforc\u00e9 thermiquement avec rev\u00eatement AR<\/td>\n<\/tr>\n<tr>\n<td width=\"193\" height=\"30\">Mat\u00e9riau d'encapsulation<\/td>\n<td width=\"406\">EVA\/POE<\/td>\n<\/tr>\n<tr>\n<td width=\"193\" height=\"30\">Feuille arri\u00e8re<\/td>\n<td width=\"406\">Blanc<\/td>\n<\/tr>\n<tr>\n<td width=\"193\" height=\"30\">Cadre<\/td>\n<td width=\"406\">35 mm (1,38 pouces) Alliage d'aluminium anodis\u00e9<\/td>\n<\/tr>\n<tr>\n<td width=\"193\" height=\"30\">J-Box<\/td>\n<td width=\"406\">Indice de protection IP 68<\/td>\n<\/tr>\n<tr>\n<td width=\"193\" height=\"118\">C\u00e2bles<\/td>\n<td width=\"406\">Technologie photovolta\u00efque C\u00e2ble 4,0 mm\u00b2 (0,006 pouce\u00b2), Portrait : 280\/280 mm (11,02\/11,02 pouces)<\/p>\n<p>La longueur peut \u00eatre personnalis\u00e9e<\/td>\n<\/tr>\n<tr>\n<td width=\"193\" height=\"30\">Connecteur<\/td>\n<td width=\"406\">MC4   EV02\/TS4*<\/td>\n<\/tr>\n<\/tbody>\n<\/table>\n<p><strong>Description du produit<\/strong><\/p>\n<p>&nbsp;<\/p>\n<h2><\/h2>\n<p><strong>Modules photovolta\u00efques de niveau 1 \u00c9nergie solaire Panneaux solaires Trina Solar Vertex Mono PERC 555 W, 560 W, 565 W, 570 W, 575 W, 580 W \u00c9nergie solaire<\/strong><\/p>\n<p>Les panneaux solaires Trina Solar Vertex Mono PERC 560W-580W sont des modules photovolta\u00efques haute performance con\u00e7us pour offrir une puissance et un rendement exceptionnels. Fabriqu\u00e9s par Trina Solar, l'un des principaux fabricants de panneaux solaires, ces modules sont construits \u00e0 partir d'une technologie de pointe et de mat\u00e9riaux de haute qualit\u00e9 afin de fournir une \u00e9nergie solaire fiable et durable.<\/p>\n<p>Avec une puissance de sortie comprise entre 560 W et 580 W, ces panneaux solaires offrent une capacit\u00e9 de production d'\u00e9lectricit\u00e9 significative. Leur puissance \u00e9lev\u00e9e permet d'augmenter la production d'\u00e9nergie, ce qui les rend adapt\u00e9s \u00e0 diverses applications, notamment les installations r\u00e9sidentielles, commerciales et \u00e0 l'\u00e9chelle des services publics.<\/p>\n<p>Les panneaux solaires Trina Solar de la s\u00e9rie Vertex Mono PERC utilisent la technologie avanc\u00e9e des cellules mono PERC (Passivated Emitter Rear Cell). Cette technologie am\u00e9liore l'absorption de la lumi\u00e8re et la capture des \u00e9lectrons, ce qui se traduit par un meilleur rendement de conversion \u00e9nerg\u00e9tique. Les panneaux peuvent convertir efficacement la lumi\u00e8re du soleil en \u00e9lectricit\u00e9, maximisant ainsi la puissance de sortie et les performances globales du syst\u00e8me.<\/p>\n<p><strong><img decoding=\"async\" src=\"http:\/\/jinkosolarpv.com\/wp-content\/uploads\/2025\/11\/c83c5f1425247f8b81e6576fa208f9dd.png\" alt=\"\" title=\"\"><\/strong><\/p>","protected":false},"excerpt":{"rendered":"<div id=\"detail_content_word_wrap\">\n<div class=\"detail_content\">Num\u00e9ro du module : TSM-DE19R 555-580W<br \/>\nPoids : 21,8 kg<br \/>\nEmballage : 31 pi\u00e8ces\/palette ; 620 pi\u00e8ces\/40hq<br \/>\nSp\u00e9cifications : 2384 x 1134 x 35 mm<br \/>\nMarque d\u00e9pos\u00e9e : Trina Solar<br \/>\nOrigine : Chine<\/div>\n<\/div>\n<div class=\"detail_other_message\"><\/div>","protected":false},"featured_media":400,"comment_status":"open","ping_status":"closed","template":"","meta":{"site-sidebar-layout":"default","site-content-layout":"","ast-site-content-layout":"default","site-content-style":"default","site-sidebar-style":"default","ast-global-header-display":"","ast-banner-title-visibility":"","ast-main-header-display":"","ast-hfb-above-header-display":"","ast-hfb-below-header-display":"","ast-hfb-mobile-header-display":"","site-post-title":"","ast-breadcrumbs-content":"","ast-featured-img":"","footer-sml-layout":"","theme-transparent-header-meta":"default","adv-header-id-meta":"","stick-header-meta":"","header-above-stick-meta":"","header-main-stick-meta":"","header-below-stick-meta":"","astra-migrate-meta-layouts":"set","ast-page-background-enabled":"default","ast-page-background-meta":{"desktop":{"background-color":"var(--ast-global-color-5)","background-image":"","background-repeat":"repeat","background-position":"center center","background-size":"auto","background-attachment":"scroll","background-type":"","background-media":"","overlay-type":"","overlay-color":"","overlay-opacity":"","overlay-gradient":""},"tablet":{"background-color":"","background-image":"","background-repeat":"repeat","background-position":"center center","background-size":"auto","background-attachment":"scroll","background-type":"","background-media":"","overlay-type":"","overlay-color":"","overlay-opacity":"","overlay-gradient":""},"mobile":{"background-color":"","background-image":"","background-repeat":"repeat","background-position":"center center","background-size":"auto","background-attachment":"scroll","background-type":"","background-media":"","overlay-type":"","overlay-color":"","overlay-opacity":"","overlay-gradient":""}},"ast-content-background-meta":{"desktop":{"background-color":"var(--ast-global-color-4)","background-image":"","background-repeat":"repeat","background-position":"center center","background-size":"auto","background-attachment":"scroll","background-type":"","background-media":"","overlay-type":"","overlay-color":"","overlay-opacity":"","overlay-gradient":""},"tablet":{"background-color":"var(--ast-global-color-4)","background-image":"","background-repeat":"repeat","background-position":"center center","background-size":"auto","background-attachment":"scroll","background-type":"","background-media":"","overlay-type":"","overlay-color":"","overlay-opacity":"","overlay-gradient":""},"mobile":{"background-color":"var(--ast-global-color-4)","background-image":"","background-repeat":"repeat","background-position":"center center","background-size":"auto","background-attachment":"scroll","background-type":"","background-media":"","overlay-type":"","overlay-color":"","overlay-opacity":"","overlay-gradient":""}}},"product_brand":[],"product_cat":[23],"product_tag":[],"class_list":{"0":"post-395","1":"product","2":"type-product","3":"status-publish","4":"has-post-thumbnail","6":"product_cat-trina-solar-panel","7":"desktop-align-left","8":"tablet-align-left","9":"mobile-align-left","11":"first","12":"instock","13":"shipping-taxable","14":"product-type-simple"},"_links":{"self":[{"href":"https:\/\/jinkosolarpv.com\/fr\/wp-json\/wp\/v2\/product\/395","targetHints":{"allow":["GET"]}}],"collection":[{"href":"https:\/\/jinkosolarpv.com\/fr\/wp-json\/wp\/v2\/product"}],"about":[{"href":"https:\/\/jinkosolarpv.com\/fr\/wp-json\/wp\/v2\/types\/product"}],"replies":[{"embeddable":true,"href":"https:\/\/jinkosolarpv.com\/fr\/wp-json\/wp\/v2\/comments?post=395"}],"wp:featuredmedia":[{"embeddable":true,"href":"https:\/\/jinkosolarpv.com\/fr\/wp-json\/wp\/v2\/media\/400"}],"wp:attachment":[{"href":"https:\/\/jinkosolarpv.com\/fr\/wp-json\/wp\/v2\/media?parent=395"}],"wp:term":[{"taxonomy":"product_brand","embeddable":true,"href":"https:\/\/jinkosolarpv.com\/fr\/wp-json\/wp\/v2\/product_brand?post=395"},{"taxonomy":"product_cat","embeddable":true,"href":"https:\/\/jinkosolarpv.com\/fr\/wp-json\/wp\/v2\/product_cat?post=395"},{"taxonomy":"product_tag","embeddable":true,"href":"https:\/\/jinkosolarpv.com\/fr\/wp-json\/wp\/v2\/product_tag?post=395"}],"curies":[{"name":"wp","href":"https:\/\/api.w.org\/{rel}","templated":true}]}}