{"id":384,"date":"2025-11-17T13:17:04","date_gmt":"2025-11-17T05:17:04","guid":{"rendered":"https:\/\/jinkosolarpv.com\/?post_type=product&#038;p=384"},"modified":"2025-11-27T13:12:39","modified_gmt":"2025-11-27T05:12:39","slug":"module-monocristallin-a-double-vitrage-trina-415-w-420-w-425-w-430-w-435-w","status":"publish","type":"product","link":"https:\/\/jinkosolarpv.com\/fr\/product\/module-monocristallin-a-double-vitrage-trina-415-w-420-w-425-w-430-w-435-w\/","title":{"rendered":"Module monocristallin \u00e0 double vitrage Trina 415 W, 420 W, 425 W, 430 W, 435 W"},"content":{"rendered":"<p><strong>D\u00e9tails du produit<\/strong><\/p>\n<table width=\"598\" cellspacing=\"0\" cellpadding=\"0\">\n<colgroup>\n<col width=\"241\" \/>\n<col width=\"507\" \/><\/colgroup>\n<tbody>\n<tr class=\"firstRow\">\n<td width=\"193\" height=\"30\">Cellules solaires<\/td>\n<td width=\"406\">\u00a0Monocristallin<\/td>\n<\/tr>\n<tr>\n<td width=\"193\" height=\"30\">Nombre de cellules<\/td>\n<td width=\"406\">\u00a0144 cellules<\/td>\n<\/tr>\n<tr>\n<td width=\"193\" height=\"30\">Dimensions du module<\/td>\n<td width=\"406\">\u00a01762 \u00d7 1134 \u00d7 30 mm (69,37 \u00d7 44,65 \u00d7 1,18 pouces)<\/td>\n<\/tr>\n<tr>\n<td width=\"193\" height=\"30\">Poids<\/td>\n<td width=\"406\">\u00a021,8 kg (48,1 lb)<\/td>\n<\/tr>\n<tr>\n<td width=\"193\" height=\"52\">Verre frontal<\/td>\n<td>1,6 mm (0,06 pouces), haute transmission, verre renforc\u00e9 \u00e0 la chaleur<\/td>\n<\/tr>\n<tr>\n<td width=\"193\" height=\"30\">Cadre<\/td>\n<td width=\"406\">30 mm (1,18 pouces) Alliage d'aluminium anodis\u00e9, noir<\/td>\n<\/tr>\n<tr>\n<td colspan=\"1\" rowspan=\"1\">J-Box<\/td>\n<td colspan=\"1\" rowspan=\"1\">Indice de protection IP 68<\/td>\n<\/tr>\n<tr>\n<td width=\"193\" height=\"52\">Verre arri\u00e8re<\/td>\n<td width=\"406\">C\u00e2ble pour technologie photovolta\u00efque 4,0 mm\u00b2 (0,006 pouces\u00b2),<\/p>\n<p>Portrait : 350\/280 mm (13,78\/11,02 pouces)<\/p>\n<p>La longueur peut \u00eatre personnalis\u00e9e<\/td>\n<\/tr>\n<tr>\n<td colspan=\"1\" rowspan=\"1\">Connecteur<\/td>\n<td colspan=\"1\" rowspan=\"1\">MC4 EVO2 \/ TS*<\/td>\n<\/tr>\n<\/tbody>\n<\/table>\n<p><strong>Description du produit<\/strong><\/p>\n<p>&nbsp;<\/p>\n<h2><strong>Panneau solaire Trina 415 W, 420 W, 425 W, 430 W, 435 W Panneau solaire \u00e0 cadre noir En entrep\u00f4t<\/strong><\/h2>\n<div>Une fois que la lumi\u00e8re solaire a \u00e9t\u00e9 convertie en \u00e9nergie \u00e9lectrique par les cellules solaires d'un panneau solaire \u00e0 double vitrage, cette \u00e9nergie doit \u00eatre collect\u00e9e et transport\u00e9e pour \u00eatre utilis\u00e9e. Cela s'effectue gr\u00e2ce \u00e0 une s\u00e9rie de contacts m\u00e9talliques conducteurs reli\u00e9s aux cellules solaires. Ces contacts collectent le courant \u00e9lectrique g\u00e9n\u00e9r\u00e9 et le transportent vers un onduleur, qui convertit le courant continu (CC) produit par les cellules solaires en courant alternatif (CA) pouvant \u00eatre utilis\u00e9 pour alimenter des appareils \u00e9lectriques ou \u00eatre inject\u00e9 dans le r\u00e9seau \u00e9lectrique.<\/div>\n<p><strong><img decoding=\"async\" src=\"http:\/\/jinkosolarpv.com\/wp-content\/uploads\/2025\/11\/b62c4efd449db4e21743458c060b56ad.png\" alt=\"\" title=\"\"><\/strong><\/p>\n<p>&nbsp;<\/p>","protected":false},"excerpt":{"rendered":"<p>Num\u00e9ro de module : TSM-DEG9R.20 415-435W<br \/>\nPoids : 21,8 kg<br \/>\nEmballage : 36 pi\u00e8ces\/palette ; 936 pi\u00e8ces\/40 hq<br \/>\nSp\u00e9cifications : 1762 x 1134 x 30 mm<br \/>\nMarque d\u00e9pos\u00e9e : Trina Solar<br \/>\nOrigine : Chine<\/p>","protected":false},"featured_media":388,"comment_status":"open","ping_status":"closed","template":"","meta":{"site-sidebar-layout":"default","site-content-layout":"","ast-site-content-layout":"default","site-content-style":"default","site-sidebar-style":"default","ast-global-header-display":"","ast-banner-title-visibility":"","ast-main-header-display":"","ast-hfb-above-header-display":"","ast-hfb-below-header-display":"","ast-hfb-mobile-header-display":"","site-post-title":"","ast-breadcrumbs-content":"","ast-featured-img":"","footer-sml-layout":"","theme-transparent-header-meta":"default","adv-header-id-meta":"","stick-header-meta":"","header-above-stick-meta":"","header-main-stick-meta":"","header-below-stick-meta":"","astra-migrate-meta-layouts":"set","ast-page-background-enabled":"default","ast-page-background-meta":{"desktop":{"background-color":"var(--ast-global-color-5)","background-image":"","background-repeat":"repeat","background-position":"center center","background-size":"auto","background-attachment":"scroll","background-type":"","background-media":"","overlay-type":"","overlay-color":"","overlay-opacity":"","overlay-gradient":""},"tablet":{"background-color":"","background-image":"","background-repeat":"repeat","background-position":"center center","background-size":"auto","background-attachment":"scroll","background-type":"","background-media":"","overlay-type":"","overlay-color":"","overlay-opacity":"","overlay-gradient":""},"mobile":{"background-color":"","background-image":"","background-repeat":"repeat","background-position":"center center","background-size":"auto","background-attachment":"scroll","background-type":"","background-media":"","overlay-type":"","overlay-color":"","overlay-opacity":"","overlay-gradient":""}},"ast-content-background-meta":{"desktop":{"background-color":"var(--ast-global-color-4)","background-image":"","background-repeat":"repeat","background-position":"center center","background-size":"auto","background-attachment":"scroll","background-type":"","background-media":"","overlay-type":"","overlay-color":"","overlay-opacity":"","overlay-gradient":""},"tablet":{"background-color":"var(--ast-global-color-4)","background-image":"","background-repeat":"repeat","background-position":"center center","background-size":"auto","background-attachment":"scroll","background-type":"","background-media":"","overlay-type":"","overlay-color":"","overlay-opacity":"","overlay-gradient":""},"mobile":{"background-color":"var(--ast-global-color-4)","background-image":"","background-repeat":"repeat","background-position":"center center","background-size":"auto","background-attachment":"scroll","background-type":"","background-media":"","overlay-type":"","overlay-color":"","overlay-opacity":"","overlay-gradient":""}}},"product_brand":[],"product_cat":[23],"product_tag":[],"class_list":{"0":"post-384","1":"product","2":"type-product","3":"status-publish","4":"has-post-thumbnail","6":"product_cat-trina-solar-panel","7":"desktop-align-left","8":"tablet-align-left","9":"mobile-align-left","11":"first","12":"instock","13":"shipping-taxable","14":"product-type-simple"},"_links":{"self":[{"href":"https:\/\/jinkosolarpv.com\/fr\/wp-json\/wp\/v2\/product\/384","targetHints":{"allow":["GET"]}}],"collection":[{"href":"https:\/\/jinkosolarpv.com\/fr\/wp-json\/wp\/v2\/product"}],"about":[{"href":"https:\/\/jinkosolarpv.com\/fr\/wp-json\/wp\/v2\/types\/product"}],"replies":[{"embeddable":true,"href":"https:\/\/jinkosolarpv.com\/fr\/wp-json\/wp\/v2\/comments?post=384"}],"wp:featuredmedia":[{"embeddable":true,"href":"https:\/\/jinkosolarpv.com\/fr\/wp-json\/wp\/v2\/media\/388"}],"wp:attachment":[{"href":"https:\/\/jinkosolarpv.com\/fr\/wp-json\/wp\/v2\/media?parent=384"}],"wp:term":[{"taxonomy":"product_brand","embeddable":true,"href":"https:\/\/jinkosolarpv.com\/fr\/wp-json\/wp\/v2\/product_brand?post=384"},{"taxonomy":"product_cat","embeddable":true,"href":"https:\/\/jinkosolarpv.com\/fr\/wp-json\/wp\/v2\/product_cat?post=384"},{"taxonomy":"product_tag","embeddable":true,"href":"https:\/\/jinkosolarpv.com\/fr\/wp-json\/wp\/v2\/product_tag?post=384"}],"curies":[{"name":"wp","href":"https:\/\/api.w.org\/{rel}","templated":true}]}}