{"id":353,"date":"2025-11-17T12:00:46","date_gmt":"2025-11-17T04:00:46","guid":{"rendered":"https:\/\/jinkosolarpv.com\/?post_type=product&#038;p=353"},"modified":"2025-11-27T13:17:40","modified_gmt":"2025-11-27T05:17:40","slug":"longi-himo-10-lr7-72hvh630w-635w-640w645w650w","status":"publish","type":"product","link":"https:\/\/jinkosolarpv.com\/fr\/product\/longi-himo-10-lr7-72hvh630w-635w-640w645w650w\/","title":{"rendered":"Longi Himo 10 LR7-72HVH630w, 635w, 640w,645w,650w"},"content":{"rendered":"<p><strong>D\u00e9tails du produit<\/strong><\/p>\n<table width=\"405\" cellspacing=\"0\" cellpadding=\"0\">\n<colgroup>\n<col width=\"180\" \/>\n<col width=\"496\" \/><\/colgroup>\n<tbody>\n<tr class=\"firstRow\">\n<td class=\"et4\" width=\"108\" height=\"22\">Orientation des cellules<\/td>\n<td class=\"et5\" width=\"298\">144(6\u00d724)<\/td>\n<\/tr>\n<tr>\n<td class=\"et4\" width=\"108\" height=\"22\">Bo\u00eete de jonction<\/td>\n<td class=\"et5\" width=\"298\">IP68, trois diodes<\/td>\n<\/tr>\n<tr>\n<td class=\"et4\" width=\"108\" height=\"39\">C\u00e2ble de sortie<\/td>\n<td class=\"et5\" width=\"298\">4mm\u00b2,+400,-200mm\/\u00b11400mm<br \/>\nla longueur peut \u00eatre personnalis\u00e9e<\/td>\n<\/tr>\n<tr>\n<td class=\"et4\" width=\"108\" height=\"22\">Verre<\/td>\n<td class=\"et5\" width=\"298\">Verre simple, verre tremp\u00e9 rev\u00eatu de 3,2 mm<\/td>\n<\/tr>\n<tr>\n<td class=\"et4\" width=\"108\" height=\"22\">Cadre<\/td>\n<td class=\"et5\" width=\"298\">Cadre en alliage d'aluminium anodis\u00e9<\/td>\n<\/tr>\n<tr>\n<td class=\"et4\" width=\"108\" height=\"22\">Poids<\/td>\n<td class=\"et5\" width=\"298\">28,5 kg<\/td>\n<\/tr>\n<tr>\n<td class=\"et4\" width=\"108\" height=\"22\">Dimension<\/td>\n<td class=\"et5\" width=\"298\">2282 \u00d7 1134 \u00d7 30 mm<\/td>\n<\/tr>\n<tr>\n<td class=\"et4\" width=\"108\" height=\"22\">Emballage<\/td>\n<td class=\"et5\" width=\"298\">36 pi\u00e8ces par palette \/ 144 pi\u00e8ces par conteneur 20 pieds \/ 720 pi\u00e8ces par conteneur 40 pieds<\/td>\n<\/tr>\n<\/tbody>\n<\/table>\n<p><strong>Description du produit<\/strong><strong>n<\/strong><\/p>\n<p>&nbsp;<\/p>\n<p>&nbsp;<\/p>\n<p>&nbsp;<\/p>\n<p><strong>Modules photovolta\u00efques de niveau 1 \u00c9nergie solaire Panneaux solaires Trina Solar Vertex Mono PERC 630 W, 635 W, 640 W, 645 W, 650 W \u00c9nergie solaire<\/strong><\/p>\n<p>144 cellules 182 mm Panneaux solaires 600 W 605 W 610 W 615 W 620 W Watts Panneau solaire \u00e0 cellules Half Cut<\/p>\n<p>L'efficacit\u00e9 et les performances accrues des panneaux solaires \u00e0 double vitrage se traduisent \u00e9galement par une r\u00e9duction des co\u00fbts d'installation. Comme ces panneaux peuvent g\u00e9n\u00e9rer plus d'\u00e9lectricit\u00e9 par m\u00e8tre carr\u00e9 que les panneaux classiques en verre, il faut moins de panneaux pour obtenir la production d'\u00e9nergie souhait\u00e9e. Cela signifie que les propri\u00e9taires et les entreprises peuvent \u00e9conomiser sur les co\u00fbts d'installation en ayant besoin de moins de panneaux, de syst\u00e8mes de montage et d'autres composants associ\u00e9s. La r\u00e9duction des co\u00fbts d'installation, combin\u00e9e \u00e0 un retour sur investissement plus \u00e9lev\u00e9 en raison de l'augmentation de la production d'\u00e9nergie, fait des panneaux solaires \u00e0 double vitrage une option attrayante pour ceux qui cherchent \u00e0 minimiser les co\u00fbts initiaux associ\u00e9s \u00e0 la transition vers l'\u00e9nergie solaire.<\/p>\n<p><img decoding=\"async\" src=\"http:\/\/jinkosolarpv.com\/wp-content\/uploads\/2025\/11\/0dc054ffca5fdd81cf5e69d269ee2506.png\" alt=\"\" title=\"\"><\/p>","protected":false},"excerpt":{"rendered":"<p>Num\u00e9ro du module : Himo 10 LR7-72HVH630-650W<br \/>\nPoids : 28,5 kg<br \/>\nEmballage:36pcs\/palette;720pcs\/40hq<br \/>\nSp\u00e9cifications : 2382 \u00d7 1134 \u00d7 30 mm<br \/>\nMarque d\u00e9pos\u00e9e:Longi solar<br \/>\nOrigine : Chine<\/p>","protected":false},"featured_media":354,"comment_status":"open","ping_status":"closed","template":"","meta":{"site-sidebar-layout":"default","site-content-layout":"","ast-site-content-layout":"default","site-content-style":"default","site-sidebar-style":"default","ast-global-header-display":"","ast-banner-title-visibility":"","ast-main-header-display":"","ast-hfb-above-header-display":"","ast-hfb-below-header-display":"","ast-hfb-mobile-header-display":"","site-post-title":"","ast-breadcrumbs-content":"","ast-featured-img":"","footer-sml-layout":"","theme-transparent-header-meta":"default","adv-header-id-meta":"","stick-header-meta":"","header-above-stick-meta":"","header-main-stick-meta":"","header-below-stick-meta":"","astra-migrate-meta-layouts":"set","ast-page-background-enabled":"default","ast-page-background-meta":{"desktop":{"background-color":"var(--ast-global-color-5)","background-image":"","background-repeat":"repeat","background-position":"center center","background-size":"auto","background-attachment":"scroll","background-type":"","background-media":"","overlay-type":"","overlay-color":"","overlay-opacity":"","overlay-gradient":""},"tablet":{"background-color":"","background-image":"","background-repeat":"repeat","background-position":"center center","background-size":"auto","background-attachment":"scroll","background-type":"","background-media":"","overlay-type":"","overlay-color":"","overlay-opacity":"","overlay-gradient":""},"mobile":{"background-color":"","background-image":"","background-repeat":"repeat","background-position":"center center","background-size":"auto","background-attachment":"scroll","background-type":"","background-media":"","overlay-type":"","overlay-color":"","overlay-opacity":"","overlay-gradient":""}},"ast-content-background-meta":{"desktop":{"background-color":"var(--ast-global-color-4)","background-image":"","background-repeat":"repeat","background-position":"center center","background-size":"auto","background-attachment":"scroll","background-type":"","background-media":"","overlay-type":"","overlay-color":"","overlay-opacity":"","overlay-gradient":""},"tablet":{"background-color":"var(--ast-global-color-4)","background-image":"","background-repeat":"repeat","background-position":"center center","background-size":"auto","background-attachment":"scroll","background-type":"","background-media":"","overlay-type":"","overlay-color":"","overlay-opacity":"","overlay-gradient":""},"mobile":{"background-color":"var(--ast-global-color-4)","background-image":"","background-repeat":"repeat","background-position":"center center","background-size":"auto","background-attachment":"scroll","background-type":"","background-media":"","overlay-type":"","overlay-color":"","overlay-opacity":"","overlay-gradient":""}}},"product_brand":[],"product_cat":[21],"product_tag":[],"class_list":{"0":"post-353","1":"product","2":"type-product","3":"status-publish","4":"has-post-thumbnail","6":"product_cat-longi-solar-panel","7":"desktop-align-left","8":"tablet-align-left","9":"mobile-align-left","11":"first","12":"instock","13":"shipping-taxable","14":"product-type-simple"},"_links":{"self":[{"href":"https:\/\/jinkosolarpv.com\/fr\/wp-json\/wp\/v2\/product\/353","targetHints":{"allow":["GET"]}}],"collection":[{"href":"https:\/\/jinkosolarpv.com\/fr\/wp-json\/wp\/v2\/product"}],"about":[{"href":"https:\/\/jinkosolarpv.com\/fr\/wp-json\/wp\/v2\/types\/product"}],"replies":[{"embeddable":true,"href":"https:\/\/jinkosolarpv.com\/fr\/wp-json\/wp\/v2\/comments?post=353"}],"wp:featuredmedia":[{"embeddable":true,"href":"https:\/\/jinkosolarpv.com\/fr\/wp-json\/wp\/v2\/media\/354"}],"wp:attachment":[{"href":"https:\/\/jinkosolarpv.com\/fr\/wp-json\/wp\/v2\/media?parent=353"}],"wp:term":[{"taxonomy":"product_brand","embeddable":true,"href":"https:\/\/jinkosolarpv.com\/fr\/wp-json\/wp\/v2\/product_brand?post=353"},{"taxonomy":"product_cat","embeddable":true,"href":"https:\/\/jinkosolarpv.com\/fr\/wp-json\/wp\/v2\/product_cat?post=353"},{"taxonomy":"product_tag","embeddable":true,"href":"https:\/\/jinkosolarpv.com\/fr\/wp-json\/wp\/v2\/product_tag?post=353"}],"curies":[{"name":"wp","href":"https:\/\/api.w.org\/{rel}","templated":true}]}}