{"id":277,"date":"2025-11-17T11:18:49","date_gmt":"2025-11-17T03:18:49","guid":{"rendered":"https:\/\/jinkosolarpv.com\/?post_type=product&#038;p=277"},"modified":"2025-11-27T13:37:02","modified_gmt":"2025-11-27T05:37:02","slug":"longi-himo5-lr5-72hph-540w-545w-550w555w-560w","status":"publish","type":"product","link":"https:\/\/jinkosolarpv.com\/fr\/product\/longi-himo5-lr5-72hph-540w-545w-550w555w-560w\/","title":{"rendered":"Longi Himo5 LR5-72HPH 540 W, 545 W, 550 W, 555 W, 560 W"},"content":{"rendered":"<p><strong>D\u00e9tails du produit<\/strong><\/p>\n<table width=\"405\" cellspacing=\"0\" cellpadding=\"0\">\n<colgroup>\n<col width=\"180\" \/>\n<col width=\"496\" \/><\/colgroup>\n<tbody>\n<tr class=\"firstRow\">\n<td class=\"et2 selectTdClass\" colspan=\"2\" width=\"406\" height=\"22\">Param\u00e8tres m\u00e9caniques<\/td>\n<\/tr>\n<tr>\n<td class=\"et4 selectTdClass\" width=\"108\" height=\"22\">Orientation des cellules<\/td>\n<td class=\"et5 selectTdClass\" width=\"298\">144(6\u00d724)<\/td>\n<\/tr>\n<tr>\n<td class=\"et4 selectTdClass\" width=\"108\" height=\"22\">Bo\u00eete de jonction<\/td>\n<td class=\"et5 selectTdClass\" width=\"298\">IP68, trois diodes<\/td>\n<\/tr>\n<tr>\n<td class=\"et4 selectTdClass\" width=\"108\" height=\"39\">C\u00e2ble de sortie<\/td>\n<td class=\"et5 selectTdClass\" width=\"298\">4mm\u00b2,+400,-200mm\/\u00b11400mm<br \/>\nla longueur peut \u00eatre personnalis\u00e9e<\/td>\n<\/tr>\n<tr>\n<td class=\"et4 selectTdClass\" width=\"108\" height=\"22\">Verre<\/td>\n<td class=\"et5 selectTdClass\" width=\"298\">Verre simple, verre tremp\u00e9 rev\u00eatu de 3,2 mm<\/td>\n<\/tr>\n<tr>\n<td class=\"et4 selectTdClass\" width=\"108\" height=\"22\">Cadre<\/td>\n<td class=\"et5 selectTdClass\" width=\"298\">Cadre en alliage d'aluminium anodis\u00e9<\/td>\n<\/tr>\n<tr>\n<td class=\"et4 selectTdClass\" width=\"108\" height=\"22\">Poids<\/td>\n<td class=\"et5 selectTdClass\" width=\"298\">27,5 kg<\/td>\n<\/tr>\n<tr>\n<td class=\"et4 selectTdClass\" width=\"108\" height=\"22\">Dimension<\/td>\n<td class=\"et5 selectTdClass\" width=\"298\">2278 \u00d7 1134 \u00d7 35 mm<\/td>\n<\/tr>\n<tr>\n<td class=\"et4 selectTdClass\" width=\"108\" height=\"22\">Emballage<\/td>\n<td class=\"et5 selectTdClass\" width=\"298\">31 pi\u00e8ces par palette \/ 155 pi\u00e8ces par conteneur 20 pieds \/ 620 pi\u00e8ces par conteneur 40 pieds<\/td>\n<\/tr>\n<\/tbody>\n<\/table>\n<p><strong>Description du produit<\/strong><strong>n<\/strong><\/p>\n<p><strong>Longi 540W 545W 550W 555W 560W Panneaux solaires r\u00e9sidentiels Module photovolta\u00efque Panneau solaire  Pour syst\u00e8me de ferme solaire\u00a0<\/strong><\/p>\n<div>\n<div>\n<p>Les panneaux solaires r\u00e9sidentiels Longi 540W, 545W, 550W, 555W et 560W sont des modules photovolta\u00efques de haute qualit\u00e9 con\u00e7us pour fournir une \u00e9nergie solaire efficace et fiable pour les applications r\u00e9sidentielles. Ces panneaux sont fabriqu\u00e9s par Longi, un fabricant de panneaux solaires renomm\u00e9 et fiable, connu pour sa technologie de pointe et ses produits hautement performants.<\/p>\n<p>&nbsp;<\/p>\n<p>Avec une puissance comprise entre 540 W et 560 W, ces panneaux solaires produisent une quantit\u00e9 importante d'\u00e9lectricit\u00e9. Leur puissance \u00e9lev\u00e9e leur permet de r\u00e9pondre aux besoins \u00e9nerg\u00e9tiques des propri\u00e9t\u00e9s r\u00e9sidentielles, ce qui permet aux propri\u00e9taires de r\u00e9duire leur d\u00e9pendance au r\u00e9seau \u00e9lectrique et d'atteindre potentiellement l'ind\u00e9pendance \u00e9nerg\u00e9tique.<\/p>\n<p><img decoding=\"async\" src=\"http:\/\/jinkosolarpv.com\/wp-content\/uploads\/2025\/11\/5b9fa352d7b05f5085273c62b96f880f.png\" alt=\"\" title=\"\"><\/p>\n<\/div>\n<\/div>","protected":false},"excerpt":{"rendered":"<p>Num\u00e9ro du module : Longi LR5-72HPH 540~560M<br \/>\nPoids : 27,5 kg<br \/>\nEmballage : 31 pi\u00e8ces\/palette ; 620 pi\u00e8ces\/40hq<br \/>\nSp\u00e9cifications : 2278 x 1134 x 35 mm<br \/>\nMarque d\u00e9pos\u00e9e:Longi solar<br \/>\nOrigine : Chine<\/p>","protected":false},"featured_media":279,"comment_status":"open","ping_status":"closed","template":"","meta":{"site-sidebar-layout":"default","site-content-layout":"","ast-site-content-layout":"default","site-content-style":"default","site-sidebar-style":"default","ast-global-header-display":"","ast-banner-title-visibility":"","ast-main-header-display":"","ast-hfb-above-header-display":"","ast-hfb-below-header-display":"","ast-hfb-mobile-header-display":"","site-post-title":"","ast-breadcrumbs-content":"","ast-featured-img":"","footer-sml-layout":"","theme-transparent-header-meta":"default","adv-header-id-meta":"","stick-header-meta":"","header-above-stick-meta":"","header-main-stick-meta":"","header-below-stick-meta":"","astra-migrate-meta-layouts":"set","ast-page-background-enabled":"default","ast-page-background-meta":{"desktop":{"background-color":"var(--ast-global-color-5)","background-image":"","background-repeat":"repeat","background-position":"center center","background-size":"auto","background-attachment":"scroll","background-type":"","background-media":"","overlay-type":"","overlay-color":"","overlay-opacity":"","overlay-gradient":""},"tablet":{"background-color":"","background-image":"","background-repeat":"repeat","background-position":"center center","background-size":"auto","background-attachment":"scroll","background-type":"","background-media":"","overlay-type":"","overlay-color":"","overlay-opacity":"","overlay-gradient":""},"mobile":{"background-color":"","background-image":"","background-repeat":"repeat","background-position":"center center","background-size":"auto","background-attachment":"scroll","background-type":"","background-media":"","overlay-type":"","overlay-color":"","overlay-opacity":"","overlay-gradient":""}},"ast-content-background-meta":{"desktop":{"background-color":"var(--ast-global-color-4)","background-image":"","background-repeat":"repeat","background-position":"center center","background-size":"auto","background-attachment":"scroll","background-type":"","background-media":"","overlay-type":"","overlay-color":"","overlay-opacity":"","overlay-gradient":""},"tablet":{"background-color":"var(--ast-global-color-4)","background-image":"","background-repeat":"repeat","background-position":"center center","background-size":"auto","background-attachment":"scroll","background-type":"","background-media":"","overlay-type":"","overlay-color":"","overlay-opacity":"","overlay-gradient":""},"mobile":{"background-color":"var(--ast-global-color-4)","background-image":"","background-repeat":"repeat","background-position":"center center","background-size":"auto","background-attachment":"scroll","background-type":"","background-media":"","overlay-type":"","overlay-color":"","overlay-opacity":"","overlay-gradient":""}}},"product_brand":[],"product_cat":[21],"product_tag":[],"class_list":{"0":"post-277","1":"product","2":"type-product","3":"status-publish","4":"has-post-thumbnail","6":"product_cat-longi-solar-panel","7":"desktop-align-left","8":"tablet-align-left","9":"mobile-align-left","11":"first","12":"instock","13":"shipping-taxable","14":"product-type-simple"},"_links":{"self":[{"href":"https:\/\/jinkosolarpv.com\/fr\/wp-json\/wp\/v2\/product\/277","targetHints":{"allow":["GET"]}}],"collection":[{"href":"https:\/\/jinkosolarpv.com\/fr\/wp-json\/wp\/v2\/product"}],"about":[{"href":"https:\/\/jinkosolarpv.com\/fr\/wp-json\/wp\/v2\/types\/product"}],"replies":[{"embeddable":true,"href":"https:\/\/jinkosolarpv.com\/fr\/wp-json\/wp\/v2\/comments?post=277"}],"wp:featuredmedia":[{"embeddable":true,"href":"https:\/\/jinkosolarpv.com\/fr\/wp-json\/wp\/v2\/media\/279"}],"wp:attachment":[{"href":"https:\/\/jinkosolarpv.com\/fr\/wp-json\/wp\/v2\/media?parent=277"}],"wp:term":[{"taxonomy":"product_brand","embeddable":true,"href":"https:\/\/jinkosolarpv.com\/fr\/wp-json\/wp\/v2\/product_brand?post=277"},{"taxonomy":"product_cat","embeddable":true,"href":"https:\/\/jinkosolarpv.com\/fr\/wp-json\/wp\/v2\/product_cat?post=277"},{"taxonomy":"product_tag","embeddable":true,"href":"https:\/\/jinkosolarpv.com\/fr\/wp-json\/wp\/v2\/product_tag?post=277"}],"curies":[{"name":"wp","href":"https:\/\/api.w.org\/{rel}","templated":true}]}}