{"id":268,"date":"2025-11-17T10:58:23","date_gmt":"2025-11-17T02:58:23","guid":{"rendered":"https:\/\/jinkosolarpv.com\/?post_type=product&#038;p=268"},"modified":"2025-11-27T13:44:28","modified_gmt":"2025-11-27T05:44:28","slug":"jinko-neo-n-type-72hl4-bdv-570w575w580w585w590w","status":"publish","type":"product","link":"https:\/\/jinkosolarpv.com\/fr\/product\/jinko-neo-n-type-72hl4-bdv-570w575w580w585w590w\/","title":{"rendered":"Jinko Neo N-type 72HL4-BDV 570w,575w,580w,585w,590w"},"content":{"rendered":"<p><strong>D\u00e9tails du produit<\/strong><\/p>\n<table width=\"532\" cellspacing=\"0\" cellpadding=\"0\">\n<colgroup>\n<col width=\"196\" \/>\n<col width=\"362\" \/>\n<col width=\"106\" \/><\/colgroup>\n<tbody>\n<tr class=\"firstRow\">\n<td width=\"157\" height=\"35\">M\u00e9canique<\/td>\n<td colspan=\"2\" width=\"375\">Caract\u00e9ristiques<\/td>\n<\/tr>\n<tr>\n<td width=\"157\" height=\"25\">Type de cellule<\/td>\n<td colspan=\"2\" width=\"375\">Type N Monocristallin<\/td>\n<\/tr>\n<tr>\n<td colspan=\"3\" width=\"532\" height=\"25\">Nombre de cellules 144(2\u00d772)<\/td>\n<\/tr>\n<tr>\n<td colspan=\"3\" width=\"532\" height=\"27\">Dimensions 2278\u00d71134\u00d730mm (89.69\u00d744.65\u00d71.18 pouces)<\/td>\n<\/tr>\n<tr>\n<td colspan=\"3\" width=\"532\" height=\"22\">Poids 32 kg (70.55 Ibs)<\/td>\n<\/tr>\n<tr>\n<td colspan=\"3\" width=\"532\" height=\"24\">Verre frontal 2.0mm, traitement antireflet<\/td>\n<\/tr>\n<tr>\n<td colspan=\"3\" width=\"532\" height=\"26\">Verre arri\u00e8re 2.0mm, verre renforc\u00e9 \u00e0 la chaleur<\/td>\n<\/tr>\n<tr>\n<td width=\"157\" height=\"23\">Cadre<\/td>\n<td width=\"290\">Alliage d'aluminium anodis\u00e9<\/td>\n<td width=\"85\"><\/td>\n<\/tr>\n<tr>\n<td width=\"157\" height=\"26\">Bo\u00eete de jonction<\/td>\n<td width=\"290\">Class\u00e9 IP68<\/td>\n<td width=\"85\"><\/td>\n<\/tr>\n<tr>\n<td width=\"157\" height=\"42\">C\u00e2bles de sortie<\/td>\n<td width=\"290\">\u00a0\u00a0\u00a0\u00a0\u00a0\u00a0\u00a0\u00a0\u00a0\u00a0\u00a0\u00a0 TUV 1\u00d74.0mm\u00b3<br \/>\n(+):400mm, (-):200mm ou sur mesure<\/td>\n<td width=\"85\">Longueur<\/td>\n<\/tr>\n<\/tbody>\n<\/table>\n<p><strong>Description du produit<\/strong><\/p>\n<p><strong>AKS Jinko Neo N-type 72HL4-BDV Panneau Solaire 570W 575W 580W 585W 590W Module Bifacial Dual Glass Jinko Solar Solarpanel<\/strong><\/p>\n<p>Certifications et normes : Les panneaux Jinko Solar sont g\u00e9n\u00e9ralement conformes aux normes et certifications internationales, notamment IEC, TUV et UL. Ces certifications valident la qualit\u00e9, la s\u00e9curit\u00e9 et les performances des panneaux, ce qui constitue une garantie pour les clients.<\/p>\n<p>Polyvalence de l'installation : Les panneaux Tiger Neo de type N sont con\u00e7us pour s'int\u00e9grer facilement dans diverses installations solaires. Qu'il s'agisse d'un toit, d'un syst\u00e8me au sol ou d'une ferme solaire, ces panneaux offrent une flexibilit\u00e9 et une compatibilit\u00e9 avec diff\u00e9rentes options de montage.<\/p>\n<p>Technologie SMBB<\/p>\n<p>Meilleur pi\u00e9geage de la lumi\u00e8re et meilleure collecte du courant pour am\u00e9liorer la puissance et la fiabilit\u00e9 du module<\/p>\n<p>Technologie 2.0<\/p>\n<p>Le module de type N dot\u00e9 de la technologie Hot 2.0 pr\u00e9sente une meilleure fiabilit\u00e9 et un taux de LID\/LETID plus faible.<\/p>\n<p>R\u00e9sistance PID<\/p>\n<p>Excellente performance anti-PID garantie par un processus de production de masse optimis\u00e9 et un contr\u00f4le des mat\u00e9riaux.<\/p>\n<p>Charge m\u00e9canique renforc\u00e9e<\/p>\n<p>Certifi\u00e9 pour r\u00e9sister \u00e0 la charge du vent (2400 Pascal) et \u00e0 la charge de la neige (5400 Pascal).<\/p>\n<p>Puissance de sortie plus \u00e9lev\u00e9e<\/p>\n<p>L'augmentation de la puissance des modules de 5,25% entra\u00eene g\u00e9n\u00e9ralement une baisse significative du LCOE et une augmentation du IRR.<\/p>\n<p><img decoding=\"async\" src=\"http:\/\/jinkosolarpv.com\/wp-content\/uploads\/2025\/11\/aea417e3bf5827bc5eb266267b129e43.png\" alt=\"\" title=\"\"><\/p>","protected":false},"excerpt":{"rendered":"<p>Num\u00e9ro de module:Jinko Neo N-type 72HL4-BDV570-590 Watt<br \/>\nPoids : 31 kg<br \/>\nEmballage:36pcs\/palette;720pcs\/40hq<br \/>\nSpecification:2278\u00d71134\u00d730mm<br \/>\nMarque d\u00e9pos\u00e9e:Jinko solar<br \/>\nOrigine : Chine<\/p>","protected":false},"featured_media":269,"comment_status":"open","ping_status":"closed","template":"","meta":{"site-sidebar-layout":"default","site-content-layout":"","ast-site-content-layout":"default","site-content-style":"default","site-sidebar-style":"default","ast-global-header-display":"","ast-banner-title-visibility":"","ast-main-header-display":"","ast-hfb-above-header-display":"","ast-hfb-below-header-display":"","ast-hfb-mobile-header-display":"","site-post-title":"","ast-breadcrumbs-content":"","ast-featured-img":"","footer-sml-layout":"","theme-transparent-header-meta":"default","adv-header-id-meta":"","stick-header-meta":"","header-above-stick-meta":"","header-main-stick-meta":"","header-below-stick-meta":"","astra-migrate-meta-layouts":"set","ast-page-background-enabled":"default","ast-page-background-meta":{"desktop":{"background-color":"var(--ast-global-color-5)","background-image":"","background-repeat":"repeat","background-position":"center center","background-size":"auto","background-attachment":"scroll","background-type":"","background-media":"","overlay-type":"","overlay-color":"","overlay-opacity":"","overlay-gradient":""},"tablet":{"background-color":"","background-image":"","background-repeat":"repeat","background-position":"center center","background-size":"auto","background-attachment":"scroll","background-type":"","background-media":"","overlay-type":"","overlay-color":"","overlay-opacity":"","overlay-gradient":""},"mobile":{"background-color":"","background-image":"","background-repeat":"repeat","background-position":"center center","background-size":"auto","background-attachment":"scroll","background-type":"","background-media":"","overlay-type":"","overlay-color":"","overlay-opacity":"","overlay-gradient":""}},"ast-content-background-meta":{"desktop":{"background-color":"var(--ast-global-color-4)","background-image":"","background-repeat":"repeat","background-position":"center center","background-size":"auto","background-attachment":"scroll","background-type":"","background-media":"","overlay-type":"","overlay-color":"","overlay-opacity":"","overlay-gradient":""},"tablet":{"background-color":"var(--ast-global-color-4)","background-image":"","background-repeat":"repeat","background-position":"center center","background-size":"auto","background-attachment":"scroll","background-type":"","background-media":"","overlay-type":"","overlay-color":"","overlay-opacity":"","overlay-gradient":""},"mobile":{"background-color":"var(--ast-global-color-4)","background-image":"","background-repeat":"repeat","background-position":"center center","background-size":"auto","background-attachment":"scroll","background-type":"","background-media":"","overlay-type":"","overlay-color":"","overlay-opacity":"","overlay-gradient":""}}},"product_brand":[],"product_cat":[19],"product_tag":[],"class_list":{"0":"post-268","1":"product","2":"type-product","3":"status-publish","4":"has-post-thumbnail","6":"product_cat-jinko-solar-panel","7":"desktop-align-left","8":"tablet-align-left","9":"mobile-align-left","11":"first","12":"instock","13":"shipping-taxable","14":"product-type-simple"},"_links":{"self":[{"href":"https:\/\/jinkosolarpv.com\/fr\/wp-json\/wp\/v2\/product\/268","targetHints":{"allow":["GET"]}}],"collection":[{"href":"https:\/\/jinkosolarpv.com\/fr\/wp-json\/wp\/v2\/product"}],"about":[{"href":"https:\/\/jinkosolarpv.com\/fr\/wp-json\/wp\/v2\/types\/product"}],"replies":[{"embeddable":true,"href":"https:\/\/jinkosolarpv.com\/fr\/wp-json\/wp\/v2\/comments?post=268"}],"wp:featuredmedia":[{"embeddable":true,"href":"https:\/\/jinkosolarpv.com\/fr\/wp-json\/wp\/v2\/media\/269"}],"wp:attachment":[{"href":"https:\/\/jinkosolarpv.com\/fr\/wp-json\/wp\/v2\/media?parent=268"}],"wp:term":[{"taxonomy":"product_brand","embeddable":true,"href":"https:\/\/jinkosolarpv.com\/fr\/wp-json\/wp\/v2\/product_brand?post=268"},{"taxonomy":"product_cat","embeddable":true,"href":"https:\/\/jinkosolarpv.com\/fr\/wp-json\/wp\/v2\/product_cat?post=268"},{"taxonomy":"product_tag","embeddable":true,"href":"https:\/\/jinkosolarpv.com\/fr\/wp-json\/wp\/v2\/product_tag?post=268"}],"curies":[{"name":"wp","href":"https:\/\/api.w.org\/{rel}","templated":true}]}}