{"id":257,"date":"2025-11-17T10:52:24","date_gmt":"2025-11-17T02:52:24","guid":{"rendered":"https:\/\/jinkosolarpv.com\/?post_type=product&#038;p=257"},"modified":"2025-11-27T13:45:20","modified_gmt":"2025-11-27T05:45:20","slug":"jinko-tiger-neo-n-type-54hl4r-v425w430w435w440w445w","status":"publish","type":"product","link":"https:\/\/jinkosolarpv.com\/fr\/product\/jinko-tiger-neo-n-type-54hl4r-v425w430w435w440w445w\/","title":{"rendered":"Jinko Tiger Neo N-type 54HL4R-(V)425w,430w,435w,440w,445w"},"content":{"rendered":"<p><strong>D\u00e9tails du produit<\/strong><\/p>\n<table width=\"331\" cellspacing=\"0\" cellpadding=\"0\">\n<colgroup>\n<col width=\"146\" \/>\n<col width=\"407\" \/><\/colgroup>\n<tbody>\n<tr class=\"firstRow\">\n<td class=\"et2 selectTdClass\" colspan=\"2\" width=\"332\" height=\"24\">Caract\u00e9ristiques m\u00e9caniques<\/td>\n<\/tr>\n<tr>\n<td class=\"et3 selectTdClass\" width=\"88\" height=\"18\">Type de cellule<\/td>\n<td class=\"et4 selectTdClass\" width=\"244\">Type N monocristallin<\/td>\n<\/tr>\n<tr>\n<td class=\"et3 selectTdClass\" width=\"88\" height=\"18\">Non, des cellules<\/td>\n<td class=\"et4 selectTdClass\" width=\"244\">108 (2\u00d754)<\/td>\n<\/tr>\n<tr>\n<td class=\"et3 selectTdClass\" width=\"88\" height=\"18\">Dimensions<\/td>\n<td class=\"et4 selectTdClass\" width=\"244\">1762 x 1134 x 30 mm (69,36 \u00d7 44,65 \u00d7 1,18 pouces)<\/td>\n<\/tr>\n<tr>\n<td class=\"et3 selectTdClass\" width=\"88\" height=\"18\">Poids<\/td>\n<td class=\"et4 selectTdClass\" width=\"244\">22 kg (48,50 lb)<\/td>\n<\/tr>\n<tr>\n<td class=\"et3 selectTdClass\" width=\"88\" height=\"35\">Verre frontal<\/td>\n<td class=\"et4 selectTdClass\" width=\"244\">3,2 mm, rev\u00eatement antireflet. Haute transmission, faible teneur en fer, verre tremp\u00e9.<\/td>\n<\/tr>\n<tr>\n<td class=\"et3 selectTdClass\" width=\"88\" height=\"18\">Cadre<\/td>\n<td class=\"et4 selectTdClass\" width=\"244\">Alliage d'aluminium anodis\u00e9<\/td>\n<\/tr>\n<tr>\n<td class=\"et3 selectTdClass\" width=\"88\" height=\"18\">Bo\u00eete de jonction<\/td>\n<td class=\"et4 selectTdClass\" width=\"244\">Class\u00e9 IP68<\/td>\n<\/tr>\n<tr>\n<td class=\"et3 selectTdClass\" width=\"88\" height=\"35\">C\u00e2bles de sortie<\/td>\n<td class=\"et4 selectTdClass\" width=\"244\">TUV 1\u00d74,0 mm (+) : 400 mm, (-) : 200 mm ou longueur personnalis\u00e9e<\/td>\n<\/tr>\n<\/tbody>\n<\/table>\n<p><strong>Description du produit<\/strong><\/p>\n<p>&nbsp;<\/p>\n<p><strong>Panneau solaire AKS Jinko Tiger Neo N-type 54HL4R-V 425 W 430 W 435 W 440 W  445 W Panneau solaire Jinko Solar Plaque Solaire<\/strong><\/p>\n<p>Puissance de sortie : La s\u00e9rie de panneaux solaires Jinko Tiger Neo N-type offre une puissance de sortie \u00e9lev\u00e9e allant de 420 W \u00e0 440 W. Ces panneaux offrent un excellent potentiel de production d'\u00e9nergie, permettant une production \u00e9lectrique maximale dans les applications r\u00e9sidentielles, commerciales et \u00e0 l'\u00e9chelle des services publics.<\/p>\n<p>Technologie monocristalline de type N : les panneaux Tiger Neo sont \u00e9quip\u00e9s de cellules en silicium monocristallin de type N. La technologie de type N am\u00e9liore l'efficacit\u00e9 et les performances des panneaux, ce qui se traduit par un meilleur rendement \u00e9nerg\u00e9tique et une puissance globale accrue du syst\u00e8me. La conception unique et l'architecture avanc\u00e9e des cellules de la s\u00e9rie Tiger Neo contribuent \u00e0 am\u00e9liorer les performances, m\u00eame dans des conditions de faible luminosit\u00e9.<\/p>\n<p>Technologie SMBB<\/p>\n<p>Meilleur pi\u00e9geage de la lumi\u00e8re et meilleure collecte du courant pour am\u00e9liorer la puissance et la fiabilit\u00e9 du module<\/p>\n<p>Technologie 2.0<\/p>\n<p>Le module de type N dot\u00e9 de la technologie Hot 2.0 pr\u00e9sente une meilleure fiabilit\u00e9 et un taux de LID\/LETID plus faible.<\/p>\n<p>R\u00e9sistance PID<\/p>\n<p>Excellente performance anti-PID garantie par un processus de production de masse optimis\u00e9 et un contr\u00f4le des mat\u00e9riaux.<\/p>\n<p>Charge m\u00e9canique renforc\u00e9e<\/p>\n<p>Certifi\u00e9 pour r\u00e9sister \u00e0 la charge du vent (2400 Pascal) et \u00e0 la charge de la neige (5400 Pascal).<\/p>\n<p>R\u00e9sistance aux conditions environnementales extr\u00eames<\/p>\n<p>Haute r\u00e9sistance au brouillard salin et \u00e0 l'ammoniac.<\/p>\n<p><strong><img decoding=\"async\" src=\"http:\/\/jinkosolarpv.com\/wp-content\/uploads\/2025\/11\/75f0c8411dda1d0061829583bd731eac.png\" alt=\"\" title=\"\"><\/strong><\/p>","protected":false},"excerpt":{"rendered":"<p>Num\u00e9ro de module : Tiger Neo N-type 54HL4R-(V)425-445 Watt<br \/>\nPoids : 22 kg<br \/>\nEmballage : 36 pi\u00e8ces\/palette ; 936 pi\u00e8ces\/40 hq<br \/>\nSp\u00e9cifications : 1762 \u00d7 1134 \u00d7 30 mm<br \/>\nMarque d\u00e9pos\u00e9e:Jinko solar<br \/>\nOrigine : Chine<\/p>","protected":false},"featured_media":262,"comment_status":"open","ping_status":"closed","template":"","meta":{"site-sidebar-layout":"default","site-content-layout":"","ast-site-content-layout":"default","site-content-style":"default","site-sidebar-style":"default","ast-global-header-display":"","ast-banner-title-visibility":"","ast-main-header-display":"","ast-hfb-above-header-display":"","ast-hfb-below-header-display":"","ast-hfb-mobile-header-display":"","site-post-title":"","ast-breadcrumbs-content":"","ast-featured-img":"","footer-sml-layout":"","theme-transparent-header-meta":"default","adv-header-id-meta":"","stick-header-meta":"","header-above-stick-meta":"","header-main-stick-meta":"","header-below-stick-meta":"","astra-migrate-meta-layouts":"set","ast-page-background-enabled":"default","ast-page-background-meta":{"desktop":{"background-color":"var(--ast-global-color-5)","background-image":"","background-repeat":"repeat","background-position":"center center","background-size":"auto","background-attachment":"scroll","background-type":"","background-media":"","overlay-type":"","overlay-color":"","overlay-opacity":"","overlay-gradient":""},"tablet":{"background-color":"","background-image":"","background-repeat":"repeat","background-position":"center center","background-size":"auto","background-attachment":"scroll","background-type":"","background-media":"","overlay-type":"","overlay-color":"","overlay-opacity":"","overlay-gradient":""},"mobile":{"background-color":"","background-image":"","background-repeat":"repeat","background-position":"center center","background-size":"auto","background-attachment":"scroll","background-type":"","background-media":"","overlay-type":"","overlay-color":"","overlay-opacity":"","overlay-gradient":""}},"ast-content-background-meta":{"desktop":{"background-color":"var(--ast-global-color-4)","background-image":"","background-repeat":"repeat","background-position":"center center","background-size":"auto","background-attachment":"scroll","background-type":"","background-media":"","overlay-type":"","overlay-color":"","overlay-opacity":"","overlay-gradient":""},"tablet":{"background-color":"var(--ast-global-color-4)","background-image":"","background-repeat":"repeat","background-position":"center center","background-size":"auto","background-attachment":"scroll","background-type":"","background-media":"","overlay-type":"","overlay-color":"","overlay-opacity":"","overlay-gradient":""},"mobile":{"background-color":"var(--ast-global-color-4)","background-image":"","background-repeat":"repeat","background-position":"center center","background-size":"auto","background-attachment":"scroll","background-type":"","background-media":"","overlay-type":"","overlay-color":"","overlay-opacity":"","overlay-gradient":""}}},"product_brand":[],"product_cat":[19],"product_tag":[],"class_list":{"0":"post-257","1":"product","2":"type-product","3":"status-publish","4":"has-post-thumbnail","6":"product_cat-jinko-solar-panel","7":"desktop-align-left","8":"tablet-align-left","9":"mobile-align-left","11":"first","12":"instock","13":"shipping-taxable","14":"product-type-simple"},"_links":{"self":[{"href":"https:\/\/jinkosolarpv.com\/fr\/wp-json\/wp\/v2\/product\/257","targetHints":{"allow":["GET"]}}],"collection":[{"href":"https:\/\/jinkosolarpv.com\/fr\/wp-json\/wp\/v2\/product"}],"about":[{"href":"https:\/\/jinkosolarpv.com\/fr\/wp-json\/wp\/v2\/types\/product"}],"replies":[{"embeddable":true,"href":"https:\/\/jinkosolarpv.com\/fr\/wp-json\/wp\/v2\/comments?post=257"}],"wp:featuredmedia":[{"embeddable":true,"href":"https:\/\/jinkosolarpv.com\/fr\/wp-json\/wp\/v2\/media\/262"}],"wp:attachment":[{"href":"https:\/\/jinkosolarpv.com\/fr\/wp-json\/wp\/v2\/media?parent=257"}],"wp:term":[{"taxonomy":"product_brand","embeddable":true,"href":"https:\/\/jinkosolarpv.com\/fr\/wp-json\/wp\/v2\/product_brand?post=257"},{"taxonomy":"product_cat","embeddable":true,"href":"https:\/\/jinkosolarpv.com\/fr\/wp-json\/wp\/v2\/product_cat?post=257"},{"taxonomy":"product_tag","embeddable":true,"href":"https:\/\/jinkosolarpv.com\/fr\/wp-json\/wp\/v2\/product_tag?post=257"}],"curies":[{"name":"wp","href":"https:\/\/api.w.org\/{rel}","templated":true}]}}