{"id":243,"date":"2025-11-17T10:39:43","date_gmt":"2025-11-17T02:39:43","guid":{"rendered":"https:\/\/jinkosolarpv.com\/?post_type=product&#038;p=243"},"modified":"2025-11-27T13:46:12","modified_gmt":"2025-11-27T05:46:12","slug":"jinko-tiger-neo-n-type-78hl4-v-610w-615w-620w-625w-630w","status":"publish","type":"product","link":"https:\/\/jinkosolarpv.com\/fr\/product\/jinko-tiger-neo-n-type-78hl4-v-610w-615w-620w-625w-630w\/","title":{"rendered":"Jinko Tiger Neo N-type78HL4-(V) 610w,615w,620w,625w,630w"},"content":{"rendered":"<p><strong>D\u00e9tails du produit<\/strong><\/p>\n<p>&nbsp;<\/p>\n<p>&nbsp;<\/p>\n<table width=\"345\" cellspacing=\"0\" cellpadding=\"0\">\n<colgroup>\n<col width=\"166\" \/>\n<col width=\"410\" \/><\/colgroup>\n<tbody>\n<tr class=\"firstRow\">\n<td class=\"et2\" colspan=\"2\" width=\"346\" height=\"28\">Caract\u00e9ristiques m\u00e9caniques<\/td>\n<\/tr>\n<tr>\n<td class=\"et4\" width=\"100\" height=\"22\">Type de cellule<\/td>\n<td class=\"et4\" width=\"246\">Type N monocristallin<\/td>\n<\/tr>\n<tr>\n<td class=\"et5\" width=\"100\" height=\"39\">Nombre de cellules<\/td>\n<td class=\"et6\" width=\"246\">156 (2 \u00d7 78)<\/td>\n<\/tr>\n<tr>\n<td class=\"et5\" width=\"100\" height=\"22\">Dimensions<\/td>\n<td class=\"et6\" width=\"246\">2465 x 1134 x 35 mm (97,05 \u00d7 44,65 \u00d7 1,38 pouces)<\/td>\n<\/tr>\n<tr>\n<td class=\"et5\" width=\"100\" height=\"22\">Poids<\/td>\n<td class=\"et6\" width=\"246\">30,6 kg (67,46 lb)<\/td>\n<\/tr>\n<tr>\n<td class=\"et5\" width=\"100\" height=\"22\">Verre frontal<\/td>\n<td class=\"et6\" width=\"246\">3,2 mm, rev\u00eatement antireflet. Haute transmission, faible teneur en fer, verre tremp\u00e9.<\/td>\n<\/tr>\n<tr>\n<td class=\"et5\" width=\"100\" height=\"22\">Cadre<\/td>\n<td class=\"et6\" width=\"246\">Alliage d'aluminium anodis\u00e9<\/td>\n<\/tr>\n<tr>\n<td class=\"et5\" width=\"100\" height=\"22\">Bo\u00eete de jonction<\/td>\n<td class=\"et7\" width=\"246\">Class\u00e9 IP68<\/td>\n<\/tr>\n<tr>\n<td class=\"et5\" width=\"100\" height=\"39\">C\u00e2bles de sortie<\/td>\n<td class=\"et6\" width=\"246\">TUV 1\u00d74.0mm<br \/>\n(+) : 400 mm, (-) : 200 mm ou longueur personnalis\u00e9e<\/td>\n<\/tr>\n<\/tbody>\n<\/table>\n<p><strong>Jinko  610W 615W 620W 625W 630W  panneaux solaires monocristallins panneaux solaires noirs<\/strong><\/p>\n<p>La durabilit\u00e9 \u00e0 long terme des panneaux solaires PERC est un autre avantage qui les distingue des panneaux solaires conventionnels. La couche de passivation ajout\u00e9e \u00e0 l'arri\u00e8re de la cellule am\u00e9liore non seulement l'efficacit\u00e9, mais offre \u00e9galement une protection suppl\u00e9mentaire contre les facteurs environnementaux tels que l'humidit\u00e9, la poussi\u00e8re et les rayons UV. Cette protection suppl\u00e9mentaire contribue \u00e0 la long\u00e9vit\u00e9 globale du panneau, garantissant qu'il continue \u00e0 produire de l'\u00e9lectricit\u00e9 de mani\u00e8re efficace pendant une longue p\u00e9riode. Avec une dur\u00e9e de vie typique de 25 \u00e0 30 ans, les panneaux solaires PERC constituent une source d'\u00e9nergie renouvelable fiable et durable pour les propri\u00e9taires et les entreprises.<\/p>\n<p><img decoding=\"async\" src=\"http:\/\/jinkosolarpv.com\/wp-content\/uploads\/2025\/11\/4eb55abadeb87acb293e2b5b67de34c5.png\" alt=\"\" title=\"\"><\/p>","protected":false},"excerpt":{"rendered":"<p>Num\u00e9ro du module : Tiger Neo N-type78HL4-(V) 610-630 Watt<br \/>\nPoids : 30,6 kg<br \/>\nEmballage : 31 pi\u00e8ces\/palette ; 496 pi\u00e8ces\/40hq<br \/>\nSp\u00e9cifications : 2465 \u00d7 1134 \u00d7 35 mm<br \/>\nMarque d\u00e9pos\u00e9e:Jinko solar<br \/>\nOrigine : Chine<\/p>","protected":false},"featured_media":250,"comment_status":"open","ping_status":"closed","template":"","meta":{"site-sidebar-layout":"default","site-content-layout":"","ast-site-content-layout":"default","site-content-style":"default","site-sidebar-style":"default","ast-global-header-display":"","ast-banner-title-visibility":"","ast-main-header-display":"","ast-hfb-above-header-display":"","ast-hfb-below-header-display":"","ast-hfb-mobile-header-display":"","site-post-title":"","ast-breadcrumbs-content":"","ast-featured-img":"","footer-sml-layout":"","theme-transparent-header-meta":"default","adv-header-id-meta":"","stick-header-meta":"","header-above-stick-meta":"","header-main-stick-meta":"","header-below-stick-meta":"","astra-migrate-meta-layouts":"set","ast-page-background-enabled":"default","ast-page-background-meta":{"desktop":{"background-color":"var(--ast-global-color-5)","background-image":"","background-repeat":"repeat","background-position":"center center","background-size":"auto","background-attachment":"scroll","background-type":"","background-media":"","overlay-type":"","overlay-color":"","overlay-opacity":"","overlay-gradient":""},"tablet":{"background-color":"","background-image":"","background-repeat":"repeat","background-position":"center center","background-size":"auto","background-attachment":"scroll","background-type":"","background-media":"","overlay-type":"","overlay-color":"","overlay-opacity":"","overlay-gradient":""},"mobile":{"background-color":"","background-image":"","background-repeat":"repeat","background-position":"center center","background-size":"auto","background-attachment":"scroll","background-type":"","background-media":"","overlay-type":"","overlay-color":"","overlay-opacity":"","overlay-gradient":""}},"ast-content-background-meta":{"desktop":{"background-color":"var(--ast-global-color-4)","background-image":"","background-repeat":"repeat","background-position":"center center","background-size":"auto","background-attachment":"scroll","background-type":"","background-media":"","overlay-type":"","overlay-color":"","overlay-opacity":"","overlay-gradient":""},"tablet":{"background-color":"var(--ast-global-color-4)","background-image":"","background-repeat":"repeat","background-position":"center center","background-size":"auto","background-attachment":"scroll","background-type":"","background-media":"","overlay-type":"","overlay-color":"","overlay-opacity":"","overlay-gradient":""},"mobile":{"background-color":"var(--ast-global-color-4)","background-image":"","background-repeat":"repeat","background-position":"center center","background-size":"auto","background-attachment":"scroll","background-type":"","background-media":"","overlay-type":"","overlay-color":"","overlay-opacity":"","overlay-gradient":""}}},"product_brand":[],"product_cat":[19],"product_tag":[],"class_list":{"0":"post-243","1":"product","2":"type-product","3":"status-publish","4":"has-post-thumbnail","6":"product_cat-jinko-solar-panel","7":"desktop-align-left","8":"tablet-align-left","9":"mobile-align-left","11":"first","12":"instock","13":"shipping-taxable","14":"product-type-simple"},"_links":{"self":[{"href":"https:\/\/jinkosolarpv.com\/fr\/wp-json\/wp\/v2\/product\/243","targetHints":{"allow":["GET"]}}],"collection":[{"href":"https:\/\/jinkosolarpv.com\/fr\/wp-json\/wp\/v2\/product"}],"about":[{"href":"https:\/\/jinkosolarpv.com\/fr\/wp-json\/wp\/v2\/types\/product"}],"replies":[{"embeddable":true,"href":"https:\/\/jinkosolarpv.com\/fr\/wp-json\/wp\/v2\/comments?post=243"}],"wp:featuredmedia":[{"embeddable":true,"href":"https:\/\/jinkosolarpv.com\/fr\/wp-json\/wp\/v2\/media\/250"}],"wp:attachment":[{"href":"https:\/\/jinkosolarpv.com\/fr\/wp-json\/wp\/v2\/media?parent=243"}],"wp:term":[{"taxonomy":"product_brand","embeddable":true,"href":"https:\/\/jinkosolarpv.com\/fr\/wp-json\/wp\/v2\/product_brand?post=243"},{"taxonomy":"product_cat","embeddable":true,"href":"https:\/\/jinkosolarpv.com\/fr\/wp-json\/wp\/v2\/product_cat?post=243"},{"taxonomy":"product_tag","embeddable":true,"href":"https:\/\/jinkosolarpv.com\/fr\/wp-json\/wp\/v2\/product_tag?post=243"}],"curies":[{"name":"wp","href":"https:\/\/api.w.org\/{rel}","templated":true}]}}