{"id":226,"date":"2025-11-17T10:20:48","date_gmt":"2025-11-17T02:20:48","guid":{"rendered":"https:\/\/jinkosolarpv.com\/?post_type=product&#038;p=226"},"modified":"2025-11-27T13:49:07","modified_gmt":"2025-11-27T05:49:07","slug":"jinko-tiger-pro-72hc-540w-545w-550w-555w-560w","status":"publish","type":"product","link":"https:\/\/jinkosolarpv.com\/fr\/product\/jinko-tiger-pro-72hc-540w-545w-550w-555w-560w\/","title":{"rendered":"Jinko Tiger Pro 72HC 540w,545w,550w,555w,560w"},"content":{"rendered":"<p><strong>D\u00e9tails du produit<\/strong><\/p>\n<p>&nbsp;<\/p>\n<p>&nbsp;<\/p>\n<table width=\"345\" cellspacing=\"0\" cellpadding=\"0\">\n<colgroup>\n<col width=\"166\" \/>\n<col width=\"410\" \/><\/colgroup>\n<tbody>\n<tr class=\"firstRow\">\n<td class=\"et2\" colspan=\"2\" width=\"346\" height=\"28\">Caract\u00e9ristiques m\u00e9caniques<\/td>\n<\/tr>\n<tr>\n<td class=\"et4\" width=\"100\" height=\"22\">Type de cellule<\/td>\n<td class=\"et4\" width=\"246\">Type P monocristallin<\/td>\n<\/tr>\n<tr>\n<td class=\"et5\" width=\"100\" height=\"39\">Nombre de cellules<\/td>\n<td class=\"et6\" width=\"246\">144(6\u00d724)<\/td>\n<\/tr>\n<tr>\n<td class=\"et5\" width=\"100\" height=\"22\">Dimensions<\/td>\n<td class=\"et6\" width=\"246\">2278 x 1134 x 35 mm (89,53 \u00d7 44,65 \u00d7 1,38 pouces)<\/td>\n<\/tr>\n<tr>\n<td class=\"et5\" width=\"100\" height=\"22\">Poids<\/td>\n<td class=\"et6\" width=\"246\">28 kg (61,73 lb)<\/td>\n<\/tr>\n<tr>\n<td class=\"et5\" width=\"100\" height=\"22\">Verre frontal<\/td>\n<td class=\"et6\" width=\"246\">3,2 mm, rev\u00eatement antireflet, verre avant haute transmission, faible teneur en fer, verre tremp\u00e9<\/td>\n<\/tr>\n<tr>\n<td class=\"et5\" width=\"100\" height=\"22\">Cadre<\/td>\n<td class=\"et6\" width=\"246\">Alliage d'aluminium anodis\u00e9<\/td>\n<\/tr>\n<tr>\n<td class=\"et5\" width=\"100\" height=\"22\">Bo\u00eete de jonction<\/td>\n<td class=\"et7\" width=\"246\">Class\u00e9 IP68<\/td>\n<\/tr>\n<tr>\n<td class=\"et5\" width=\"100\" height=\"39\">C\u00e2bles de sortie<\/td>\n<td class=\"et6\" width=\"246\">TUV 1\u00d74.0mm<br \/>\n(+) : 400 mm, (-) : 200 mm ou longueur personnalis\u00e9e<\/td>\n<\/tr>\n<\/tbody>\n<\/table>\n<p><strong>Description du produit<\/strong><\/p>\n<p>&nbsp;<\/p>\n<p><strong>Panneaux solaires mono Jinko 540 W, 545 W, 550 W, 555 W et 560 W enti\u00e8rement noirs en stock en Chine\u00a0<\/strong><\/p>\n<p>Un autre avantage des panneaux solaires \u00e0 demi-cellules r\u00e9side dans leur performance am\u00e9lior\u00e9e dans des conditions d'ombrage total ou partiel. Dans les panneaux solaires traditionnels \u00e0 cellules enti\u00e8res, l'ombrage d'une partie du panneau peut avoir un impact significatif sur la performance globale de l'ensemble du panneau, car le courant \u00e9lectrique est contraint de circuler \u00e0 un d\u00e9bit r\u00e9duit \u00e0 travers les cellules ombrag\u00e9es. En revanche, les panneaux solaires \u00e0 demi-cellules sont moins sensibles aux probl\u00e8mes d'ombrage gr\u00e2ce \u00e0 leur disposition unique des cellules et \u00e0 leur configuration \u00e9lectrique. Lorsqu'une partie d'un panneau \u00e0 demi-cellules est ombrag\u00e9e, seules les demi-cellules concern\u00e9es voient leurs performances r\u00e9duites, tandis que les autres demi-cellules continuent \u00e0 produire de l'\u00e9lectricit\u00e9 \u00e0 pleine capacit\u00e9. Cette caract\u00e9ristique fait des panneaux solaires \u00e0 demi-cellules une option appropri\u00e9e pour les installations o\u00f9 l'ombrage peut \u00eatre un probl\u00e8me, comme les toits avec des chemin\u00e9es ou des arbres \u00e0 proximit\u00e9.<\/p>\n<p><img decoding=\"async\" src=\"http:\/\/jinkosolarpv.com\/wp-content\/uploads\/2025\/11\/599948307fef91c000197e2ded866fe0.png\" alt=\"\" title=\"\"><\/p>","protected":false},"excerpt":{"rendered":"<p>Num\u00e9ro de module : Tiger Pro 72HC 540-560 Watt<br \/>\nPoids : 28 kg<br \/>\nEmballage : 31 pi\u00e8ces\/palette ; 620 pi\u00e8ces\/40hq<br \/>\nSp\u00e9cifications : 2278 \u00d7 1134 \u00d7 35 mm<br \/>\nMarque d\u00e9pos\u00e9e:Jinko solar<br \/>\nOrigine : Chine<\/p>","protected":false},"featured_media":228,"comment_status":"open","ping_status":"closed","template":"","meta":{"site-sidebar-layout":"default","site-content-layout":"","ast-site-content-layout":"default","site-content-style":"default","site-sidebar-style":"default","ast-global-header-display":"","ast-banner-title-visibility":"","ast-main-header-display":"","ast-hfb-above-header-display":"","ast-hfb-below-header-display":"","ast-hfb-mobile-header-display":"","site-post-title":"","ast-breadcrumbs-content":"","ast-featured-img":"","footer-sml-layout":"","theme-transparent-header-meta":"default","adv-header-id-meta":"","stick-header-meta":"","header-above-stick-meta":"","header-main-stick-meta":"","header-below-stick-meta":"","astra-migrate-meta-layouts":"set","ast-page-background-enabled":"default","ast-page-background-meta":{"desktop":{"background-color":"var(--ast-global-color-5)","background-image":"","background-repeat":"repeat","background-position":"center center","background-size":"auto","background-attachment":"scroll","background-type":"","background-media":"","overlay-type":"","overlay-color":"","overlay-opacity":"","overlay-gradient":""},"tablet":{"background-color":"","background-image":"","background-repeat":"repeat","background-position":"center center","background-size":"auto","background-attachment":"scroll","background-type":"","background-media":"","overlay-type":"","overlay-color":"","overlay-opacity":"","overlay-gradient":""},"mobile":{"background-color":"","background-image":"","background-repeat":"repeat","background-position":"center center","background-size":"auto","background-attachment":"scroll","background-type":"","background-media":"","overlay-type":"","overlay-color":"","overlay-opacity":"","overlay-gradient":""}},"ast-content-background-meta":{"desktop":{"background-color":"var(--ast-global-color-4)","background-image":"","background-repeat":"repeat","background-position":"center center","background-size":"auto","background-attachment":"scroll","background-type":"","background-media":"","overlay-type":"","overlay-color":"","overlay-opacity":"","overlay-gradient":""},"tablet":{"background-color":"var(--ast-global-color-4)","background-image":"","background-repeat":"repeat","background-position":"center center","background-size":"auto","background-attachment":"scroll","background-type":"","background-media":"","overlay-type":"","overlay-color":"","overlay-opacity":"","overlay-gradient":""},"mobile":{"background-color":"var(--ast-global-color-4)","background-image":"","background-repeat":"repeat","background-position":"center center","background-size":"auto","background-attachment":"scroll","background-type":"","background-media":"","overlay-type":"","overlay-color":"","overlay-opacity":"","overlay-gradient":""}}},"product_brand":[],"product_cat":[19],"product_tag":[],"class_list":{"0":"post-226","1":"product","2":"type-product","3":"status-publish","4":"has-post-thumbnail","6":"product_cat-jinko-solar-panel","7":"desktop-align-left","8":"tablet-align-left","9":"mobile-align-left","11":"first","12":"instock","13":"shipping-taxable","14":"product-type-simple"},"_links":{"self":[{"href":"https:\/\/jinkosolarpv.com\/fr\/wp-json\/wp\/v2\/product\/226","targetHints":{"allow":["GET"]}}],"collection":[{"href":"https:\/\/jinkosolarpv.com\/fr\/wp-json\/wp\/v2\/product"}],"about":[{"href":"https:\/\/jinkosolarpv.com\/fr\/wp-json\/wp\/v2\/types\/product"}],"replies":[{"embeddable":true,"href":"https:\/\/jinkosolarpv.com\/fr\/wp-json\/wp\/v2\/comments?post=226"}],"wp:featuredmedia":[{"embeddable":true,"href":"https:\/\/jinkosolarpv.com\/fr\/wp-json\/wp\/v2\/media\/228"}],"wp:attachment":[{"href":"https:\/\/jinkosolarpv.com\/fr\/wp-json\/wp\/v2\/media?parent=226"}],"wp:term":[{"taxonomy":"product_brand","embeddable":true,"href":"https:\/\/jinkosolarpv.com\/fr\/wp-json\/wp\/v2\/product_brand?post=226"},{"taxonomy":"product_cat","embeddable":true,"href":"https:\/\/jinkosolarpv.com\/fr\/wp-json\/wp\/v2\/product_cat?post=226"},{"taxonomy":"product_tag","embeddable":true,"href":"https:\/\/jinkosolarpv.com\/fr\/wp-json\/wp\/v2\/product_tag?post=226"}],"curies":[{"name":"wp","href":"https:\/\/api.w.org\/{rel}","templated":true}]}}