{"id":218,"date":"2025-11-17T10:16:09","date_gmt":"2025-11-17T02:16:09","guid":{"rendered":"https:\/\/jinkosolarpv.com\/?post_type=product&#038;p=218"},"modified":"2025-11-27T13:50:05","modified_gmt":"2025-11-27T05:50:05","slug":"jinko-tiger-neo-n-type-60hl4-v-460w-465w-470w-475w-480w","status":"publish","type":"product","link":"https:\/\/jinkosolarpv.com\/fr\/product\/jinko-tiger-neo-n-type-60hl4-v-460w-465w-470w-475w-480w\/","title":{"rendered":"Jinko Tiger Neo N-type 60HL4-(V) 460w, 465w, 470w, 475w, 480w"},"content":{"rendered":"<p><strong>D\u00e9tails du produit<\/strong><\/p>\n<p>&nbsp;<\/p>\n<p>&nbsp;<\/p>\n<table width=\"465\" cellspacing=\"0\" cellpadding=\"0\">\n<colgroup>\n<col width=\"166\" \/>\n<col width=\"415\" \/><\/colgroup>\n<tbody>\n<tr class=\"firstRow\">\n<td class=\"selectTdClass\" colspan=\"2\" width=\"465\" height=\"38\">Caract\u00e9ristiques m\u00e9caniques<\/td>\n<\/tr>\n<tr>\n<td class=\"selectTdClass\" width=\"133\" height=\"30\">Type de cellule<\/td>\n<td class=\"selectTdClass\" width=\"332\">Type N Monocristallin<\/td>\n<\/tr>\n<tr>\n<td class=\"selectTdClass\" width=\"133\" height=\"30\">Nombre de cellules<\/td>\n<td class=\"selectTdClass\" width=\"332\">120(6\u00d720)<\/td>\n<\/tr>\n<tr>\n<td class=\"selectTdClass\" width=\"133\" height=\"30\">Dimensions<\/td>\n<td class=\"selectTdClass\" width=\"332\">1903\u00d71134\u00d730mm (74.92\u00d744.65\u00d71.18inch)<\/td>\n<\/tr>\n<tr>\n<td class=\"selectTdClass\" width=\"133\" height=\"30\">Poids<\/td>\n<td class=\"selectTdClass\" width=\"332\">24,2 kg (53,35 Ibs)<\/td>\n<\/tr>\n<tr>\n<td class=\"selectTdClass\" width=\"133\" height=\"52\">Verre frontal<\/td>\n<td class=\"selectTdClass\" width=\"332\">3,2 mm, rev\u00eatement antireflet,<br \/>\nTransmission \u00e9lev\u00e9e, faible teneur en fer, verre tremp\u00e9<\/td>\n<\/tr>\n<tr>\n<td class=\"selectTdClass\" width=\"133\" height=\"30\">Cadre<\/td>\n<td class=\"selectTdClass\" width=\"332\">Alliage d'aluminium anodis\u00e9<\/td>\n<\/tr>\n<tr>\n<td class=\"selectTdClass\" width=\"133\" height=\"30\">Bo\u00eete de jonction<\/td>\n<td class=\"selectTdClass\" width=\"332\">Class\u00e9 IP68<\/td>\n<\/tr>\n<tr>\n<td class=\"selectTdClass\" width=\"133\" height=\"52\">C\u00e2bles de sortie<\/td>\n<td class=\"selectTdClass\" width=\"332\">TUV 1\u00d74.0mm<br \/>\n(+):400mm,H):200mm ou longueur personnalis\u00e9e<\/td>\n<\/tr>\n<\/tbody>\n<\/table>\n<p><strong>Description du produit<\/strong><\/p>\n<p><strong>Jinko 460W 465W 470W 475W 480W Panneaux solaires \u00e0 vente rapide China Stock Half Cut Solar Panels<\/strong><\/p>\n<p>Les progr\u00e8s constants de la technologie des panneaux solaires PERC ont permis d'am\u00e9liorer sans cesse l'efficacit\u00e9, la durabilit\u00e9 et la rentabilit\u00e9. Au fur et \u00e0 mesure que les efforts de recherche et de d\u00e9veloppement se concentrent sur cette technologie, d'autres innovations devraient voir le jour, faisant des panneaux solaires PERC une option encore plus attrayante pour les amateurs d'\u00e9nergie renouvelable. Ces progr\u00e8s continus garantissent que les panneaux solaires PERC restent \u00e0 l'avant-garde de la technologie des panneaux solaires, offrant aux consommateurs une solution \u00e9nerg\u00e9tique de plus en plus efficace et fiable.<\/p>\n<p><img decoding=\"async\" src=\"http:\/\/jinkosolarpv.com\/wp-content\/uploads\/2025\/11\/6a6cd9c3018b417546217185e0b28519.png\" alt=\"\" title=\"\"><\/p>","protected":false},"excerpt":{"rendered":"<p>Num\u00e9ro de module : Jinko Tiger Neo N-type 60HL4-(V) 460-480 Watt<br \/>\nPoids : 24,2 kg<br \/>\nEmballage:36pcs\/palette;864pcs\/40hq<br \/>\nSpecification:1903\u00d71134\u00d730mm<br \/>\nMarque d\u00e9pos\u00e9e:Jinko solar<br \/>\nOrigine : Chine<\/p>","protected":false},"featured_media":220,"comment_status":"open","ping_status":"closed","template":"","meta":{"site-sidebar-layout":"default","site-content-layout":"","ast-site-content-layout":"default","site-content-style":"default","site-sidebar-style":"default","ast-global-header-display":"","ast-banner-title-visibility":"","ast-main-header-display":"","ast-hfb-above-header-display":"","ast-hfb-below-header-display":"","ast-hfb-mobile-header-display":"","site-post-title":"","ast-breadcrumbs-content":"","ast-featured-img":"","footer-sml-layout":"","theme-transparent-header-meta":"default","adv-header-id-meta":"","stick-header-meta":"","header-above-stick-meta":"","header-main-stick-meta":"","header-below-stick-meta":"","astra-migrate-meta-layouts":"set","ast-page-background-enabled":"default","ast-page-background-meta":{"desktop":{"background-color":"var(--ast-global-color-5)","background-image":"","background-repeat":"repeat","background-position":"center center","background-size":"auto","background-attachment":"scroll","background-type":"","background-media":"","overlay-type":"","overlay-color":"","overlay-opacity":"","overlay-gradient":""},"tablet":{"background-color":"","background-image":"","background-repeat":"repeat","background-position":"center center","background-size":"auto","background-attachment":"scroll","background-type":"","background-media":"","overlay-type":"","overlay-color":"","overlay-opacity":"","overlay-gradient":""},"mobile":{"background-color":"","background-image":"","background-repeat":"repeat","background-position":"center center","background-size":"auto","background-attachment":"scroll","background-type":"","background-media":"","overlay-type":"","overlay-color":"","overlay-opacity":"","overlay-gradient":""}},"ast-content-background-meta":{"desktop":{"background-color":"var(--ast-global-color-4)","background-image":"","background-repeat":"repeat","background-position":"center center","background-size":"auto","background-attachment":"scroll","background-type":"","background-media":"","overlay-type":"","overlay-color":"","overlay-opacity":"","overlay-gradient":""},"tablet":{"background-color":"var(--ast-global-color-4)","background-image":"","background-repeat":"repeat","background-position":"center center","background-size":"auto","background-attachment":"scroll","background-type":"","background-media":"","overlay-type":"","overlay-color":"","overlay-opacity":"","overlay-gradient":""},"mobile":{"background-color":"var(--ast-global-color-4)","background-image":"","background-repeat":"repeat","background-position":"center center","background-size":"auto","background-attachment":"scroll","background-type":"","background-media":"","overlay-type":"","overlay-color":"","overlay-opacity":"","overlay-gradient":""}}},"product_brand":[],"product_cat":[19],"product_tag":[],"class_list":{"0":"post-218","1":"product","2":"type-product","3":"status-publish","4":"has-post-thumbnail","6":"product_cat-jinko-solar-panel","7":"desktop-align-left","8":"tablet-align-left","9":"mobile-align-left","11":"first","12":"instock","13":"shipping-taxable","14":"product-type-simple"},"_links":{"self":[{"href":"https:\/\/jinkosolarpv.com\/fr\/wp-json\/wp\/v2\/product\/218","targetHints":{"allow":["GET"]}}],"collection":[{"href":"https:\/\/jinkosolarpv.com\/fr\/wp-json\/wp\/v2\/product"}],"about":[{"href":"https:\/\/jinkosolarpv.com\/fr\/wp-json\/wp\/v2\/types\/product"}],"replies":[{"embeddable":true,"href":"https:\/\/jinkosolarpv.com\/fr\/wp-json\/wp\/v2\/comments?post=218"}],"wp:featuredmedia":[{"embeddable":true,"href":"https:\/\/jinkosolarpv.com\/fr\/wp-json\/wp\/v2\/media\/220"}],"wp:attachment":[{"href":"https:\/\/jinkosolarpv.com\/fr\/wp-json\/wp\/v2\/media?parent=218"}],"wp:term":[{"taxonomy":"product_brand","embeddable":true,"href":"https:\/\/jinkosolarpv.com\/fr\/wp-json\/wp\/v2\/product_brand?post=218"},{"taxonomy":"product_cat","embeddable":true,"href":"https:\/\/jinkosolarpv.com\/fr\/wp-json\/wp\/v2\/product_cat?post=218"},{"taxonomy":"product_tag","embeddable":true,"href":"https:\/\/jinkosolarpv.com\/fr\/wp-json\/wp\/v2\/product_tag?post=218"}],"curies":[{"name":"wp","href":"https:\/\/api.w.org\/{rel}","templated":true}]}}