{"id":210,"date":"2025-11-17T10:11:14","date_gmt":"2025-11-17T02:11:14","guid":{"rendered":"https:\/\/jinkosolarpv.com\/?post_type=product&#038;p=210"},"modified":"2025-11-27T13:51:08","modified_gmt":"2025-11-27T05:51:08","slug":"jinko-tiger-neo-n-type-78hl4-bdv605w610w615w620w625w","status":"publish","type":"product","link":"https:\/\/jinkosolarpv.com\/fr\/product\/jinko-tiger-neo-n-type-78hl4-bdv605w610w615w620w625w\/","title":{"rendered":"Jinko Tiger Neo N-type 78HL4-BDV605w,610w,615w,620w,625w"},"content":{"rendered":"<p><strong>D\u00e9tails du produit<\/strong><\/p>\n<p>&nbsp;<\/p>\n<p>&nbsp;<\/p>\n<table width=\"548\" cellspacing=\"0\" cellpadding=\"0\">\n<colgroup>\n<col width=\"169\" \/>\n<col width=\"516\" \/><\/colgroup>\n<tbody>\n<tr class=\"firstRow\">\n<td colspan=\"2\" width=\"548\" height=\"36\">Caract\u00e9ristiques m\u00e9caniques<\/td>\n<\/tr>\n<tr>\n<td colspan=\"2\" width=\"548\" height=\"26\">Type de cellule                  Type N monocristalline<\/td>\n<\/tr>\n<tr>\n<td colspan=\"2\" width=\"548\" height=\"26\">Nombre de cellules                      156 (2 \u00d7 78)<\/td>\n<\/tr>\n<tr>\n<td colspan=\"2\" width=\"548\" height=\"27\">Dimensions         2465 \u00d7 1134 \u00d7 30 mm<\/td>\n<\/tr>\n<tr>\n<td colspan=\"2\" width=\"548\" height=\"23\">Poids                        34,6 kg (76,38 lb)<\/td>\n<\/tr>\n<tr>\n<td colspan=\"2\" width=\"548\" height=\"25\">Verre avant             2,0 mm, rev\u00eatement antireflet<\/td>\n<\/tr>\n<tr>\n<td colspan=\"2\" width=\"548\" height=\"26\">Verre arri\u00e8re             2,0 mm, verre tremp\u00e9 thermiquement<\/td>\n<\/tr>\n<tr>\n<td colspan=\"2\" width=\"548\" height=\"25\">Cadre                     Alliage d'aluminium anodis\u00e9<\/td>\n<\/tr>\n<tr>\n<td colspan=\"2\" width=\"548\" height=\"27\">Bo\u00eetier de jonction                     Indice de protection IP68<\/td>\n<\/tr>\n<tr>\n<td width=\"135\" height=\"43\">C\u00e2bles de sortie<\/td>\n<td width=\"413\">TUV  1 \u00d7 4,0 mm\u00b2<br \/>\n(+) : 400 mm, (-) : 200 mm ou longueur personnalis\u00e9e<\/td>\n<\/tr>\n<\/tbody>\n<\/table>\n<p><strong>Description du produit<\/strong><\/p>\n<h2><\/h2>\n<h2><\/h2>\n<h2>Panneau solaire AKS Jinko Tiger Neo N-type 72HL4-V 605 W 610 W 615 W 620 W 625 W Jinko Solar Solarplatten Solarpanel<\/h2>\n<p>Technologie SMBB<\/p>\n<p>Meilleur pi\u00e9geage de la lumi\u00e8re et meilleure collecte du courant pour am\u00e9liorer la puissance et la fiabilit\u00e9 du module<\/p>\n<p>Technologie 2.0<\/p>\n<p>Le module de type N dot\u00e9 de la technologie Hot 2.0 pr\u00e9sente une meilleure fiabilit\u00e9 et un taux de LID\/LETID plus faible.<\/p>\n<p>R\u00e9sistance PID<\/p>\n<p>Excellente performance anti-PID garantie par un processus de production de masse optimis\u00e9 et un contr\u00f4le des mat\u00e9riaux.<\/p>\n<p>Charge m\u00e9canique renforc\u00e9e<\/p>\n<p>Certifi\u00e9 pour r\u00e9sister \u00e0 la charge du vent (2400 Pascal) et \u00e0 la charge de la neige (5400 Pascal).<\/p>\n<p>R\u00e9sistance aux conditions environnementales extr\u00eames<\/p>\n<p>Haute r\u00e9sistance au brouillard salin et \u00e0 l'ammoniac.<\/p>\n<p><img decoding=\"async\" src=\"http:\/\/jinkosolarpv.com\/wp-content\/uploads\/2025\/11\/6a6cd9c3018b417546217185e0b28519.png\" alt=\"\" title=\"\"><\/p>","protected":false},"excerpt":{"rendered":"<p>Num\u00e9ro du module : Tiger Neo N-type 78HL4-BDV 605-625 Watt<br \/>\nPoids : 34,6 kg<br \/>\nEmballage : 36 pi\u00e8ces\/palette ; 576 pi\u00e8ces\/40hq<br \/>\nSp\u00e9cifications : 2278 x 1134 x 30 mm<br \/>\nMarque d\u00e9pos\u00e9e:Jinko solar<br \/>\nOrigine : Chine<\/p>","protected":false},"featured_media":213,"comment_status":"open","ping_status":"closed","template":"","meta":{"site-sidebar-layout":"default","site-content-layout":"","ast-site-content-layout":"default","site-content-style":"default","site-sidebar-style":"default","ast-global-header-display":"","ast-banner-title-visibility":"","ast-main-header-display":"","ast-hfb-above-header-display":"","ast-hfb-below-header-display":"","ast-hfb-mobile-header-display":"","site-post-title":"","ast-breadcrumbs-content":"","ast-featured-img":"","footer-sml-layout":"","theme-transparent-header-meta":"default","adv-header-id-meta":"","stick-header-meta":"","header-above-stick-meta":"","header-main-stick-meta":"","header-below-stick-meta":"","astra-migrate-meta-layouts":"set","ast-page-background-enabled":"default","ast-page-background-meta":{"desktop":{"background-color":"var(--ast-global-color-5)","background-image":"","background-repeat":"repeat","background-position":"center center","background-size":"auto","background-attachment":"scroll","background-type":"","background-media":"","overlay-type":"","overlay-color":"","overlay-opacity":"","overlay-gradient":""},"tablet":{"background-color":"","background-image":"","background-repeat":"repeat","background-position":"center center","background-size":"auto","background-attachment":"scroll","background-type":"","background-media":"","overlay-type":"","overlay-color":"","overlay-opacity":"","overlay-gradient":""},"mobile":{"background-color":"","background-image":"","background-repeat":"repeat","background-position":"center center","background-size":"auto","background-attachment":"scroll","background-type":"","background-media":"","overlay-type":"","overlay-color":"","overlay-opacity":"","overlay-gradient":""}},"ast-content-background-meta":{"desktop":{"background-color":"var(--ast-global-color-4)","background-image":"","background-repeat":"repeat","background-position":"center center","background-size":"auto","background-attachment":"scroll","background-type":"","background-media":"","overlay-type":"","overlay-color":"","overlay-opacity":"","overlay-gradient":""},"tablet":{"background-color":"var(--ast-global-color-4)","background-image":"","background-repeat":"repeat","background-position":"center center","background-size":"auto","background-attachment":"scroll","background-type":"","background-media":"","overlay-type":"","overlay-color":"","overlay-opacity":"","overlay-gradient":""},"mobile":{"background-color":"var(--ast-global-color-4)","background-image":"","background-repeat":"repeat","background-position":"center center","background-size":"auto","background-attachment":"scroll","background-type":"","background-media":"","overlay-type":"","overlay-color":"","overlay-opacity":"","overlay-gradient":""}}},"product_brand":[],"product_cat":[19],"product_tag":[],"class_list":{"0":"post-210","1":"product","2":"type-product","3":"status-publish","4":"has-post-thumbnail","6":"product_cat-jinko-solar-panel","7":"desktop-align-left","8":"tablet-align-left","9":"mobile-align-left","11":"first","12":"instock","13":"shipping-taxable","14":"product-type-simple"},"_links":{"self":[{"href":"https:\/\/jinkosolarpv.com\/fr\/wp-json\/wp\/v2\/product\/210","targetHints":{"allow":["GET"]}}],"collection":[{"href":"https:\/\/jinkosolarpv.com\/fr\/wp-json\/wp\/v2\/product"}],"about":[{"href":"https:\/\/jinkosolarpv.com\/fr\/wp-json\/wp\/v2\/types\/product"}],"replies":[{"embeddable":true,"href":"https:\/\/jinkosolarpv.com\/fr\/wp-json\/wp\/v2\/comments?post=210"}],"wp:featuredmedia":[{"embeddable":true,"href":"https:\/\/jinkosolarpv.com\/fr\/wp-json\/wp\/v2\/media\/213"}],"wp:attachment":[{"href":"https:\/\/jinkosolarpv.com\/fr\/wp-json\/wp\/v2\/media?parent=210"}],"wp:term":[{"taxonomy":"product_brand","embeddable":true,"href":"https:\/\/jinkosolarpv.com\/fr\/wp-json\/wp\/v2\/product_brand?post=210"},{"taxonomy":"product_cat","embeddable":true,"href":"https:\/\/jinkosolarpv.com\/fr\/wp-json\/wp\/v2\/product_cat?post=210"},{"taxonomy":"product_tag","embeddable":true,"href":"https:\/\/jinkosolarpv.com\/fr\/wp-json\/wp\/v2\/product_tag?post=210"}],"curies":[{"name":"wp","href":"https:\/\/api.w.org\/{rel}","templated":true}]}}