{"id":184,"date":"2025-11-16T21:08:22","date_gmt":"2025-11-16T13:08:22","guid":{"rendered":"https:\/\/jinkosolarpv.com\/?post_type=product&#038;p=184"},"modified":"2025-11-27T13:55:05","modified_gmt":"2025-11-27T05:55:05","slug":"jinko-tiger-neo-78hl4-bdv-625630635640645650w","status":"publish","type":"product","link":"https:\/\/jinkosolarpv.com\/fr\/product\/jinko-tiger-neo-78hl4-bdv-625630635640645650w\/","title":{"rendered":"Jinko Tiger Neo 78HL4-BDV 625,630,635,640,645,650W"},"content":{"rendered":"<p><strong>D\u00e9tails du produit<\/strong><\/p>\n<p>&nbsp;<\/p>\n<table width=\"520\" cellspacing=\"0\" cellpadding=\"0\">\n<colgroup>\n<col width=\"171\" \/>\n<col width=\"96\" \/>\n<col width=\"108\" \/>\n<col width=\"273\" \/><\/colgroup>\n<tbody>\n<tr class=\"firstRow\">\n<td colspan=\"2\" width=\"215\" height=\"38\">Type de cellule<\/td>\n<td colspan=\"2\" width=\"306\">\u00a0 Type N Monocristallin<\/td>\n<\/tr>\n<tr>\n<td colspan=\"2\" width=\"215\" height=\"30\">Nombre de cellules<\/td>\n<td colspan=\"2\" width=\"306\">\u00a0 156 (2 \u00d7 78)<\/td>\n<\/tr>\n<tr>\n<td colspan=\"2\" width=\"215\" height=\"30\">Dimensions<\/td>\n<td colspan=\"2\" width=\"306\">\u00a0 2465 \u00d7 1134 \u00d7 30 mm<\/td>\n<\/tr>\n<tr>\n<td colspan=\"2\" width=\"215\" height=\"30\">Poids<\/td>\n<td colspan=\"2\" width=\"306\">\u00a0 34,0 kg<\/td>\n<\/tr>\n<tr>\n<td colspan=\"2\" width=\"215\" height=\"30\">FrontGlass<\/td>\n<td colspan=\"2\" width=\"306\">\u00a0 2,0 mm, rev\u00eatement antireflet<\/td>\n<\/tr>\n<tr>\n<td colspan=\"2\" width=\"215\" height=\"30\">Verre arri\u00e8re<\/td>\n<td colspan=\"2\" width=\"306\">\u00a0 2,0 mm, verre tremp\u00e9 thermiquement<\/td>\n<\/tr>\n<tr>\n<td colspan=\"2\" width=\"215\" height=\"30\">Cadre<\/td>\n<td colspan=\"2\" width=\"306\">\u00a0 Alliage d'aluminium anodis\u00e9<\/td>\n<\/tr>\n<tr>\n<td colspan=\"2\" width=\"215\" height=\"30\">Bo\u00eete de jonction<\/td>\n<td colspan=\"2\" width=\"306\">\u00a0 Class\u00e9 IP68<\/td>\n<\/tr>\n<tr>\n<td colspan=\"2\" width=\"215\" height=\"30\">Classe de protection<\/td>\n<td colspan=\"2\" width=\"306\">\u00a0 Classe<\/td>\n<\/tr>\n<tr>\n<td colspan=\"2\" width=\"215\" height=\"30\">Type Feu<\/td>\n<td colspan=\"2\" width=\"306\">\u00a0 Classe C<\/td>\n<\/tr>\n<tr>\n<td colspan=\"2\" width=\"215\" height=\"18\">C\u00e2bles de sortie<\/td>\n<td colspan=\"2\" width=\"306\">TUV 1 \u00d7 4,0 mm ? (+) : 400 mm, (-) : 200 mm ou longueur personnalis\u00e9e<\/td>\n<\/tr>\n<\/tbody>\n<\/table>\n<p><strong>Description du produit<\/strong><\/p>\n<p><strong>Jinko 625W 630W 635W 640W 645W 650W Panneaux solaires en promotion Chine Stock Panneaux solaires demi-coupe<\/strong><\/p>\n<p><strong>Pourquoi choisir le Jinko 78HL4-BDV ?<\/strong><\/p>\n<p>Pr\u00e9sentation du Jinko 78HL4M-BDV : la centrale \u00e9lectrique de l'\u00e9nergie solaire !<\/p>\n<p>\u00cates-vous pr\u00eat \u00e0 passer \u00e0 la vitesse sup\u00e9rieure en mati\u00e8re d'\u00e9nergie solaire ? Ne cherchez pas plus loin que le Jinko 78HL4M-BDV, un panneau solaire monocristallin double face \u00e0 demi-coupe \u00e0 haut rendement de la s\u00e9rie Jinko Tiger PRO !<\/p>\n<p>Gr\u00e2ce \u00e0 sa technologie de type N, ce panneau solaire pr\u00e9sente une d\u00e9gradation induite par la lumi\u00e8re (LID) r\u00e9duite, garantissant ainsi des performances et une long\u00e9vit\u00e9 maximales. Dites adieu aux pertes d'efficacit\u00e9 caus\u00e9es par la LID et bonjour \u00e0 une production d'\u00e9lectricit\u00e9 constante !<\/p>\n<p>Mais ce n'est pas tout ! Le Jinko 78HL4M-BDV est \u00e9galement dot\u00e9 de la technologie multi-busbar, qui am\u00e9liore l'utilisation de la lumi\u00e8re et les capacit\u00e9s de collecte de courant. Cela signifie que vous pouvez capter davantage de lumi\u00e8re solaire et produire plus d'\u00e9lectricit\u00e9, en tirant le meilleur parti de chaque rayon de soleil !<\/p>\n<p>Ce qui distingue ce panneau solaire, c'est sa capacit\u00e9 de production d'\u00e9lectricit\u00e9 double face. En captant la lumi\u00e8re du soleil des deux c\u00f4t\u00e9s, il peut atteindre un rendement de conversion impressionnant pouvant atteindre 25% ! Non seulement cela r\u00e9duit consid\u00e9rablement le co\u00fbt actualis\u00e9 de l'\u00e9lectricit\u00e9 (LCOE), mais cela maximise \u00e9galement la production d'\u00e9nergie, m\u00eame dans un espace limit\u00e9.<\/p>\n<p>Pr\u00e9parez-vous \u00e0 d\u00e9couvrir le summum de l'\u00e9nergie solaire avec le Jinko 78HL4M-BDV. Avec une puissance maximale de 555 W et un rendement maximal de 21,481 TP3T, ce panneau solaire r\u00e9volutionne v\u00e9ritablement le secteur !<\/p>\n<p>Que vous soyez propri\u00e9taire d'une maison, chef d'entreprise ou passionn\u00e9 d'environnement, le Jinko 78HL4M-BDV est le choix id\u00e9al pour vos besoins en \u00e9nergie solaire. Optez pour la durabilit\u00e9, r\u00e9duisez votre empreinte carbone et faites des \u00e9conomies d'\u00e9nergie gr\u00e2ce \u00e0 ce panneau solaire \u00e0 la pointe de la technologie.<\/p>\n<p><img decoding=\"async\" src=\"http:\/\/jinkosolarpv.com\/wp-content\/uploads\/2025\/11\/453d2ab6987225072d629f93fbe7b17d.png\" alt=\"\" title=\"\"><\/p>","protected":false},"excerpt":{"rendered":"<p>Num\u00e9ro du module : Tiger Neo 78HL4-BDV 625-650 W<br \/>\nPoids : 34 kg<br \/>\nEmballage : 36 pi\u00e8ces\/palette ; 576 pi\u00e8ces\/40hq<br \/>\nSp\u00e9cifications : 2460 \u00d7 1134 \u00d7 30 mm<br \/>\nMarque d\u00e9pos\u00e9e:Jinko solar<br \/>\nOrigine : Chine<\/p>","protected":false},"featured_media":185,"comment_status":"open","ping_status":"closed","template":"","meta":{"site-sidebar-layout":"default","site-content-layout":"","ast-site-content-layout":"default","site-content-style":"default","site-sidebar-style":"default","ast-global-header-display":"","ast-banner-title-visibility":"","ast-main-header-display":"","ast-hfb-above-header-display":"","ast-hfb-below-header-display":"","ast-hfb-mobile-header-display":"","site-post-title":"","ast-breadcrumbs-content":"","ast-featured-img":"","footer-sml-layout":"","theme-transparent-header-meta":"default","adv-header-id-meta":"","stick-header-meta":"","header-above-stick-meta":"","header-main-stick-meta":"","header-below-stick-meta":"","astra-migrate-meta-layouts":"set","ast-page-background-enabled":"default","ast-page-background-meta":{"desktop":{"background-color":"var(--ast-global-color-5)","background-image":"","background-repeat":"repeat","background-position":"center center","background-size":"auto","background-attachment":"scroll","background-type":"","background-media":"","overlay-type":"","overlay-color":"","overlay-opacity":"","overlay-gradient":""},"tablet":{"background-color":"","background-image":"","background-repeat":"repeat","background-position":"center center","background-size":"auto","background-attachment":"scroll","background-type":"","background-media":"","overlay-type":"","overlay-color":"","overlay-opacity":"","overlay-gradient":""},"mobile":{"background-color":"","background-image":"","background-repeat":"repeat","background-position":"center center","background-size":"auto","background-attachment":"scroll","background-type":"","background-media":"","overlay-type":"","overlay-color":"","overlay-opacity":"","overlay-gradient":""}},"ast-content-background-meta":{"desktop":{"background-color":"var(--ast-global-color-4)","background-image":"","background-repeat":"repeat","background-position":"center center","background-size":"auto","background-attachment":"scroll","background-type":"","background-media":"","overlay-type":"","overlay-color":"","overlay-opacity":"","overlay-gradient":""},"tablet":{"background-color":"var(--ast-global-color-4)","background-image":"","background-repeat":"repeat","background-position":"center center","background-size":"auto","background-attachment":"scroll","background-type":"","background-media":"","overlay-type":"","overlay-color":"","overlay-opacity":"","overlay-gradient":""},"mobile":{"background-color":"var(--ast-global-color-4)","background-image":"","background-repeat":"repeat","background-position":"center center","background-size":"auto","background-attachment":"scroll","background-type":"","background-media":"","overlay-type":"","overlay-color":"","overlay-opacity":"","overlay-gradient":""}}},"product_brand":[],"product_cat":[19],"product_tag":[],"class_list":{"0":"post-184","1":"product","2":"type-product","3":"status-publish","4":"has-post-thumbnail","6":"product_cat-jinko-solar-panel","7":"desktop-align-left","8":"tablet-align-left","9":"mobile-align-left","11":"first","12":"instock","13":"shipping-taxable","14":"product-type-simple"},"_links":{"self":[{"href":"https:\/\/jinkosolarpv.com\/fr\/wp-json\/wp\/v2\/product\/184","targetHints":{"allow":["GET"]}}],"collection":[{"href":"https:\/\/jinkosolarpv.com\/fr\/wp-json\/wp\/v2\/product"}],"about":[{"href":"https:\/\/jinkosolarpv.com\/fr\/wp-json\/wp\/v2\/types\/product"}],"replies":[{"embeddable":true,"href":"https:\/\/jinkosolarpv.com\/fr\/wp-json\/wp\/v2\/comments?post=184"}],"wp:featuredmedia":[{"embeddable":true,"href":"https:\/\/jinkosolarpv.com\/fr\/wp-json\/wp\/v2\/media\/185"}],"wp:attachment":[{"href":"https:\/\/jinkosolarpv.com\/fr\/wp-json\/wp\/v2\/media?parent=184"}],"wp:term":[{"taxonomy":"product_brand","embeddable":true,"href":"https:\/\/jinkosolarpv.com\/fr\/wp-json\/wp\/v2\/product_brand?post=184"},{"taxonomy":"product_cat","embeddable":true,"href":"https:\/\/jinkosolarpv.com\/fr\/wp-json\/wp\/v2\/product_cat?post=184"},{"taxonomy":"product_tag","embeddable":true,"href":"https:\/\/jinkosolarpv.com\/fr\/wp-json\/wp\/v2\/product_tag?post=184"}],"curies":[{"name":"wp","href":"https:\/\/api.w.org\/{rel}","templated":true}]}}