{"id":50,"date":"2025-11-14T17:38:22","date_gmt":"2025-11-14T09:38:22","guid":{"rendered":"https:\/\/jinkosolarpv.com\/?page_id=50"},"modified":"2025-12-03T10:11:22","modified_gmt":"2025-12-03T02:11:22","slug":"telechargement","status":"publish","type":"page","link":"https:\/\/jinkosolarpv.com\/fr\/telechargement\/","title":{"rendered":"T\u00e9l\u00e9charger"},"content":{"rendered":"<div data-elementor-type=\"wp-page\" data-elementor-id=\"50\" class=\"elementor elementor-50\" data-elementor-post-type=\"page\">\n\t\t\t\t<div class=\"elementor-element elementor-element-c641f88 e-flex e-con-boxed e-con e-parent\" data-id=\"c641f88\" data-element_type=\"container\" data-e-type=\"container\" data-settings=\"{&quot;background_background&quot;:&quot;classic&quot;}\">\n\t\t\t\t\t<div class=\"e-con-inner\">\n\t\t\t\t\t<\/div>\n\t\t\t\t<\/div>\n\t\t<div class=\"elementor-element elementor-element-939c052 e-flex e-con-boxed e-con e-parent\" data-id=\"939c052\" data-element_type=\"container\" data-e-type=\"container\" data-settings=\"{&quot;background_background&quot;:&quot;classic&quot;}\">\n\t\t\t\t\t<div class=\"e-con-inner\">\n\t\t<div class=\"elementor-element elementor-element-6aadfec e-con-full e-flex e-con e-child\" data-id=\"6aadfec\" data-element_type=\"container\" data-e-type=\"container\">\n\t\t\t\t<div class=\"elementor-element elementor-element-e3f54a3 elementor-widget elementor-widget-text-editor\" data-id=\"e3f54a3\" data-element_type=\"widget\" data-e-type=\"widget\" data-widget_type=\"text-editor.default\">\n\t\t\t\t\t\t\t\t\t<p>Poste actuel :<\/p>\t\t\t\t\t\t\t\t<\/div>\n\t\t\t\t<div class=\"elementor-element elementor-element-a6993e5 elementor-widget elementor-widget-woocommerce-breadcrumb\" data-id=\"a6993e5\" data-element_type=\"widget\" data-e-type=\"widget\" data-widget_type=\"woocommerce-breadcrumb.default\">\n\t\t\t\t\t<nav class=\"woocommerce-breadcrumb\" aria-label=\"Breadcrumb\" data-no-translation=\"\" data-trp-gettext=\"\">Accueil<\/nav>\t\t\t\t<\/div>\n\t\t\t\t<\/div>\n\t\t\t\t\t<\/div>\n\t\t\t\t<\/div>\n\t\t<div class=\"elementor-element elementor-element-6717303 e-flex e-con-boxed e-con e-parent\" data-id=\"6717303\" data-element_type=\"container\" data-e-type=\"container\">\n\t\t\t\t\t<div class=\"e-con-inner\">\n\t\t<div class=\"elementor-element elementor-element-a229003 e-con-full e-flex e-con e-child\" data-id=\"a229003\" data-element_type=\"container\" data-e-type=\"container\">\n\t\t<div class=\"elementor-element elementor-element-0137838 e-con-full e-flex e-con e-child\" data-id=\"0137838\" data-element_type=\"container\" data-e-type=\"container\">\n\t\t\t\t<div class=\"elementor-element elementor-element-e7c79c8 elementor-widget elementor-widget-heading\" data-id=\"e7c79c8\" data-element_type=\"widget\" data-e-type=\"widget\" data-widget_type=\"heading.default\">\n\t\t\t\t\t<h2 class=\"elementor-heading-title elementor-size-default\">T\u00e9l\u00e9charger<\/h2>\t\t\t\t<\/div>\n\t\t\t\t<div class=\"elementor-element elementor-element-5b514ed elementor-icon-list--layout-traditional elementor-list-item-link-full_width elementor-widget elementor-widget-icon-list\" data-id=\"5b514ed\" data-element_type=\"widget\" data-e-type=\"widget\" data-widget_type=\"icon-list.default\">\n\t\t\t\t\t\t\t<ul class=\"elementor-icon-list-items\">\n\t\t\t\t\t\t\t<li class=\"elementor-icon-list-item\">\n\t\t\t\t\t\t\t\t\t\t\t<a href=\"https:\/\/jinkosolarpv.com\/fr\/telechargement\/telechargement-longi\/\">\n\n\t\t\t\t\t\t\t\t\t\t\t<span class=\"elementor-icon-list-text\">Longi<\/span>\n\t\t\t\t\t\t\t\t\t\t\t<\/a>\n\t\t\t\t\t\t\t\t\t<\/li>\n\t\t\t\t\t\t\t\t<li class=\"elementor-icon-list-item\">\n\t\t\t\t\t\t\t\t\t\t\t<a href=\"https:\/\/jinkosolarpv.com\/fr\/telechargement\/telechargement-trina\/\">\n\n\t\t\t\t\t\t\t\t\t\t\t<span class=\"elementor-icon-list-text\">Trina<\/span>\n\t\t\t\t\t\t\t\t\t\t\t<\/a>\n\t\t\t\t\t\t\t\t\t<\/li>\n\t\t\t\t\t\t<\/ul>\n\t\t\t\t\t\t<\/div>\n\t\t\t\t<\/div>\n\t\t<div class=\"elementor-element elementor-element-c51d47c e-con-full e-flex e-con e-child\" data-id=\"c51d47c\" data-element_type=\"container\" data-e-type=\"container\">\n\t\t\t\t<div class=\"elementor-element elementor-element-9670e12 elementor-widget elementor-widget-heading\" data-id=\"9670e12\" data-element_type=\"widget\" data-e-type=\"widget\" data-widget_type=\"heading.default\">\n\t\t\t\t\t<h2 class=\"elementor-heading-title elementor-size-default\">Contact<\/h2>\t\t\t\t<\/div>\n\t\t\t\t<div class=\"elementor-element elementor-element-1252fe8 elementor-icon-list--layout-traditional elementor-list-item-link-full_width elementor-widget elementor-widget-icon-list\" data-id=\"1252fe8\" data-element_type=\"widget\" data-e-type=\"widget\" data-widget_type=\"icon-list.default\">\n\t\t\t\t\t\t\t<ul class=\"elementor-icon-list-items\">\n\t\t\t\t\t\t\t<li class=\"elementor-icon-list-item\">\n\t\t\t\t\t\t\t\t\t\t\t<a href=\"tel:+86-13382226325\">\n\n\t\t\t\t\t\t\t\t\t\t\t<span class=\"elementor-icon-list-text\">T\u00e9l:+86-13382226325<\/span>\n\t\t\t\t\t\t\t\t\t\t\t<\/a>\n\t\t\t\t\t\t\t\t\t<\/li>\n\t\t\t\t\t\t\t\t<li class=\"elementor-icon-list-item\">\n\t\t\t\t\t\t\t\t\t\t\t<a href=\"https:\/\/wa.me\/+8615896489865\/\" target=\"_blank\" rel=\"noopener\">\n\n\t\t\t\t\t\t\t\t\t\t\t<span class=\"elementor-icon-list-text\">WhatsApp : +86-15896489865<\/span>\n\t\t\t\t\t\t\t\t\t\t\t<\/a>\n\t\t\t\t\t\t\t\t\t<\/li>\n\t\t\t\t\t\t\t\t<li class=\"elementor-icon-list-item\">\n\t\t\t\t\t\t\t\t\t\t\t<a href=\"mailto:sales@jinkosolarpv.com\">\n\n\t\t\t\t\t\t\t\t\t\t\t<span class=\"elementor-icon-list-text\">Courriel : sales@jinkosolarpv.com<\/span>\n\t\t\t\t\t\t\t\t\t\t\t<\/a>\n\t\t\t\t\t\t\t\t\t<\/li>\n\t\t\t\t\t\t\t\t<li class=\"elementor-icon-list-item\">\n\t\t\t\t\t\t\t\t\t\t<span class=\"elementor-icon-list-text\">Adresse : 6060 Science and Technology Park NO.1588 Zhonghui Avenue, Qianzhou Community, Wuxi city, China<\/span>\n\t\t\t\t\t\t\t\t\t<\/li>\n\t\t\t\t\t\t<\/ul>\n\t\t\t\t\t\t<\/div>\n\t\t\t\t<\/div>\n\t\t\t\t<\/div>\n\t\t<div class=\"elementor-element elementor-element-e1c4d5d e-con-full e-flex e-con e-child\" data-id=\"e1c4d5d\" data-element_type=\"container\" data-e-type=\"container\">\n\t\t\t\t<div class=\"elementor-element elementor-element-937ff13 elementor-widget elementor-widget-shortcode\" data-id=\"937ff13\" data-element_type=\"widget\" data-e-type=\"widget\" data-widget_type=\"shortcode.default\">\n\t\t\t\t\t\t\t<div class=\"elementor-shortcode\">\n<table id=\"tablepress-3\" class=\"tablepress tablepress-id-3\">\n<thead>\n<tr class=\"row-1\">\n\t<th class=\"column-1\">Nom du fichier<\/th><th class=\"column-2\">Pr\u00e9sentation du fichier<\/th><th class=\"column-3\">T\u00e9l\u00e9chargements<\/th><th class=\"column-4\">Heure de mise \u00e0 jour<\/th><th class=\"column-5\">Taille<\/th><th class=\"column-6\">Fonctionner<\/th>\n<\/tr>\n<\/thead>\n<tbody class=\"row-hover\">\n<tr class=\"row-2\">\n\t<td class=\"column-1\">Certificat Longi<\/td><td class=\"column-2\">Certificat Longi<\/td><td class=\"column-3\">151<\/td><td class=\"column-4\">2024-08-13<\/td><td class=\"column-5\">1123 Ko<\/td><td class=\"column-6\"><a href=\"\/wp-content\/uploads\/2025\/11\/Longi-Certificate.zip\" <br \/>\n   T\u00e9l\u00e9charger<br \/>\n<\/a><br \/>\n<\/td>\n<\/tr>\n<tr class=\"row-3\">\n\t<td class=\"column-1\">Certificat Trina<\/td><td class=\"column-2\">Certificat Trina<\/td><td class=\"column-3\">77<\/td><td class=\"column-4\">2024-08-13<\/td><td class=\"column-5\">7591 Ko<\/td><td class=\"column-6\"><a href=\"\/wp-content\/uploads\/2025\/11\/Trina-Certificate.zip\" <br \/>\n   T\u00e9l\u00e9charger<br \/>\n<\/a><br \/>\n<\/td>\n<\/tr>\n<tr class=\"row-4\">\n\t<td class=\"column-1\">Certificat CSA<\/td><td class=\"column-2\">Certificat CSA<\/td><td class=\"column-3\">13<\/td><td class=\"column-4\">2024-08-13<\/td><td class=\"column-5\">1550 Ko<\/td><td class=\"column-6\"><a href=\"\/wp-content\/uploads\/2025\/11\/CSA.pdf\" <br \/>\n   T\u00e9l\u00e9charger<br \/>\n<\/a><br \/>\n<\/td>\n<\/tr>\n<tr class=\"row-5\">\n\t<td class=\"column-1\">Certificat de conformit\u00e9 DEEE<\/td><td class=\"column-2\">Certificat de conformit\u00e9 DEEE<\/td><td class=\"column-3\">11<\/td><td class=\"column-4\">2024-08-13<\/td><td class=\"column-5\">78 Ko<\/td><td class=\"column-6\"><a href=\"\/wp-content\/uploads\/2025\/11\/Certificate_take-e-way_en.pdf\" <br \/>\n   T\u00e9l\u00e9charger<br \/>\n<\/a><br \/>\n<\/td>\n<\/tr>\n<tr class=\"row-6\">\n\t<td class=\"column-1\">Certificat CE<\/td><td class=\"column-2\">Certificat CE<\/td><td class=\"column-3\">23<\/td><td class=\"column-4\">2024-08-13<\/td><td class=\"column-5\">2361 Ko<\/td><td class=\"column-6\"><a href=\"\/wp-content\/uploads\/2025\/11\/CE.pdf\" <br \/>\n   T\u00e9l\u00e9charger<br \/>\n<\/a><br \/>\n<\/td>\n<\/tr>\n<tr class=\"row-7\">\n\t<td class=\"column-1\">Garantie produit de 25 ans<\/td><td class=\"column-2\">Canadian Solar passe \u00e0 une garantie produit de 25 ans<\/td><td class=\"column-3\">19<\/td><td class=\"column-4\">2024-08-13<\/td><td class=\"column-5\">908 Ko<\/td><td class=\"column-6\"><a href=\"\/wp-content\/uploads\/2025\/11\/25-YR-Warranty-FLYER-A4-Global-final-1.pdf\" <br \/>\n   T\u00e9l\u00e9charger<br \/>\n<\/a><br \/>\n<\/td>\n<\/tr>\n<tr class=\"row-8\">\n\t<td class=\"column-1\">Garantie limit\u00e9e pour les modules photovolta\u00efques<\/td><td class=\"column-2\">Garantie limit\u00e9e pour les modules photovolta\u00efques<\/td><td class=\"column-3\">14<\/td><td class=\"column-4\">2024-08-13<\/td><td class=\"column-5\">366 Ko<\/td><td class=\"column-6\"><a href=\"\/wp-content\/uploads\/2025\/11\/JA-Limited-Warranty.pdf\" <br \/>\n   T\u00e9l\u00e9charger<br \/>\n<\/a><br \/>\n<\/td>\n<\/tr>\n<tr class=\"row-9\">\n\t<td class=\"column-1\">Autorisation Intertek pour le marquage 02<\/td><td class=\"column-2\">Autorisation d'Intertek pour le marquage<\/td><td class=\"column-3\">4<\/td><td class=\"column-4\">2024-08-13<\/td><td class=\"column-5\">430 Ko<\/td><td class=\"column-6\"><a href=\"\/wp-content\/uploads\/2025\/11\/1701793488411108.pdf\" <br \/>\n   T\u00e9l\u00e9charger<br \/>\n<\/a><br \/>\n<\/td>\n<\/tr>\n<tr class=\"row-10\">\n\t<td class=\"column-1\">Autorisation Intertek pour le marquage 01<\/td><td class=\"column-2\">Autorisation d'Intertek pour le marquage<\/td><td class=\"column-3\">5<\/td><td class=\"column-4\">2024-08-13<\/td><td class=\"column-5\">435 Ko<\/td><td class=\"column-6\"><a href=\"\/wp-content\/uploads\/2025\/11\/1701793475248062.pdf\" <br \/>\n   T\u00e9l\u00e9charger<br \/>\n<\/a><br \/>\n<\/td>\n<\/tr>\n<tr class=\"row-11\">\n\t<td class=\"column-1\">Certificat TUV 02<\/td><td class=\"column-2\">Certificat T\u00dcV<\/td><td class=\"column-3\">22<\/td><td class=\"column-4\">2024-08-13<\/td><td class=\"column-5\">509 Ko<\/td><td class=\"column-6\"><a href=\"\/wp-content\/uploads\/2025\/11\/JA-TUV-certificate2.pdf\" <br \/>\n   T\u00e9l\u00e9charger<br \/>\n<\/a><\/td>\n<\/tr>\n<tr class=\"row-12\">\n\t<td class=\"column-1\">Certificat TUV 01<\/td><td class=\"column-2\">Certificat T\u00dcV<\/td><td class=\"column-3\">21<\/td><td class=\"column-4\">2024-08-13<\/td><td class=\"column-5\">411 Ko<\/td><td class=\"column-6\"><a href=\"\/wp-content\/uploads\/2025\/11\/JA-TUV-certificate.pdf\" <br \/>\n   T\u00e9l\u00e9charger<br \/>\n<\/a><br \/>\n<\/td>\n<\/tr>\n<\/tbody>\n<\/table>\n<!-- #tablepress-3 from cache --><\/div>\n\t\t\t\t\t\t<\/div>\n\t\t\t\t<\/div>\n\t\t\t\t\t<\/div>\n\t\t\t\t<\/div>\n\t\t\t\t<\/div>","protected":false},"excerpt":{"rendered":"<p>Position actuelle : T\u00e9l\u00e9charger Longi Trina Contact T\u00e9l. : +86-13382226325 WhatsApp : +86-15896489865 E-mail : sales@jinkosolarpv.com Adresse : 6060 Science and Technology Park NO.1588 Zhonghui Avenue, Qianzhou [\u2026]<\/p>","protected":false},"author":2,"featured_media":0,"parent":0,"menu_order":0,"comment_status":"closed","ping_status":"closed","template":"","meta":{"site-sidebar-layout":"no-sidebar","site-content-layout":"","ast-site-content-layout":"full-width-container","site-content-style":"default","site-sidebar-style":"default","ast-global-header-display":"","ast-banner-title-visibility":"","ast-main-header-display":"","ast-hfb-above-header-display":"","ast-hfb-below-header-display":"","ast-hfb-mobile-header-display":"","site-post-title":"disabled","ast-breadcrumbs-content":"","ast-featured-img":"disabled","footer-sml-layout":"","theme-transparent-header-meta":"","adv-header-id-meta":"","stick-header-meta":"","header-above-stick-meta":"","header-main-stick-meta":"","header-below-stick-meta":"","astra-migrate-meta-layouts":"default","ast-page-background-enabled":"default","ast-page-background-meta":{"desktop":{"background-color":"var(--ast-global-color-5)","background-image":"","background-repeat":"repeat","background-position":"center center","background-size":"auto","background-attachment":"scroll","background-type":"","background-media":"","overlay-type":"","overlay-color":"","overlay-opacity":"","overlay-gradient":""},"tablet":{"background-color":"","background-image":"","background-repeat":"repeat","background-position":"center center","background-size":"auto","background-attachment":"scroll","background-type":"","background-media":"","overlay-type":"","overlay-color":"","overlay-opacity":"","overlay-gradient":""},"mobile":{"background-color":"","background-image":"","background-repeat":"repeat","background-position":"center center","background-size":"auto","background-attachment":"scroll","background-type":"","background-media":"","overlay-type":"","overlay-color":"","overlay-opacity":"","overlay-gradient":""}},"ast-content-background-meta":{"desktop":{"background-color":"var(--ast-global-color-4)","background-image":"","background-repeat":"repeat","background-position":"center center","background-size":"auto","background-attachment":"scroll","background-type":"","background-media":"","overlay-type":"","overlay-color":"","overlay-opacity":"","overlay-gradient":""},"tablet":{"background-color":"var(--ast-global-color-4)","background-image":"","background-repeat":"repeat","background-position":"center center","background-size":"auto","background-attachment":"scroll","background-type":"","background-media":"","overlay-type":"","overlay-color":"","overlay-opacity":"","overlay-gradient":""},"mobile":{"background-color":"var(--ast-global-color-4)","background-image":"","background-repeat":"repeat","background-position":"center center","background-size":"auto","background-attachment":"scroll","background-type":"","background-media":"","overlay-type":"","overlay-color":"","overlay-opacity":"","overlay-gradient":""}},"footnotes":""},"class_list":["post-50","page","type-page","status-publish","hentry"],"_hostinger_reach_plugin_has_subscription_block":false,"_hostinger_reach_plugin_is_elementor":false,"_links":{"self":[{"href":"https:\/\/jinkosolarpv.com\/fr\/wp-json\/wp\/v2\/pages\/50","targetHints":{"allow":["GET"]}}],"collection":[{"href":"https:\/\/jinkosolarpv.com\/fr\/wp-json\/wp\/v2\/pages"}],"about":[{"href":"https:\/\/jinkosolarpv.com\/fr\/wp-json\/wp\/v2\/types\/page"}],"author":[{"embeddable":true,"href":"https:\/\/jinkosolarpv.com\/fr\/wp-json\/wp\/v2\/users\/2"}],"replies":[{"embeddable":true,"href":"https:\/\/jinkosolarpv.com\/fr\/wp-json\/wp\/v2\/comments?post=50"}],"version-history":[{"count":28,"href":"https:\/\/jinkosolarpv.com\/fr\/wp-json\/wp\/v2\/pages\/50\/revisions"}],"predecessor-version":[{"id":1110,"href":"https:\/\/jinkosolarpv.com\/fr\/wp-json\/wp\/v2\/pages\/50\/revisions\/1110"}],"wp:attachment":[{"href":"https:\/\/jinkosolarpv.com\/fr\/wp-json\/wp\/v2\/media?parent=50"}],"curies":[{"name":"wp","href":"https:\/\/api.w.org\/{rel}","templated":true}]}}