{"id":725,"date":"2025-11-17T15:40:51","date_gmt":"2025-11-17T07:40:51","guid":{"rendered":"https:\/\/jinkosolarpv.com\/?post_type=product&#038;p=725"},"modified":"2025-11-27T11:48:49","modified_gmt":"2025-11-27T03:48:49","slug":"canandia-top-bihiku7n-tipo-bifacial-con-tecnologia-topcon-cs7n-690w-695w-700w-705w-710w-715w-720w","status":"publish","type":"product","link":"https:\/\/jinkosolarpv.com\/es\/product\/canandia-top-bihiku7n-tipo-bifacial-con-tecnologia-topcon-cs7n-690w-695w-700w-705w-710w-715w-720w\/","title":{"rendered":"Canandia TOP BiHiKu7N-tipo Bifacial Tecnolog\u00eda TOPCon CS7N-690w,695w,700w,705w,710w,715w,720w"},"content":{"rendered":"<p class=\"\"><strong>Detalles del producto<\/strong><\/p>\n<p>&nbsp;<\/p>\n<p>&nbsp;<\/p>\n<table width=\"379\" cellspacing=\"0\" cellpadding=\"0\">\n<colgroup>\n<col width=\"230\" \/>\n<col width=\"403\" \/><\/colgroup>\n<tbody>\n<tr class=\"firstRow\">\n<td class=\"et2\" width=\"138\" height=\"28\">Especificaci\u00f3n<\/td>\n<td class=\"et3\" width=\"242\">Datos<\/td>\n<\/tr>\n<tr>\n<td class=\"et4\" width=\"138\" height=\"22\">Tipo de c\u00e9lula<\/td>\n<td class=\"et5\" width=\"242\">C\u00e9lulas TOPCon<\/td>\n<\/tr>\n<tr>\n<td class=\"et4\" width=\"138\" height=\"22\">Disposici\u00f3n de las c\u00e9lulas<\/td>\n<td class=\"et5\" width=\"242\">132[2 \u00d7 (11 \u00d7 6)]<\/td>\n<\/tr>\n<tr>\n<td class=\"et4\" width=\"138\" height=\"22\">Dimensiones<\/td>\n<td class=\"et5\" width=\"242\">2384 x 1303 x 33 mm (93,9 x 51,3 x 1,30 pulgadas)<\/td>\n<\/tr>\n<tr>\n<td class=\"et4\" width=\"138\" height=\"22\">Peso<\/td>\n<td class=\"et5\" width=\"242\">37,8 kg (83,3 libras)<\/td>\n<\/tr>\n<tr>\n<td class=\"et4\" width=\"138\" height=\"39\">Cristal delantero<\/td>\n<td class=\"et5\" width=\"242\">Vidrio templado de 2,0 mm con anti-<br \/>\nrevestimiento reflectante<\/td>\n<\/tr>\n<tr>\n<td class=\"et4\" width=\"138\" height=\"22\">Cristal trasero<\/td>\n<td class=\"et5\" width=\"242\">Vidrio templado de 2,0 mm<\/td>\n<\/tr>\n<tr>\n<td class=\"et4\" width=\"138\" height=\"22\">Marco<\/td>\n<td class=\"et5\" width=\"242\">Aleaci\u00f3n de aluminio anodizado<\/td>\n<\/tr>\n<tr>\n<td class=\"et4\" width=\"138\" height=\"22\">J-Box<\/td>\n<td class=\"et5\" width=\"242\">IP68,3 diodos de derivaci\u00f3n<\/td>\n<\/tr>\n<tr>\n<td class=\"et4\" width=\"138\" height=\"22\">Cable<\/td>\n<td class=\"et5\" width=\"242\">4,0 mm\u00b2 (IEC), 12 AWG (UL)<\/td>\n<\/tr>\n<tr>\n<td class=\"et4\" width=\"138\" height=\"39\">Longitud del cable<br \/>\n(Incluyendo Connecto)<\/td>\n<td class=\"et5\" width=\"242\">360 mm (14,2 in) (+) \/ 200 mm (7,9 in) (-) o<\/p>\n<p>longitud a medida*<\/td>\n<\/tr>\n<tr>\n<td class=\"et4\" width=\"138\" height=\"22\">Conector<\/td>\n<td class=\"et5\" width=\"242\">T6 o MC4-EVO2 o MC4-EV02A<\/td>\n<\/tr>\n<tr>\n<td class=\"et4\" width=\"138\" height=\"22\">Por paleta<\/td>\n<td class=\"et5\" width=\"242\">33 piezas<\/td>\n<\/tr>\n<tr>\n<td class=\"et6\" width=\"138\" height=\"39\">Por contenedor (40\u2032)<br \/>\nSede central)<\/td>\n<td class=\"et7\" width=\"242\">594 piezas o 495 piezas (solo para EE. UU. y<br \/>\nCanad\u00e1)<\/td>\n<\/tr>\n<\/tbody>\n<\/table>\n<p><strong>Descripci\u00f3n del producto<\/strong><\/p>\n<p>&nbsp;<\/p>\n<p>&nbsp;<\/p>\n<p>&nbsp;<\/p>\n<h2><\/h2>\n<p>&nbsp;<\/p>\n<p><strong>Canandia TOP BiHiKu7N-tipo Bifacial Tecnolog\u00eda TOPCon CS7N-690w,695w,700w,705w,710w,715w,720w<\/strong><\/p>\n<p>Los paneles solares de doble cristal suelen conectarse en serie o en paralelo para formar grandes conjuntos solares capaces de generar cantidades considerables de electricidad. Al combinar varios paneles solares de doble cristal, los propietarios de viviendas y las empresas pueden crear sistemas de energ\u00eda solar personalizados que satisfagan sus necesidades energ\u00e9ticas espec\u00edficas y aprovechen al m\u00e1ximo el aumento de eficiencia y rendimiento que ofrece esta tecnolog\u00eda avanzada.<\/p>\n<p><strong><img decoding=\"async\" src=\"http:\/\/jinkosolarpv.com\/wp-content\/uploads\/2025\/11\/37b155dfdea1c79f41d51d58baacd0b5.png\" alt=\"\" title=\"\"><\/strong><\/p>","protected":false},"excerpt":{"rendered":"<p>N\u00famero de m\u00f3dulo: TOP BiHiKu7N tipo bifacial 690 W-720 W<br \/>\nPeso: 37,8 kg<br \/>\nPaquete: 33 unidades\/pal\u00e9; 594 unidades\/40 hq<br \/>\nEspecificaciones: 2384 x 1303 x 33 mm<br \/>\nMarca comercial: Canadia Solar<br \/>\nOrigen:China<\/p>","protected":false},"featured_media":726,"comment_status":"open","ping_status":"closed","template":"","meta":{"site-sidebar-layout":"default","site-content-layout":"","ast-site-content-layout":"default","site-content-style":"default","site-sidebar-style":"default","ast-global-header-display":"","ast-banner-title-visibility":"","ast-main-header-display":"","ast-hfb-above-header-display":"","ast-hfb-below-header-display":"","ast-hfb-mobile-header-display":"","site-post-title":"","ast-breadcrumbs-content":"","ast-featured-img":"","footer-sml-layout":"","theme-transparent-header-meta":"default","adv-header-id-meta":"","stick-header-meta":"","header-above-stick-meta":"","header-main-stick-meta":"","header-below-stick-meta":"","astra-migrate-meta-layouts":"set","ast-page-background-enabled":"default","ast-page-background-meta":{"desktop":{"background-color":"var(--ast-global-color-5)","background-image":"","background-repeat":"repeat","background-position":"center center","background-size":"auto","background-attachment":"scroll","background-type":"","background-media":"","overlay-type":"","overlay-color":"","overlay-opacity":"","overlay-gradient":""},"tablet":{"background-color":"","background-image":"","background-repeat":"repeat","background-position":"center center","background-size":"auto","background-attachment":"scroll","background-type":"","background-media":"","overlay-type":"","overlay-color":"","overlay-opacity":"","overlay-gradient":""},"mobile":{"background-color":"","background-image":"","background-repeat":"repeat","background-position":"center center","background-size":"auto","background-attachment":"scroll","background-type":"","background-media":"","overlay-type":"","overlay-color":"","overlay-opacity":"","overlay-gradient":""}},"ast-content-background-meta":{"desktop":{"background-color":"var(--ast-global-color-4)","background-image":"","background-repeat":"repeat","background-position":"center center","background-size":"auto","background-attachment":"scroll","background-type":"","background-media":"","overlay-type":"","overlay-color":"","overlay-opacity":"","overlay-gradient":""},"tablet":{"background-color":"var(--ast-global-color-4)","background-image":"","background-repeat":"repeat","background-position":"center center","background-size":"auto","background-attachment":"scroll","background-type":"","background-media":"","overlay-type":"","overlay-color":"","overlay-opacity":"","overlay-gradient":""},"mobile":{"background-color":"var(--ast-global-color-4)","background-image":"","background-repeat":"repeat","background-position":"center center","background-size":"auto","background-attachment":"scroll","background-type":"","background-media":"","overlay-type":"","overlay-color":"","overlay-opacity":"","overlay-gradient":""}}},"product_brand":[],"product_cat":[32],"product_tag":[],"class_list":{"0":"post-725","1":"product","2":"type-product","3":"status-publish","4":"has-post-thumbnail","6":"product_cat-canadia-solar-panel","7":"desktop-align-left","8":"tablet-align-left","9":"mobile-align-left","11":"first","12":"instock","13":"shipping-taxable","14":"product-type-simple"},"_links":{"self":[{"href":"https:\/\/jinkosolarpv.com\/es\/wp-json\/wp\/v2\/product\/725","targetHints":{"allow":["GET"]}}],"collection":[{"href":"https:\/\/jinkosolarpv.com\/es\/wp-json\/wp\/v2\/product"}],"about":[{"href":"https:\/\/jinkosolarpv.com\/es\/wp-json\/wp\/v2\/types\/product"}],"replies":[{"embeddable":true,"href":"https:\/\/jinkosolarpv.com\/es\/wp-json\/wp\/v2\/comments?post=725"}],"wp:featuredmedia":[{"embeddable":true,"href":"https:\/\/jinkosolarpv.com\/es\/wp-json\/wp\/v2\/media\/726"}],"wp:attachment":[{"href":"https:\/\/jinkosolarpv.com\/es\/wp-json\/wp\/v2\/media?parent=725"}],"wp:term":[{"taxonomy":"product_brand","embeddable":true,"href":"https:\/\/jinkosolarpv.com\/es\/wp-json\/wp\/v2\/product_brand?post=725"},{"taxonomy":"product_cat","embeddable":true,"href":"https:\/\/jinkosolarpv.com\/es\/wp-json\/wp\/v2\/product_cat?post=725"},{"taxonomy":"product_tag","embeddable":true,"href":"https:\/\/jinkosolarpv.com\/es\/wp-json\/wp\/v2\/product_tag?post=725"}],"curies":[{"name":"wp","href":"https:\/\/api.w.org\/{rel}","templated":true}]}}