{"id":707,"date":"2025-11-17T15:35:33","date_gmt":"2025-11-17T07:35:33","guid":{"rendered":"https:\/\/jinkosolarpv.com\/?post_type=product&#038;p=707"},"modified":"2025-11-27T11:49:10","modified_gmt":"2025-11-27T03:49:10","slug":"canadia-bihiku7-bifacial-mono-perc-cs7n-640w645w650w655w660w665w-670w","status":"publish","type":"product","link":"https:\/\/jinkosolarpv.com\/es\/product\/canadia-bihiku7-bifacial-mono-perc-cs7n-640w645w650w655w660w665w-670w\/","title":{"rendered":"Canadia BiHiKu7 BIFACIAL MONO PERC CS7N-640w,645w,650w,655w,660w,665w 670w"},"content":{"rendered":"<p><strong>Detalles del producto<\/strong><\/p>\n<p>&nbsp;<\/p>\n<p>&nbsp;<\/p>\n<table width=\"379\" cellspacing=\"0\" cellpadding=\"0\">\n<colgroup>\n<col width=\"230\" \/>\n<col width=\"403\" \/><\/colgroup>\n<tbody>\n<tr class=\"firstRow\">\n<td class=\"et2 selectTdClass\" width=\"138\" height=\"28\">Especificaci\u00f3n<\/td>\n<td class=\"et3 selectTdClass\" width=\"242\">Datos<\/td>\n<\/tr>\n<tr>\n<td class=\"et4 selectTdClass\" width=\"138\" height=\"22\">Tipo de c\u00e9lula<\/td>\n<td class=\"et5 selectTdClass\" width=\"242\">Monocristalino<\/td>\n<\/tr>\n<tr>\n<td class=\"et4 selectTdClass\" width=\"138\" height=\"22\">Disposici\u00f3n de las c\u00e9lulas<\/td>\n<td class=\"et5 selectTdClass\" width=\"242\">132[2 \u00d7 (11 \u00d7 6)]<\/td>\n<\/tr>\n<tr>\n<td class=\"et4 selectTdClass\" width=\"138\" height=\"22\">Dimensiones<\/td>\n<td class=\"et5 selectTdClass\" width=\"242\">2384 \u00d7 1303 \u00d7 33 mm (93,9 \u00d7 51,3 \u00d7 1,30 pulgadas)<\/td>\n<\/tr>\n<tr>\n<td class=\"et4 selectTdClass\" width=\"138\" height=\"22\">Peso<\/td>\n<td class=\"et5 selectTdClass\" width=\"242\">37,8 kg (83,3 libras)<\/td>\n<\/tr>\n<tr>\n<td class=\"et4 selectTdClass\" width=\"138\" height=\"39\">Cristal delantero<\/td>\n<td class=\"et5 selectTdClass\" width=\"242\">Vidrio templado de 2,0 mm con anti-<br \/>\nrevestimiento reflectante<\/td>\n<\/tr>\n<tr>\n<td class=\"et4 selectTdClass\" width=\"138\" height=\"22\">Cristal trasero<\/td>\n<td class=\"et5 selectTdClass\" width=\"242\">Vidrio templado de 2,0 mm<\/td>\n<\/tr>\n<tr>\n<td class=\"et4 selectTdClass\" width=\"138\" height=\"22\">Marco<\/td>\n<td class=\"et5 selectTdClass\" width=\"242\">Aleaci\u00f3n de aluminio anodizado<\/td>\n<\/tr>\n<tr>\n<td class=\"et4 selectTdClass\" width=\"138\" height=\"22\">J-Box<\/td>\n<td class=\"et5 selectTdClass\" width=\"242\">IP68,3 diodos de derivaci\u00f3n<\/td>\n<\/tr>\n<tr>\n<td class=\"et4 selectTdClass\" width=\"138\" height=\"22\">Cable<\/td>\n<td class=\"et5 selectTdClass\" width=\"242\">4,0 mm\u00b2(IEC),10 AWG (UL)<\/td>\n<\/tr>\n<tr>\n<td class=\"et4 selectTdClass\" width=\"138\" height=\"39\">Longitud del cable<br \/>\n(Incluyendo Connecto)<\/td>\n<td class=\"et5 selectTdClass\" width=\"242\">360 mm (14,2 pulgadas) (+)\/200 mm (7,9 pulgadas) (-) o<br \/>\nr) longitud personalizada*<\/td>\n<\/tr>\n<tr>\n<td class=\"et4 selectTdClass\" width=\"138\" height=\"22\">Conector<\/td>\n<td class=\"et5 selectTdClass\" width=\"242\">T6 o MC4-EVO2 o MC4-EV02A<\/td>\n<\/tr>\n<tr>\n<td class=\"et4 selectTdClass\" width=\"138\" height=\"22\">Por paleta<\/td>\n<td class=\"et5 selectTdClass\" width=\"242\">33 piezas<\/td>\n<\/tr>\n<tr>\n<td class=\"et6 selectTdClass\" width=\"138\" height=\"39\">Por contenedor (40\u2032)<br \/>\nSede central)<\/td>\n<td class=\"et7 selectTdClass\" width=\"242\">594 piezas o 495 piezas (solo para EE. UU. y<br \/>\nCanad\u00e1)<\/td>\n<\/tr>\n<\/tbody>\n<\/table>\n<p><strong>Descripci\u00f3n del producto<\/strong><\/p>\n<p>&nbsp;<\/p>\n<p>&nbsp;<\/p>\n<p>&nbsp;<\/p>\n<h2><\/h2>\n<p><strong>Canadiense 640 W, 645 W, 650 W, 655 W, 660 W, 665 W, 670 W. Panel solar para almac\u00e9n. Panel solar mono de media celda negro.<\/strong><\/p>\n<p>Nuestros m\u00f3dulos fotovoltaicos solares est\u00e1n dise\u00f1ados para adaptarse a diversas aplicaciones, incluyendo instalaciones residenciales, comerciales y a escala industrial. Tanto si es usted un propietario que desea reducir sus costes energ\u00e9ticos como si es una empresa que aspira a alcanzar objetivos de sostenibilidad, nuestros m\u00f3dulos fotovoltaicos solares le ofrecen la soluci\u00f3n perfecta. Nuestra gama de productos incluye m\u00f3dulos fotovoltaicos solares monocristalinos y policristalinos, cada uno con sus ventajas y caracter\u00edsticas \u00fanicas. Explore nuestra variada oferta de productos y encuentre el m\u00f3dulo fotovoltaico solar que mejor se adapte a sus necesidades y preferencias espec\u00edficas.<\/p>\n<p><strong><img decoding=\"async\" src=\"http:\/\/jinkosolarpv.com\/wp-content\/uploads\/2025\/11\/0a8ff866a2b6ef0184393444659b2080.png\" alt=\"\" title=\"\"><\/strong><\/p>","protected":false},"excerpt":{"rendered":"<p>N\u00famero de m\u00f3dulo: BiHiKu7 BIFACIAL MONO PERC 640 W-670 W<br \/>\nPeso: 37,8 kg<br \/>\nPaquete: 33 unidades\/pal\u00e9; 594 unidades\/40 hq<br \/>\nEspecificaciones: 2384 x 1303 x 33 mm<br \/>\nMarca comercial: Canadia Solar<br \/>\nOrigen:China<\/p>","protected":false},"featured_media":710,"comment_status":"open","ping_status":"closed","template":"","meta":{"site-sidebar-layout":"default","site-content-layout":"","ast-site-content-layout":"default","site-content-style":"default","site-sidebar-style":"default","ast-global-header-display":"","ast-banner-title-visibility":"","ast-main-header-display":"","ast-hfb-above-header-display":"","ast-hfb-below-header-display":"","ast-hfb-mobile-header-display":"","site-post-title":"","ast-breadcrumbs-content":"","ast-featured-img":"","footer-sml-layout":"","theme-transparent-header-meta":"default","adv-header-id-meta":"","stick-header-meta":"","header-above-stick-meta":"","header-main-stick-meta":"","header-below-stick-meta":"","astra-migrate-meta-layouts":"set","ast-page-background-enabled":"default","ast-page-background-meta":{"desktop":{"background-color":"var(--ast-global-color-5)","background-image":"","background-repeat":"repeat","background-position":"center center","background-size":"auto","background-attachment":"scroll","background-type":"","background-media":"","overlay-type":"","overlay-color":"","overlay-opacity":"","overlay-gradient":""},"tablet":{"background-color":"","background-image":"","background-repeat":"repeat","background-position":"center center","background-size":"auto","background-attachment":"scroll","background-type":"","background-media":"","overlay-type":"","overlay-color":"","overlay-opacity":"","overlay-gradient":""},"mobile":{"background-color":"","background-image":"","background-repeat":"repeat","background-position":"center center","background-size":"auto","background-attachment":"scroll","background-type":"","background-media":"","overlay-type":"","overlay-color":"","overlay-opacity":"","overlay-gradient":""}},"ast-content-background-meta":{"desktop":{"background-color":"var(--ast-global-color-4)","background-image":"","background-repeat":"repeat","background-position":"center center","background-size":"auto","background-attachment":"scroll","background-type":"","background-media":"","overlay-type":"","overlay-color":"","overlay-opacity":"","overlay-gradient":""},"tablet":{"background-color":"var(--ast-global-color-4)","background-image":"","background-repeat":"repeat","background-position":"center center","background-size":"auto","background-attachment":"scroll","background-type":"","background-media":"","overlay-type":"","overlay-color":"","overlay-opacity":"","overlay-gradient":""},"mobile":{"background-color":"var(--ast-global-color-4)","background-image":"","background-repeat":"repeat","background-position":"center center","background-size":"auto","background-attachment":"scroll","background-type":"","background-media":"","overlay-type":"","overlay-color":"","overlay-opacity":"","overlay-gradient":""}}},"product_brand":[],"product_cat":[32],"product_tag":[],"class_list":{"0":"post-707","1":"product","2":"type-product","3":"status-publish","4":"has-post-thumbnail","6":"product_cat-canadia-solar-panel","7":"desktop-align-left","8":"tablet-align-left","9":"mobile-align-left","11":"first","12":"instock","13":"shipping-taxable","14":"product-type-simple"},"_links":{"self":[{"href":"https:\/\/jinkosolarpv.com\/es\/wp-json\/wp\/v2\/product\/707","targetHints":{"allow":["GET"]}}],"collection":[{"href":"https:\/\/jinkosolarpv.com\/es\/wp-json\/wp\/v2\/product"}],"about":[{"href":"https:\/\/jinkosolarpv.com\/es\/wp-json\/wp\/v2\/types\/product"}],"replies":[{"embeddable":true,"href":"https:\/\/jinkosolarpv.com\/es\/wp-json\/wp\/v2\/comments?post=707"}],"wp:featuredmedia":[{"embeddable":true,"href":"https:\/\/jinkosolarpv.com\/es\/wp-json\/wp\/v2\/media\/710"}],"wp:attachment":[{"href":"https:\/\/jinkosolarpv.com\/es\/wp-json\/wp\/v2\/media?parent=707"}],"wp:term":[{"taxonomy":"product_brand","embeddable":true,"href":"https:\/\/jinkosolarpv.com\/es\/wp-json\/wp\/v2\/product_brand?post=707"},{"taxonomy":"product_cat","embeddable":true,"href":"https:\/\/jinkosolarpv.com\/es\/wp-json\/wp\/v2\/product_cat?post=707"},{"taxonomy":"product_tag","embeddable":true,"href":"https:\/\/jinkosolarpv.com\/es\/wp-json\/wp\/v2\/product_tag?post=707"}],"curies":[{"name":"wp","href":"https:\/\/api.w.org\/{rel}","templated":true}]}}