{"id":683,"date":"2025-11-17T15:26:26","date_gmt":"2025-11-17T07:26:26","guid":{"rendered":"https:\/\/jinkosolarpv.com\/?post_type=product&#038;p=683"},"modified":"2025-11-27T11:50:48","modified_gmt":"2025-11-27T03:50:48","slug":"canadia-bifacial-mono-perc-bihiku7-cs7l-580w-585w590w595w600w605w610w","status":"publish","type":"product","link":"https:\/\/jinkosolarpv.com\/es\/product\/canadia-bifacial-mono-perc-bihiku7-cs7l-580w-585w590w595w600w605w610w\/","title":{"rendered":"Canadia BIFACIAL MONO PERC BiHiKu7 CS7L-580w, 585w,590w,595w,600w,605w,610w"},"content":{"rendered":"<p><strong>Detalles del producto<\/strong><\/p>\n<p>&nbsp;<\/p>\n<table width=\"450\" cellspacing=\"0\" cellpadding=\"0\">\n<colgroup>\n<col width=\"241\" \/>\n<col width=\"321\" \/><\/colgroup>\n<tbody>\n<tr class=\"firstRow\">\n<td width=\"193\" height=\"30\">Tipo de c\u00e9lula<\/td>\n<td width=\"257\">Monocristalino<\/td>\n<\/tr>\n<tr>\n<td width=\"193\" height=\"30\">Disposici\u00f3n de las c\u00e9lulas<\/td>\n<td width=\"257\">120[2x(10\u00d76)]<\/td>\n<\/tr>\n<tr>\n<td width=\"193\" height=\"52\">Dimensiones<\/td>\n<td width=\"257\">2172\u00d71303\u00d733 mm<br \/>\n(85,5\u00d751,3\u00d71,30 pulg.)<\/td>\n<\/tr>\n<tr>\n<td width=\"193\" height=\"30\">Peso<\/td>\n<td width=\"257\">34,5 kg (76,1 lbs)<\/td>\n<\/tr>\n<tr>\n<td width=\"193\" height=\"52\">Portada<\/td>\n<td width=\"257\">Cristal templado de 2,0 mm con anti<br \/>\nrevestimiento reflectante<\/td>\n<\/tr>\n<tr>\n<td width=\"193\" height=\"30\">Marco<\/td>\n<td width=\"257\">Aleaci\u00f3n de aluminio anodizado<\/td>\n<\/tr>\n<tr>\n<td width=\"193\" height=\"30\">J-Box<\/td>\n<td width=\"257\">IP68,3 diodos de derivaci\u00f3n<\/td>\n<\/tr>\n<tr>\n<td width=\"193\" height=\"30\">Cable<\/td>\n<td width=\"257\">4,0 mm\u00b2(IEC),10 AWG (UL)<\/td>\n<\/tr>\n<tr>\n<td width=\"193\" height=\"52\">Conector<\/td>\n<td width=\"257\">T6 o T4 o MC4-EVO2 o MC4-<br \/>\nEVO2A<\/td>\n<\/tr>\n<tr>\n<td width=\"193\" height=\"52\">Longitud del cable<br \/>\n(Con conector incluido)<\/td>\n<td width=\"257\">360 mm (14,2 in) (+) \/ 200 mm (7,9 in) (-) o<\/p>\n<p>longitud a medida*<\/td>\n<\/tr>\n<tr>\n<td width=\"193\" height=\"30\">Por paleta<\/td>\n<td width=\"257\">33 piezas<\/td>\n<\/tr>\n<tr>\n<td colspan=\"1\" rowspan=\"1\">Por contenedor (40\u2019HQ)<\/td>\n<td colspan=\"1\" rowspan=\"1\">594 piezas o 528 piezas (s\u00f3lo para US &amp;<\/p>\n<p>Canad\u00e1<\/td>\n<\/tr>\n<\/tbody>\n<\/table>\n<p><strong>Descripci\u00f3n del producto<\/strong><\/p>\n<p>&nbsp;<\/p>\n<p>&nbsp;<\/p>\n<p>&nbsp;<\/p>\n<h2><strong>Canadia BIFACIAL MONO PERC BiHiKu7 CS7L-580w, 585w,590w,595w,600w,605w,610w<\/strong><\/h2>\n<p>Los paneles solares monocristalinos tienen muchas aplicaciones:<\/p>\n<ul class=\"list-paddingleft-2\">\n<li><strong>\u00b7<\/strong>\u00a0Al ser m\u00e1s eficientes, estos paneles pueden producir m\u00e1s electricidad para la misma superficie ocupada por paneles de otros materiales.\u00a0<strong>\u00b7<\/strong>\u00a0Estos paneles son muy populares entre los tejados solares de zonas urbanas y rurales.<\/li>\n<li><strong>\u00b7<\/strong>\u00a0Estos paneles son muy recomendables para aplicaciones solares a gran escala, en grandes extensiones de terreno no cultivable.<\/li>\n<li><strong>\u00b7<\/strong>\u00a0Los paneles m\u00e1s peque\u00f1os, que generan entre 5 y 25 vatios de electricidad, son \u00fatiles para cargar tel\u00e9fonos, c\u00e1maras y ordenadores port\u00e1tiles.<\/li>\n<li><strong>\u00b7<\/strong>\u00a0Los paneles que generan entre 40 y 130 vatios son \u00fatiles para alimentar aparatos de mayor potencia, como frigor\u00edficos y hornos microondas.<\/li>\n<li><strong>\u00b7<\/strong>\u00a0Estos paneles son muy \u00fatiles para iluminar jardines<\/li>\n<li><strong>\u00b7<\/strong>\u00a0Estos paneles pueden formar un conjunto y se utilizan para suministrar energ\u00eda a las casas rurales.<\/li>\n<li><strong>\u00b7<\/strong>\u00a0Estos paneles son perfectos para el alumbrado p\u00fablico como paneles independientes.<\/li>\n<\/ul>\n<p><strong>M\u00f3dulo PERC de doble c\u00e9lula y alta potencia<\/strong><\/p>\n<p>- Oblea de 210 mm + c\u00e9lula doble 132 \/ 120 + tecnolog\u00eda PERC<\/p>\n<p>- Potencia del m\u00f3dulo de hasta 670 W<\/p>\n<p>- 0,4% m\u00e1s de rendimiento energ\u00e9tico durante la vida \u00fatil del m\u00f3dulo<\/p>\n<p><strong>Menor coste BOS y LCOE<\/strong><\/p>\n<p>- Reducir el coste de 5.7% BOS<\/p>\n<p>- 3,5% menor LCOE<\/p>\n<p>- Compatible con los principales inversores<\/p>\n<p><strong>Mayor fiabilidad<\/strong><\/p>\n<p>- Amplia tecnolog\u00eda de mitigaci\u00f3n LID \/ LeTID, hasta 50% de menor degradaci\u00f3n<\/p>\n<p>- Excelente rendimiento en puntos calientes<\/p>\n<p>- Mejor tolerancia a las sombras<\/p>\n<p><strong><img decoding=\"async\" src=\"http:\/\/jinkosolarpv.com\/wp-content\/uploads\/2025\/11\/b9c37f4474784937a768869e0c5b10fe.png\" alt=\"\" title=\"\"><\/strong><\/p>","protected":false},"excerpt":{"rendered":"<p>Lugar de origen\uff1aJiangsu, China.<br \/>\nMarca\uff1aCanadian Solar Panel<br \/>\nCertificaci\u00f3n\uff1aCGC\uff0cISO9001:2015\uff0cTUV SUD\uff0cPV\uff0cCNAS\uff0c<br \/>\nN\u00famero de modelo\uff1aHiKu7-CS7L-MS<\/p>","protected":false},"featured_media":685,"comment_status":"open","ping_status":"closed","template":"","meta":{"site-sidebar-layout":"default","site-content-layout":"","ast-site-content-layout":"default","site-content-style":"default","site-sidebar-style":"default","ast-global-header-display":"","ast-banner-title-visibility":"","ast-main-header-display":"","ast-hfb-above-header-display":"","ast-hfb-below-header-display":"","ast-hfb-mobile-header-display":"","site-post-title":"","ast-breadcrumbs-content":"","ast-featured-img":"","footer-sml-layout":"","theme-transparent-header-meta":"default","adv-header-id-meta":"","stick-header-meta":"","header-above-stick-meta":"","header-main-stick-meta":"","header-below-stick-meta":"","astra-migrate-meta-layouts":"set","ast-page-background-enabled":"default","ast-page-background-meta":{"desktop":{"background-color":"var(--ast-global-color-5)","background-image":"","background-repeat":"repeat","background-position":"center center","background-size":"auto","background-attachment":"scroll","background-type":"","background-media":"","overlay-type":"","overlay-color":"","overlay-opacity":"","overlay-gradient":""},"tablet":{"background-color":"","background-image":"","background-repeat":"repeat","background-position":"center center","background-size":"auto","background-attachment":"scroll","background-type":"","background-media":"","overlay-type":"","overlay-color":"","overlay-opacity":"","overlay-gradient":""},"mobile":{"background-color":"","background-image":"","background-repeat":"repeat","background-position":"center center","background-size":"auto","background-attachment":"scroll","background-type":"","background-media":"","overlay-type":"","overlay-color":"","overlay-opacity":"","overlay-gradient":""}},"ast-content-background-meta":{"desktop":{"background-color":"var(--ast-global-color-4)","background-image":"","background-repeat":"repeat","background-position":"center center","background-size":"auto","background-attachment":"scroll","background-type":"","background-media":"","overlay-type":"","overlay-color":"","overlay-opacity":"","overlay-gradient":""},"tablet":{"background-color":"var(--ast-global-color-4)","background-image":"","background-repeat":"repeat","background-position":"center center","background-size":"auto","background-attachment":"scroll","background-type":"","background-media":"","overlay-type":"","overlay-color":"","overlay-opacity":"","overlay-gradient":""},"mobile":{"background-color":"var(--ast-global-color-4)","background-image":"","background-repeat":"repeat","background-position":"center center","background-size":"auto","background-attachment":"scroll","background-type":"","background-media":"","overlay-type":"","overlay-color":"","overlay-opacity":"","overlay-gradient":""}}},"product_brand":[],"product_cat":[32],"product_tag":[],"class_list":{"0":"post-683","1":"product","2":"type-product","3":"status-publish","4":"has-post-thumbnail","6":"product_cat-canadia-solar-panel","7":"desktop-align-left","8":"tablet-align-left","9":"mobile-align-left","11":"first","12":"instock","13":"shipping-taxable","14":"product-type-simple"},"_links":{"self":[{"href":"https:\/\/jinkosolarpv.com\/es\/wp-json\/wp\/v2\/product\/683","targetHints":{"allow":["GET"]}}],"collection":[{"href":"https:\/\/jinkosolarpv.com\/es\/wp-json\/wp\/v2\/product"}],"about":[{"href":"https:\/\/jinkosolarpv.com\/es\/wp-json\/wp\/v2\/types\/product"}],"replies":[{"embeddable":true,"href":"https:\/\/jinkosolarpv.com\/es\/wp-json\/wp\/v2\/comments?post=683"}],"wp:featuredmedia":[{"embeddable":true,"href":"https:\/\/jinkosolarpv.com\/es\/wp-json\/wp\/v2\/media\/685"}],"wp:attachment":[{"href":"https:\/\/jinkosolarpv.com\/es\/wp-json\/wp\/v2\/media?parent=683"}],"wp:term":[{"taxonomy":"product_brand","embeddable":true,"href":"https:\/\/jinkosolarpv.com\/es\/wp-json\/wp\/v2\/product_brand?post=683"},{"taxonomy":"product_cat","embeddable":true,"href":"https:\/\/jinkosolarpv.com\/es\/wp-json\/wp\/v2\/product_cat?post=683"},{"taxonomy":"product_tag","embeddable":true,"href":"https:\/\/jinkosolarpv.com\/es\/wp-json\/wp\/v2\/product_tag?post=683"}],"curies":[{"name":"wp","href":"https:\/\/api.w.org\/{rel}","templated":true}]}}