{"id":640,"date":"2025-11-17T15:22:28","date_gmt":"2025-11-17T07:22:28","guid":{"rendered":"https:\/\/jinkosolarpv.com\/?post_type=product&#038;p=640"},"modified":"2025-11-27T11:50:57","modified_gmt":"2025-11-27T03:50:57","slug":"canadia-tipo-bifacial-tecnologia-topcon-top-bihiku6-600w-605w-610w-615w-620w-625w-630w","status":"publish","type":"product","link":"https:\/\/jinkosolarpv.com\/es\/product\/canadia-tipo-bifacial-tecnologia-topcon-top-bihiku6-600w-605w-610w-615w-620w-625w-630w\/","title":{"rendered":"Canadia Tipo N Bifacial TOPCon Tecnolog\u00eda TOP BiHiKu6 600W,605W,610W,615W,620W,625W,630w"},"content":{"rendered":"<p class=\"\"><strong>Detalles del producto<\/strong><\/p>\n<table width=\"510\" cellspacing=\"0\" cellpadding=\"0\">\n<colgroup>\n<col width=\"231\" \/>\n<col width=\"406\" \/><\/colgroup>\n<tbody>\n<tr class=\"firstRow\">\n<td class=\"\" width=\"185\" height=\"38\">Especificaci\u00f3n<\/td>\n<td width=\"325\">Datos<\/td>\n<\/tr>\n<tr>\n<td width=\"185\" height=\"30\">Tipo de c\u00e9lula<\/td>\n<td width=\"325\">C\u00e9lulas TOPCon<\/td>\n<\/tr>\n<tr>\n<td width=\"185\" height=\"30\">Disposici\u00f3n de las c\u00e9lulas<\/td>\n<td width=\"325\">132  [2x(11\u00d76)]<\/td>\n<\/tr>\n<tr>\n<td width=\"185\" height=\"30\">Dimensiones<\/td>\n<td width=\"325\">2382 \u00d7 1134 \u00d7 30 mm (93,8 \u00d7 44,6 \u00d7 1,18 pulgadas)<\/td>\n<\/tr>\n<tr>\n<td width=\"185\" height=\"30\">Peso<\/td>\n<td width=\"325\">33,6 kg (74,1 libras)<\/td>\n<\/tr>\n<tr>\n<td width=\"185\" height=\"52\">Cristal delantero<\/td>\n<td width=\"325\">Vidrio templado de 2,0 mm con anti-<br \/>\nrevestimiento reflectante<\/td>\n<\/tr>\n<tr>\n<td width=\"185\" height=\"30\">Cristal trasero<\/td>\n<td width=\"325\">Vidrio templado de 2,0 mm<\/td>\n<\/tr>\n<tr>\n<td width=\"185\" height=\"30\">Marco<\/td>\n<td width=\"325\">Aleaci\u00f3n de aluminio anodizado<\/td>\n<\/tr>\n<tr>\n<td width=\"185\" height=\"30\">J-Box<\/td>\n<td width=\"325\">IP68,3 diodos de derivaci\u00f3n<\/td>\n<\/tr>\n<tr>\n<td width=\"185\" height=\"30\">Cable<\/td>\n<td width=\"325\">4,0 mm\u00b2 (IEC), 12 AWG (UL)<\/td>\n<\/tr>\n<tr>\n<td width=\"185\" height=\"52\">Longitud del cable (incluido)<br \/>\nConector ding)<\/td>\n<td width=\"325\">300 mm (11,8 pulgadas) (+)\/200 mm (7,9 pulgadas) (-) o<br \/>\nlongitud a medida*<\/td>\n<\/tr>\n<tr>\n<td width=\"185\" height=\"96\">Conector<\/td>\n<td width=\"325\">T6 o MC4-EVO2 o MC4-EVO2A<\/td>\n<\/tr>\n<tr>\n<td width=\"185\" height=\"30\">Por paleta<\/td>\n<td width=\"325\">36 piezas<\/td>\n<\/tr>\n<tr>\n<td colspan=\"2\" width=\"511\" height=\"30\">Por contenedor (40 pies HQ) 720 piezas<\/td>\n<\/tr>\n<\/tbody>\n<\/table>\n<p><strong>Canadia Tipo N Bifacial TOPCon Tecnolog\u00eda TOP BiHiKu6 600W,605W,610W,615W,620W,625W,630w<\/strong><\/p>\n<p>La tecnolog\u00eda de los paneles solares monocristalinos ha avanzado mucho desde sus inicios en la d\u00e9cada de 1950, cuando los investigadores de Bell Laboratories desarrollaron por primera vez c\u00e9lulas fotovoltaicas basadas en silicio capaces de convertir la luz solar en electricidad. Los paneles solares monocristalinos actuales son mucho m\u00e1s eficientes y duraderos que sus predecesores, lo que los convierte en una opci\u00f3n cada vez m\u00e1s popular entre los entusiastas de las energ\u00edas renovables de todo el mundo.<\/p>\n<p><strong>M\u00f3dulo PERC de doble c\u00e9lula y alta potencia<\/strong><\/p>\n<p>- Oblea de 210 mm + c\u00e9lula doble 132 \/ 120 + tecnolog\u00eda PERC<\/p>\n<p>- Potencia del m\u00f3dulo de hasta 670 W<\/p>\n<p>- 0,4% m\u00e1s de rendimiento energ\u00e9tico durante la vida \u00fatil del m\u00f3dulo<\/p>\n<p><strong>Menor coste BOS y LCOE<\/strong><\/p>\n<p>- Reducir el coste de 5.7% BOS<\/p>\n<p>- 3,5% menor LCOE<\/p>\n<p>- Compatible con los principales inversores<\/p>\n<p><strong>Mayor fiabilidad<\/strong><\/p>\n<p>- Amplia tecnolog\u00eda de mitigaci\u00f3n LID \/ LeTID, hasta 50% de menor degradaci\u00f3n<\/p>\n<p>- Excelente rendimiento en puntos calientes<\/p>\n<p>- Mejor tolerancia a las sombras<\/p>\n<p><strong><img decoding=\"async\" src=\"http:\/\/jinkosolarpv.com\/wp-content\/uploads\/2025\/11\/0a8ff866a2b6ef0184393444659b2080.png\" alt=\"\" title=\"\"><\/strong><\/p>","protected":false},"excerpt":{"rendered":"<p>N\u00famero de m\u00f3dulo: TOP BiHiKu6 Tecnolog\u00eda TOPCon bifacial tipo N 600 W-630 W<br \/>\nPeso: 33,6 kg<br \/>\nPaquete:36pcs\/palet;720pcs\/40hq<br \/>\nEspecificaciones: 2382 x 1134 x 30 mm<br \/>\nMarca comercial: Canadia Solar<br \/>\nOrigen:China<\/p>","protected":false},"featured_media":665,"comment_status":"open","ping_status":"closed","template":"","meta":{"site-sidebar-layout":"default","site-content-layout":"","ast-site-content-layout":"default","site-content-style":"default","site-sidebar-style":"default","ast-global-header-display":"","ast-banner-title-visibility":"","ast-main-header-display":"","ast-hfb-above-header-display":"","ast-hfb-below-header-display":"","ast-hfb-mobile-header-display":"","site-post-title":"","ast-breadcrumbs-content":"","ast-featured-img":"","footer-sml-layout":"","theme-transparent-header-meta":"default","adv-header-id-meta":"","stick-header-meta":"","header-above-stick-meta":"","header-main-stick-meta":"","header-below-stick-meta":"","astra-migrate-meta-layouts":"set","ast-page-background-enabled":"default","ast-page-background-meta":{"desktop":{"background-color":"var(--ast-global-color-5)","background-image":"","background-repeat":"repeat","background-position":"center center","background-size":"auto","background-attachment":"scroll","background-type":"","background-media":"","overlay-type":"","overlay-color":"","overlay-opacity":"","overlay-gradient":""},"tablet":{"background-color":"","background-image":"","background-repeat":"repeat","background-position":"center center","background-size":"auto","background-attachment":"scroll","background-type":"","background-media":"","overlay-type":"","overlay-color":"","overlay-opacity":"","overlay-gradient":""},"mobile":{"background-color":"","background-image":"","background-repeat":"repeat","background-position":"center center","background-size":"auto","background-attachment":"scroll","background-type":"","background-media":"","overlay-type":"","overlay-color":"","overlay-opacity":"","overlay-gradient":""}},"ast-content-background-meta":{"desktop":{"background-color":"var(--ast-global-color-4)","background-image":"","background-repeat":"repeat","background-position":"center center","background-size":"auto","background-attachment":"scroll","background-type":"","background-media":"","overlay-type":"","overlay-color":"","overlay-opacity":"","overlay-gradient":""},"tablet":{"background-color":"var(--ast-global-color-4)","background-image":"","background-repeat":"repeat","background-position":"center center","background-size":"auto","background-attachment":"scroll","background-type":"","background-media":"","overlay-type":"","overlay-color":"","overlay-opacity":"","overlay-gradient":""},"mobile":{"background-color":"var(--ast-global-color-4)","background-image":"","background-repeat":"repeat","background-position":"center center","background-size":"auto","background-attachment":"scroll","background-type":"","background-media":"","overlay-type":"","overlay-color":"","overlay-opacity":"","overlay-gradient":""}}},"product_brand":[],"product_cat":[32],"product_tag":[],"class_list":{"0":"post-640","1":"product","2":"type-product","3":"status-publish","4":"has-post-thumbnail","6":"product_cat-canadia-solar-panel","7":"desktop-align-left","8":"tablet-align-left","9":"mobile-align-left","11":"first","12":"instock","13":"shipping-taxable","14":"product-type-simple"},"_links":{"self":[{"href":"https:\/\/jinkosolarpv.com\/es\/wp-json\/wp\/v2\/product\/640","targetHints":{"allow":["GET"]}}],"collection":[{"href":"https:\/\/jinkosolarpv.com\/es\/wp-json\/wp\/v2\/product"}],"about":[{"href":"https:\/\/jinkosolarpv.com\/es\/wp-json\/wp\/v2\/types\/product"}],"replies":[{"embeddable":true,"href":"https:\/\/jinkosolarpv.com\/es\/wp-json\/wp\/v2\/comments?post=640"}],"wp:featuredmedia":[{"embeddable":true,"href":"https:\/\/jinkosolarpv.com\/es\/wp-json\/wp\/v2\/media\/665"}],"wp:attachment":[{"href":"https:\/\/jinkosolarpv.com\/es\/wp-json\/wp\/v2\/media?parent=640"}],"wp:term":[{"taxonomy":"product_brand","embeddable":true,"href":"https:\/\/jinkosolarpv.com\/es\/wp-json\/wp\/v2\/product_brand?post=640"},{"taxonomy":"product_cat","embeddable":true,"href":"https:\/\/jinkosolarpv.com\/es\/wp-json\/wp\/v2\/product_cat?post=640"},{"taxonomy":"product_tag","embeddable":true,"href":"https:\/\/jinkosolarpv.com\/es\/wp-json\/wp\/v2\/product_tag?post=640"}],"curies":[{"name":"wp","href":"https:\/\/api.w.org\/{rel}","templated":true}]}}