{"id":620,"date":"2025-11-17T15:03:13","date_gmt":"2025-11-17T07:03:13","guid":{"rendered":"https:\/\/jinkosolarpv.com\/?post_type=product&#038;p=620"},"modified":"2025-11-27T11:53:07","modified_gmt":"2025-11-27T03:53:07","slug":"modulos-solares-monofaciales-tipo-p-de-ja-solar-jam72s30lr560w565w570w575w580w585w","status":"publish","type":"product","link":"https:\/\/jinkosolarpv.com\/es\/product\/modulos-solares-monofaciales-tipo-p-de-ja-solar-jam72s30lr560w565w570w575w580w585w\/","title":{"rendered":"M\u00f3dulos monofaciales tipo P de JA Solar JAM72S30LR560w, 565w, 570w, 575w, 580w, 585w"},"content":{"rendered":"<p class=\"\"><strong><span class=\"\">Detalles del producto<\/span><\/strong><\/p>\n<p>&nbsp;<\/p>\n<p>&nbsp;<\/p>\n<p>&nbsp;<\/p>\n<table width=\"346\" cellspacing=\"0\" cellpadding=\"0\">\n<colgroup>\n<col width=\"245\" \/>\n<col width=\"332\" \/><\/colgroup>\n<tbody>\n<tr class=\"firstRow\">\n<td class=\"et2\" width=\"147\" height=\"22\">Celda<\/td>\n<td class=\"et2\" width=\"199\">Mono-16BB<\/td>\n<\/tr>\n<tr>\n<td class=\"et2\" width=\"147\" height=\"22\">Peso<\/td>\n<td class=\"et2\" width=\"199\">28 kg<\/td>\n<\/tr>\n<tr>\n<td class=\"et2\" width=\"147\" height=\"22\">Dimensiones<\/td>\n<td class=\"et2\" width=\"199\">2333 \u00b1 2 mm \u00d7 1134 \u00b1 2 mm \u00d7 30 \u00b1 1 mm<\/td>\n<\/tr>\n<tr>\n<td class=\"et2\" width=\"147\" height=\"22\">Tama\u00f1o de la secci\u00f3n transversal del cable<\/td>\n<td class=\"et2\" width=\"199\">4 mm\u00b2 (IEC), 12 AWG (UL)<\/td>\n<\/tr>\n<tr>\n<td class=\"et2\" width=\"147\" height=\"22\">N\u00ba de c\u00e9lulas<\/td>\n<td class=\"et2\" width=\"199\">144 (6 \u00d7 26)<\/td>\n<\/tr>\n<tr>\n<td class=\"et2\" width=\"147\" height=\"22\">Caja de empalmes<\/td>\n<td class=\"et2\" width=\"199\">IP68, 3 diodos<\/td>\n<\/tr>\n<tr>\n<td class=\"et2\" width=\"147\" height=\"22\">Conector<\/td>\n<td class=\"et2\" width=\"199\">QC 4.10-351\/ MC4-EVO2A<\/td>\n<\/tr>\n<tr>\n<td class=\"et2\" width=\"147\" height=\"22\">Cristal delantero\/Cristal trasero<\/td>\n<td class=\"et2\" width=\"199\">3,20 mm<\/td>\n<\/tr>\n<tr>\n<td class=\"et2\" width=\"147\" height=\"22\">Longitud del cable<br \/>\n(Con conector incluido)<\/td>\n<td class=\"et2\" width=\"199\">Retrato: 300 mm (+)\/400 mm (-);<br \/>\nPaisaje: 1400 mm (+)\/1400 mm (-)<\/td>\n<\/tr>\n<tr>\n<td class=\"et2\" width=\"147\" height=\"22\">Configuraci\u00f3n del embalaje<\/td>\n<td class=\"et2\" width=\"199\">36 unidades\/pal\u00e9<br \/>\n720 unidades\/contenedor de 40 pies<\/td>\n<\/tr>\n<\/tbody>\n<\/table>\n<p>Descripci\u00f3n del producto<\/p>\n<p>&nbsp;<\/p>\n<p>&nbsp;<\/p>\n<p>&nbsp;<\/p>\n<p>&nbsp;<\/p>\n<p>&nbsp;<\/p>\n<p>&nbsp;<\/p>\n<p><strong>M\u00f3dulos monofaciales tipo P de JA Solar  JAM72S30LR560w, 565w, 570w, 575w, 580w, 585w<\/strong><\/p>\n<p>La tecnolog\u00eda de los paneles solares monofaciales ha evolucionado con el tiempo, y los avances en los procesos de fabricaci\u00f3n y los materiales han dado lugar a mejoras en la eficiencia, la durabilidad y la est\u00e9tica. Innovaciones como la tecnolog\u00eda PERC (c\u00e9lula trasera con emisor pasivado) y los dise\u00f1os de c\u00e9lulas de medio corte han mejorado a\u00fan m\u00e1s el rendimiento de estos paneles.<\/p>\n<p>- Menor LCOE<\/p>\n<p>- Mayor potencia de salida<\/p>\n<p>- Mejor tolerancia a las cargas mec\u00e1nicas<\/p>\n<p>- Menos sombreado y menor p\u00e9rdida resistiva<\/p>\n<p><strong><img decoding=\"async\" src=\"http:\/\/jinkosolarpv.com\/wp-content\/uploads\/2025\/11\/522c379057d871abe0128b0c20c33e95.png\" alt=\"\" title=\"\"><\/strong><\/p>","protected":false},"excerpt":{"rendered":"<p>N\u00famero de m\u00f3dulo: JAM72S30LR 560-585 W<br \/>\nPeso: 28 kg<br \/>\nPaquete:36pcs\/palet;720pcs\/40hq<br \/>\nEspecificaciones: 2333 x 1134 x 30 mm<br \/>\nMarca:JA solar<br \/>\nOrigen:China<\/p>","protected":false},"featured_media":623,"comment_status":"open","ping_status":"closed","template":"","meta":{"site-sidebar-layout":"default","site-content-layout":"","ast-site-content-layout":"default","site-content-style":"default","site-sidebar-style":"default","ast-global-header-display":"","ast-banner-title-visibility":"","ast-main-header-display":"","ast-hfb-above-header-display":"","ast-hfb-below-header-display":"","ast-hfb-mobile-header-display":"","site-post-title":"","ast-breadcrumbs-content":"","ast-featured-img":"","footer-sml-layout":"","theme-transparent-header-meta":"default","adv-header-id-meta":"","stick-header-meta":"","header-above-stick-meta":"","header-main-stick-meta":"","header-below-stick-meta":"","astra-migrate-meta-layouts":"set","ast-page-background-enabled":"default","ast-page-background-meta":{"desktop":{"background-color":"var(--ast-global-color-5)","background-image":"","background-repeat":"repeat","background-position":"center center","background-size":"auto","background-attachment":"scroll","background-type":"","background-media":"","overlay-type":"","overlay-color":"","overlay-opacity":"","overlay-gradient":""},"tablet":{"background-color":"","background-image":"","background-repeat":"repeat","background-position":"center center","background-size":"auto","background-attachment":"scroll","background-type":"","background-media":"","overlay-type":"","overlay-color":"","overlay-opacity":"","overlay-gradient":""},"mobile":{"background-color":"","background-image":"","background-repeat":"repeat","background-position":"center center","background-size":"auto","background-attachment":"scroll","background-type":"","background-media":"","overlay-type":"","overlay-color":"","overlay-opacity":"","overlay-gradient":""}},"ast-content-background-meta":{"desktop":{"background-color":"var(--ast-global-color-4)","background-image":"","background-repeat":"repeat","background-position":"center center","background-size":"auto","background-attachment":"scroll","background-type":"","background-media":"","overlay-type":"","overlay-color":"","overlay-opacity":"","overlay-gradient":""},"tablet":{"background-color":"var(--ast-global-color-4)","background-image":"","background-repeat":"repeat","background-position":"center center","background-size":"auto","background-attachment":"scroll","background-type":"","background-media":"","overlay-type":"","overlay-color":"","overlay-opacity":"","overlay-gradient":""},"mobile":{"background-color":"var(--ast-global-color-4)","background-image":"","background-repeat":"repeat","background-position":"center center","background-size":"auto","background-attachment":"scroll","background-type":"","background-media":"","overlay-type":"","overlay-color":"","overlay-opacity":"","overlay-gradient":""}}},"product_brand":[],"product_cat":[26],"product_tag":[],"class_list":{"0":"post-620","1":"product","2":"type-product","3":"status-publish","4":"has-post-thumbnail","6":"product_cat-ja-solar-panel","7":"desktop-align-left","8":"tablet-align-left","9":"mobile-align-left","11":"first","12":"instock","13":"shipping-taxable","14":"product-type-simple"},"_links":{"self":[{"href":"https:\/\/jinkosolarpv.com\/es\/wp-json\/wp\/v2\/product\/620","targetHints":{"allow":["GET"]}}],"collection":[{"href":"https:\/\/jinkosolarpv.com\/es\/wp-json\/wp\/v2\/product"}],"about":[{"href":"https:\/\/jinkosolarpv.com\/es\/wp-json\/wp\/v2\/types\/product"}],"replies":[{"embeddable":true,"href":"https:\/\/jinkosolarpv.com\/es\/wp-json\/wp\/v2\/comments?post=620"}],"wp:featuredmedia":[{"embeddable":true,"href":"https:\/\/jinkosolarpv.com\/es\/wp-json\/wp\/v2\/media\/623"}],"wp:attachment":[{"href":"https:\/\/jinkosolarpv.com\/es\/wp-json\/wp\/v2\/media?parent=620"}],"wp:term":[{"taxonomy":"product_brand","embeddable":true,"href":"https:\/\/jinkosolarpv.com\/es\/wp-json\/wp\/v2\/product_brand?post=620"},{"taxonomy":"product_cat","embeddable":true,"href":"https:\/\/jinkosolarpv.com\/es\/wp-json\/wp\/v2\/product_cat?post=620"},{"taxonomy":"product_tag","embeddable":true,"href":"https:\/\/jinkosolarpv.com\/es\/wp-json\/wp\/v2\/product_tag?post=620"}],"curies":[{"name":"wp","href":"https:\/\/api.w.org\/{rel}","templated":true}]}}