{"id":563,"date":"2025-11-17T14:32:49","date_gmt":"2025-11-17T06:32:49","guid":{"rendered":"https:\/\/jinkosolarpv.com\/?post_type=product&#038;p=563"},"modified":"2025-11-27T11:57:34","modified_gmt":"2025-11-27T03:57:34","slug":"ja-solar-tipo-n-doble-vidrio-bifacial-jam72d40lb-590w595w600w605w610w615w","status":"publish","type":"product","link":"https:\/\/jinkosolarpv.com\/es\/product\/ja-solar-tipo-n-doble-vidrio-bifacial-jam72d40lb-590w595w600w605w610w615w\/","title":{"rendered":"JA Solar Tipo N Doble Vidrio Bifacial JAM72D40LB 590w,595w,600w,605w,610w,615w"},"content":{"rendered":"<p><strong>Detalles del producto<\/strong><\/p>\n<p>&nbsp;<\/p>\n<p>&nbsp;<\/p>\n<p>&nbsp;<\/p>\n<table width=\"510\" cellspacing=\"0\" cellpadding=\"0\">\n<colgroup>\n<col width=\"270\" \/>\n<col width=\"368\" \/><\/colgroup>\n<tbody>\n<tr class=\"firstRow\">\n<td width=\"216\" height=\"30\">Celda<\/td>\n<td width=\"295\">\u00a0 Mono-16BB<\/td>\n<\/tr>\n<tr>\n<td width=\"216\" height=\"30\">Peso<\/td>\n<td width=\"295\">\u00a0 32,5 kg<\/td>\n<\/tr>\n<tr>\n<td width=\"216\" height=\"30\">Dimensiones<\/td>\n<td width=\"295\">\u00a0 2333 \u00b1 2 mm \u00d7 1134 \u00b1 2 mm \u00d7 30 \u00b1 1 mm<\/td>\n<\/tr>\n<tr>\n<td width=\"216\" height=\"30\">Tama\u00f1o de la secci\u00f3n transversal del cable<\/td>\n<td width=\"295\">\u00a0 4 mm\u00b2 (IEC), 12 AWG (UL)<\/td>\n<\/tr>\n<tr>\n<td width=\"216\" height=\"30\">N\u00ba de c\u00e9lulas<\/td>\n<td width=\"295\">\u00a0 144(6\u00d724)<\/td>\n<\/tr>\n<tr>\n<td width=\"216\" height=\"30\">Caja de empalmes<\/td>\n<td width=\"295\">\u00a0 Diodos IP68,3<\/td>\n<\/tr>\n<tr>\n<td width=\"216\" height=\"30\">Conector<\/td>\n<td width=\"295\">\u00a0 QC4.10-351\/MC4-EVO2A<\/td>\n<\/tr>\n<tr>\n<td width=\"216\" height=\"74\">Longitud del cable<br \/>\n(Con conector incluido)<\/td>\n<td width=\"295\">\u00a0 Retrato: 300 mm (+)\/400 mm (-); Paisaje: 1400 mm (+)\/1400 mm (-)<\/td>\n<\/tr>\n<tr>\n<td colspan=\"1\" rowspan=\"1\">Cristal delantero\/Cristal trasero<\/td>\n<td colspan=\"1\" rowspan=\"1\">2,0 mm\/2,0 mm<\/td>\n<\/tr>\n<tr>\n<td width=\"216\" height=\"30\">Configuraci\u00f3n del embalaje<\/td>\n<td width=\"295\">\u00a0 36 unidades\/pal\u00e9, 720 unidades\/contenedor de 40 pies<\/td>\n<\/tr>\n<\/tbody>\n<\/table>\n<p><strong>Descripci\u00f3n del producto<\/strong><\/p>\n<p>&nbsp;<\/p>\n<p>&nbsp;<\/p>\n<p>&nbsp;<\/p>\n<p>&nbsp;<\/p>\n<p><strong>JA Solar Tipo N Doble Vidrio Bifacial JAM72D40LB 590w,595w,600w,605w,610w,615w\u00a0\u00a0<\/strong><\/p>\n<p>Se prev\u00e9 que el mercado de los paneles solares monofacciales siga creciendo a medida que m\u00e1s propietarios de viviendas y empresas reconozcan las ventajas econ\u00f3micas a largo plazo de invertir en fuentes de energ\u00eda renovables, como la reducci\u00f3n de las facturas de energ\u00eda y el aumento del valor de las propiedades.<\/p>\n<p><strong><img decoding=\"async\" src=\"http:\/\/jinkosolarpv.com\/wp-content\/uploads\/2025\/11\/0dc054ffca5fdd81cf5e69d269ee2506.png\" alt=\"\" title=\"\"><\/strong><\/p>","protected":false},"excerpt":{"rendered":"<p>N\u00famero de m\u00f3dulo: JAM72D40LB 615W<br \/>\nPeso: 31,8 kg<br \/>\nPaquete:36pcs\/palet;720pcs\/40hq<br \/>\nEspecificaciones: 2465 x 1134 x 30 mm<br \/>\nMarca:JA solar<br \/>\nOrigen:China<\/p>","protected":false},"featured_media":564,"comment_status":"open","ping_status":"closed","template":"","meta":{"site-sidebar-layout":"default","site-content-layout":"","ast-site-content-layout":"default","site-content-style":"default","site-sidebar-style":"default","ast-global-header-display":"","ast-banner-title-visibility":"","ast-main-header-display":"","ast-hfb-above-header-display":"","ast-hfb-below-header-display":"","ast-hfb-mobile-header-display":"","site-post-title":"","ast-breadcrumbs-content":"","ast-featured-img":"","footer-sml-layout":"","theme-transparent-header-meta":"default","adv-header-id-meta":"","stick-header-meta":"","header-above-stick-meta":"","header-main-stick-meta":"","header-below-stick-meta":"","astra-migrate-meta-layouts":"set","ast-page-background-enabled":"default","ast-page-background-meta":{"desktop":{"background-color":"var(--ast-global-color-5)","background-image":"","background-repeat":"repeat","background-position":"center center","background-size":"auto","background-attachment":"scroll","background-type":"","background-media":"","overlay-type":"","overlay-color":"","overlay-opacity":"","overlay-gradient":""},"tablet":{"background-color":"","background-image":"","background-repeat":"repeat","background-position":"center center","background-size":"auto","background-attachment":"scroll","background-type":"","background-media":"","overlay-type":"","overlay-color":"","overlay-opacity":"","overlay-gradient":""},"mobile":{"background-color":"","background-image":"","background-repeat":"repeat","background-position":"center center","background-size":"auto","background-attachment":"scroll","background-type":"","background-media":"","overlay-type":"","overlay-color":"","overlay-opacity":"","overlay-gradient":""}},"ast-content-background-meta":{"desktop":{"background-color":"var(--ast-global-color-4)","background-image":"","background-repeat":"repeat","background-position":"center center","background-size":"auto","background-attachment":"scroll","background-type":"","background-media":"","overlay-type":"","overlay-color":"","overlay-opacity":"","overlay-gradient":""},"tablet":{"background-color":"var(--ast-global-color-4)","background-image":"","background-repeat":"repeat","background-position":"center center","background-size":"auto","background-attachment":"scroll","background-type":"","background-media":"","overlay-type":"","overlay-color":"","overlay-opacity":"","overlay-gradient":""},"mobile":{"background-color":"var(--ast-global-color-4)","background-image":"","background-repeat":"repeat","background-position":"center center","background-size":"auto","background-attachment":"scroll","background-type":"","background-media":"","overlay-type":"","overlay-color":"","overlay-opacity":"","overlay-gradient":""}}},"product_brand":[],"product_cat":[26],"product_tag":[],"class_list":{"0":"post-563","1":"product","2":"type-product","3":"status-publish","4":"has-post-thumbnail","6":"product_cat-ja-solar-panel","7":"desktop-align-left","8":"tablet-align-left","9":"mobile-align-left","11":"first","12":"instock","13":"shipping-taxable","14":"product-type-simple"},"_links":{"self":[{"href":"https:\/\/jinkosolarpv.com\/es\/wp-json\/wp\/v2\/product\/563","targetHints":{"allow":["GET"]}}],"collection":[{"href":"https:\/\/jinkosolarpv.com\/es\/wp-json\/wp\/v2\/product"}],"about":[{"href":"https:\/\/jinkosolarpv.com\/es\/wp-json\/wp\/v2\/types\/product"}],"replies":[{"embeddable":true,"href":"https:\/\/jinkosolarpv.com\/es\/wp-json\/wp\/v2\/comments?post=563"}],"wp:featuredmedia":[{"embeddable":true,"href":"https:\/\/jinkosolarpv.com\/es\/wp-json\/wp\/v2\/media\/564"}],"wp:attachment":[{"href":"https:\/\/jinkosolarpv.com\/es\/wp-json\/wp\/v2\/media?parent=563"}],"wp:term":[{"taxonomy":"product_brand","embeddable":true,"href":"https:\/\/jinkosolarpv.com\/es\/wp-json\/wp\/v2\/product_brand?post=563"},{"taxonomy":"product_cat","embeddable":true,"href":"https:\/\/jinkosolarpv.com\/es\/wp-json\/wp\/v2\/product_cat?post=563"},{"taxonomy":"product_tag","embeddable":true,"href":"https:\/\/jinkosolarpv.com\/es\/wp-json\/wp\/v2\/product_tag?post=563"}],"curies":[{"name":"wp","href":"https:\/\/api.w.org\/{rel}","templated":true}]}}