{"id":496,"date":"2025-11-17T14:10:44","date_gmt":"2025-11-17T06:10:44","guid":{"rendered":"https:\/\/jinkosolarpv.com\/?post_type=product&#038;p=496"},"modified":"2025-11-27T12:01:00","modified_gmt":"2025-11-27T04:01:00","slug":"ja-solar-tipo-n-bifacial-jam72d40-mb-565w570w575w580w585w590w","status":"publish","type":"product","link":"https:\/\/jinkosolarpv.com\/es\/product\/ja-solar-tipo-n-bifacial-jam72d40-mb-565w570w575w580w585w590w\/","title":{"rendered":"JA Solar Bifacial tipo N JAM72D40\/MB 565w,570w,575w,580w,585w,590w"},"content":{"rendered":"<p><strong>Detalles del producto<\/strong><\/p>\n<table width=\"474\" cellspacing=\"0\" cellpadding=\"0\">\n<colgroup>\n<col width=\"270\" \/>\n<col width=\"323\" \/><\/colgroup>\n<tbody>\n<tr class=\"firstRow\">\n<td width=\"216\" height=\"30\">Celda<\/td>\n<td width=\"259\">Mono-16BB<\/td>\n<\/tr>\n<tr>\n<td width=\"216\" height=\"30\">Peso<\/td>\n<td width=\"259\">31,8 kg<\/td>\n<\/tr>\n<tr>\n<td width=\"216\" height=\"30\">Demensiones<\/td>\n<td width=\"259\">2278\u00b12mmx1134\u00b12mmx30\u00b11mm<\/td>\n<\/tr>\n<tr>\n<td width=\"216\" height=\"30\">N\u00ba de c\u00e9lulas<\/td>\n<td width=\"259\">144(6*24)<\/td>\n<\/tr>\n<tr>\n<td width=\"216\" height=\"30\">Caja de empalmes<\/td>\n<td width=\"259\">IP68, 3 diodos<\/td>\n<\/tr>\n<tr>\n<td width=\"216\" height=\"30\">Conector<\/td>\n<td width=\"259\">QC 4.10-351\/MC4-EVO2A<\/td>\n<\/tr>\n<tr>\n<td width=\"216\" height=\"52\">Longitud del cable<br \/>\n(Con conector incluido)<\/td>\n<td width=\"259\">Portrait:300mm(+)\/400mm(-);Landscape:1300mm(+)\/1300mm(-)<\/td>\n<\/tr>\n<tr>\n<td colspan=\"1\" rowspan=\"1\">Cristal delantero\/Cristal trasero<\/td>\n<td colspan=\"1\" rowspan=\"1\">2,0 mm\/2,0 mm<\/td>\n<\/tr>\n<tr>\n<td width=\"216\" height=\"52\">Embalaje<\/p>\n<p>Configuraci\u00f3n<\/td>\n<td width=\"259\">36pcs\/Palet, 720pcs\/Contenedor 40HQ<\/td>\n<\/tr>\n<\/tbody>\n<\/table>\n<p><strong>Descripci\u00f3n del producto<\/strong><\/p>\n<p>&nbsp;<\/p>\n<p><strong>JA 555W 565W 570W 575W 580W 585W 590W Hot Sale Black Frame Solar Panel China Solar Panels<\/strong><\/p>\n<p>Los paneles solares Mono facial ja pueden utilizarse en aplicaciones aisladas de la red, como caba\u00f1as remotas o veh\u00edculos recreativos, proporcionando una fuente de energ\u00eda fiable y sostenible para quienes viven en zonas sin acceso a la red el\u00e9ctrica.<\/p>\n<p>- Menor LCOE<\/p>\n<p>- Mayor potencia de salida<\/p>\n<p>- Mejor tolerancia a las cargas mec\u00e1nicas<\/p>\n<p>- Menos sombreado y menor p\u00e9rdida resistiva<\/p>\n<p><strong><img decoding=\"async\" src=\"https:\/\/jinkosolarpv.com\/wp-content\/uploads\/2025\/11\/6050ac1954050e339a11e63bf670cac0.png\" alt=\"\" title=\"\"><\/strong><\/p>","protected":false},"excerpt":{"rendered":"<p>N\u00famero de m\u00f3dulo:JAM72D40\/MB 565-590W<br \/>\nPeso:27,3 kg<br \/>\nPaquete:36pcs\/palet;720pcs\/40hq<br \/>\nSpecification:2278x1134x30mm<br \/>\nMarca:JA solar<br \/>\nOrigen:China<\/p>","protected":false},"featured_media":498,"comment_status":"open","ping_status":"closed","template":"","meta":{"site-sidebar-layout":"default","site-content-layout":"","ast-site-content-layout":"default","site-content-style":"default","site-sidebar-style":"default","ast-global-header-display":"","ast-banner-title-visibility":"","ast-main-header-display":"","ast-hfb-above-header-display":"","ast-hfb-below-header-display":"","ast-hfb-mobile-header-display":"","site-post-title":"","ast-breadcrumbs-content":"","ast-featured-img":"","footer-sml-layout":"","ast-disable-related-posts":"","theme-transparent-header-meta":"default","adv-header-id-meta":"","stick-header-meta":"","header-above-stick-meta":"","header-main-stick-meta":"","header-below-stick-meta":"","astra-migrate-meta-layouts":"set","ast-page-background-enabled":"default","ast-page-background-meta":{"desktop":{"background-color":"var(--ast-global-color-5)","background-image":"","background-repeat":"repeat","background-position":"center center","background-size":"auto","background-attachment":"scroll","background-type":"","background-media":"","overlay-type":"","overlay-color":"","overlay-opacity":"","overlay-gradient":""},"tablet":{"background-color":"","background-image":"","background-repeat":"repeat","background-position":"center center","background-size":"auto","background-attachment":"scroll","background-type":"","background-media":"","overlay-type":"","overlay-color":"","overlay-opacity":"","overlay-gradient":""},"mobile":{"background-color":"","background-image":"","background-repeat":"repeat","background-position":"center center","background-size":"auto","background-attachment":"scroll","background-type":"","background-media":"","overlay-type":"","overlay-color":"","overlay-opacity":"","overlay-gradient":""}},"ast-content-background-meta":{"desktop":{"background-color":"var(--ast-global-color-4)","background-image":"","background-repeat":"repeat","background-position":"center center","background-size":"auto","background-attachment":"scroll","background-type":"","background-media":"","overlay-type":"","overlay-color":"","overlay-opacity":"","overlay-gradient":""},"tablet":{"background-color":"var(--ast-global-color-4)","background-image":"","background-repeat":"repeat","background-position":"center center","background-size":"auto","background-attachment":"scroll","background-type":"","background-media":"","overlay-type":"","overlay-color":"","overlay-opacity":"","overlay-gradient":""},"mobile":{"background-color":"var(--ast-global-color-4)","background-image":"","background-repeat":"repeat","background-position":"center center","background-size":"auto","background-attachment":"scroll","background-type":"","background-media":"","overlay-type":"","overlay-color":"","overlay-opacity":"","overlay-gradient":""}}},"product_brand":[],"product_cat":[26],"product_tag":[],"class_list":{"0":"post-496","1":"product","2":"type-product","3":"status-publish","4":"has-post-thumbnail","6":"product_cat-ja-solar-panel","7":"desktop-align-left","8":"tablet-align-left","9":"mobile-align-left","11":"first","12":"instock","13":"shipping-taxable","14":"product-type-simple"},"_links":{"self":[{"href":"https:\/\/jinkosolarpv.com\/es\/wp-json\/wp\/v2\/product\/496","targetHints":{"allow":["GET"]}}],"collection":[{"href":"https:\/\/jinkosolarpv.com\/es\/wp-json\/wp\/v2\/product"}],"about":[{"href":"https:\/\/jinkosolarpv.com\/es\/wp-json\/wp\/v2\/types\/product"}],"replies":[{"embeddable":true,"href":"https:\/\/jinkosolarpv.com\/es\/wp-json\/wp\/v2\/comments?post=496"}],"wp:featuredmedia":[{"embeddable":true,"href":"https:\/\/jinkosolarpv.com\/es\/wp-json\/wp\/v2\/media\/498"}],"wp:attachment":[{"href":"https:\/\/jinkosolarpv.com\/es\/wp-json\/wp\/v2\/media?parent=496"}],"wp:term":[{"taxonomy":"product_brand","embeddable":true,"href":"https:\/\/jinkosolarpv.com\/es\/wp-json\/wp\/v2\/product_brand?post=496"},{"taxonomy":"product_cat","embeddable":true,"href":"https:\/\/jinkosolarpv.com\/es\/wp-json\/wp\/v2\/product_cat?post=496"},{"taxonomy":"product_tag","embeddable":true,"href":"https:\/\/jinkosolarpv.com\/es\/wp-json\/wp\/v2\/product_tag?post=496"}],"curies":[{"name":"wp","href":"https:\/\/api.w.org\/{rel}","templated":true}]}}