{"id":483,"date":"2025-11-17T14:07:22","date_gmt":"2025-11-17T06:07:22","guid":{"rendered":"https:\/\/jinkosolarpv.com\/?post_type=product&#038;p=483"},"modified":"2025-11-27T12:01:54","modified_gmt":"2025-11-27T04:01:54","slug":"ja-solar-tipo-p-monofacial-jam72s30-540w545w550w555w560w565w","status":"publish","type":"product","link":"https:\/\/jinkosolarpv.com\/es\/product\/ja-solar-tipo-p-monofacial-jam72s30-540w545w550w555w560w565w\/","title":{"rendered":"JA Solar Monofacial tipo P JAM72S30 540w,545w,550w,555w,560w,565w"},"content":{"rendered":"<p class=\"\"><strong>Detalles del producto<\/strong><\/p>\n<table width=\"474\" cellspacing=\"0\" cellpadding=\"0\">\n<colgroup>\n<col width=\"270\" \/>\n<col width=\"323\" \/><\/colgroup>\n<tbody>\n<tr class=\"firstRow\">\n<td width=\"216\" height=\"30\">Celda<\/td>\n<td class=\"\" width=\"259\">Mono<\/td>\n<\/tr>\n<tr>\n<td width=\"216\" height=\"30\">Peso<\/td>\n<td width=\"259\">27,3 kg<\/td>\n<\/tr>\n<tr>\n<td width=\"216\" height=\"30\">Dimensiones<\/td>\n<td class=\"\" width=\"259\">2278\u00b12mmx1134\u00b12mmx30\u00b11mm<\/td>\n<\/tr>\n<tr>\n<td width=\"216\" height=\"30\">Tama\u00f1o de la secci\u00f3n transversal del cable<\/td>\n<td class=\"\" width=\"259\">4 mm\u00b2 (IEC), 12 AWG (UL)<\/td>\n<\/tr>\n<tr>\n<td width=\"216\" height=\"30\">N\u00ba de c\u00e9lulas<\/td>\n<td class=\"\" width=\"259\">144 (6 \u00d7 24)<\/td>\n<\/tr>\n<tr>\n<td width=\"216\" height=\"30\">Caja de empalmes<\/td>\n<td class=\"\" width=\"259\">IP68, 3 diodos<\/td>\n<\/tr>\n<tr>\n<td width=\"216\" height=\"30\">Conector<\/td>\n<td class=\"\" width=\"259\">QC 4.10-351\/MC4-EVO2A<\/td>\n<\/tr>\n<tr>\n<td width=\"216\" height=\"52\">Longitud del cable<br \/>\n(Con conector incluido)<\/td>\n<td width=\"259\">Retrato: 300 mm (+)\/400 mm (-) Paisaje: 1300 mm (+)\/1300 mm (-)<\/td>\n<\/tr>\n<tr>\n<td colspan=\"1\" rowspan=\"1\">Cristal delantero<\/td>\n<td colspan=\"1\" rowspan=\"1\">3,2 mm<\/td>\n<\/tr>\n<tr>\n<td width=\"216\" height=\"52\">Configuraci\u00f3n del embalaje<\/td>\n<td width=\"259\">36 unidades\/pal\u00e9, 720 unidades\/contenedor 40HQ<\/td>\n<\/tr>\n<\/tbody>\n<\/table>\n<p><strong>Descripci\u00f3n del producto<\/strong><\/p>\n<p>&nbsp;<\/p>\n<p><strong>JA 530W 535W 540W 545W 550W 555W  En stock Paneles solares totalmente negros Panel solar mono Perc Panel solar dom\u00e9stico<\/strong><\/p>\n<p>La alta eficiencia de los paneles solares monofaciales puede traducirse en una reducci\u00f3n de los costes de instalaci\u00f3n, ya que se necesitan menos paneles para generar la misma cantidad de energ\u00eda que otros tipos de paneles solares. Esto puede convertirlos en una opci\u00f3n atractiva para aquellos que desean minimizar los costes iniciales asociados a la transici\u00f3n a la energ\u00eda solar.<\/p>\n<p>Ensamblados con c\u00e9lulas PERC de 11 BB, la configuraci\u00f3n de media c\u00e9lula de los m\u00f3dulos ofrece las ventajas de una mayor potencia de salida, un mejor rendimiento en funci\u00f3n de la temperatura, un menor efecto de sombreado en la generaci\u00f3n de energ\u00eda, un menor riesgo de puntos calientes y una mayor tolerancia a la carga mec\u00e1nica.<\/p>\n<p>- Menor LCOE<\/p>\n<p>- Mayor potencia de salida<\/p>\n<p>- Mejor tolerancia a las cargas mec\u00e1nicas<\/p>\n<p>- Menos sombreado y menor p\u00e9rdida resistiva<\/p>\n<p><strong><img decoding=\"async\" src=\"http:\/\/jinkosolarpv.com\/wp-content\/uploads\/2025\/11\/fb53f1261906a97df966ba4a08ee9575.png\" alt=\"\" title=\"\"><\/strong><\/p>","protected":false},"excerpt":{"rendered":"<p>N\u00famero de m\u00f3dulo: JAM72S30 540-565\/MR<br \/>\nPeso:27,3 kg<br \/>\nPaquete:36pcs\/palet;720pcs\/40hq<br \/>\nSpecification:2278x1134x30mm<br \/>\nMarca:JA solar<br \/>\nOrigen:China<\/p>","protected":false},"featured_media":484,"comment_status":"open","ping_status":"closed","template":"","meta":{"site-sidebar-layout":"default","site-content-layout":"","ast-site-content-layout":"default","site-content-style":"default","site-sidebar-style":"default","ast-global-header-display":"","ast-banner-title-visibility":"","ast-main-header-display":"","ast-hfb-above-header-display":"","ast-hfb-below-header-display":"","ast-hfb-mobile-header-display":"","site-post-title":"","ast-breadcrumbs-content":"","ast-featured-img":"","footer-sml-layout":"","theme-transparent-header-meta":"default","adv-header-id-meta":"","stick-header-meta":"","header-above-stick-meta":"","header-main-stick-meta":"","header-below-stick-meta":"","astra-migrate-meta-layouts":"set","ast-page-background-enabled":"default","ast-page-background-meta":{"desktop":{"background-color":"var(--ast-global-color-5)","background-image":"","background-repeat":"repeat","background-position":"center center","background-size":"auto","background-attachment":"scroll","background-type":"","background-media":"","overlay-type":"","overlay-color":"","overlay-opacity":"","overlay-gradient":""},"tablet":{"background-color":"","background-image":"","background-repeat":"repeat","background-position":"center center","background-size":"auto","background-attachment":"scroll","background-type":"","background-media":"","overlay-type":"","overlay-color":"","overlay-opacity":"","overlay-gradient":""},"mobile":{"background-color":"","background-image":"","background-repeat":"repeat","background-position":"center center","background-size":"auto","background-attachment":"scroll","background-type":"","background-media":"","overlay-type":"","overlay-color":"","overlay-opacity":"","overlay-gradient":""}},"ast-content-background-meta":{"desktop":{"background-color":"var(--ast-global-color-4)","background-image":"","background-repeat":"repeat","background-position":"center center","background-size":"auto","background-attachment":"scroll","background-type":"","background-media":"","overlay-type":"","overlay-color":"","overlay-opacity":"","overlay-gradient":""},"tablet":{"background-color":"var(--ast-global-color-4)","background-image":"","background-repeat":"repeat","background-position":"center center","background-size":"auto","background-attachment":"scroll","background-type":"","background-media":"","overlay-type":"","overlay-color":"","overlay-opacity":"","overlay-gradient":""},"mobile":{"background-color":"var(--ast-global-color-4)","background-image":"","background-repeat":"repeat","background-position":"center center","background-size":"auto","background-attachment":"scroll","background-type":"","background-media":"","overlay-type":"","overlay-color":"","overlay-opacity":"","overlay-gradient":""}}},"product_brand":[],"product_cat":[26],"product_tag":[],"class_list":{"0":"post-483","1":"product","2":"type-product","3":"status-publish","4":"has-post-thumbnail","6":"product_cat-ja-solar-panel","7":"desktop-align-left","8":"tablet-align-left","9":"mobile-align-left","11":"first","12":"instock","13":"shipping-taxable","14":"product-type-simple"},"_links":{"self":[{"href":"https:\/\/jinkosolarpv.com\/es\/wp-json\/wp\/v2\/product\/483","targetHints":{"allow":["GET"]}}],"collection":[{"href":"https:\/\/jinkosolarpv.com\/es\/wp-json\/wp\/v2\/product"}],"about":[{"href":"https:\/\/jinkosolarpv.com\/es\/wp-json\/wp\/v2\/types\/product"}],"replies":[{"embeddable":true,"href":"https:\/\/jinkosolarpv.com\/es\/wp-json\/wp\/v2\/comments?post=483"}],"wp:featuredmedia":[{"embeddable":true,"href":"https:\/\/jinkosolarpv.com\/es\/wp-json\/wp\/v2\/media\/484"}],"wp:attachment":[{"href":"https:\/\/jinkosolarpv.com\/es\/wp-json\/wp\/v2\/media?parent=483"}],"wp:term":[{"taxonomy":"product_brand","embeddable":true,"href":"https:\/\/jinkosolarpv.com\/es\/wp-json\/wp\/v2\/product_brand?post=483"},{"taxonomy":"product_cat","embeddable":true,"href":"https:\/\/jinkosolarpv.com\/es\/wp-json\/wp\/v2\/product_cat?post=483"},{"taxonomy":"product_tag","embeddable":true,"href":"https:\/\/jinkosolarpv.com\/es\/wp-json\/wp\/v2\/product_tag?post=483"}],"curies":[{"name":"wp","href":"https:\/\/api.w.org\/{rel}","templated":true}]}}